{"id":46354,"date":"2017-04-07T17:54:12","date_gmt":"2017-04-08T00:54:12","guid":{"rendered":"https:\/\/3raintercambio.com\/?page_id=46354\/"},"modified":"2017-12-28T15:27:24","modified_gmt":"2017-12-28T23:27:24","slug":"workshop-curriculos-e-entrevistas-no-canada-spanish","status":"publish","type":"page","link":"https:\/\/3raintercambio.com\/es\/workshop-curriculos-e-entrevistas-no-canada-spanish\/","title":{"rendered":"WORKSHOP: Curriculos e entrevistas no Canada"},"content":{"rendered":"<p><br \/>\n<\/p>\n<p><\/p>\n<p><\/p>\n<p><br \/>\n<\/p>\n<p><\/p>\n<p><br \/>\n<\/p>\n<p><\/p>\n<div>El jueves, d\u00eda 25 de Enero, a las 3 pm, Intercambio En Canad\u00e1 (3RA) de Vancouver realiza un workshop m\u00e1s sobre el mercado laboral canadiense. Esta vez, el tema ser\u00e1 \u201c<b>Curr\u00edculos y entrevistas en Canad\u00e1\u201d<\/b><\/div>\n<div><b>\u00a0<\/b><\/div>\n<div>\n<p>El evento ser\u00e1 llevado a cabo por la especialista canadiense Brenda Crump, que cuenta con m\u00e1s de 20 a\u00f1os de experiencia en las \u00e1reas de reclutamiento y selecci\u00f3n en el pa\u00eds.<\/p>\n<p>Y lo mejor: Cliente de Intercambio En Canad\u00e1 (3RA) tiene entrada <b>GRATIS. <\/b>Usted s\u00f3lo necesita hacer clic en el enlace dirigido a nuestros clientes, luego llenar el formulario y as\u00ed garantizar\u00e1 su cup\u00f3n de 100% de descuento. Para los que no son clientes de Intercambio En Canad\u00e1 (3RA) tienen 50% de descuento a trav\u00e9s de esta p\u00e1gina. Es solo hacer clic en el \u00e1rea dirigida a no clientes.<\/p>\n<p>El workshop es en la oficina de Intercambio En Canad\u00e1 (3RA) (oficina 451, n\u00famero 409, Granville Street, Vancouver.) <b>Los puestos son limitados!<\/b><\/p>\n<\/div>\n<p><br \/>\n<\/p>\n<p><\/p>\n<p><\/p>\n<p><br \/>\nSelecione uma das op\u00e7\u00f5es abaixo:<br \/>\n<\/p>\n<p><\/p>\n<p><\/p>\n<p><\/p>\n<p style=\"text-align: center;\"><img loading=\"lazy\" decoding=\"async\" class=\"aligncenter wp-image-46451 size-full\" src=\"https:\/\/3raintercambio.com\/wp-content\/uploads\/2017\/04\/bottom-pagina-workshop-brenda-spanish-2.png\" alt=\"\" width=\"360\" height=\"179\" srcset=\"https:\/\/3raintercambio.com\/wp-content\/uploads\/2017\/04\/bottom-pagina-workshop-brenda-spanish-2.png 360w, https:\/\/3raintercambio.com\/wp-content\/uploads\/2017\/04\/bottom-pagina-workshop-brenda-spanish-2-300x149.png 300w\" sizes=\"auto, (max-width: 360px) 100vw, 360px\" \/><\/p>\n<p style=\"text-align: center;\"><a class=\"manual-optin-trigger\" href=\"https:\/\/3raintercambio.com\/es\/formulario-workshop-para-clientes-brenda-crump-spanish\/\" data-optin-slug=\"mmlusq11ye2y9nss\">Clic aqu\u00ed y asegure su entrada gratuita<\/a><\/p>\n<p><\/p>\n<p><\/p>\n<p><\/p>\n<p style=\"text-align: center;\"><img loading=\"lazy\" decoding=\"async\" class=\"aligncenter wp-image-46452 size-full\" src=\"https:\/\/3raintercambio.com\/wp-content\/uploads\/2017\/04\/bottom-pagina-workshop-brenda-spanish.png\" alt=\"\" width=\"360\" height=\"179\" srcset=\"https:\/\/3raintercambio.com\/wp-content\/uploads\/2017\/04\/bottom-pagina-workshop-brenda-spanish.png 360w, https:\/\/3raintercambio.com\/wp-content\/uploads\/2017\/04\/bottom-pagina-workshop-brenda-spanish-300x149.png 300w\" sizes=\"auto, (max-width: 360px) 100vw, 360px\" \/><\/p>\n<p style=\"text-align: center;\"><a href=\"https:\/\/www.eventbrite.ca\/e\/workshop-resumes-cover-letter-and-interview-skills-jan2018-tickets-41612380751?discount=3RA50\" target=\"_blank\" rel=\"noopener\">Clic aqu\u00ed para asegurar su descuento!<\/a><\/p>\n<p><\/p>\n<p><br \/>\n<\/p>\n<p><\/p>\n<p><\/p>\n<p style=\"font-family: Verdana,Geneva,sans-serif; font-size: 12px; text-align: center;\">Brenda Crump<\/p>\n<p><\/p>\n<p><\/p>\n<p><\/p>\n<p><\/p>\n<ul>\n<li style=\"font-family: Verdana, Geneva, sans-serif; font-size: 12px; text-align: justify;\">Documentaci\u00f3n correcta para conseguir empleo<\/li>\n<li style=\"font-family: Verdana, Geneva, sans-serif; font-size: 12px; text-align: justify;\">Cultura corporativa y etiqueta canadiense<\/li>\n<li style=\"font-family: Verdana, Geneva, sans-serif; font-size: 12px; text-align: justify;\">Donde buscar puestos de trabajo disponibles<\/li>\n<li style=\"font-family: Verdana, Geneva, sans-serif; font-size: 12px; text-align: justify;\">Entrenamiento y programas de empleo a bajo costo y\/o gratuitos<\/li>\n<li style=\"font-family: Verdana, Geneva, sans-serif; font-size: 12px; text-align: justify;\">Carreras y campos de trabajo como oportunidades para nuevos inmigrantes<\/li>\n<li style=\"font-family: Verdana, Geneva, sans-serif; font-size: 12px; text-align: justify;\">Practicar ingl\u00e9s y desarrollar su networking<\/li>\n<\/ul>\n<p><\/p>\n<p><br \/>\n<\/p>\n<p><br \/>\n<\/p>\n<p><\/p>\n<p><\/p>\n<p style=\"font-family: Verdana, Geneva, sans-serif; font-size: 12px; text-align: justify;\">3RA Interc\u00e2mbio queda en 409 Granville St. Oficina 451, Vancouver. Si usted viene por Canada Line es solo cuesti\u00f3n de bajarse en la estaci\u00f3n de Waterfront; queda exactamente al lado de la estaci\u00f3n. Por Expoline, usted puede bajarse en Granville Station y caminar en direcci\u00f3n a Gastown.<\/p>\n<p><\/p>\n<p><\/p>\n<p><br \/>\n<br \/>\n<\/p>\n<p><br \/>\n<\/p>\n","protected":false},"excerpt":{"rendered":"<p>El jueves, d\u00eda 25 de Enero, a las 3 pm, Intercambio En Canad\u00e1 (3RA) de Vancouver realiza un workshop m\u00e1s sobre el mercado laboral canadiense. Esta vez, el tema ser\u00e1 \u201cCurr\u00edculos y entrevistas en Canad\u00e1\u201d \u00a0 El evento ser\u00e1 llevado a cabo por la especialista canadiense Brenda Crump, que cuenta con m\u00e1s de 20 a\u00f1os [&hellip;]<\/p>\n","protected":false},"author":29,"featured_media":46307,"parent":0,"menu_order":0,"comment_status":"closed","ping_status":"open","template":"template-blank.php","meta":{"footnotes":""},"class_list":["post-46354","page","type-page","status-publish","has-post-thumbnail","hentry","post-wrapper","thrv_wrapper"],"yoast_head":"<!-- This site is optimized with the Yoast SEO Premium plugin v20.0 (Yoast SEO v24.9) - https:\/\/yoast.com\/wordpress\/plugins\/seo\/ -->\n<title>WORKSHOP: Curriculos e entrevistas no Canada | Interc\u00e2mbio no Canad\u00e1 - 3RA Interc\u00e2mbio<\/title>\n<meta name=\"description\" content=\"El jueves, d\u00eda 25 de Enero, a las 3 pm, Intercambio En Canad\u00e1 (3RA) de Vancouver realiza un workshop m\u00e1s sobre el mercado laboral canadiense. Esta vez, el\" \/>\n<meta name=\"robots\" content=\"index, follow, max-snippet:-1, max-image-preview:large, max-video-preview:-1\" \/>\n<link rel=\"canonical\" href=\"https:\/\/3raintercambio.com\/es\/workshop-curriculos-e-entrevistas-no-canada-spanish\/\" \/>\n<meta property=\"og:locale\" content=\"es_ES\" \/>\n<meta property=\"og:type\" content=\"article\" \/>\n<meta property=\"og:title\" content=\"WORKSHOP: Curriculos e entrevistas no Canada\" \/>\n<meta property=\"og:description\" content=\"El jueves, d\u00eda 25 de Enero, a las 3 pm, Intercambio En Canad\u00e1 (3RA) de Vancouver realiza un workshop m\u00e1s sobre el mercado laboral canadiense. Esta vez, el\" \/>\n<meta property=\"og:url\" content=\"https:\/\/3raintercambio.com\/es\/workshop-curriculos-e-entrevistas-no-canada-spanish\/\" \/>\n<meta property=\"og:site_name\" content=\"Interc\u00e2mbio no Canad\u00e1 - 3RA Interc\u00e2mbio\" \/>\n<meta property=\"article:publisher\" content=\"https:\/\/www.facebook.com\/3ragroup\" \/>\n<meta property=\"article:modified_time\" content=\"2017-12-28T23:27:24+00:00\" \/>\n<meta property=\"og:image\" content=\"https:\/\/3raintercambio.com\/wp-content\/uploads\/2017\/04\/BG-1.jpeg\" \/>\n\t<meta property=\"og:image:width\" content=\"1500\" \/>\n\t<meta property=\"og:image:height\" content=\"430\" \/>\n\t<meta property=\"og:image:type\" content=\"image\/jpeg\" \/>\n<meta name=\"twitter:card\" content=\"summary_large_image\" \/>\n<meta name=\"twitter:site\" content=\"@3raintercambio\" \/>\n<meta name=\"twitter:label1\" content=\"Tiempo de lectura\" \/>\n\t<meta name=\"twitter:data1\" content=\"8 minutos\" \/>\n<script type=\"application\/ld+json\" class=\"yoast-schema-graph\">{\"@context\":\"https:\/\/schema.org\",\"@graph\":[{\"@type\":\"WebPage\",\"@id\":\"https:\/\/3raintercambio.com\/es\/workshop-curriculos-e-entrevistas-no-canada-spanish\/\",\"url\":\"https:\/\/3raintercambio.com\/es\/workshop-curriculos-e-entrevistas-no-canada-spanish\/\",\"name\":\"WORKSHOP: Curriculos e entrevistas no Canada | Interc\u00e2mbio no Canad\u00e1 - 3RA Interc\u00e2mbio\",\"isPartOf\":{\"@id\":\"https:\/\/www.3raintercambio.com\/es\/#website\"},\"primaryImageOfPage\":{\"@id\":\"https:\/\/3raintercambio.com\/es\/workshop-curriculos-e-entrevistas-no-canada-spanish\/#primaryimage\"},\"image\":{\"@id\":\"https:\/\/3raintercambio.com\/es\/workshop-curriculos-e-entrevistas-no-canada-spanish\/#primaryimage\"},\"thumbnailUrl\":\"https:\/\/3raintercambio.com\/wp-content\/uploads\/2017\/04\/BG-1.jpeg\",\"datePublished\":\"2017-04-08T00:54:12+00:00\",\"dateModified\":\"2017-12-28T23:27:24+00:00\",\"description\":\"El jueves, d\u00eda 25 de Enero, a las 3 pm, Intercambio En Canad\u00e1 (3RA) de Vancouver realiza un workshop m\u00e1s sobre el mercado laboral canadiense. Esta vez, el\",\"breadcrumb\":{\"@id\":\"https:\/\/3raintercambio.com\/es\/workshop-curriculos-e-entrevistas-no-canada-spanish\/#breadcrumb\"},\"inLanguage\":\"es\",\"potentialAction\":[{\"@type\":\"ReadAction\",\"target\":[\"https:\/\/3raintercambio.com\/es\/workshop-curriculos-e-entrevistas-no-canada-spanish\/\"]}]},{\"@type\":\"ImageObject\",\"inLanguage\":\"es\",\"@id\":\"https:\/\/3raintercambio.com\/es\/workshop-curriculos-e-entrevistas-no-canada-spanish\/#primaryimage\",\"url\":\"https:\/\/3raintercambio.com\/wp-content\/uploads\/2017\/04\/BG-1.jpeg\",\"contentUrl\":\"https:\/\/3raintercambio.com\/wp-content\/uploads\/2017\/04\/BG-1.jpeg\",\"width\":1500,\"height\":430},{\"@type\":\"BreadcrumbList\",\"@id\":\"https:\/\/3raintercambio.com\/es\/workshop-curriculos-e-entrevistas-no-canada-spanish\/#breadcrumb\",\"itemListElement\":[{\"@type\":\"ListItem\",\"position\":1,\"name\":\"Portada\",\"item\":\"https:\/\/www.3raintercambio.com\/es\/\"},{\"@type\":\"ListItem\",\"position\":2,\"name\":\"WORKSHOP: Curriculos e entrevistas no Canada\"}]},{\"@type\":\"WebSite\",\"@id\":\"https:\/\/www.3raintercambio.com\/es\/#website\",\"url\":\"https:\/\/www.3raintercambio.com\/es\/\",\"name\":\"Interc\u00e2mbio no Canad\u00e1 - 3RA Interc\u00e2mbio\",\"description\":\"Interc\u00e2mbio em Vancouver, Toronto, Calgary, Quebec\",\"publisher\":{\"@id\":\"https:\/\/www.3raintercambio.com\/es\/#organization\"},\"potentialAction\":[{\"@type\":\"SearchAction\",\"target\":{\"@type\":\"EntryPoint\",\"urlTemplate\":\"https:\/\/www.3raintercambio.com\/es\/?s={search_term_string}\"},\"query-input\":{\"@type\":\"PropertyValueSpecification\",\"valueRequired\":true,\"valueName\":\"search_term_string\"}}],\"inLanguage\":\"es\"},{\"@type\":\"Organization\",\"@id\":\"https:\/\/www.3raintercambio.com\/es\/#organization\",\"name\":\"3RA Educa\u00e7\u00e3o Superior no Canad\u00e1\",\"url\":\"https:\/\/www.3raintercambio.com\/es\/\",\"logo\":{\"@type\":\"ImageObject\",\"inLanguage\":\"es\",\"@id\":\"https:\/\/www.3raintercambio.com\/es\/#\/schema\/logo\/image\/\",\"url\":\"https:\/\/3raintercambio.com\/wp-content\/uploads\/2021\/06\/3RA-logo-oficial.png\",\"contentUrl\":\"https:\/\/3raintercambio.com\/wp-content\/uploads\/2021\/06\/3RA-logo-oficial.png\",\"width\":454,\"height\":150,\"caption\":\"3RA Educa\u00e7\u00e3o Superior no Canad\u00e1\"},\"image\":{\"@id\":\"https:\/\/www.3raintercambio.com\/es\/#\/schema\/logo\/image\/\"},\"sameAs\":[\"https:\/\/www.facebook.com\/3ragroup\",\"https:\/\/x.com\/3raintercambio\",\"https:\/\/www.instagram.com\/3raintercambio\",\"https:\/\/www.youtube.com\/3raintercambio\"]}]}<\/script>\n<!-- \/ Yoast SEO Premium plugin. -->","yoast_head_json":{"title":"WORKSHOP: Curriculos e entrevistas no Canada | Interc\u00e2mbio no Canad\u00e1 - 3RA Interc\u00e2mbio","description":"El jueves, d\u00eda 25 de Enero, a las 3 pm, Intercambio En Canad\u00e1 (3RA) de Vancouver realiza un workshop m\u00e1s sobre el mercado laboral canadiense. Esta vez, el","robots":{"index":"index","follow":"follow","max-snippet":"max-snippet:-1","max-image-preview":"max-image-preview:large","max-video-preview":"max-video-preview:-1"},"canonical":"https:\/\/3raintercambio.com\/es\/workshop-curriculos-e-entrevistas-no-canada-spanish\/","og_locale":"es_ES","og_type":"article","og_title":"WORKSHOP: Curriculos e entrevistas no Canada","og_description":"El jueves, d\u00eda 25 de Enero, a las 3 pm, Intercambio En Canad\u00e1 (3RA) de Vancouver realiza un workshop m\u00e1s sobre el mercado laboral canadiense. Esta vez, el","og_url":"https:\/\/3raintercambio.com\/es\/workshop-curriculos-e-entrevistas-no-canada-spanish\/","og_site_name":"Interc\u00e2mbio no Canad\u00e1 - 3RA Interc\u00e2mbio","article_publisher":"https:\/\/www.facebook.com\/3ragroup","article_modified_time":"2017-12-28T23:27:24+00:00","og_image":[{"width":1500,"height":430,"url":"https:\/\/3raintercambio.com\/wp-content\/uploads\/2017\/04\/BG-1.jpeg","type":"image\/jpeg"}],"twitter_card":"summary_large_image","twitter_site":"@3raintercambio","twitter_misc":{"Tiempo de lectura":"8 minutos"},"schema":{"@context":"https:\/\/schema.org","@graph":[{"@type":"WebPage","@id":"https:\/\/3raintercambio.com\/es\/workshop-curriculos-e-entrevistas-no-canada-spanish\/","url":"https:\/\/3raintercambio.com\/es\/workshop-curriculos-e-entrevistas-no-canada-spanish\/","name":"WORKSHOP: Curriculos e entrevistas no Canada | Interc\u00e2mbio no Canad\u00e1 - 3RA Interc\u00e2mbio","isPartOf":{"@id":"https:\/\/www.3raintercambio.com\/es\/#website"},"primaryImageOfPage":{"@id":"https:\/\/3raintercambio.com\/es\/workshop-curriculos-e-entrevistas-no-canada-spanish\/#primaryimage"},"image":{"@id":"https:\/\/3raintercambio.com\/es\/workshop-curriculos-e-entrevistas-no-canada-spanish\/#primaryimage"},"thumbnailUrl":"https:\/\/3raintercambio.com\/wp-content\/uploads\/2017\/04\/BG-1.jpeg","datePublished":"2017-04-08T00:54:12+00:00","dateModified":"2017-12-28T23:27:24+00:00","description":"El jueves, d\u00eda 25 de Enero, a las 3 pm, Intercambio En Canad\u00e1 (3RA) de Vancouver realiza un workshop m\u00e1s sobre el mercado laboral canadiense. Esta vez, el","breadcrumb":{"@id":"https:\/\/3raintercambio.com\/es\/workshop-curriculos-e-entrevistas-no-canada-spanish\/#breadcrumb"},"inLanguage":"es","potentialAction":[{"@type":"ReadAction","target":["https:\/\/3raintercambio.com\/es\/workshop-curriculos-e-entrevistas-no-canada-spanish\/"]}]},{"@type":"ImageObject","inLanguage":"es","@id":"https:\/\/3raintercambio.com\/es\/workshop-curriculos-e-entrevistas-no-canada-spanish\/#primaryimage","url":"https:\/\/3raintercambio.com\/wp-content\/uploads\/2017\/04\/BG-1.jpeg","contentUrl":"https:\/\/3raintercambio.com\/wp-content\/uploads\/2017\/04\/BG-1.jpeg","width":1500,"height":430},{"@type":"BreadcrumbList","@id":"https:\/\/3raintercambio.com\/es\/workshop-curriculos-e-entrevistas-no-canada-spanish\/#breadcrumb","itemListElement":[{"@type":"ListItem","position":1,"name":"Portada","item":"https:\/\/www.3raintercambio.com\/es\/"},{"@type":"ListItem","position":2,"name":"WORKSHOP: Curriculos e entrevistas no Canada"}]},{"@type":"WebSite","@id":"https:\/\/www.3raintercambio.com\/es\/#website","url":"https:\/\/www.3raintercambio.com\/es\/","name":"Interc\u00e2mbio no Canad\u00e1 - 3RA Interc\u00e2mbio","description":"Interc\u00e2mbio em Vancouver, Toronto, Calgary, Quebec","publisher":{"@id":"https:\/\/www.3raintercambio.com\/es\/#organization"},"potentialAction":[{"@type":"SearchAction","target":{"@type":"EntryPoint","urlTemplate":"https:\/\/www.3raintercambio.com\/es\/?s={search_term_string}"},"query-input":{"@type":"PropertyValueSpecification","valueRequired":true,"valueName":"search_term_string"}}],"inLanguage":"es"},{"@type":"Organization","@id":"https:\/\/www.3raintercambio.com\/es\/#organization","name":"3RA Educa\u00e7\u00e3o Superior no Canad\u00e1","url":"https:\/\/www.3raintercambio.com\/es\/","logo":{"@type":"ImageObject","inLanguage":"es","@id":"https:\/\/www.3raintercambio.com\/es\/#\/schema\/logo\/image\/","url":"https:\/\/3raintercambio.com\/wp-content\/uploads\/2021\/06\/3RA-logo-oficial.png","contentUrl":"https:\/\/3raintercambio.com\/wp-content\/uploads\/2021\/06\/3RA-logo-oficial.png","width":454,"height":150,"caption":"3RA Educa\u00e7\u00e3o Superior no Canad\u00e1"},"image":{"@id":"https:\/\/www.3raintercambio.com\/es\/#\/schema\/logo\/image\/"},"sameAs":["https:\/\/www.facebook.com\/3ragroup","https:\/\/x.com\/3raintercambio","https:\/\/www.instagram.com\/3raintercambio","https:\/\/www.youtube.com\/3raintercambio"]}]}},"_links":{"self":[{"href":"https:\/\/3raintercambio.com\/es\/wp-json\/wp\/v2\/pages\/46354","targetHints":{"allow":["GET"]}}],"collection":[{"href":"https:\/\/3raintercambio.com\/es\/wp-json\/wp\/v2\/pages"}],"about":[{"href":"https:\/\/3raintercambio.com\/es\/wp-json\/wp\/v2\/types\/page"}],"author":[{"embeddable":true,"href":"https:\/\/3raintercambio.com\/es\/wp-json\/wp\/v2\/users\/29"}],"replies":[{"embeddable":true,"href":"https:\/\/3raintercambio.com\/es\/wp-json\/wp\/v2\/comments?post=46354"}],"version-history":[{"count":0,"href":"https:\/\/3raintercambio.com\/es\/wp-json\/wp\/v2\/pages\/46354\/revisions"}],"wp:featuredmedia":[{"embeddable":true,"href":"https:\/\/3raintercambio.com\/es\/wp-json\/wp\/v2\/media\/46307"}],"wp:attachment":[{"href":"https:\/\/3raintercambio.com\/es\/wp-json\/wp\/v2\/media?parent=46354"}],"curies":[{"name":"wp","href":"https:\/\/api.w.org\/{rel}","templated":true}]}}