{"id":46301,"date":"2017-02-03T15:17:49","date_gmt":"2017-02-03T23:17:49","guid":{"rendered":"https:\/\/3raintercambio.com\/workshop-curriculos-e-entrevistas-no-canada\/"},"modified":"2017-04-07T17:46:08","modified_gmt":"2017-04-08T00:46:08","slug":"workshop-curriculos-e-entrevistas-no-canada","status":"publish","type":"page","link":"https:\/\/3raintercambio.com\/es\/workshop-curriculos-e-entrevistas-no-canada\/","title":{"rendered":"WORKSHOP: Curr\u00edculos e Entrevistas no Canad\u00e1"},"content":{"rendered":"<p><\/p>\n<p><\/p>\n<p><br \/>\n<\/p>\n<p><\/p>\n<div>El viernes, d\u00eda 28 de Abril, a las 3 pm, Intercambio En Canad\u00e1 (3RA) de Vancouver realiza un workshop m\u00e1s sobre el mercado laboral canadiense. Esta vez, el tema ser\u00e1 &#8220;<b>Curr\u00edculos y entrevistas en Canad\u00e1&#8221;<\/b><\/div>\n<div><b>\u00a0<\/b><\/div>\n<div>\n<p>El evento ser\u00e1 llevado a cabo por la especialista canadiense Brenda Crump, que cuenta con m\u00e1s de 20 a\u00f1os de experiencia en las \u00e1reas de reclutamiento y selecci\u00f3n en el pa\u00eds.<\/p>\n<p>Y lo mejor: Cliente de Intercambio En Canad\u00e1 (3RA) tiene entrada <b>GRATIS. <\/b>Usted s\u00f3lo necesita hacer clic en el enlace dirigido a nuestros clientes, luego llenar el formulario y as\u00ed garantizar\u00e1 su cup\u00f3n de 100% de descuento. Para los que no son clientes de Intercambio En Canad\u00e1 (3RA) tienen 50% de descuento a trav\u00e9s de esta p\u00e1gina. Es solo hacer clic en el \u00e1rea dirigida a no clientes.<\/p>\n<p>El workshop es en la oficina de Intercambio En Canad\u00e1 (3RA) (oficina 251, n\u00famero 409, Granville Street, Vancouver.) <b>Los puestos son limitados!<\/b><br \/>\n<br \/>\n<\/p>\n<\/div>\n","protected":false},"excerpt":{"rendered":"<p>El viernes, d\u00eda 28 de Abril, a las 3 pm, Intercambio En Canad\u00e1 (3RA) de Vancouver realiza un workshop m\u00e1s sobre el mercado laboral canadiense. Esta vez, el tema ser\u00e1 &#8220;Curr\u00edculos y entrevistas en Canad\u00e1&#8221; \u00a0 El evento ser\u00e1 llevado a cabo por la especialista canadiense Brenda Crump, que cuenta con m\u00e1s de 20 a\u00f1os [&hellip;]<\/p>\n","protected":false},"author":29,"featured_media":0,"parent":0,"menu_order":0,"comment_status":"closed","ping_status":"open","template":"template-blank.php","meta":{"footnotes":""},"class_list":["post-46301","page","type-page","status-publish","hentry","post-wrapper","thrv_wrapper"],"yoast_head":"<!-- This site is optimized with the Yoast SEO Premium plugin v20.0 (Yoast SEO v24.9) - https:\/\/yoast.com\/wordpress\/plugins\/seo\/ -->\n<title>WORKSHOP: Curr\u00edculos e Entrevistas no Canad\u00e1 | Interc\u00e2mbio no Canad\u00e1 - 3RA Interc\u00e2mbio<\/title>\n<meta name=\"description\" content=\"El viernes, d\u00eda 28 de Abril, a las 3 pm, Intercambio En Canad\u00e1 (3RA) de Vancouver realiza un workshop m\u00e1s sobre el mercado laboral canadiense. Esta vez,\" \/>\n<meta name=\"robots\" content=\"index, follow, max-snippet:-1, max-image-preview:large, max-video-preview:-1\" \/>\n<link rel=\"canonical\" href=\"https:\/\/3raintercambio.com\/es\/workshop-curriculos-e-entrevistas-no-canada\/\" \/>\n<meta property=\"og:locale\" content=\"es_ES\" \/>\n<meta property=\"og:type\" content=\"article\" \/>\n<meta property=\"og:title\" content=\"WORKSHOP: Curr\u00edculos e Entrevistas no Canad\u00e1\" \/>\n<meta property=\"og:description\" content=\"El viernes, d\u00eda 28 de Abril, a las 3 pm, Intercambio En Canad\u00e1 (3RA) de Vancouver realiza un workshop m\u00e1s sobre el mercado laboral canadiense. Esta vez,\" \/>\n<meta property=\"og:url\" content=\"https:\/\/3raintercambio.com\/es\/workshop-curriculos-e-entrevistas-no-canada\/\" \/>\n<meta property=\"og:site_name\" content=\"Interc\u00e2mbio no Canad\u00e1 - 3RA Interc\u00e2mbio\" \/>\n<meta property=\"article:publisher\" content=\"https:\/\/www.facebook.com\/3ragroup\" \/>\n<meta property=\"article:modified_time\" content=\"2017-04-08T00:46:08+00:00\" \/>\n<meta name=\"twitter:card\" content=\"summary_large_image\" \/>\n<meta name=\"twitter:site\" content=\"@3raintercambio\" \/>\n<meta name=\"twitter:label1\" content=\"Tiempo de lectura\" \/>\n\t<meta name=\"twitter:data1\" content=\"2 minutos\" \/>\n<script type=\"application\/ld+json\" class=\"yoast-schema-graph\">{\"@context\":\"https:\/\/schema.org\",\"@graph\":[{\"@type\":\"WebPage\",\"@id\":\"https:\/\/3raintercambio.com\/es\/workshop-curriculos-e-entrevistas-no-canada\/\",\"url\":\"https:\/\/3raintercambio.com\/es\/workshop-curriculos-e-entrevistas-no-canada\/\",\"name\":\"WORKSHOP: Curr\u00edculos e Entrevistas no Canad\u00e1 | Interc\u00e2mbio no Canad\u00e1 - 3RA Interc\u00e2mbio\",\"isPartOf\":{\"@id\":\"https:\/\/www.3raintercambio.com\/es\/#website\"},\"datePublished\":\"2017-02-03T23:17:49+00:00\",\"dateModified\":\"2017-04-08T00:46:08+00:00\",\"description\":\"El viernes, d\u00eda 28 de Abril, a las 3 pm, Intercambio En Canad\u00e1 (3RA) de Vancouver realiza un workshop m\u00e1s sobre el mercado laboral canadiense. Esta vez,\",\"breadcrumb\":{\"@id\":\"https:\/\/3raintercambio.com\/es\/workshop-curriculos-e-entrevistas-no-canada\/#breadcrumb\"},\"inLanguage\":\"es\",\"potentialAction\":[{\"@type\":\"ReadAction\",\"target\":[\"https:\/\/3raintercambio.com\/es\/workshop-curriculos-e-entrevistas-no-canada\/\"]}]},{\"@type\":\"BreadcrumbList\",\"@id\":\"https:\/\/3raintercambio.com\/es\/workshop-curriculos-e-entrevistas-no-canada\/#breadcrumb\",\"itemListElement\":[{\"@type\":\"ListItem\",\"position\":1,\"name\":\"Portada\",\"item\":\"https:\/\/www.3raintercambio.com\/es\/\"},{\"@type\":\"ListItem\",\"position\":2,\"name\":\"WORKSHOP: Curr\u00edculos e Entrevistas no Canad\u00e1\"}]},{\"@type\":\"WebSite\",\"@id\":\"https:\/\/www.3raintercambio.com\/es\/#website\",\"url\":\"https:\/\/www.3raintercambio.com\/es\/\",\"name\":\"Interc\u00e2mbio no Canad\u00e1 - 3RA Interc\u00e2mbio\",\"description\":\"Interc\u00e2mbio em Vancouver, Toronto, Calgary, Quebec\",\"publisher\":{\"@id\":\"https:\/\/www.3raintercambio.com\/es\/#organization\"},\"potentialAction\":[{\"@type\":\"SearchAction\",\"target\":{\"@type\":\"EntryPoint\",\"urlTemplate\":\"https:\/\/www.3raintercambio.com\/es\/?s={search_term_string}\"},\"query-input\":{\"@type\":\"PropertyValueSpecification\",\"valueRequired\":true,\"valueName\":\"search_term_string\"}}],\"inLanguage\":\"es\"},{\"@type\":\"Organization\",\"@id\":\"https:\/\/www.3raintercambio.com\/es\/#organization\",\"name\":\"3RA Educa\u00e7\u00e3o Superior no Canad\u00e1\",\"url\":\"https:\/\/www.3raintercambio.com\/es\/\",\"logo\":{\"@type\":\"ImageObject\",\"inLanguage\":\"es\",\"@id\":\"https:\/\/www.3raintercambio.com\/es\/#\/schema\/logo\/image\/\",\"url\":\"https:\/\/3raintercambio.com\/wp-content\/uploads\/2021\/06\/3RA-logo-oficial.png\",\"contentUrl\":\"https:\/\/3raintercambio.com\/wp-content\/uploads\/2021\/06\/3RA-logo-oficial.png\",\"width\":454,\"height\":150,\"caption\":\"3RA Educa\u00e7\u00e3o Superior no Canad\u00e1\"},\"image\":{\"@id\":\"https:\/\/www.3raintercambio.com\/es\/#\/schema\/logo\/image\/\"},\"sameAs\":[\"https:\/\/www.facebook.com\/3ragroup\",\"https:\/\/x.com\/3raintercambio\",\"https:\/\/www.instagram.com\/3raintercambio\",\"https:\/\/www.youtube.com\/3raintercambio\"]}]}<\/script>\n<!-- \/ Yoast SEO Premium plugin. -->","yoast_head_json":{"title":"WORKSHOP: Curr\u00edculos e Entrevistas no Canad\u00e1 | Interc\u00e2mbio no Canad\u00e1 - 3RA Interc\u00e2mbio","description":"El viernes, d\u00eda 28 de Abril, a las 3 pm, Intercambio En Canad\u00e1 (3RA) de Vancouver realiza un workshop m\u00e1s sobre el mercado laboral canadiense. Esta vez,","robots":{"index":"index","follow":"follow","max-snippet":"max-snippet:-1","max-image-preview":"max-image-preview:large","max-video-preview":"max-video-preview:-1"},"canonical":"https:\/\/3raintercambio.com\/es\/workshop-curriculos-e-entrevistas-no-canada\/","og_locale":"es_ES","og_type":"article","og_title":"WORKSHOP: Curr\u00edculos e Entrevistas no Canad\u00e1","og_description":"El viernes, d\u00eda 28 de Abril, a las 3 pm, Intercambio En Canad\u00e1 (3RA) de Vancouver realiza un workshop m\u00e1s sobre el mercado laboral canadiense. Esta vez,","og_url":"https:\/\/3raintercambio.com\/es\/workshop-curriculos-e-entrevistas-no-canada\/","og_site_name":"Interc\u00e2mbio no Canad\u00e1 - 3RA Interc\u00e2mbio","article_publisher":"https:\/\/www.facebook.com\/3ragroup","article_modified_time":"2017-04-08T00:46:08+00:00","twitter_card":"summary_large_image","twitter_site":"@3raintercambio","twitter_misc":{"Tiempo de lectura":"2 minutos"},"schema":{"@context":"https:\/\/schema.org","@graph":[{"@type":"WebPage","@id":"https:\/\/3raintercambio.com\/es\/workshop-curriculos-e-entrevistas-no-canada\/","url":"https:\/\/3raintercambio.com\/es\/workshop-curriculos-e-entrevistas-no-canada\/","name":"WORKSHOP: Curr\u00edculos e Entrevistas no Canad\u00e1 | Interc\u00e2mbio no Canad\u00e1 - 3RA Interc\u00e2mbio","isPartOf":{"@id":"https:\/\/www.3raintercambio.com\/es\/#website"},"datePublished":"2017-02-03T23:17:49+00:00","dateModified":"2017-04-08T00:46:08+00:00","description":"El viernes, d\u00eda 28 de Abril, a las 3 pm, Intercambio En Canad\u00e1 (3RA) de Vancouver realiza un workshop m\u00e1s sobre el mercado laboral canadiense. Esta vez,","breadcrumb":{"@id":"https:\/\/3raintercambio.com\/es\/workshop-curriculos-e-entrevistas-no-canada\/#breadcrumb"},"inLanguage":"es","potentialAction":[{"@type":"ReadAction","target":["https:\/\/3raintercambio.com\/es\/workshop-curriculos-e-entrevistas-no-canada\/"]}]},{"@type":"BreadcrumbList","@id":"https:\/\/3raintercambio.com\/es\/workshop-curriculos-e-entrevistas-no-canada\/#breadcrumb","itemListElement":[{"@type":"ListItem","position":1,"name":"Portada","item":"https:\/\/www.3raintercambio.com\/es\/"},{"@type":"ListItem","position":2,"name":"WORKSHOP: Curr\u00edculos e Entrevistas no Canad\u00e1"}]},{"@type":"WebSite","@id":"https:\/\/www.3raintercambio.com\/es\/#website","url":"https:\/\/www.3raintercambio.com\/es\/","name":"Interc\u00e2mbio no Canad\u00e1 - 3RA Interc\u00e2mbio","description":"Interc\u00e2mbio em Vancouver, Toronto, Calgary, Quebec","publisher":{"@id":"https:\/\/www.3raintercambio.com\/es\/#organization"},"potentialAction":[{"@type":"SearchAction","target":{"@type":"EntryPoint","urlTemplate":"https:\/\/www.3raintercambio.com\/es\/?s={search_term_string}"},"query-input":{"@type":"PropertyValueSpecification","valueRequired":true,"valueName":"search_term_string"}}],"inLanguage":"es"},{"@type":"Organization","@id":"https:\/\/www.3raintercambio.com\/es\/#organization","name":"3RA Educa\u00e7\u00e3o Superior no Canad\u00e1","url":"https:\/\/www.3raintercambio.com\/es\/","logo":{"@type":"ImageObject","inLanguage":"es","@id":"https:\/\/www.3raintercambio.com\/es\/#\/schema\/logo\/image\/","url":"https:\/\/3raintercambio.com\/wp-content\/uploads\/2021\/06\/3RA-logo-oficial.png","contentUrl":"https:\/\/3raintercambio.com\/wp-content\/uploads\/2021\/06\/3RA-logo-oficial.png","width":454,"height":150,"caption":"3RA Educa\u00e7\u00e3o Superior no Canad\u00e1"},"image":{"@id":"https:\/\/www.3raintercambio.com\/es\/#\/schema\/logo\/image\/"},"sameAs":["https:\/\/www.facebook.com\/3ragroup","https:\/\/x.com\/3raintercambio","https:\/\/www.instagram.com\/3raintercambio","https:\/\/www.youtube.com\/3raintercambio"]}]}},"_links":{"self":[{"href":"https:\/\/3raintercambio.com\/es\/wp-json\/wp\/v2\/pages\/46301","targetHints":{"allow":["GET"]}}],"collection":[{"href":"https:\/\/3raintercambio.com\/es\/wp-json\/wp\/v2\/pages"}],"about":[{"href":"https:\/\/3raintercambio.com\/es\/wp-json\/wp\/v2\/types\/page"}],"author":[{"embeddable":true,"href":"https:\/\/3raintercambio.com\/es\/wp-json\/wp\/v2\/users\/29"}],"replies":[{"embeddable":true,"href":"https:\/\/3raintercambio.com\/es\/wp-json\/wp\/v2\/comments?post=46301"}],"version-history":[{"count":0,"href":"https:\/\/3raintercambio.com\/es\/wp-json\/wp\/v2\/pages\/46301\/revisions"}],"wp:attachment":[{"href":"https:\/\/3raintercambio.com\/es\/wp-json\/wp\/v2\/media?parent=46301"}],"curies":[{"name":"wp","href":"https:\/\/api.w.org\/{rel}","templated":true}]}}