{"id":44687,"date":"2017-03-16T16:33:04","date_gmt":"2017-03-16T23:33:04","guid":{"rendered":"https:\/\/3raintercambio.com\/?page_id=44687\/"},"modified":"2017-03-21T12:55:50","modified_gmt":"2017-03-21T19:55:50","slug":"workshop-como-conseguir-su-primer-empleo-en-canada","status":"publish","type":"page","link":"https:\/\/3raintercambio.com\/es\/workshop-como-conseguir-su-primer-empleo-en-canada\/","title":{"rendered":"WORKSHOP: C\u00f3mo conseguir su primer empleo en Canad\u00e1"},"content":{"rendered":"<p><\/p>\n<p><\/p>\n<p><\/p>\n<p><br \/>\n<\/p>\n<p><br \/>\n<span style=\"font-weight: 400;\">Buscar un empleo es una tarea que cambia mucho de un pa\u00eds para otro y conocer un poco sobre la documentaci\u00f3n exigida y la cultura corporativa del nuevo pa\u00eds, por ejemplo, son puntos que pueden hacer toda la diferencia en esta b\u00fasqueda. Pensando en eso, 3RA Intercambio prepar\u00f3 un workshop m\u00e1s para asesorar a las personas internacionales que est\u00e1n en Vancouver y garantiza su primer trabajo en la ciudad.<\/span><\/p>\n<p><span style=\"font-weight: 400;\">Vea lo que usted va a aprender en la conferencia:<\/span><\/p>\n<ul>\n<li style=\"font-weight: 400;\"><span style=\"font-weight: 400;\">Donde buscar oportunidades de trabajo<\/span><\/li>\n<li style=\"font-weight: 400;\"><span style=\"font-weight: 400;\">Cual es la documentaci\u00f3n necesaria<\/span><\/li>\n<li style=\"font-weight: 400;\"><span style=\"font-weight: 400;\">Cultura corporativa<\/span><\/li>\n<li style=\"font-weight: 400;\"><span style=\"font-weight: 400;\">Etiqueta canadiense <\/span><\/li>\n<li style=\"font-weight: 400;\"><span style=\"font-weight: 400;\">Y mucho m\u00e1s<\/span><\/li>\n<\/ul>\n<p><span style=\"font-weight: 400;\">La conferencia ser\u00e1 impartida por la especialista canadiense, Brenda Crump, que cuenta con m\u00e1s de 20 a\u00f1os de experiencia en el \u00e1rea de reclutamiento y recursos humanos. El evento es <\/span><b>gratuito para clientes de 3RA<\/b><span style=\"font-weight: 400;\"> y es el Viernes, 24 de Marzo, desde las 3pm hasta las 6pm, en la sede de 3RA Intercambio, ubicada en Granville Street, n\u00famero 409, oficina 251<\/span><br \/>\n<br \/>\n<\/p>\n<p><\/p>\n<p><br \/>\n<br \/>\nSelecione uma das op\u00e7\u00f5es abaixo:<br \/>\n<\/p>\n<p><\/p>\n<p><\/p>\n<p><\/p>\n<p style=\"text-align: center;\"><a class=\"manual-optin-trigger\" href=\"#\" data-optin-slug=\"mmlusq11ye2y9nss\"><img loading=\"lazy\" decoding=\"async\" class=\"alignnone size-full wp-image-38576\" src=\"https:\/\/3raintercambio.com\/wp-content\/uploads\/2017\/03\/ya-soy-cliente.png\" alt=\"nao-sou-cliente\" width=\"350\" height=\"179\" \/><\/a><\/p>\n<p style=\"text-align: center;\"><a class=\"manual-optin-trigger\" href=\"#\" data-optin-slug=\"mmlusq11ye2y9nss\">Clic aqu\u00ed y asegure su entrada gratuita<\/a><\/p>\n<p><\/p>\n<p><\/p>\n<p><\/p>\n<p style=\"text-align: center;\"><a href=\"https:\/\/www.eventbrite.ca\/e\/workshop-how-to-find-your-first-job-in-canada-tickets-32739554890?discount=3RA50\"><img loading=\"lazy\" decoding=\"async\" class=\"aligncenter wp-image-44756 size-full\" src=\"https:\/\/3raintercambio.com\/wp-content\/uploads\/2017\/03\/nao-sou-cliente.png\" alt=\"\" width=\"355\" height=\"176\" srcset=\"https:\/\/3raintercambio.com\/wp-content\/uploads\/2017\/03\/nao-sou-cliente.png 355w, https:\/\/3raintercambio.com\/wp-content\/uploads\/2017\/03\/nao-sou-cliente-300x149.png 300w\" sizes=\"auto, (max-width: 355px) 100vw, 355px\" \/><\/a><\/p>\n<p style=\"text-align: center;\"><a href=\"https:\/\/www.eventbrite.ca\/e\/workshop-how-to-find-your-first-job-in-canada-tickets-32739554890?discount=3RA50\" target=\"_blank\">Clic aqu\u00ed para asegurar su descuento!<\/a><\/p>\n<p><\/p>\n<p><br \/>\n<\/p>\n<p><br \/>\n<\/p>\n<p><\/p>\n<p><\/p>\n<p style=\"font-family: Verdana,Geneva,sans-serif; font-size: 12px; text-align: center;\">Brenda Crump<\/p>\n<p><\/p>\n<p><\/p>\n<p><\/p>\n<p><\/p>\n<ul>\n<li style=\"font-family: Verdana, Geneva, sans-serif; font-size: 12px; text-align: justify;\">Documentaci\u00f3n correcta para conseguir empleo<\/li>\n<li style=\"font-family: Verdana, Geneva, sans-serif; font-size: 12px; text-align: justify;\">Cultura corporativa y etiqueta canadiense<\/li>\n<li style=\"font-family: Verdana, Geneva, sans-serif; font-size: 12px; text-align: justify;\">Donde buscar puestos de trabajo disponibles<\/li>\n<li style=\"font-family: Verdana, Geneva, sans-serif; font-size: 12px; text-align: justify;\">Entrenamiento y programas de empleo a bajo costo y\/o gratuitos<\/li>\n<li style=\"font-family: Verdana, Geneva, sans-serif; font-size: 12px; text-align: justify;\">Carreras y campos de trabajo como oportunidades para nuevos inmigrantes<\/li>\n<li style=\"font-family: Verdana, Geneva, sans-serif; font-size: 12px; text-align: justify;\">Practicar ingl\u00e9s y desarrollar su networking<\/li>\n<\/ul>\n<p><\/p>\n<p><br \/>\n<\/p>\n<p><br \/>\n<\/p>\n<p><\/p>\n<p><\/p>\n<p style=\"font-family: Verdana, Geneva, sans-serif; font-size: 12px; text-align: justify;\">3RA Interc\u00e2mbio queda en 409 Granville St. Oficina 251, Vancouver. Si usted viene por Canada Line es solo cuesti\u00f3n de bajarse en la estaci\u00f3n de Waterfront; queda exactamente al lado de la estaci\u00f3n. Por Expoline, usted puede bajarse en Granville Station y caminar en direcci\u00f3n a Gastown.<\/p>\n<p><\/p>\n<p><\/p>\n<p><br \/>\n<br \/>\n<\/p>\n<p><br \/>\n<\/p>\n","protected":false},"excerpt":{"rendered":"<p>Buscar un empleo es una tarea que cambia mucho de un pa\u00eds para otro y conocer un poco sobre la documentaci\u00f3n exigida y la cultura corporativa del nuevo pa\u00eds, por ejemplo, son puntos que pueden hacer toda la diferencia en esta b\u00fasqueda. Pensando en eso, 3RA Intercambio prepar\u00f3 un workshop m\u00e1s para asesorar a las [&hellip;]<\/p>\n","protected":false},"author":41,"featured_media":0,"parent":0,"menu_order":0,"comment_status":"closed","ping_status":"open","template":"template-blank.php","meta":{"footnotes":""},"class_list":["post-44687","page","type-page","status-publish","hentry","post-wrapper","thrv_wrapper"],"yoast_head":"<!-- This site is optimized with the Yoast SEO Premium plugin v20.0 (Yoast SEO v24.9) - https:\/\/yoast.com\/wordpress\/plugins\/seo\/ -->\n<title>WORKSHOP: C\u00f3mo conseguir su primer empleo en Canad\u00e1 | Interc\u00e2mbio no Canad\u00e1 - 3RA Interc\u00e2mbio<\/title>\n<meta name=\"description\" content=\"Buscar un empleo es una tarea que cambia mucho de un pa\u00eds para otro y conocer un poco sobre la documentaci\u00f3n exigida y la cultura corporativa del nuevo\" \/>\n<meta name=\"robots\" content=\"index, follow, max-snippet:-1, max-image-preview:large, max-video-preview:-1\" \/>\n<link rel=\"canonical\" href=\"https:\/\/3raintercambio.com\/es\/workshop-como-conseguir-su-primer-empleo-en-canada\/\" \/>\n<meta property=\"og:locale\" content=\"es_ES\" \/>\n<meta property=\"og:type\" content=\"article\" \/>\n<meta property=\"og:title\" content=\"WORKSHOP: C\u00f3mo conseguir su primer empleo en Canad\u00e1\" \/>\n<meta property=\"og:description\" content=\"Buscar un empleo es una tarea que cambia mucho de un pa\u00eds para otro y conocer un poco sobre la documentaci\u00f3n exigida y la cultura corporativa del nuevo\" \/>\n<meta property=\"og:url\" content=\"https:\/\/3raintercambio.com\/es\/workshop-como-conseguir-su-primer-empleo-en-canada\/\" \/>\n<meta property=\"og:site_name\" content=\"Interc\u00e2mbio no Canad\u00e1 - 3RA Interc\u00e2mbio\" \/>\n<meta property=\"article:publisher\" content=\"https:\/\/www.facebook.com\/3ragroup\" \/>\n<meta property=\"article:modified_time\" content=\"2017-03-21T19:55:50+00:00\" \/>\n<meta property=\"og:image\" content=\"https:\/\/3raintercambio.com\/wp-content\/uploads\/2017\/03\/ya-soy-cliente.png\" \/>\n<meta name=\"twitter:card\" content=\"summary_large_image\" \/>\n<meta name=\"twitter:site\" content=\"@3raintercambio\" \/>\n<meta name=\"twitter:label1\" content=\"Tiempo de lectura\" \/>\n\t<meta name=\"twitter:data1\" content=\"7 minutos\" \/>\n<script type=\"application\/ld+json\" class=\"yoast-schema-graph\">{\"@context\":\"https:\/\/schema.org\",\"@graph\":[{\"@type\":\"WebPage\",\"@id\":\"https:\/\/3raintercambio.com\/es\/workshop-como-conseguir-su-primer-empleo-en-canada\/\",\"url\":\"https:\/\/3raintercambio.com\/es\/workshop-como-conseguir-su-primer-empleo-en-canada\/\",\"name\":\"WORKSHOP: C\u00f3mo conseguir su primer empleo en Canad\u00e1 | Interc\u00e2mbio no Canad\u00e1 - 3RA Interc\u00e2mbio\",\"isPartOf\":{\"@id\":\"https:\/\/www.3raintercambio.com\/es\/#website\"},\"primaryImageOfPage\":{\"@id\":\"https:\/\/3raintercambio.com\/es\/workshop-como-conseguir-su-primer-empleo-en-canada\/#primaryimage\"},\"image\":{\"@id\":\"https:\/\/3raintercambio.com\/es\/workshop-como-conseguir-su-primer-empleo-en-canada\/#primaryimage\"},\"thumbnailUrl\":\"https:\/\/3raintercambio.com\/wp-content\/uploads\/2017\/03\/ya-soy-cliente.png\",\"datePublished\":\"2017-03-16T23:33:04+00:00\",\"dateModified\":\"2017-03-21T19:55:50+00:00\",\"description\":\"Buscar un empleo es una tarea que cambia mucho de un pa\u00eds para otro y conocer un poco sobre la documentaci\u00f3n exigida y la cultura corporativa del nuevo\",\"breadcrumb\":{\"@id\":\"https:\/\/3raintercambio.com\/es\/workshop-como-conseguir-su-primer-empleo-en-canada\/#breadcrumb\"},\"inLanguage\":\"es\",\"potentialAction\":[{\"@type\":\"ReadAction\",\"target\":[\"https:\/\/3raintercambio.com\/es\/workshop-como-conseguir-su-primer-empleo-en-canada\/\"]}]},{\"@type\":\"ImageObject\",\"inLanguage\":\"es\",\"@id\":\"https:\/\/3raintercambio.com\/es\/workshop-como-conseguir-su-primer-empleo-en-canada\/#primaryimage\",\"url\":\"https:\/\/3raintercambio.com\/wp-content\/uploads\/2017\/03\/ya-soy-cliente.png\",\"contentUrl\":\"https:\/\/3raintercambio.com\/wp-content\/uploads\/2017\/03\/ya-soy-cliente.png\"},{\"@type\":\"BreadcrumbList\",\"@id\":\"https:\/\/3raintercambio.com\/es\/workshop-como-conseguir-su-primer-empleo-en-canada\/#breadcrumb\",\"itemListElement\":[{\"@type\":\"ListItem\",\"position\":1,\"name\":\"Portada\",\"item\":\"https:\/\/www.3raintercambio.com\/es\/\"},{\"@type\":\"ListItem\",\"position\":2,\"name\":\"WORKSHOP: C\u00f3mo conseguir su primer empleo en Canad\u00e1\"}]},{\"@type\":\"WebSite\",\"@id\":\"https:\/\/www.3raintercambio.com\/es\/#website\",\"url\":\"https:\/\/www.3raintercambio.com\/es\/\",\"name\":\"Interc\u00e2mbio no Canad\u00e1 - 3RA Interc\u00e2mbio\",\"description\":\"Interc\u00e2mbio em Vancouver, Toronto, Calgary, Quebec\",\"publisher\":{\"@id\":\"https:\/\/www.3raintercambio.com\/es\/#organization\"},\"potentialAction\":[{\"@type\":\"SearchAction\",\"target\":{\"@type\":\"EntryPoint\",\"urlTemplate\":\"https:\/\/www.3raintercambio.com\/es\/?s={search_term_string}\"},\"query-input\":{\"@type\":\"PropertyValueSpecification\",\"valueRequired\":true,\"valueName\":\"search_term_string\"}}],\"inLanguage\":\"es\"},{\"@type\":\"Organization\",\"@id\":\"https:\/\/www.3raintercambio.com\/es\/#organization\",\"name\":\"3RA Educa\u00e7\u00e3o Superior no Canad\u00e1\",\"url\":\"https:\/\/www.3raintercambio.com\/es\/\",\"logo\":{\"@type\":\"ImageObject\",\"inLanguage\":\"es\",\"@id\":\"https:\/\/www.3raintercambio.com\/es\/#\/schema\/logo\/image\/\",\"url\":\"https:\/\/3raintercambio.com\/wp-content\/uploads\/2021\/06\/3RA-logo-oficial.png\",\"contentUrl\":\"https:\/\/3raintercambio.com\/wp-content\/uploads\/2021\/06\/3RA-logo-oficial.png\",\"width\":454,\"height\":150,\"caption\":\"3RA Educa\u00e7\u00e3o Superior no Canad\u00e1\"},\"image\":{\"@id\":\"https:\/\/www.3raintercambio.com\/es\/#\/schema\/logo\/image\/\"},\"sameAs\":[\"https:\/\/www.facebook.com\/3ragroup\",\"https:\/\/x.com\/3raintercambio\",\"https:\/\/www.instagram.com\/3raintercambio\",\"https:\/\/www.youtube.com\/3raintercambio\"]}]}<\/script>\n<!-- \/ Yoast SEO Premium plugin. -->","yoast_head_json":{"title":"WORKSHOP: C\u00f3mo conseguir su primer empleo en Canad\u00e1 | Interc\u00e2mbio no Canad\u00e1 - 3RA Interc\u00e2mbio","description":"Buscar un empleo es una tarea que cambia mucho de un pa\u00eds para otro y conocer un poco sobre la documentaci\u00f3n exigida y la cultura corporativa del nuevo","robots":{"index":"index","follow":"follow","max-snippet":"max-snippet:-1","max-image-preview":"max-image-preview:large","max-video-preview":"max-video-preview:-1"},"canonical":"https:\/\/3raintercambio.com\/es\/workshop-como-conseguir-su-primer-empleo-en-canada\/","og_locale":"es_ES","og_type":"article","og_title":"WORKSHOP: C\u00f3mo conseguir su primer empleo en Canad\u00e1","og_description":"Buscar un empleo es una tarea que cambia mucho de un pa\u00eds para otro y conocer un poco sobre la documentaci\u00f3n exigida y la cultura corporativa del nuevo","og_url":"https:\/\/3raintercambio.com\/es\/workshop-como-conseguir-su-primer-empleo-en-canada\/","og_site_name":"Interc\u00e2mbio no Canad\u00e1 - 3RA Interc\u00e2mbio","article_publisher":"https:\/\/www.facebook.com\/3ragroup","article_modified_time":"2017-03-21T19:55:50+00:00","og_image":[{"url":"https:\/\/3raintercambio.com\/wp-content\/uploads\/2017\/03\/ya-soy-cliente.png","type":"","width":"","height":""}],"twitter_card":"summary_large_image","twitter_site":"@3raintercambio","twitter_misc":{"Tiempo de lectura":"7 minutos"},"schema":{"@context":"https:\/\/schema.org","@graph":[{"@type":"WebPage","@id":"https:\/\/3raintercambio.com\/es\/workshop-como-conseguir-su-primer-empleo-en-canada\/","url":"https:\/\/3raintercambio.com\/es\/workshop-como-conseguir-su-primer-empleo-en-canada\/","name":"WORKSHOP: C\u00f3mo conseguir su primer empleo en Canad\u00e1 | Interc\u00e2mbio no Canad\u00e1 - 3RA Interc\u00e2mbio","isPartOf":{"@id":"https:\/\/www.3raintercambio.com\/es\/#website"},"primaryImageOfPage":{"@id":"https:\/\/3raintercambio.com\/es\/workshop-como-conseguir-su-primer-empleo-en-canada\/#primaryimage"},"image":{"@id":"https:\/\/3raintercambio.com\/es\/workshop-como-conseguir-su-primer-empleo-en-canada\/#primaryimage"},"thumbnailUrl":"https:\/\/3raintercambio.com\/wp-content\/uploads\/2017\/03\/ya-soy-cliente.png","datePublished":"2017-03-16T23:33:04+00:00","dateModified":"2017-03-21T19:55:50+00:00","description":"Buscar un empleo es una tarea que cambia mucho de un pa\u00eds para otro y conocer un poco sobre la documentaci\u00f3n exigida y la cultura corporativa del nuevo","breadcrumb":{"@id":"https:\/\/3raintercambio.com\/es\/workshop-como-conseguir-su-primer-empleo-en-canada\/#breadcrumb"},"inLanguage":"es","potentialAction":[{"@type":"ReadAction","target":["https:\/\/3raintercambio.com\/es\/workshop-como-conseguir-su-primer-empleo-en-canada\/"]}]},{"@type":"ImageObject","inLanguage":"es","@id":"https:\/\/3raintercambio.com\/es\/workshop-como-conseguir-su-primer-empleo-en-canada\/#primaryimage","url":"https:\/\/3raintercambio.com\/wp-content\/uploads\/2017\/03\/ya-soy-cliente.png","contentUrl":"https:\/\/3raintercambio.com\/wp-content\/uploads\/2017\/03\/ya-soy-cliente.png"},{"@type":"BreadcrumbList","@id":"https:\/\/3raintercambio.com\/es\/workshop-como-conseguir-su-primer-empleo-en-canada\/#breadcrumb","itemListElement":[{"@type":"ListItem","position":1,"name":"Portada","item":"https:\/\/www.3raintercambio.com\/es\/"},{"@type":"ListItem","position":2,"name":"WORKSHOP: C\u00f3mo conseguir su primer empleo en Canad\u00e1"}]},{"@type":"WebSite","@id":"https:\/\/www.3raintercambio.com\/es\/#website","url":"https:\/\/www.3raintercambio.com\/es\/","name":"Interc\u00e2mbio no Canad\u00e1 - 3RA Interc\u00e2mbio","description":"Interc\u00e2mbio em Vancouver, Toronto, Calgary, Quebec","publisher":{"@id":"https:\/\/www.3raintercambio.com\/es\/#organization"},"potentialAction":[{"@type":"SearchAction","target":{"@type":"EntryPoint","urlTemplate":"https:\/\/www.3raintercambio.com\/es\/?s={search_term_string}"},"query-input":{"@type":"PropertyValueSpecification","valueRequired":true,"valueName":"search_term_string"}}],"inLanguage":"es"},{"@type":"Organization","@id":"https:\/\/www.3raintercambio.com\/es\/#organization","name":"3RA Educa\u00e7\u00e3o Superior no Canad\u00e1","url":"https:\/\/www.3raintercambio.com\/es\/","logo":{"@type":"ImageObject","inLanguage":"es","@id":"https:\/\/www.3raintercambio.com\/es\/#\/schema\/logo\/image\/","url":"https:\/\/3raintercambio.com\/wp-content\/uploads\/2021\/06\/3RA-logo-oficial.png","contentUrl":"https:\/\/3raintercambio.com\/wp-content\/uploads\/2021\/06\/3RA-logo-oficial.png","width":454,"height":150,"caption":"3RA Educa\u00e7\u00e3o Superior no Canad\u00e1"},"image":{"@id":"https:\/\/www.3raintercambio.com\/es\/#\/schema\/logo\/image\/"},"sameAs":["https:\/\/www.facebook.com\/3ragroup","https:\/\/x.com\/3raintercambio","https:\/\/www.instagram.com\/3raintercambio","https:\/\/www.youtube.com\/3raintercambio"]}]}},"_links":{"self":[{"href":"https:\/\/3raintercambio.com\/es\/wp-json\/wp\/v2\/pages\/44687","targetHints":{"allow":["GET"]}}],"collection":[{"href":"https:\/\/3raintercambio.com\/es\/wp-json\/wp\/v2\/pages"}],"about":[{"href":"https:\/\/3raintercambio.com\/es\/wp-json\/wp\/v2\/types\/page"}],"author":[{"embeddable":true,"href":"https:\/\/3raintercambio.com\/es\/wp-json\/wp\/v2\/users\/41"}],"replies":[{"embeddable":true,"href":"https:\/\/3raintercambio.com\/es\/wp-json\/wp\/v2\/comments?post=44687"}],"version-history":[{"count":0,"href":"https:\/\/3raintercambio.com\/es\/wp-json\/wp\/v2\/pages\/44687\/revisions"}],"wp:attachment":[{"href":"https:\/\/3raintercambio.com\/es\/wp-json\/wp\/v2\/media?parent=44687"}],"curies":[{"name":"wp","href":"https:\/\/api.w.org\/{rel}","templated":true}]}}