{"id":43623,"date":"2017-02-28T15:45:51","date_gmt":"2017-02-28T23:45:51","guid":{"rendered":"https:\/\/3raintercambio.com\/?page_id=43623\/"},"modified":"2019-07-10T15:18:10","modified_gmt":"2019-07-10T22:18:10","slug":"contacto","status":"publish","type":"page","link":"https:\/\/3raintercambio.com\/es\/contacto\/","title":{"rendered":"Habla con 3RA"},"content":{"rendered":"<p><br \/>\n<br \/>\n3RA Interc\u00e2mbio<br \/>\n<br \/>\n<\/p>\n<p><\/p>\n<p><br \/>\n<script type=\"text\/javascript\">var gform;gform||(document.addEventListener(\"gform_main_scripts_loaded\",function(){gform.scriptsLoaded=!0}),window.addEventListener(\"DOMContentLoaded\",function(){gform.domLoaded=!0}),gform={domLoaded:!1,scriptsLoaded:!1,initializeOnLoaded:function(o){gform.domLoaded&&gform.scriptsLoaded?o():!gform.domLoaded&&gform.scriptsLoaded?window.addEventListener(\"DOMContentLoaded\",o):document.addEventListener(\"gform_main_scripts_loaded\",o)},hooks:{action:{},filter:{}},addAction:function(o,n,r,t){gform.addHook(\"action\",o,n,r,t)},addFilter:function(o,n,r,t){gform.addHook(\"filter\",o,n,r,t)},doAction:function(o){gform.doHook(\"action\",o,arguments)},applyFilters:function(o){return gform.doHook(\"filter\",o,arguments)},removeAction:function(o,n){gform.removeHook(\"action\",o,n)},removeFilter:function(o,n,r){gform.removeHook(\"filter\",o,n,r)},addHook:function(o,n,r,t,i){null==gform.hooks&&(gform.hooks=[]);var e=gform.hooks;null==i&&(i=n+\"_\"+e.length),gform.hooks.push({tag:i,callable:r,priority:t=null==t?10:t})},doHook:function(n,o,r){var t;if(r=Array.prototype.slice.call(r,1),null!=gform.hooks&&((o=gform.hooks).sort(function(o,n){return o.priority-n.priority}),o.forEach(function(o){\"function\"!=typeof(t=o.callable)&&(t=window),\"action\"==n?t.apply(null,r):r[0]=t.apply(null,r)})),\"filter\"==n)return r[0]},removeHook:function(o,n,t,i){var r;null!=gform.hooks&&(r=(r=gform.hooks).filter(function(o,n,r){return!!(null!=i&&i!=o.tag||null!=t&&t!=o.priority)}),gform.hooks=r)}});<\/script>\n                <div class='gf_browser_gecko gform_wrapper gform_legacy_markup_wrapper gform-theme--no-framework' data-form-theme='legacy' data-form-index='0' id='gform_wrapper_277' ><div id='gf_277' class='gform_anchor' tabindex='-1'><\/div><form method='post' enctype='multipart\/form-data' target='gform_ajax_frame_277' id='gform_277'  action='\/es\/wp-json\/wp\/v2\/pages\/43623#gf_277' data-formid='277' novalidate>\n                        <div class='gform-body gform_body'><ul id='gform_fields_277' class='gform_fields top_label form_sublabel_below description_below validation_below'><li id=\"field_277_1\" class=\"gfield gfield--type-text gfield_contains_required field_sublabel_below gfield--no-description field_description_below field_validation_below gfield_visibility_visible\"  data-js-reload=\"field_277_1\" ><label class='gfield_label gform-field-label' for='input_277_1'>Nombre<span class=\"gfield_required\"><span class=\"gfield_required gfield_required_asterisk\">*<\/span><\/span><\/label><div class='ginput_container ginput_container_text'><input name='input_1' id='input_277_1' type='text' value='' class='medium'   tabindex='49'  aria-required=\"true\" aria-invalid=\"false\"   \/> <\/div><\/li><li id=\"field_277_2\" class=\"gfield gfield--type-text gfield_contains_required field_sublabel_below gfield--no-description field_description_below field_validation_below gfield_visibility_visible\"  data-js-reload=\"field_277_2\" ><label class='gfield_label gform-field-label' for='input_277_2'>Apellido<span class=\"gfield_required\"><span class=\"gfield_required gfield_required_asterisk\">*<\/span><\/span><\/label><div class='ginput_container ginput_container_text'><input name='input_2' id='input_277_2' type='text' value='' class='medium'   tabindex='50'  aria-required=\"true\" aria-invalid=\"false\"   \/> <\/div><\/li><li id=\"field_277_3\" class=\"gfield gfield--type-text gfield_contains_required field_sublabel_below gfield--no-description field_description_below field_validation_below gfield_visibility_visible\"  data-js-reload=\"field_277_3\" ><label class='gfield_label gform-field-label' for='input_277_3'>E-mail<span class=\"gfield_required\"><span class=\"gfield_required gfield_required_asterisk\">*<\/span><\/span><\/label><div class='ginput_container ginput_container_text'><input name='input_3' id='input_277_3' type='text' value='' class='medium'   tabindex='51'  aria-required=\"true\" aria-invalid=\"false\"   \/> <\/div><\/li><li id=\"field_277_4\" class=\"gfield gfield--type-text gfield_contains_required field_sublabel_below gfield--no-description field_description_below field_validation_below gfield_visibility_visible\"  data-js-reload=\"field_277_4\" ><label class='gfield_label gform-field-label' for='input_277_4'>Pa\u00eds de origen<span class=\"gfield_required\"><span class=\"gfield_required gfield_required_asterisk\">*<\/span><\/span><\/label><div class='ginput_container ginput_container_text'><input name='input_4' id='input_277_4' type='text' value='' class='medium'   tabindex='52'  aria-required=\"true\" aria-invalid=\"false\"   \/> <\/div><\/li><li id=\"field_277_5\" class=\"gfield gfield--type-text field_sublabel_below gfield--no-description field_description_below field_validation_below gfield_visibility_visible\"  data-js-reload=\"field_277_5\" ><label class='gfield_label gform-field-label' for='input_277_5'>Ciudad<\/label><div class='ginput_container ginput_container_text'><input name='input_5' id='input_277_5' type='text' value='' class='medium'   tabindex='53'   aria-invalid=\"false\"   \/> <\/div><\/li><li id=\"field_277_7\" class=\"gfield gfield--type-radio gfield--type-choice gfield_contains_required field_sublabel_below gfield--no-description field_description_below field_validation_below gfield_visibility_visible\"  data-js-reload=\"field_277_7\" ><label class='gfield_label gform-field-label' >\u00bfCu\u00e1l es su principal objetivo en Canad\u00e1?<span class=\"gfield_required\"><span class=\"gfield_required gfield_required_asterisk\">*<\/span><\/span><\/label><div class='ginput_container ginput_container_radio'><ul class='gfield_radio' id='input_277_7'>\n\t\t\t<li class='gchoice gchoice_277_7_0'>\n\t\t\t\t<input name='input_7' type='radio' value='Estudiar idiomas en Canad\u00e1 por tiempo determinado'  id='choice_277_7_0' tabindex='54'   \/>\n\t\t\t\t<label for='choice_277_7_0' id='label_277_7_0' class='gform-field-label gform-field-label--type-inline'>Estudiar idiomas en Canad\u00e1 por tiempo determinado<\/label>\n\t\t\t<\/li>\n\t\t\t<li class='gchoice gchoice_277_7_1'>\n\t\t\t\t<input name='input_7' type='radio' value='Estudiar y trabajar en Canad\u00e1 por tiempo determinado'  id='choice_277_7_1' tabindex='55'   \/>\n\t\t\t\t<label for='choice_277_7_1' id='label_277_7_1' class='gform-field-label gform-field-label--type-inline'>Estudiar y trabajar en Canad\u00e1 por tiempo determinado<\/label>\n\t\t\t<\/li>\n\t\t\t<li class='gchoice gchoice_277_7_2'>\n\t\t\t\t<input name='input_7' type='radio' value='Estudiar en Canad\u00e1 y permanecer en el pa\u00eds trabajando despu\u00e9s de la graduaci\u00f3nera opci\u00f3n'  id='choice_277_7_2' tabindex='56'   \/>\n\t\t\t\t<label for='choice_277_7_2' id='label_277_7_2' class='gform-field-label gform-field-label--type-inline'>Estudiar en Canad\u00e1 y permanecer en el pa\u00eds trabajando despu\u00e9s de la graduaci\u00f3nera opci\u00f3n<\/label>\n\t\t\t<\/li><\/ul><\/div><\/li><li id=\"field_277_8\" class=\"gfield gfield--type-select gfield_contains_required field_sublabel_below gfield--no-description field_description_below field_validation_below gfield_visibility_visible\"  data-js-reload=\"field_277_8\" ><label class='gfield_label gform-field-label' for='input_277_8'>Nivel de Ingl\u00e9s<span class=\"gfield_required\"><span class=\"gfield_required gfield_required_asterisk\">*<\/span><\/span><\/label><div class='ginput_container ginput_container_select'><select name='input_8' id='input_277_8' class='medium gfield_select' tabindex='57'   aria-required=\"true\" aria-invalid=\"false\" ><option value='-Seleccione una opci\u00f3n-' >-Seleccione una opci\u00f3n-<\/option><option value='Principiante' >Principiante<\/option><option value='Intermedio' >Intermedio<\/option><option value='Avanzado' >Avanzado<\/option><option value='Flu\u00eddo' >Flu\u00eddo<\/option><\/select><\/div><\/li><li id=\"field_277_10\" class=\"gfield gfield--type-number field_sublabel_below gfield--no-description field_description_below field_validation_below gfield_visibility_visible\"  data-js-reload=\"field_277_10\" ><label class='gfield_label gform-field-label' for='input_277_10'>Edad<\/label><div class='ginput_container ginput_container_number'><input name='input_10' id='input_277_10' type='number' step='any'   value='' class='medium' tabindex='58'     aria-invalid=\"false\"  \/><\/div><\/li><li id=\"field_277_11\" class=\"gfield gfield--type-checkbox gfield--type-choice field_sublabel_below gfield--no-description field_description_below field_validation_below gfield_visibility_visible\"  data-js-reload=\"field_277_11\" ><label class='gfield_label gform-field-label gfield_label_before_complex' >\u00bfEn qu\u00e9 ciudades de Canad\u00e1 tiene inter\u00e9s para hacer su programa?<\/label><div class='ginput_container ginput_container_checkbox'><ul class='gfield_checkbox' id='input_277_11'><li class='gchoice gchoice_277_11_1'>\n\t\t\t\t\t\t\t\t<input class='gfield-choice-input' name='input_11.1' type='checkbox'  value='Vancouver'  id='choice_277_11_1' tabindex='59'  \/>\n\t\t\t\t\t\t\t\t<label for='choice_277_11_1' id='label_277_11_1' class='gform-field-label gform-field-label--type-inline'>Vancouver<\/label>\n\t\t\t\t\t\t\t<\/li><li class='gchoice gchoice_277_11_2'>\n\t\t\t\t\t\t\t\t<input class='gfield-choice-input' name='input_11.2' type='checkbox'  value='Toronto'  id='choice_277_11_2' tabindex='60'  \/>\n\t\t\t\t\t\t\t\t<label for='choice_277_11_2' id='label_277_11_2' class='gform-field-label gform-field-label--type-inline'>Toronto<\/label>\n\t\t\t\t\t\t\t<\/li><li class='gchoice gchoice_277_11_3'>\n\t\t\t\t\t\t\t\t<input class='gfield-choice-input' name='input_11.3' type='checkbox'  value='Montreal'  id='choice_277_11_3' tabindex='61'  \/>\n\t\t\t\t\t\t\t\t<label for='choice_277_11_3' id='label_277_11_3' class='gform-field-label gform-field-label--type-inline'>Montreal<\/label>\n\t\t\t\t\t\t\t<\/li><li class='gchoice gchoice_277_11_4'>\n\t\t\t\t\t\t\t\t<input class='gfield-choice-input' name='input_11.4' type='checkbox'  value='Calgary'  id='choice_277_11_4' tabindex='62'  \/>\n\t\t\t\t\t\t\t\t<label for='choice_277_11_4' id='label_277_11_4' class='gform-field-label gform-field-label--type-inline'>Calgary<\/label>\n\t\t\t\t\t\t\t<\/li><li class='gchoice gchoice_277_11_5'>\n\t\t\t\t\t\t\t\t<input class='gfield-choice-input' name='input_11.5' type='checkbox'  value='Otras'  id='choice_277_11_5' tabindex='63'  \/>\n\t\t\t\t\t\t\t\t<label for='choice_277_11_5' id='label_277_11_5' class='gform-field-label gform-field-label--type-inline'>Otras<\/label>\n\t\t\t\t\t\t\t<\/li><\/ul><\/div><\/li><li id=\"field_277_13\" class=\"gfield gfield--type-textarea field_sublabel_below gfield--no-description field_description_below field_validation_below gfield_visibility_visible\"  data-js-reload=\"field_277_13\" ><label class='gfield_label gform-field-label' for='input_277_13'>Mensaje<\/label><div class='ginput_container ginput_container_textarea'><textarea name='input_13' id='input_277_13' class='textarea medium' tabindex='64'     aria-invalid=\"false\"   rows='10' cols='50'><\/textarea><\/div><\/li><\/ul><\/div>\n        <div class='gform_footer top_label'> <input type='submit' id='gform_submit_button_277' class='gform_button button' value='Enviar' tabindex='65' onclick='if(window[\"gf_submitting_277\"]){return false;}  if( !jQuery(\"#gform_277\")[0].checkValidity || jQuery(\"#gform_277\")[0].checkValidity()){window[\"gf_submitting_277\"]=true;}  ' onkeypress='if( event.keyCode == 13 ){ if(window[\"gf_submitting_277\"]){return false;} if( !jQuery(\"#gform_277\")[0].checkValidity || jQuery(\"#gform_277\")[0].checkValidity()){window[\"gf_submitting_277\"]=true;}  jQuery(\"#gform_277\").trigger(\"submit\",[true]); }' \/> <input type='hidden' name='gform_ajax' value='form_id=277&amp;title=&amp;description=&amp;tabindex=49&amp;theme=legacy' \/>\n            <input type='hidden' class='gform_hidden' name='is_submit_277' value='1' \/>\n            <input type='hidden' class='gform_hidden' name='gform_submit' value='277' \/>\n            \n            <input type='hidden' class='gform_hidden' name='gform_unique_id' value='' \/>\n            <input type='hidden' class='gform_hidden' name='state_277' value='WyJbXSIsIjM5YTBkNWY1MTA0ZDNhMzk3Mzc3MTI4YThiOWJiM2U4Il0=' \/>\n            <input type='hidden' class='gform_hidden' name='gform_target_page_number_277' id='gform_target_page_number_277' value='0' \/>\n            <input type='hidden' class='gform_hidden' name='gform_source_page_number_277' id='gform_source_page_number_277' value='1' \/>\n            <input type='hidden' name='gform_field_values' value='lp=contatospanish' \/>\n            \n        <\/div>\n                        <\/form>\n                        <\/div>\n\t\t                <iframe style='display:none;width:0px;height:0px;' src='about:blank' name='gform_ajax_frame_277' id='gform_ajax_frame_277' title='Este iframe contiene la l\u00f3gica necesaria para gestionar formularios con ajax activado.'><\/iframe>\n\t\t                <script type=\"text\/javascript\">\n\/* <![CDATA[ *\/\n gform.initializeOnLoaded( function() {gformInitSpinner( 277, 'https:\/\/3raintercambio.com\/wp-content\/plugins\/gravityforms\/images\/spinner.svg', true );jQuery('#gform_ajax_frame_277').on('load',function(){var contents = jQuery(this).contents().find('*').html();var is_postback = contents.indexOf('GF_AJAX_POSTBACK') >= 0;if(!is_postback){return;}var form_content = jQuery(this).contents().find('#gform_wrapper_277');var is_confirmation = jQuery(this).contents().find('#gform_confirmation_wrapper_277').length > 0;var is_redirect = contents.indexOf('gformRedirect(){') >= 0;var is_form = form_content.length > 0 && ! is_redirect && ! is_confirmation;var mt = parseInt(jQuery('html').css('margin-top'), 10) + parseInt(jQuery('body').css('margin-top'), 10) + 100;if(is_form){jQuery('#gform_wrapper_277').html(form_content.html());if(form_content.hasClass('gform_validation_error')){jQuery('#gform_wrapper_277').addClass('gform_validation_error');} else {jQuery('#gform_wrapper_277').removeClass('gform_validation_error');}setTimeout( function() { \/* delay the scroll by 50 milliseconds to fix a bug in chrome *\/ jQuery(document).scrollTop(jQuery('#gform_wrapper_277').offset().top - mt); }, 50 );if(window['gformInitDatepicker']) {gformInitDatepicker();}if(window['gformInitPriceFields']) {gformInitPriceFields();}var current_page = jQuery('#gform_source_page_number_277').val();gformInitSpinner( 277, 'https:\/\/3raintercambio.com\/wp-content\/plugins\/gravityforms\/images\/spinner.svg', true );jQuery(document).trigger('gform_page_loaded', [277, current_page]);window['gf_submitting_277'] = false;}else if(!is_redirect){var confirmation_content = jQuery(this).contents().find('.GF_AJAX_POSTBACK').html();if(!confirmation_content){confirmation_content = contents;}jQuery('#gform_wrapper_277').replaceWith(confirmation_content);jQuery(document).scrollTop(jQuery('#gf_277').offset().top - mt);jQuery(document).trigger('gform_confirmation_loaded', [277]);window['gf_submitting_277'] = false;wp.a11y.speak(jQuery('#gform_confirmation_message_277').text());}else{jQuery('#gform_277').append(contents);if(window['gformRedirect']) {gformRedirect();}}jQuery(document).trigger(\"gform_pre_post_render\", [{ formId: \"277\", currentPage: \"current_page\", abort: function() { this.preventDefault(); } }]);                if (event && event.defaultPrevented) {                return;         }        const gformWrapperDiv = document.getElementById( \"gform_wrapper_277\" );        if ( gformWrapperDiv ) {            const visibilitySpan = document.createElement( \"span\" );            visibilitySpan.id = \"gform_visibility_test_277\";            gformWrapperDiv.insertAdjacentElement( \"afterend\", visibilitySpan );        }        const visibilityTestDiv = document.getElementById( \"gform_visibility_test_277\" );        let postRenderFired = false;                function triggerPostRender() {            if ( postRenderFired ) {                return;            }            postRenderFired = true;            jQuery( document ).trigger( 'gform_post_render', [277, current_page] );            gform.utils.trigger( { event: 'gform\/postRender', native: false, data: { formId: 277, currentPage: current_page } } );            if ( visibilityTestDiv ) {                visibilityTestDiv.parentNode.removeChild( visibilityTestDiv );            }        }        function debounce( func, wait, immediate ) {            var timeout;            return function() {                var context = this, args = arguments;                var later = function() {                    timeout = null;                    if ( !immediate ) func.apply( context, args );                };                var callNow = immediate && !timeout;                clearTimeout( timeout );                timeout = setTimeout( later, wait );                if ( callNow ) func.apply( context, args );            };        }        const debouncedTriggerPostRender = debounce( function() {            triggerPostRender();        }, 200 );        if ( visibilityTestDiv && visibilityTestDiv.offsetParent === null ) {            const observer = new MutationObserver( ( mutations ) => {                mutations.forEach( ( mutation ) => {                    if ( mutation.type === 'attributes' && visibilityTestDiv.offsetParent !== null ) {                        debouncedTriggerPostRender();                        observer.disconnect();                    }                });            });            observer.observe( document.body, {                attributes: true,                childList: false,                subtree: true,                attributeFilter: [ 'style', 'class' ],            });        } else {            triggerPostRender();        }    } );} ); \n\/* ]]> *\/\n<\/script>\n<br \/>\n<\/p>\n","protected":false},"excerpt":{"rendered":"<p>3RA Interc\u00e2mbio<\/p>\n","protected":false},"author":2,"featured_media":0,"parent":0,"menu_order":0,"comment_status":"closed","ping_status":"closed","template":"","meta":{"footnotes":""},"class_list":["post-43623","page","type-page","status-publish","hentry","post-wrapper","thrv_wrapper"],"yoast_head":"<!-- This site is optimized with the Yoast SEO Premium plugin v20.0 (Yoast SEO v24.9) - https:\/\/yoast.com\/wordpress\/plugins\/seo\/ -->\n<title>Habla con 3RA | Interc\u00e2mbio no Canad\u00e1 - 3RA Interc\u00e2mbio<\/title>\n<meta name=\"description\" content=\"3RA Interc\u00e2mbio\" \/>\n<meta name=\"robots\" content=\"index, follow, max-snippet:-1, max-image-preview:large, max-video-preview:-1\" \/>\n<link rel=\"canonical\" href=\"https:\/\/3raintercambio.com\/es\/contacto\/\" \/>\n<meta property=\"og:locale\" content=\"es_ES\" \/>\n<meta property=\"og:type\" content=\"article\" \/>\n<meta property=\"og:title\" content=\"Habla con 3RA\" \/>\n<meta property=\"og:description\" content=\"3RA Interc\u00e2mbio\" \/>\n<meta property=\"og:url\" content=\"https:\/\/3raintercambio.com\/es\/contacto\/\" \/>\n<meta property=\"og:site_name\" content=\"Interc\u00e2mbio no Canad\u00e1 - 3RA Interc\u00e2mbio\" \/>\n<meta property=\"article:publisher\" content=\"https:\/\/www.facebook.com\/3ragroup\" \/>\n<meta property=\"article:modified_time\" content=\"2019-07-10T22:18:10+00:00\" \/>\n<meta name=\"twitter:card\" content=\"summary_large_image\" \/>\n<meta name=\"twitter:site\" content=\"@3raintercambio\" \/>\n<meta name=\"twitter:label1\" content=\"Tiempo de lectura\" \/>\n\t<meta name=\"twitter:data1\" content=\"1 minuto\" \/>\n<script type=\"application\/ld+json\" class=\"yoast-schema-graph\">{\"@context\":\"https:\/\/schema.org\",\"@graph\":[{\"@type\":\"WebPage\",\"@id\":\"https:\/\/3raintercambio.com\/es\/contacto\/\",\"url\":\"https:\/\/3raintercambio.com\/es\/contacto\/\",\"name\":\"Habla con 3RA | Interc\u00e2mbio no Canad\u00e1 - 3RA Interc\u00e2mbio\",\"isPartOf\":{\"@id\":\"https:\/\/www.3raintercambio.com\/es\/#website\"},\"datePublished\":\"2017-02-28T23:45:51+00:00\",\"dateModified\":\"2019-07-10T22:18:10+00:00\",\"description\":\"3RA Interc\u00e2mbio\",\"breadcrumb\":{\"@id\":\"https:\/\/3raintercambio.com\/es\/contacto\/#breadcrumb\"},\"inLanguage\":\"es\",\"potentialAction\":[{\"@type\":\"ReadAction\",\"target\":[\"https:\/\/3raintercambio.com\/es\/contacto\/\"]}]},{\"@type\":\"BreadcrumbList\",\"@id\":\"https:\/\/3raintercambio.com\/es\/contacto\/#breadcrumb\",\"itemListElement\":[{\"@type\":\"ListItem\",\"position\":1,\"name\":\"Portada\",\"item\":\"https:\/\/www.3raintercambio.com\/es\/\"},{\"@type\":\"ListItem\",\"position\":2,\"name\":\"Habla con 3RA\"}]},{\"@type\":\"WebSite\",\"@id\":\"https:\/\/www.3raintercambio.com\/es\/#website\",\"url\":\"https:\/\/www.3raintercambio.com\/es\/\",\"name\":\"Interc\u00e2mbio no Canad\u00e1 - 3RA Interc\u00e2mbio\",\"description\":\"Interc\u00e2mbio em Vancouver, Toronto, Calgary, Quebec\",\"publisher\":{\"@id\":\"https:\/\/www.3raintercambio.com\/es\/#organization\"},\"potentialAction\":[{\"@type\":\"SearchAction\",\"target\":{\"@type\":\"EntryPoint\",\"urlTemplate\":\"https:\/\/www.3raintercambio.com\/es\/?s={search_term_string}\"},\"query-input\":{\"@type\":\"PropertyValueSpecification\",\"valueRequired\":true,\"valueName\":\"search_term_string\"}}],\"inLanguage\":\"es\"},{\"@type\":\"Organization\",\"@id\":\"https:\/\/www.3raintercambio.com\/es\/#organization\",\"name\":\"3RA Educa\u00e7\u00e3o Superior no Canad\u00e1\",\"url\":\"https:\/\/www.3raintercambio.com\/es\/\",\"logo\":{\"@type\":\"ImageObject\",\"inLanguage\":\"es\",\"@id\":\"https:\/\/www.3raintercambio.com\/es\/#\/schema\/logo\/image\/\",\"url\":\"https:\/\/3raintercambio.com\/wp-content\/uploads\/2021\/06\/3RA-logo-oficial.png\",\"contentUrl\":\"https:\/\/3raintercambio.com\/wp-content\/uploads\/2021\/06\/3RA-logo-oficial.png\",\"width\":454,\"height\":150,\"caption\":\"3RA Educa\u00e7\u00e3o Superior no Canad\u00e1\"},\"image\":{\"@id\":\"https:\/\/www.3raintercambio.com\/es\/#\/schema\/logo\/image\/\"},\"sameAs\":[\"https:\/\/www.facebook.com\/3ragroup\",\"https:\/\/x.com\/3raintercambio\",\"https:\/\/www.instagram.com\/3raintercambio\",\"https:\/\/www.youtube.com\/3raintercambio\"]}]}<\/script>\n<!-- \/ Yoast SEO Premium plugin. -->","yoast_head_json":{"title":"Habla con 3RA | Interc\u00e2mbio no Canad\u00e1 - 3RA Interc\u00e2mbio","description":"3RA Interc\u00e2mbio","robots":{"index":"index","follow":"follow","max-snippet":"max-snippet:-1","max-image-preview":"max-image-preview:large","max-video-preview":"max-video-preview:-1"},"canonical":"https:\/\/3raintercambio.com\/es\/contacto\/","og_locale":"es_ES","og_type":"article","og_title":"Habla con 3RA","og_description":"3RA Interc\u00e2mbio","og_url":"https:\/\/3raintercambio.com\/es\/contacto\/","og_site_name":"Interc\u00e2mbio no Canad\u00e1 - 3RA Interc\u00e2mbio","article_publisher":"https:\/\/www.facebook.com\/3ragroup","article_modified_time":"2019-07-10T22:18:10+00:00","twitter_card":"summary_large_image","twitter_site":"@3raintercambio","twitter_misc":{"Tiempo de lectura":"1 minuto"},"schema":{"@context":"https:\/\/schema.org","@graph":[{"@type":"WebPage","@id":"https:\/\/3raintercambio.com\/es\/contacto\/","url":"https:\/\/3raintercambio.com\/es\/contacto\/","name":"Habla con 3RA | Interc\u00e2mbio no Canad\u00e1 - 3RA Interc\u00e2mbio","isPartOf":{"@id":"https:\/\/www.3raintercambio.com\/es\/#website"},"datePublished":"2017-02-28T23:45:51+00:00","dateModified":"2019-07-10T22:18:10+00:00","description":"3RA Interc\u00e2mbio","breadcrumb":{"@id":"https:\/\/3raintercambio.com\/es\/contacto\/#breadcrumb"},"inLanguage":"es","potentialAction":[{"@type":"ReadAction","target":["https:\/\/3raintercambio.com\/es\/contacto\/"]}]},{"@type":"BreadcrumbList","@id":"https:\/\/3raintercambio.com\/es\/contacto\/#breadcrumb","itemListElement":[{"@type":"ListItem","position":1,"name":"Portada","item":"https:\/\/www.3raintercambio.com\/es\/"},{"@type":"ListItem","position":2,"name":"Habla con 3RA"}]},{"@type":"WebSite","@id":"https:\/\/www.3raintercambio.com\/es\/#website","url":"https:\/\/www.3raintercambio.com\/es\/","name":"Interc\u00e2mbio no Canad\u00e1 - 3RA Interc\u00e2mbio","description":"Interc\u00e2mbio em Vancouver, Toronto, Calgary, Quebec","publisher":{"@id":"https:\/\/www.3raintercambio.com\/es\/#organization"},"potentialAction":[{"@type":"SearchAction","target":{"@type":"EntryPoint","urlTemplate":"https:\/\/www.3raintercambio.com\/es\/?s={search_term_string}"},"query-input":{"@type":"PropertyValueSpecification","valueRequired":true,"valueName":"search_term_string"}}],"inLanguage":"es"},{"@type":"Organization","@id":"https:\/\/www.3raintercambio.com\/es\/#organization","name":"3RA Educa\u00e7\u00e3o Superior no Canad\u00e1","url":"https:\/\/www.3raintercambio.com\/es\/","logo":{"@type":"ImageObject","inLanguage":"es","@id":"https:\/\/www.3raintercambio.com\/es\/#\/schema\/logo\/image\/","url":"https:\/\/3raintercambio.com\/wp-content\/uploads\/2021\/06\/3RA-logo-oficial.png","contentUrl":"https:\/\/3raintercambio.com\/wp-content\/uploads\/2021\/06\/3RA-logo-oficial.png","width":454,"height":150,"caption":"3RA Educa\u00e7\u00e3o Superior no Canad\u00e1"},"image":{"@id":"https:\/\/www.3raintercambio.com\/es\/#\/schema\/logo\/image\/"},"sameAs":["https:\/\/www.facebook.com\/3ragroup","https:\/\/x.com\/3raintercambio","https:\/\/www.instagram.com\/3raintercambio","https:\/\/www.youtube.com\/3raintercambio"]}]}},"_links":{"self":[{"href":"https:\/\/3raintercambio.com\/es\/wp-json\/wp\/v2\/pages\/43623","targetHints":{"allow":["GET"]}}],"collection":[{"href":"https:\/\/3raintercambio.com\/es\/wp-json\/wp\/v2\/pages"}],"about":[{"href":"https:\/\/3raintercambio.com\/es\/wp-json\/wp\/v2\/types\/page"}],"author":[{"embeddable":true,"href":"https:\/\/3raintercambio.com\/es\/wp-json\/wp\/v2\/users\/2"}],"replies":[{"embeddable":true,"href":"https:\/\/3raintercambio.com\/es\/wp-json\/wp\/v2\/comments?post=43623"}],"version-history":[{"count":0,"href":"https:\/\/3raintercambio.com\/es\/wp-json\/wp\/v2\/pages\/43623\/revisions"}],"wp:attachment":[{"href":"https:\/\/3raintercambio.com\/es\/wp-json\/wp\/v2\/media?parent=43623"}],"curies":[{"name":"wp","href":"https:\/\/api.w.org\/{rel}","templated":true}]}}