{"id":41638,"date":"2017-02-09T17:31:43","date_gmt":"2017-02-10T01:31:43","guid":{"rendered":"https:\/\/3raintercambio.com\/?page_id=41638\/"},"modified":"2018-12-12T16:39:13","modified_gmt":"2018-12-13T00:39:13","slug":"escuelas-de-idiomas-en-canada","status":"publish","type":"page","link":"https:\/\/3raintercambio.com\/es\/escuelas-de-idiomas-en-canada\/","title":{"rendered":"Escuelas de Idiomas en Canad\u00e1"},"content":{"rendered":"<p><\/p>\n<p><br \/>\n<span style=\"font-weight: 400;\">Muchos estudiantes ya eligieron estudiar en Canad\u00e1. \u00a1No esperes m\u00e1s! <\/span><\/p>\n<p><span style=\"font-weight: 400;\">3RA ofrece programas en diversas ciudades como Vancouver, Toronto, Halifax, Victoria, Montreal, Kelowna Ottawa y Halifax.<\/span><\/p>\n<p><a href=\"https:\/\/3raintercambio.com\/es\/contato\/contacto\/\" target=\"_blank\" rel=\"noopener\">Entre en contacto<\/a><\/p>\n<h2><\/h2>\n<p><\/p>\n<p><br \/>\n<br \/>\n<strong><img loading=\"lazy\" decoding=\"async\" class=\"alignright wp-image-4004\" src=\"https:\/\/3raintercambio.com\/wp-content\/uploads\/2014\/09\/ilac-180x180.jpg\" alt=\"ilac\" width=\"160\" height=\"144\" data-wp-imgselect=\"1\" \/><\/strong><\/p>\n<p><span style=\"font-weight: 400;\">Con m\u00e1s de 17 a\u00f1os de experiencia, ILAC ofrece programas de ingl\u00e9s de alta calidad para todos los niveles y prop\u00f3sitos. Con campus en Vancouver y en Toronto, la escuela atrae estudiantes de m\u00e1s de 70 pa\u00edses del mundo.<\/span><\/p>\n<p><span style=\"font-weight: 400;\"><strong>Ciudades<\/strong>: Vancouver y Toronto<br \/>\n<\/span><br \/>\n<strong>Cursos ofrecidos:<\/strong><\/p>\n<ul>\n<li style=\"font-weight: 400;\"><span style=\"font-weight: 400;\">Ingl\u00e9s General <\/span><\/li>\n<li style=\"font-weight: 400;\"><span style=\"font-weight: 400;\">Ingl\u00e9s de Negocios<\/span><\/li>\n<li style=\"font-weight: 400;\"><span style=\"font-weight: 400;\">Preparaci\u00f3n para ex\u00e1menes (IELTS, TOEFL, Cambridge, FCE y CAE)<\/span><\/li>\n<li style=\"font-weight: 400;\"><span style=\"font-weight: 400;\">Preparaci\u00f3n para Universidad<\/span><\/li>\n<li style=\"font-weight: 400;\"><span style=\"font-weight: 400;\">Curso de Verano <\/span><\/li>\n<li style=\"font-weight: 400;\"><span style=\"font-weight: 400;\">Curso de Invierno <\/span><\/li>\n<li style=\"font-weight: 400;\"><span style=\"font-weight: 400;\">Senior High School (\u00faltimos 2 grados de preparatoria) \u00a0<\/span><\/li>\n<\/ul>\n<p><br \/>\n<br \/>\n<strong><img loading=\"lazy\" decoding=\"async\" class=\"alignright wp-image-12444 size-full\" src=\"https:\/\/3raintercambio.com\/wp-content\/uploads\/2014\/03\/VGC-International-College-Logo_Purple_rgb.png\" alt=\"\" width=\"180\" height=\"180\" data-wp-imgselect=\"1\" \/><\/strong><\/p>\n<p>VGC Language School es reconocida como una de las mejores escuelas de idiomas que te ense\u00f1a el aut\u00e9ntico ingl\u00e9s canadiense. Millones de estudiantes internacionales e instituciones de prestigio reconocen a esta instituci\u00f3n como una de las mejores en Canad\u00e1. VGC entiende que cada alumno tiene diferentes metas y prop\u00f3sitos; es por eso que te ofrecen una amplia variedad de cursos.<\/p>\n<p><span style=\"font-weight: 400;\"><strong>Ciudades:<\/strong> Vancouver<\/span><\/p>\n<p><strong>Cursos Ofrecidos <\/strong><\/p>\n<ul>\n<li style=\"font-weight: 400;\"><span style=\"font-weight: 400;\">Ingl\u00e9s General <\/span><\/li>\n<li style=\"font-weight: 400;\"><span style=\"font-weight: 400;\">Ingl\u00e9s de Negocios<\/span><\/li>\n<li style=\"font-weight: 400;\"><span style=\"font-weight: 400;\">Ingl\u00e9s Acad\u00e9mico <\/span><\/li>\n<li style=\"font-weight: 400;\"><span style=\"font-weight: 400;\">Preparaci\u00f3n para ex\u00e1menes (IELTS y \u00a0TOEFL)<\/span><\/li>\n<\/ul>\n<p><br \/>\n<br \/>\nEl objetivo de ILSC es que sus alumnos mejoren sus habilidades ling\u00fc\u00edsticas de acuerdo con sus necesidades e intereses. ISLC ofrece una amplia variedad de cursos aptos para todos los niveles ya que podr\u00e1s elegir la combinaci\u00f3n de cursos que mejor se adapten a tus necesidades.<\/p>\n<p><span style=\"font-weight: 400;\"><strong>Ciudades:<\/strong> Vancouver, Toronto y Montreal <\/span><\/p>\n<p><strong><img loading=\"lazy\" decoding=\"async\" class=\"alignright wp-image-3992 size-square\" src=\"https:\/\/3raintercambio.com\/wp-content\/uploads\/2014\/09\/ilsc-180x180.jpg\" alt=\"ilsc\" width=\"180\" height=\"180\" data-wp-imgselect=\"1\" srcset=\"https:\/\/3raintercambio.com\/wp-content\/uploads\/2014\/09\/ilsc-180x180.jpg 180w, https:\/\/3raintercambio.com\/wp-content\/uploads\/2014\/09\/ilsc-150x150.jpg 150w, https:\/\/3raintercambio.com\/wp-content\/uploads\/2014\/09\/ilsc-36x36.jpg 36w, https:\/\/3raintercambio.com\/wp-content\/uploads\/2014\/09\/ilsc-120x120.jpg 120w\" sizes=\"auto, (max-width: 180px) 100vw, 180px\" \/><\/strong><\/p>\n<p><strong>Cursos Ofrecidos:<\/strong><\/p>\n<ul>\n<li style=\"font-weight: 400;\"><span style=\"font-weight: 400;\">Ingl\u00e9s General <\/span><\/li>\n<li style=\"font-weight: 400;\"><span style=\"font-weight: 400;\">Cursos de Comunicaci\u00f3n <\/span><\/li>\n<li style=\"font-weight: 400;\"><span style=\"font-weight: 400;\">Cursos de Preparaci\u00f3n Acad\u00e9mica<\/span><\/li>\n<li style=\"font-weight: 400;\"><span style=\"font-weight: 400;\">Preparaci\u00f3n para ex\u00e1menes (IELTS, TOEFL y Cambridge)<\/span><\/li>\n<li style=\"font-weight: 400;\"><span style=\"font-weight: 400;\">Ingl\u00e9s de Negocios<\/span><\/li>\n<li style=\"font-weight: 400;\"><span style=\"font-weight: 400;\">Programa de Humanidades<\/span><\/li>\n<li style=\"font-weight: 400;\"><span style=\"font-weight: 400;\">Cursos de Franc\u00e9s<\/span><\/li>\n<li style=\"font-weight: 400;\"><span style=\"font-weight: 400;\">Preparaci\u00f3n para la universidad<\/span><\/li>\n<li style=\"font-weight: 400;\"><span style=\"font-weight: 400;\">Ingl\u00e9s para el \u00e1rea de medicina <\/span><\/li>\n<li style=\"font-weight: 400;\"><span style=\"font-weight: 400;\">Lecciones privadas<\/span><\/li>\n<li style=\"font-weight: 400;\"><span style=\"font-weight: 400;\">Programas para j\u00f3venes<\/span><\/li>\n<li style=\"font-weight: 400;\"><span style=\"font-weight: 400;\">Ingl\u00e9s o Franc\u00e9s Ejecutivo <\/span><\/li>\n<li style=\"font-weight: 400;\"><span style=\"font-weight: 400;\">Programa especializado en IELTS<\/span><\/li>\n<li style=\"font-weight: 400;\"><span style=\"font-weight: 400;\">Programa especializado en Cambridge<\/span><\/li>\n<\/ul>\n<p><br \/>\n<br \/>\nEn LAB (Languages Across Borders) tendr\u00e1s la oportunidad de practicar ingl\u00e9s en un ambiente multicultural tanto dentro de los salones de clases como en las actividades realizadas durante los descansos ya que las clases de conversaci\u00f3n son la especialidad de esta instituci\u00f3n. LAB tambi\u00e9n organiza actividades cada fin de semana para que conozcas la ciudad.<\/p>\n<p>&nbsp;<\/p>\n<p><strong>Ciudades:\u00a0<\/strong><span style=\"font-weight: 400;\">Vancouver<\/span><\/p>\n<p><strong>Cursos Ofrecidos<\/strong><\/p>\n<ul>\n<li style=\"font-weight: 400;\"><span style=\"font-weight: 400;\">Ingl\u00e9s General<\/span><\/li>\n<li style=\"font-weight: 400;\"><span style=\"font-weight: 400;\">Cursos especializados en habilidades auditivas y pronunciaci\u00f3n <\/span><\/li>\n<li style=\"font-weight: 400;\"><span style=\"font-weight: 400;\">Ingl\u00e9s Acad\u00e9mico <\/span><\/li>\n<li style=\"font-weight: 400;\"><span style=\"font-weight: 400;\">Cursos de Comunicaci\u00f3n <\/span><\/li>\n<li style=\"font-weight: 400;\"><span style=\"font-weight: 400;\">Ingl\u00e9s de Negocios<\/span><\/li>\n<li style=\"font-weight: 400;\"><span style=\"font-weight: 400;\">Programas especiales para adultos mayores<\/span><\/li>\n<li style=\"font-weight: 400;\"><span style=\"font-weight: 400;\">Lecciones privadas<\/span><\/li>\n<li style=\"font-weight: 400;\"><span style=\"font-weight: 400;\">Clases nocturnas<\/span><\/li>\n<\/ul>\n<p><br \/>\n<br \/>\n<strong> <img loading=\"lazy\" decoding=\"async\" class=\"alignright wp-image-3996\" src=\"https:\/\/3raintercambio.com\/wp-content\/uploads\/2014\/09\/geos.jpg\" alt=\"geos\" width=\"212\" height=\"70\" data-wp-imgselect=\"1\" srcset=\"https:\/\/3raintercambio.com\/wp-content\/uploads\/2014\/09\/geos.jpg 391w, https:\/\/3raintercambio.com\/wp-content\/uploads\/2014\/09\/geos-300x98.jpg 300w\" sizes=\"auto, (max-width: 212px) 100vw, 212px\" \/><\/strong><\/p>\n<p>Con m\u00e1s de 30 a\u00f1os de experiencia GEOS garantiza calidad de ense\u00f1anza en sus cursos de ingl\u00e9s y franc\u00e9s. En Geos encontraras cursos completamente enfocados en darte las mejores herramientas para maximizar el aprendizaje.<\/p>\n<p><strong>Ciudades<\/strong><\/p>\n<p><span style=\"font-weight: 400;\">Vancouver, Calgary, Montreal, Ottawa, Toronto y Victoria. <\/span><\/p>\n<p><strong>Cursos Ofrecidos<\/strong><\/p>\n<ul>\n<li style=\"font-weight: 400;\"><span style=\"font-weight: 400;\">Ingl\u00e9s General<\/span><\/li>\n<li style=\"font-weight: 400;\"><span style=\"font-weight: 400;\">Cursos intensivos de Ingl\u00e9s <\/span><\/li>\n<li style=\"font-weight: 400;\"><span style=\"font-weight: 400;\">Ingl\u00e9s de Negocios<\/span><\/li>\n<li style=\"font-weight: 400;\"><span style=\"font-weight: 400;\">Franc\u00e9s General (Montreal) <\/span><\/li>\n<li style=\"font-weight: 400;\"><span style=\"font-weight: 400;\">Ingl\u00e9s Acad\u00e9mico (Toronto)<\/span><\/li>\n<li style=\"font-weight: 400;\"><span style=\"font-weight: 400;\">Lecciones privadas<\/span><\/li>\n<li style=\"font-weight: 400;\"><span style=\"font-weight: 400;\">Preparaci\u00f3n para ex\u00e1menes (IELTS y TOEFL)<\/span><\/li>\n<\/ul>\n<p><br \/>\n<br \/>\n<strong> <img loading=\"lazy\" decoding=\"async\" class=\"alignright wp-image-3998\" src=\"https:\/\/3raintercambio.com\/wp-content\/uploads\/2014\/09\/euro.jpg\" alt=\"euro\" width=\"200\" height=\"46\" data-wp-imgselect=\"1\" srcset=\"https:\/\/3raintercambio.com\/wp-content\/uploads\/2014\/09\/euro.jpg 500w, https:\/\/3raintercambio.com\/wp-content\/uploads\/2014\/09\/euro-300x69.jpg 300w, https:\/\/3raintercambio.com\/wp-content\/uploads\/2014\/09\/euro-495x116.jpg 495w, https:\/\/3raintercambio.com\/wp-content\/uploads\/2014\/09\/euro-450x104.jpg 450w\" sizes=\"auto, (max-width: 200px) 100vw, 200px\" \/><\/strong><\/p>\n<p><span style=\"font-weight: 400;\">Con m\u00e1s de 60 a\u00f1os de experiencia, Eurocentres ofrece ense\u00f1anza de alta calidad a alumnos de diversos pa\u00edses del mundo. <\/span><\/p>\n<p><strong>Ciudades:\u00a0<\/strong><span style=\"font-weight: 400;\">Vancouver y Toronto<\/span><\/p>\n<p><strong>Cursos Ofrecidos<\/strong><\/p>\n<ul>\n<li style=\"font-weight: 400;\"><span style=\"font-weight: 400;\">Ingl\u00e9s General<\/span><\/li>\n<li style=\"font-weight: 400;\"><span style=\"font-weight: 400;\">Ingl\u00e9s de Negocios<\/span><\/li>\n<li style=\"font-weight: 400;\"><span style=\"font-weight: 400;\">TOEIC<\/span><\/li>\n<li style=\"font-weight: 400;\"><span style=\"font-weight: 400;\">Preparaci\u00f3n para ex\u00e1menes (IELTS , TOEFL, Cambridge, FCA y CAE)<\/span><\/li>\n<li style=\"font-weight: 400;\"><span style=\"font-weight: 400;\">Cursos de tiempo completo (IELTS)<\/span><\/li>\n<\/ul>\n<p><br \/>\n<br \/>\n<strong><img loading=\"lazy\" decoding=\"async\" class=\"alignright wp-image-4003\" src=\"https:\/\/3raintercambio.com\/wp-content\/uploads\/2014\/09\/inlingua.gif\" alt=\"inlingua\" width=\"200\" height=\"44\" data-wp-imgselect=\"1\" \/><\/strong><\/p>\n<p><span style=\"font-weight: 400;\">Inlingua es escuela miembro del grupo International Schools of Language, que cuenta con m\u00e1s de 345 escuelas de idiomas alrededor del mundo. Su reputaci\u00f3n en excelencia educativa hace posible que sus alumnos empiezan a hablar ingl\u00e9s despu\u00e9s de su primera lecci\u00f3n. <\/span><\/p>\n<p><strong>Ciudades:\u00a0<\/strong><span style=\"font-weight: 400;\">Vancouver y Victoria<\/span><\/p>\n<p><strong>Cursos Ofrecidos<\/strong><\/p>\n<ul>\n<li style=\"font-weight: 400;\"><span style=\"font-weight: 400;\">Ingl\u00e9s General<\/span><\/li>\n<li style=\"font-weight: 400;\"><span style=\"font-weight: 400;\">Ingl\u00e9s de Negocios<\/span><\/li>\n<li style=\"font-weight: 400;\"><span style=\"font-weight: 400;\">Preparaci\u00f3n para ex\u00e1menes (IELTS, TOEFL, Cambridge, FCA y CAE)<\/span><\/li>\n<li style=\"font-weight: 400;\"><span style=\"font-weight: 400;\">Lecciones privadas <\/span><\/li>\n<\/ul>\n<p><strong>\u00a0<\/strong><br \/>\n<br \/>\n<\/p>\n<p><br \/>\nEntre en contacto ahora mismo con 3RA Intercambio<br \/>\n<\/p>\n","protected":false},"excerpt":{"rendered":"<p>Muchos estudiantes ya eligieron estudiar en Canad\u00e1. \u00a1No esperes m\u00e1s! 3RA ofrece programas en diversas ciudades como Vancouver, Toronto, Halifax, Victoria, Montreal, Kelowna Ottawa y Halifax. Entre en contacto Con m\u00e1s de 17 a\u00f1os de experiencia, ILAC ofrece programas de ingl\u00e9s de alta calidad para todos los niveles y prop\u00f3sitos. Con campus en Vancouver y [&hellip;]<\/p>\n","protected":false},"author":41,"featured_media":0,"parent":0,"menu_order":0,"comment_status":"open","ping_status":"closed","template":"","meta":{"footnotes":""},"class_list":["post-41638","page","type-page","status-publish","hentry","post-wrapper","thrv_wrapper"],"yoast_head":"<!-- This site is optimized with the Yoast SEO Premium plugin v20.0 (Yoast SEO v24.9) - https:\/\/yoast.com\/wordpress\/plugins\/seo\/ -->\n<title>Escuelas de Idiomas en Canad\u00e1 | Interc\u00e2mbio no Canad\u00e1 - 3RA Interc\u00e2mbio<\/title>\n<meta name=\"description\" content=\"Muchos estudiantes ya eligieron estudiar en Canad\u00e1. \u00a1No esperes m\u00e1s! 3RA ofrece programas en diversas ciudades como Vancouver, Toronto, Halifax, Victoria,\" \/>\n<meta name=\"robots\" content=\"index, follow, max-snippet:-1, max-image-preview:large, max-video-preview:-1\" \/>\n<link rel=\"canonical\" href=\"https:\/\/3raintercambio.com\/es\/escuelas-de-idiomas-en-canada\/\" \/>\n<meta property=\"og:locale\" content=\"es_ES\" \/>\n<meta property=\"og:type\" content=\"article\" \/>\n<meta property=\"og:title\" content=\"Escuelas de Idiomas en Canad\u00e1\" \/>\n<meta property=\"og:description\" content=\"Muchos estudiantes ya eligieron estudiar en Canad\u00e1. \u00a1No esperes m\u00e1s! 3RA ofrece programas en diversas ciudades como Vancouver, Toronto, Halifax, Victoria,\" \/>\n<meta property=\"og:url\" content=\"https:\/\/3raintercambio.com\/es\/escuelas-de-idiomas-en-canada\/\" \/>\n<meta property=\"og:site_name\" content=\"Interc\u00e2mbio no Canad\u00e1 - 3RA Interc\u00e2mbio\" \/>\n<meta property=\"article:publisher\" content=\"https:\/\/www.facebook.com\/3ragroup\" \/>\n<meta property=\"article:modified_time\" content=\"2018-12-13T00:39:13+00:00\" \/>\n<meta property=\"og:image\" content=\"https:\/\/3raintercambio.com\/wp-content\/uploads\/2014\/09\/ilac-180x180.jpg\" \/>\n<meta name=\"twitter:card\" content=\"summary_large_image\" \/>\n<meta name=\"twitter:site\" content=\"@3raintercambio\" \/>\n<meta name=\"twitter:label1\" content=\"Tiempo de lectura\" \/>\n\t<meta name=\"twitter:data1\" content=\"4 minutos\" \/>\n<script type=\"application\/ld+json\" class=\"yoast-schema-graph\">{\"@context\":\"https:\/\/schema.org\",\"@graph\":[{\"@type\":\"WebPage\",\"@id\":\"https:\/\/3raintercambio.com\/es\/escuelas-de-idiomas-en-canada\/\",\"url\":\"https:\/\/3raintercambio.com\/es\/escuelas-de-idiomas-en-canada\/\",\"name\":\"Escuelas de Idiomas en Canad\u00e1 | Interc\u00e2mbio no Canad\u00e1 - 3RA Interc\u00e2mbio\",\"isPartOf\":{\"@id\":\"https:\/\/www.3raintercambio.com\/es\/#website\"},\"primaryImageOfPage\":{\"@id\":\"https:\/\/3raintercambio.com\/es\/escuelas-de-idiomas-en-canada\/#primaryimage\"},\"image\":{\"@id\":\"https:\/\/3raintercambio.com\/es\/escuelas-de-idiomas-en-canada\/#primaryimage\"},\"thumbnailUrl\":\"https:\/\/3raintercambio.com\/wp-content\/uploads\/2014\/09\/ilac-180x180.jpg\",\"datePublished\":\"2017-02-10T01:31:43+00:00\",\"dateModified\":\"2018-12-13T00:39:13+00:00\",\"description\":\"Muchos estudiantes ya eligieron estudiar en Canad\u00e1. \u00a1No esperes m\u00e1s! 3RA ofrece programas en diversas ciudades como Vancouver, Toronto, Halifax, Victoria,\",\"breadcrumb\":{\"@id\":\"https:\/\/3raintercambio.com\/es\/escuelas-de-idiomas-en-canada\/#breadcrumb\"},\"inLanguage\":\"es\",\"potentialAction\":[{\"@type\":\"ReadAction\",\"target\":[\"https:\/\/3raintercambio.com\/es\/escuelas-de-idiomas-en-canada\/\"]}]},{\"@type\":\"ImageObject\",\"inLanguage\":\"es\",\"@id\":\"https:\/\/3raintercambio.com\/es\/escuelas-de-idiomas-en-canada\/#primaryimage\",\"url\":\"https:\/\/3raintercambio.com\/wp-content\/uploads\/2014\/09\/ilac-180x180.jpg\",\"contentUrl\":\"https:\/\/3raintercambio.com\/wp-content\/uploads\/2014\/09\/ilac-180x180.jpg\"},{\"@type\":\"BreadcrumbList\",\"@id\":\"https:\/\/3raintercambio.com\/es\/escuelas-de-idiomas-en-canada\/#breadcrumb\",\"itemListElement\":[{\"@type\":\"ListItem\",\"position\":1,\"name\":\"Portada\",\"item\":\"https:\/\/www.3raintercambio.com\/es\/\"},{\"@type\":\"ListItem\",\"position\":2,\"name\":\"Escuelas de Idiomas en Canad\u00e1\"}]},{\"@type\":\"WebSite\",\"@id\":\"https:\/\/www.3raintercambio.com\/es\/#website\",\"url\":\"https:\/\/www.3raintercambio.com\/es\/\",\"name\":\"Interc\u00e2mbio no Canad\u00e1 - 3RA Interc\u00e2mbio\",\"description\":\"Interc\u00e2mbio em Vancouver, Toronto, Calgary, Quebec\",\"publisher\":{\"@id\":\"https:\/\/www.3raintercambio.com\/es\/#organization\"},\"potentialAction\":[{\"@type\":\"SearchAction\",\"target\":{\"@type\":\"EntryPoint\",\"urlTemplate\":\"https:\/\/www.3raintercambio.com\/es\/?s={search_term_string}\"},\"query-input\":{\"@type\":\"PropertyValueSpecification\",\"valueRequired\":true,\"valueName\":\"search_term_string\"}}],\"inLanguage\":\"es\"},{\"@type\":\"Organization\",\"@id\":\"https:\/\/www.3raintercambio.com\/es\/#organization\",\"name\":\"3RA Educa\u00e7\u00e3o Superior no Canad\u00e1\",\"url\":\"https:\/\/www.3raintercambio.com\/es\/\",\"logo\":{\"@type\":\"ImageObject\",\"inLanguage\":\"es\",\"@id\":\"https:\/\/www.3raintercambio.com\/es\/#\/schema\/logo\/image\/\",\"url\":\"https:\/\/3raintercambio.com\/wp-content\/uploads\/2021\/06\/3RA-logo-oficial.png\",\"contentUrl\":\"https:\/\/3raintercambio.com\/wp-content\/uploads\/2021\/06\/3RA-logo-oficial.png\",\"width\":454,\"height\":150,\"caption\":\"3RA Educa\u00e7\u00e3o Superior no Canad\u00e1\"},\"image\":{\"@id\":\"https:\/\/www.3raintercambio.com\/es\/#\/schema\/logo\/image\/\"},\"sameAs\":[\"https:\/\/www.facebook.com\/3ragroup\",\"https:\/\/x.com\/3raintercambio\",\"https:\/\/www.instagram.com\/3raintercambio\",\"https:\/\/www.youtube.com\/3raintercambio\"]}]}<\/script>\n<!-- \/ Yoast SEO Premium plugin. -->","yoast_head_json":{"title":"Escuelas de Idiomas en Canad\u00e1 | Interc\u00e2mbio no Canad\u00e1 - 3RA Interc\u00e2mbio","description":"Muchos estudiantes ya eligieron estudiar en Canad\u00e1. \u00a1No esperes m\u00e1s! 3RA ofrece programas en diversas ciudades como Vancouver, Toronto, Halifax, Victoria,","robots":{"index":"index","follow":"follow","max-snippet":"max-snippet:-1","max-image-preview":"max-image-preview:large","max-video-preview":"max-video-preview:-1"},"canonical":"https:\/\/3raintercambio.com\/es\/escuelas-de-idiomas-en-canada\/","og_locale":"es_ES","og_type":"article","og_title":"Escuelas de Idiomas en Canad\u00e1","og_description":"Muchos estudiantes ya eligieron estudiar en Canad\u00e1. \u00a1No esperes m\u00e1s! 3RA ofrece programas en diversas ciudades como Vancouver, Toronto, Halifax, Victoria,","og_url":"https:\/\/3raintercambio.com\/es\/escuelas-de-idiomas-en-canada\/","og_site_name":"Interc\u00e2mbio no Canad\u00e1 - 3RA Interc\u00e2mbio","article_publisher":"https:\/\/www.facebook.com\/3ragroup","article_modified_time":"2018-12-13T00:39:13+00:00","og_image":[{"url":"https:\/\/3raintercambio.com\/wp-content\/uploads\/2014\/09\/ilac-180x180.jpg","type":"","width":"","height":""}],"twitter_card":"summary_large_image","twitter_site":"@3raintercambio","twitter_misc":{"Tiempo de lectura":"4 minutos"},"schema":{"@context":"https:\/\/schema.org","@graph":[{"@type":"WebPage","@id":"https:\/\/3raintercambio.com\/es\/escuelas-de-idiomas-en-canada\/","url":"https:\/\/3raintercambio.com\/es\/escuelas-de-idiomas-en-canada\/","name":"Escuelas de Idiomas en Canad\u00e1 | Interc\u00e2mbio no Canad\u00e1 - 3RA Interc\u00e2mbio","isPartOf":{"@id":"https:\/\/www.3raintercambio.com\/es\/#website"},"primaryImageOfPage":{"@id":"https:\/\/3raintercambio.com\/es\/escuelas-de-idiomas-en-canada\/#primaryimage"},"image":{"@id":"https:\/\/3raintercambio.com\/es\/escuelas-de-idiomas-en-canada\/#primaryimage"},"thumbnailUrl":"https:\/\/3raintercambio.com\/wp-content\/uploads\/2014\/09\/ilac-180x180.jpg","datePublished":"2017-02-10T01:31:43+00:00","dateModified":"2018-12-13T00:39:13+00:00","description":"Muchos estudiantes ya eligieron estudiar en Canad\u00e1. \u00a1No esperes m\u00e1s! 3RA ofrece programas en diversas ciudades como Vancouver, Toronto, Halifax, Victoria,","breadcrumb":{"@id":"https:\/\/3raintercambio.com\/es\/escuelas-de-idiomas-en-canada\/#breadcrumb"},"inLanguage":"es","potentialAction":[{"@type":"ReadAction","target":["https:\/\/3raintercambio.com\/es\/escuelas-de-idiomas-en-canada\/"]}]},{"@type":"ImageObject","inLanguage":"es","@id":"https:\/\/3raintercambio.com\/es\/escuelas-de-idiomas-en-canada\/#primaryimage","url":"https:\/\/3raintercambio.com\/wp-content\/uploads\/2014\/09\/ilac-180x180.jpg","contentUrl":"https:\/\/3raintercambio.com\/wp-content\/uploads\/2014\/09\/ilac-180x180.jpg"},{"@type":"BreadcrumbList","@id":"https:\/\/3raintercambio.com\/es\/escuelas-de-idiomas-en-canada\/#breadcrumb","itemListElement":[{"@type":"ListItem","position":1,"name":"Portada","item":"https:\/\/www.3raintercambio.com\/es\/"},{"@type":"ListItem","position":2,"name":"Escuelas de Idiomas en Canad\u00e1"}]},{"@type":"WebSite","@id":"https:\/\/www.3raintercambio.com\/es\/#website","url":"https:\/\/www.3raintercambio.com\/es\/","name":"Interc\u00e2mbio no Canad\u00e1 - 3RA Interc\u00e2mbio","description":"Interc\u00e2mbio em Vancouver, Toronto, Calgary, Quebec","publisher":{"@id":"https:\/\/www.3raintercambio.com\/es\/#organization"},"potentialAction":[{"@type":"SearchAction","target":{"@type":"EntryPoint","urlTemplate":"https:\/\/www.3raintercambio.com\/es\/?s={search_term_string}"},"query-input":{"@type":"PropertyValueSpecification","valueRequired":true,"valueName":"search_term_string"}}],"inLanguage":"es"},{"@type":"Organization","@id":"https:\/\/www.3raintercambio.com\/es\/#organization","name":"3RA Educa\u00e7\u00e3o Superior no Canad\u00e1","url":"https:\/\/www.3raintercambio.com\/es\/","logo":{"@type":"ImageObject","inLanguage":"es","@id":"https:\/\/www.3raintercambio.com\/es\/#\/schema\/logo\/image\/","url":"https:\/\/3raintercambio.com\/wp-content\/uploads\/2021\/06\/3RA-logo-oficial.png","contentUrl":"https:\/\/3raintercambio.com\/wp-content\/uploads\/2021\/06\/3RA-logo-oficial.png","width":454,"height":150,"caption":"3RA Educa\u00e7\u00e3o Superior no Canad\u00e1"},"image":{"@id":"https:\/\/www.3raintercambio.com\/es\/#\/schema\/logo\/image\/"},"sameAs":["https:\/\/www.facebook.com\/3ragroup","https:\/\/x.com\/3raintercambio","https:\/\/www.instagram.com\/3raintercambio","https:\/\/www.youtube.com\/3raintercambio"]}]}},"_links":{"self":[{"href":"https:\/\/3raintercambio.com\/es\/wp-json\/wp\/v2\/pages\/41638","targetHints":{"allow":["GET"]}}],"collection":[{"href":"https:\/\/3raintercambio.com\/es\/wp-json\/wp\/v2\/pages"}],"about":[{"href":"https:\/\/3raintercambio.com\/es\/wp-json\/wp\/v2\/types\/page"}],"author":[{"embeddable":true,"href":"https:\/\/3raintercambio.com\/es\/wp-json\/wp\/v2\/users\/41"}],"replies":[{"embeddable":true,"href":"https:\/\/3raintercambio.com\/es\/wp-json\/wp\/v2\/comments?post=41638"}],"version-history":[{"count":0,"href":"https:\/\/3raintercambio.com\/es\/wp-json\/wp\/v2\/pages\/41638\/revisions"}],"wp:attachment":[{"href":"https:\/\/3raintercambio.com\/es\/wp-json\/wp\/v2\/media?parent=41638"}],"curies":[{"name":"wp","href":"https:\/\/api.w.org\/{rel}","templated":true}]}}