{"id":41527,"date":"2017-02-08T17:54:11","date_gmt":"2017-02-09T01:54:11","guid":{"rendered":"https:\/\/3raintercambio.com\/?page_id=41527\/"},"modified":"2017-12-18T10:41:24","modified_gmt":"2017-12-18T18:41:24","slug":"servicios","status":"publish","type":"page","link":"https:\/\/3raintercambio.com\/es\/servicios\/","title":{"rendered":"Servicios"},"content":{"rendered":"<p><\/p>\n<p><\/p>\n<p><br \/>\n<br \/>\n<span style=\"font-weight: 400;\">Los especialistas de 3RA Intercambio estudian cada caso y elaboran un plan que ofrece el mejor costo- beneficio. Durante una consulta de 45 minutos analizamos tu experiencia profesional, nivel de ingl\u00e9s, e intereses profesionales y personales. Te indicamos las mejores opciones de programas de estudio y elaboramos un presupuesto en base a tu selecci\u00f3n.\u00a0Al contactarnos nuestro Director Educativo Francisco Zarro estar\u00e1 en contacto contigo para realizar tu consulta en ingl\u00e9s. Si lo requieres, contamos con traductores que te apoyaran en caso de preferir realizar tu consulta en espa\u00f1ol.\u00a0<\/span><br \/>\n<br \/>\n<br \/>\n<span style=\"font-weight: 400;\">Estamos contigo cuando m\u00e1s nos necesitas. Sabemos que las preguntas y dudas surgen una vez que inicias tu vida en Canad\u00e1. Por eso contamos con servicios de atenci\u00f3n al cliente en nuestras oficinas en Toronto y Vancouver. Te ayudamos tambi\u00e9n a realizar tr\u00e1mites como apertura de cuentas bancarias, tr\u00e1mites de identificaciones y de tu n\u00famero de seguridad social (SIN).<\/span><br \/>\n<br \/>\n<br \/>\n<span style=\"font-weight: 400;\">Nuestras agencias en Toronto y Vancouver realizan eventos y workshops para ayudarte a iniciar tu vida en Canad\u00e1. Aprende a buscar trabajo en Canad\u00e1, a hacer tu CV y mucho m\u00e1s. \u00a1Nuestros expertos canadienses tu dar\u00e1n los mejor tips!<\/span><br \/>\n<br \/>\n<br \/>\n<span style=\"font-weight: 400;\">Canad\u00e1 es un l\u00edder mundial en el entrenamiento de idiomas por lo que encontrar\u00e1s desde programas de ingl\u00e9s general, ingles de negocios, preparaci\u00f3n para ex\u00e1menes (IELTS, TOEFL), cursos de verano, hasta programas de preparaci\u00f3n para la universidad y programas de educaci\u00f3n superior. <\/span><br \/>\n<br \/>\n<br \/>\n<span style=\"font-weight: 400;\">Estudia en instituciones reconocidas y vive en una de las sociedades con alta calidad de vida a precios m\u00e1s accesibles que los que encontrar\u00e1s en Estados Unidos y el Reino Unido. \u00a1Aprovecha nuestras promociones para estudiantes latinos!\u00a0<\/span><br \/>\n<br \/>\n<br \/>\n<span style=\"font-weight: 400;\">Nosotros nos encargamos de todos los tr\u00e1mites de inscripci\u00f3n y admisi\u00f3n a la escuela de tu elecci\u00f3n. Nuestra extensa red de escuelas en Canad\u00e1 nos permite ofrecer programas que se ajustan a tus necesidades tanto en contenido, como en destinos y precios. <\/span><br \/>\n<br \/>\n<br \/>\n<span style=\"font-weight: 400;\">Ofrecemos a nuestros clientes uno de los seguros m\u00e9dicos m\u00e1s completos para estudiantes internacionales. El seguro Guard Me cubre gastos m\u00e9dicos mayores, as\u00ed como servicios de fisioterapia, ex\u00e1menes m\u00e9dicos, oftalm\u00f3logo y mucho m\u00e1s.<\/span><br \/>\n<br \/>\n<br \/>\n<span style=\"font-weight: 400;\">Servicio de traslado del aeropuerto a tu alojamiento cuando te hospedas con una familia anfitriona (homestay). <\/span><br \/>\n<br \/>\n<br \/>\n<span style=\"font-weight: 400;\">Elige hospedarte con una familia anfitriona (homestay) y aprende m\u00e1s sobre la cultura canadiense. \u00a1Es la mejor opci\u00f3n para practicar ingles! <\/span><br \/>\n<br \/>\n<\/p>\n<p><br \/>\nEntre en contacto ahora mismo con 3RA Intercambio<br \/>\n<\/p>\n","protected":false},"excerpt":{"rendered":"<p>Los especialistas de 3RA Intercambio estudian cada caso y elaboran un plan que ofrece el mejor costo- beneficio. Durante una consulta de 45 minutos analizamos tu experiencia profesional, nivel de ingl\u00e9s, e intereses profesionales y personales. Te indicamos las mejores opciones de programas de estudio y elaboramos un presupuesto en base a tu selecci\u00f3n.\u00a0Al contactarnos [&hellip;]<\/p>\n","protected":false},"author":41,"featured_media":0,"parent":0,"menu_order":0,"comment_status":"closed","ping_status":"open","template":"","meta":{"footnotes":""},"class_list":["post-41527","page","type-page","status-publish","hentry","post-wrapper","thrv_wrapper"],"yoast_head":"<!-- This site is optimized with the Yoast SEO Premium plugin v20.0 (Yoast SEO v24.9) - https:\/\/yoast.com\/wordpress\/plugins\/seo\/ -->\n<title>Servicios | Interc\u00e2mbio no Canad\u00e1 - 3RA Interc\u00e2mbio<\/title>\n<meta name=\"description\" content=\"Los especialistas de 3RA Intercambio estudian cada caso y elaboran un plan que ofrece el mejor costo- beneficio. Durante una consulta de 45 minutos\" \/>\n<meta name=\"robots\" content=\"index, follow, max-snippet:-1, max-image-preview:large, max-video-preview:-1\" \/>\n<link rel=\"canonical\" href=\"https:\/\/3raintercambio.com\/es\/servicios\/\" \/>\n<meta property=\"og:locale\" content=\"es_ES\" \/>\n<meta property=\"og:type\" content=\"article\" \/>\n<meta property=\"og:title\" content=\"Servicios\" \/>\n<meta property=\"og:description\" content=\"Los especialistas de 3RA Intercambio estudian cada caso y elaboran un plan que ofrece el mejor costo- beneficio. Durante una consulta de 45 minutos\" \/>\n<meta property=\"og:url\" content=\"https:\/\/3raintercambio.com\/es\/servicios\/\" \/>\n<meta property=\"og:site_name\" content=\"Interc\u00e2mbio no Canad\u00e1 - 3RA Interc\u00e2mbio\" \/>\n<meta property=\"article:publisher\" content=\"https:\/\/www.facebook.com\/3ragroup\" \/>\n<meta property=\"article:modified_time\" content=\"2017-12-18T18:41:24+00:00\" \/>\n<meta name=\"twitter:card\" content=\"summary_large_image\" \/>\n<meta name=\"twitter:site\" content=\"@3raintercambio\" \/>\n<meta name=\"twitter:label1\" content=\"Tiempo de lectura\" \/>\n\t<meta name=\"twitter:data1\" content=\"4 minutos\" \/>\n<script type=\"application\/ld+json\" class=\"yoast-schema-graph\">{\"@context\":\"https:\/\/schema.org\",\"@graph\":[{\"@type\":\"WebPage\",\"@id\":\"https:\/\/3raintercambio.com\/es\/servicios\/\",\"url\":\"https:\/\/3raintercambio.com\/es\/servicios\/\",\"name\":\"Servicios | Interc\u00e2mbio no Canad\u00e1 - 3RA Interc\u00e2mbio\",\"isPartOf\":{\"@id\":\"https:\/\/www.3raintercambio.com\/es\/#website\"},\"datePublished\":\"2017-02-09T01:54:11+00:00\",\"dateModified\":\"2017-12-18T18:41:24+00:00\",\"description\":\"Los especialistas de 3RA Intercambio estudian cada caso y elaboran un plan que ofrece el mejor costo- beneficio. Durante una consulta de 45 minutos\",\"breadcrumb\":{\"@id\":\"https:\/\/3raintercambio.com\/es\/servicios\/#breadcrumb\"},\"inLanguage\":\"es\",\"potentialAction\":[{\"@type\":\"ReadAction\",\"target\":[\"https:\/\/3raintercambio.com\/es\/servicios\/\"]}]},{\"@type\":\"BreadcrumbList\",\"@id\":\"https:\/\/3raintercambio.com\/es\/servicios\/#breadcrumb\",\"itemListElement\":[{\"@type\":\"ListItem\",\"position\":1,\"name\":\"Portada\",\"item\":\"https:\/\/www.3raintercambio.com\/es\/\"},{\"@type\":\"ListItem\",\"position\":2,\"name\":\"Servicios\"}]},{\"@type\":\"WebSite\",\"@id\":\"https:\/\/www.3raintercambio.com\/es\/#website\",\"url\":\"https:\/\/www.3raintercambio.com\/es\/\",\"name\":\"Interc\u00e2mbio no Canad\u00e1 - 3RA Interc\u00e2mbio\",\"description\":\"Interc\u00e2mbio em Vancouver, Toronto, Calgary, Quebec\",\"publisher\":{\"@id\":\"https:\/\/www.3raintercambio.com\/es\/#organization\"},\"potentialAction\":[{\"@type\":\"SearchAction\",\"target\":{\"@type\":\"EntryPoint\",\"urlTemplate\":\"https:\/\/www.3raintercambio.com\/es\/?s={search_term_string}\"},\"query-input\":{\"@type\":\"PropertyValueSpecification\",\"valueRequired\":true,\"valueName\":\"search_term_string\"}}],\"inLanguage\":\"es\"},{\"@type\":\"Organization\",\"@id\":\"https:\/\/www.3raintercambio.com\/es\/#organization\",\"name\":\"3RA Educa\u00e7\u00e3o Superior no Canad\u00e1\",\"url\":\"https:\/\/www.3raintercambio.com\/es\/\",\"logo\":{\"@type\":\"ImageObject\",\"inLanguage\":\"es\",\"@id\":\"https:\/\/www.3raintercambio.com\/es\/#\/schema\/logo\/image\/\",\"url\":\"https:\/\/3raintercambio.com\/wp-content\/uploads\/2021\/06\/3RA-logo-oficial.png\",\"contentUrl\":\"https:\/\/3raintercambio.com\/wp-content\/uploads\/2021\/06\/3RA-logo-oficial.png\",\"width\":454,\"height\":150,\"caption\":\"3RA Educa\u00e7\u00e3o Superior no Canad\u00e1\"},\"image\":{\"@id\":\"https:\/\/www.3raintercambio.com\/es\/#\/schema\/logo\/image\/\"},\"sameAs\":[\"https:\/\/www.facebook.com\/3ragroup\",\"https:\/\/x.com\/3raintercambio\",\"https:\/\/www.instagram.com\/3raintercambio\",\"https:\/\/www.youtube.com\/3raintercambio\"]}]}<\/script>\n<!-- \/ Yoast SEO Premium plugin. -->","yoast_head_json":{"title":"Servicios | Interc\u00e2mbio no Canad\u00e1 - 3RA Interc\u00e2mbio","description":"Los especialistas de 3RA Intercambio estudian cada caso y elaboran un plan que ofrece el mejor costo- beneficio. Durante una consulta de 45 minutos","robots":{"index":"index","follow":"follow","max-snippet":"max-snippet:-1","max-image-preview":"max-image-preview:large","max-video-preview":"max-video-preview:-1"},"canonical":"https:\/\/3raintercambio.com\/es\/servicios\/","og_locale":"es_ES","og_type":"article","og_title":"Servicios","og_description":"Los especialistas de 3RA Intercambio estudian cada caso y elaboran un plan que ofrece el mejor costo- beneficio. Durante una consulta de 45 minutos","og_url":"https:\/\/3raintercambio.com\/es\/servicios\/","og_site_name":"Interc\u00e2mbio no Canad\u00e1 - 3RA Interc\u00e2mbio","article_publisher":"https:\/\/www.facebook.com\/3ragroup","article_modified_time":"2017-12-18T18:41:24+00:00","twitter_card":"summary_large_image","twitter_site":"@3raintercambio","twitter_misc":{"Tiempo de lectura":"4 minutos"},"schema":{"@context":"https:\/\/schema.org","@graph":[{"@type":"WebPage","@id":"https:\/\/3raintercambio.com\/es\/servicios\/","url":"https:\/\/3raintercambio.com\/es\/servicios\/","name":"Servicios | Interc\u00e2mbio no Canad\u00e1 - 3RA Interc\u00e2mbio","isPartOf":{"@id":"https:\/\/www.3raintercambio.com\/es\/#website"},"datePublished":"2017-02-09T01:54:11+00:00","dateModified":"2017-12-18T18:41:24+00:00","description":"Los especialistas de 3RA Intercambio estudian cada caso y elaboran un plan que ofrece el mejor costo- beneficio. Durante una consulta de 45 minutos","breadcrumb":{"@id":"https:\/\/3raintercambio.com\/es\/servicios\/#breadcrumb"},"inLanguage":"es","potentialAction":[{"@type":"ReadAction","target":["https:\/\/3raintercambio.com\/es\/servicios\/"]}]},{"@type":"BreadcrumbList","@id":"https:\/\/3raintercambio.com\/es\/servicios\/#breadcrumb","itemListElement":[{"@type":"ListItem","position":1,"name":"Portada","item":"https:\/\/www.3raintercambio.com\/es\/"},{"@type":"ListItem","position":2,"name":"Servicios"}]},{"@type":"WebSite","@id":"https:\/\/www.3raintercambio.com\/es\/#website","url":"https:\/\/www.3raintercambio.com\/es\/","name":"Interc\u00e2mbio no Canad\u00e1 - 3RA Interc\u00e2mbio","description":"Interc\u00e2mbio em Vancouver, Toronto, Calgary, Quebec","publisher":{"@id":"https:\/\/www.3raintercambio.com\/es\/#organization"},"potentialAction":[{"@type":"SearchAction","target":{"@type":"EntryPoint","urlTemplate":"https:\/\/www.3raintercambio.com\/es\/?s={search_term_string}"},"query-input":{"@type":"PropertyValueSpecification","valueRequired":true,"valueName":"search_term_string"}}],"inLanguage":"es"},{"@type":"Organization","@id":"https:\/\/www.3raintercambio.com\/es\/#organization","name":"3RA Educa\u00e7\u00e3o Superior no Canad\u00e1","url":"https:\/\/www.3raintercambio.com\/es\/","logo":{"@type":"ImageObject","inLanguage":"es","@id":"https:\/\/www.3raintercambio.com\/es\/#\/schema\/logo\/image\/","url":"https:\/\/3raintercambio.com\/wp-content\/uploads\/2021\/06\/3RA-logo-oficial.png","contentUrl":"https:\/\/3raintercambio.com\/wp-content\/uploads\/2021\/06\/3RA-logo-oficial.png","width":454,"height":150,"caption":"3RA Educa\u00e7\u00e3o Superior no Canad\u00e1"},"image":{"@id":"https:\/\/www.3raintercambio.com\/es\/#\/schema\/logo\/image\/"},"sameAs":["https:\/\/www.facebook.com\/3ragroup","https:\/\/x.com\/3raintercambio","https:\/\/www.instagram.com\/3raintercambio","https:\/\/www.youtube.com\/3raintercambio"]}]}},"_links":{"self":[{"href":"https:\/\/3raintercambio.com\/es\/wp-json\/wp\/v2\/pages\/41527","targetHints":{"allow":["GET"]}}],"collection":[{"href":"https:\/\/3raintercambio.com\/es\/wp-json\/wp\/v2\/pages"}],"about":[{"href":"https:\/\/3raintercambio.com\/es\/wp-json\/wp\/v2\/types\/page"}],"author":[{"embeddable":true,"href":"https:\/\/3raintercambio.com\/es\/wp-json\/wp\/v2\/users\/41"}],"replies":[{"embeddable":true,"href":"https:\/\/3raintercambio.com\/es\/wp-json\/wp\/v2\/comments?post=41527"}],"version-history":[{"count":0,"href":"https:\/\/3raintercambio.com\/es\/wp-json\/wp\/v2\/pages\/41527\/revisions"}],"wp:attachment":[{"href":"https:\/\/3raintercambio.com\/es\/wp-json\/wp\/v2\/media?parent=41527"}],"curies":[{"name":"wp","href":"https:\/\/api.w.org\/{rel}","templated":true}]}}