{"id":41517,"date":"2017-02-08T17:30:51","date_gmt":"2017-02-09T01:30:51","guid":{"rendered":"https:\/\/3raintercambio.com\/?page_id=41517\/"},"modified":"2018-07-30T11:09:29","modified_gmt":"2018-07-30T18:09:29","slug":"sobre-nosotros","status":"publish","type":"page","link":"https:\/\/3raintercambio.com\/es\/sobre-nosotros\/","title":{"rendered":"Sobre Nosotros"},"content":{"rendered":"<p><\/p>\n<p><\/p>\n<p><br \/>\n<span style=\"font-weight: 400;\">Nuestra reputaci\u00f3n se basa el servicio al cliente y amplio conocimiento de Canad\u00e1 como destino educativo de clase mundial. <\/span><\/p>\n<p><span style=\"font-weight: 400;\">3RA Intercambio ofrece oportunidades que transforman la vida de estudiantes de todas las edades que eligen Canad\u00e1 como destino para estudiar e inmigrar. Por m\u00e1s de 5<\/span> <span style=\"font-weight: 400;\">a\u00f1os nuestra misi\u00f3n ha sido brindar el mejor servicio al cliente antes y durante su estancia en Canad\u00e1. <\/span><\/p>\n<p><b>Qu\u00e9 Hacemos<\/b><\/p>\n<p><span style=\"font-weight: 400;\">Elaboramos un plan para que estudies en Canad\u00e1 desde ingl\u00e9s, o hasta cursos de educaci\u00f3n superior. <\/span><\/p>\n<p><b>Nuestro Equipo<\/b><\/p>\n<p><span style=\"font-weight: 400;\">Contamos con asesores altamente calificados con amplia experiencia en el mercado canadiense. <\/span><\/p>\n<p><b>Nuestros Servicios<\/b><\/p>\n<p><span style=\"font-weight: 400;\">Somos una agencia que est\u00e1 contigo en todo momento. Te asesoramos en la elecci\u00f3n de tus cursos y estamos cerca de ti al llegar a Canad\u00e1. Contamos con oficinas en Toronto y Vancouver para atenderte cuando lo necesites. <\/span><\/p>\n<p><b>Nuestros Socios<\/b><\/p>\n<p><span style=\"font-weight: 400;\">\u00bfSab\u00edas que solo las consultoras autorizadas por el Gobierno Canadiense est\u00e1n facultadas para asesorarte si quieres inmigrar a Canad\u00e1? Nuestros socios Immi- Canada est\u00e1n facultados para tramitar desde visas de estudio hasta para ayudarte si quieres extender tu estancia en Canad\u00e1. <\/span><\/p>\n<p><b>Alianzas <\/b><\/p>\n<p><span style=\"font-weight: 400;\">Actualmente contamos con alianzas con m\u00e1s de 70 instituciones educativas en Canad\u00e1. \u00a0Despu\u00e9s de un riguroso proceso de selecci\u00f3n, solo las mejores instituciones forman parte de nuestro portafolio. \u00a1Nadie conoce Canad\u00e1 como nosotros! <\/span><\/p>\n<p><b>\u00a1No esperes m\u00e1s y estudia en Canad\u00e1!<\/b><br \/>\n<\/p>\n<p><br \/>\n<br \/>\n<br \/>\n<br \/>\n<br \/>\n<\/p>\n<p><br \/>\nEntre en contacto ahora mismo con \u00a03RA Intercambio<br \/>\n<br \/>\n<\/p>\n","protected":false},"excerpt":{"rendered":"<p>Nuestra reputaci\u00f3n se basa el servicio al cliente y amplio conocimiento de Canad\u00e1 como destino educativo de clase mundial. 3RA Intercambio ofrece oportunidades que transforman la vida de estudiantes de todas las edades que eligen Canad\u00e1 como destino para estudiar e inmigrar. Por m\u00e1s de 5 a\u00f1os nuestra misi\u00f3n ha sido brindar el mejor servicio [&hellip;]<\/p>\n","protected":false},"author":41,"featured_media":0,"parent":0,"menu_order":0,"comment_status":"open","ping_status":"open","template":"","meta":{"footnotes":""},"class_list":["post-41517","page","type-page","status-publish","hentry","post-wrapper","thrv_wrapper"],"yoast_head":"<!-- This site is optimized with the Yoast SEO Premium plugin v20.0 (Yoast SEO v24.9) - https:\/\/yoast.com\/wordpress\/plugins\/seo\/ -->\n<title>Sobre Nosotros | Interc\u00e2mbio no Canad\u00e1 - 3RA Interc\u00e2mbio<\/title>\n<meta name=\"description\" content=\"Nuestra reputaci\u00f3n se basa el servicio al cliente y amplio conocimiento de Canad\u00e1 como destino educativo de clase mundial. 3RA Intercambio ofrece\" \/>\n<meta name=\"robots\" content=\"index, follow, max-snippet:-1, max-image-preview:large, max-video-preview:-1\" \/>\n<link rel=\"canonical\" href=\"https:\/\/3raintercambio.com\/es\/sobre-nosotros\/\" \/>\n<meta property=\"og:locale\" content=\"es_ES\" \/>\n<meta property=\"og:type\" content=\"article\" \/>\n<meta property=\"og:title\" content=\"Sobre Nosotros - 3RA Intercambio\" \/>\n<meta property=\"og:description\" content=\"Conoce nuestros servicios\" \/>\n<meta property=\"og:url\" content=\"https:\/\/3raintercambio.com\/es\/sobre-nosotros\/\" \/>\n<meta property=\"og:site_name\" content=\"Interc\u00e2mbio no Canad\u00e1 - 3RA Interc\u00e2mbio\" \/>\n<meta property=\"article:publisher\" content=\"https:\/\/www.facebook.com\/3ragroup\" \/>\n<meta property=\"article:modified_time\" content=\"2018-07-30T18:09:29+00:00\" \/>\n<meta name=\"twitter:card\" content=\"summary_large_image\" \/>\n<meta name=\"twitter:title\" content=\"Sobre Nosotros\" \/>\n<meta name=\"twitter:site\" content=\"@3raintercambio\" \/>\n<meta name=\"twitter:label1\" content=\"Tiempo de lectura\" \/>\n\t<meta name=\"twitter:data1\" content=\"3 minutos\" \/>\n<script type=\"application\/ld+json\" class=\"yoast-schema-graph\">{\"@context\":\"https:\/\/schema.org\",\"@graph\":[{\"@type\":\"WebPage\",\"@id\":\"https:\/\/3raintercambio.com\/es\/sobre-nosotros\/\",\"url\":\"https:\/\/3raintercambio.com\/es\/sobre-nosotros\/\",\"name\":\"Sobre Nosotros | Interc\u00e2mbio no Canad\u00e1 - 3RA Interc\u00e2mbio\",\"isPartOf\":{\"@id\":\"https:\/\/www.3raintercambio.com\/es\/#website\"},\"datePublished\":\"2017-02-09T01:30:51+00:00\",\"dateModified\":\"2018-07-30T18:09:29+00:00\",\"description\":\"Nuestra reputaci\u00f3n se basa el servicio al cliente y amplio conocimiento de Canad\u00e1 como destino educativo de clase mundial. 3RA Intercambio ofrece\",\"breadcrumb\":{\"@id\":\"https:\/\/3raintercambio.com\/es\/sobre-nosotros\/#breadcrumb\"},\"inLanguage\":\"es\",\"potentialAction\":[{\"@type\":\"ReadAction\",\"target\":[\"https:\/\/3raintercambio.com\/es\/sobre-nosotros\/\"]}]},{\"@type\":\"BreadcrumbList\",\"@id\":\"https:\/\/3raintercambio.com\/es\/sobre-nosotros\/#breadcrumb\",\"itemListElement\":[{\"@type\":\"ListItem\",\"position\":1,\"name\":\"Portada\",\"item\":\"https:\/\/www.3raintercambio.com\/es\/\"},{\"@type\":\"ListItem\",\"position\":2,\"name\":\"Sobre Nosotros\"}]},{\"@type\":\"WebSite\",\"@id\":\"https:\/\/www.3raintercambio.com\/es\/#website\",\"url\":\"https:\/\/www.3raintercambio.com\/es\/\",\"name\":\"Interc\u00e2mbio no Canad\u00e1 - 3RA Interc\u00e2mbio\",\"description\":\"Interc\u00e2mbio em Vancouver, Toronto, Calgary, Quebec\",\"publisher\":{\"@id\":\"https:\/\/www.3raintercambio.com\/es\/#organization\"},\"potentialAction\":[{\"@type\":\"SearchAction\",\"target\":{\"@type\":\"EntryPoint\",\"urlTemplate\":\"https:\/\/www.3raintercambio.com\/es\/?s={search_term_string}\"},\"query-input\":{\"@type\":\"PropertyValueSpecification\",\"valueRequired\":true,\"valueName\":\"search_term_string\"}}],\"inLanguage\":\"es\"},{\"@type\":\"Organization\",\"@id\":\"https:\/\/www.3raintercambio.com\/es\/#organization\",\"name\":\"3RA Educa\u00e7\u00e3o Superior no Canad\u00e1\",\"url\":\"https:\/\/www.3raintercambio.com\/es\/\",\"logo\":{\"@type\":\"ImageObject\",\"inLanguage\":\"es\",\"@id\":\"https:\/\/www.3raintercambio.com\/es\/#\/schema\/logo\/image\/\",\"url\":\"https:\/\/3raintercambio.com\/wp-content\/uploads\/2021\/06\/3RA-logo-oficial.png\",\"contentUrl\":\"https:\/\/3raintercambio.com\/wp-content\/uploads\/2021\/06\/3RA-logo-oficial.png\",\"width\":454,\"height\":150,\"caption\":\"3RA Educa\u00e7\u00e3o Superior no Canad\u00e1\"},\"image\":{\"@id\":\"https:\/\/www.3raintercambio.com\/es\/#\/schema\/logo\/image\/\"},\"sameAs\":[\"https:\/\/www.facebook.com\/3ragroup\",\"https:\/\/x.com\/3raintercambio\",\"https:\/\/www.instagram.com\/3raintercambio\",\"https:\/\/www.youtube.com\/3raintercambio\"]}]}<\/script>\n<!-- \/ Yoast SEO Premium plugin. -->","yoast_head_json":{"title":"Sobre Nosotros | Interc\u00e2mbio no Canad\u00e1 - 3RA Interc\u00e2mbio","description":"Nuestra reputaci\u00f3n se basa el servicio al cliente y amplio conocimiento de Canad\u00e1 como destino educativo de clase mundial. 3RA Intercambio ofrece","robots":{"index":"index","follow":"follow","max-snippet":"max-snippet:-1","max-image-preview":"max-image-preview:large","max-video-preview":"max-video-preview:-1"},"canonical":"https:\/\/3raintercambio.com\/es\/sobre-nosotros\/","og_locale":"es_ES","og_type":"article","og_title":"Sobre Nosotros - 3RA Intercambio","og_description":"Conoce nuestros servicios","og_url":"https:\/\/3raintercambio.com\/es\/sobre-nosotros\/","og_site_name":"Interc\u00e2mbio no Canad\u00e1 - 3RA Interc\u00e2mbio","article_publisher":"https:\/\/www.facebook.com\/3ragroup","article_modified_time":"2018-07-30T18:09:29+00:00","twitter_card":"summary_large_image","twitter_title":"Sobre Nosotros","twitter_site":"@3raintercambio","twitter_misc":{"Tiempo de lectura":"3 minutos"},"schema":{"@context":"https:\/\/schema.org","@graph":[{"@type":"WebPage","@id":"https:\/\/3raintercambio.com\/es\/sobre-nosotros\/","url":"https:\/\/3raintercambio.com\/es\/sobre-nosotros\/","name":"Sobre Nosotros | Interc\u00e2mbio no Canad\u00e1 - 3RA Interc\u00e2mbio","isPartOf":{"@id":"https:\/\/www.3raintercambio.com\/es\/#website"},"datePublished":"2017-02-09T01:30:51+00:00","dateModified":"2018-07-30T18:09:29+00:00","description":"Nuestra reputaci\u00f3n se basa el servicio al cliente y amplio conocimiento de Canad\u00e1 como destino educativo de clase mundial. 3RA Intercambio ofrece","breadcrumb":{"@id":"https:\/\/3raintercambio.com\/es\/sobre-nosotros\/#breadcrumb"},"inLanguage":"es","potentialAction":[{"@type":"ReadAction","target":["https:\/\/3raintercambio.com\/es\/sobre-nosotros\/"]}]},{"@type":"BreadcrumbList","@id":"https:\/\/3raintercambio.com\/es\/sobre-nosotros\/#breadcrumb","itemListElement":[{"@type":"ListItem","position":1,"name":"Portada","item":"https:\/\/www.3raintercambio.com\/es\/"},{"@type":"ListItem","position":2,"name":"Sobre Nosotros"}]},{"@type":"WebSite","@id":"https:\/\/www.3raintercambio.com\/es\/#website","url":"https:\/\/www.3raintercambio.com\/es\/","name":"Interc\u00e2mbio no Canad\u00e1 - 3RA Interc\u00e2mbio","description":"Interc\u00e2mbio em Vancouver, Toronto, Calgary, Quebec","publisher":{"@id":"https:\/\/www.3raintercambio.com\/es\/#organization"},"potentialAction":[{"@type":"SearchAction","target":{"@type":"EntryPoint","urlTemplate":"https:\/\/www.3raintercambio.com\/es\/?s={search_term_string}"},"query-input":{"@type":"PropertyValueSpecification","valueRequired":true,"valueName":"search_term_string"}}],"inLanguage":"es"},{"@type":"Organization","@id":"https:\/\/www.3raintercambio.com\/es\/#organization","name":"3RA Educa\u00e7\u00e3o Superior no Canad\u00e1","url":"https:\/\/www.3raintercambio.com\/es\/","logo":{"@type":"ImageObject","inLanguage":"es","@id":"https:\/\/www.3raintercambio.com\/es\/#\/schema\/logo\/image\/","url":"https:\/\/3raintercambio.com\/wp-content\/uploads\/2021\/06\/3RA-logo-oficial.png","contentUrl":"https:\/\/3raintercambio.com\/wp-content\/uploads\/2021\/06\/3RA-logo-oficial.png","width":454,"height":150,"caption":"3RA Educa\u00e7\u00e3o Superior no Canad\u00e1"},"image":{"@id":"https:\/\/www.3raintercambio.com\/es\/#\/schema\/logo\/image\/"},"sameAs":["https:\/\/www.facebook.com\/3ragroup","https:\/\/x.com\/3raintercambio","https:\/\/www.instagram.com\/3raintercambio","https:\/\/www.youtube.com\/3raintercambio"]}]}},"_links":{"self":[{"href":"https:\/\/3raintercambio.com\/es\/wp-json\/wp\/v2\/pages\/41517","targetHints":{"allow":["GET"]}}],"collection":[{"href":"https:\/\/3raintercambio.com\/es\/wp-json\/wp\/v2\/pages"}],"about":[{"href":"https:\/\/3raintercambio.com\/es\/wp-json\/wp\/v2\/types\/page"}],"author":[{"embeddable":true,"href":"https:\/\/3raintercambio.com\/es\/wp-json\/wp\/v2\/users\/41"}],"replies":[{"embeddable":true,"href":"https:\/\/3raintercambio.com\/es\/wp-json\/wp\/v2\/comments?post=41517"}],"version-history":[{"count":0,"href":"https:\/\/3raintercambio.com\/es\/wp-json\/wp\/v2\/pages\/41517\/revisions"}],"wp:attachment":[{"href":"https:\/\/3raintercambio.com\/es\/wp-json\/wp\/v2\/media?parent=41517"}],"curies":[{"name":"wp","href":"https:\/\/api.w.org\/{rel}","templated":true}]}}