{"id":41450,"date":"2017-02-08T13:36:35","date_gmt":"2017-02-08T21:36:35","guid":{"rendered":"https:\/\/3raintercambio.com\/?page_id=41450\/"},"modified":"2022-02-07T15:32:23","modified_gmt":"2022-02-07T23:32:23","slug":"intercambio-en-canada-2-2","status":"publish","type":"page","link":"https:\/\/3raintercambio.com\/es\/intercambio-en-canada-2-2\/","title":{"rendered":"Intercambio en Canad\u00e1."},"content":{"rendered":"<p><br \/>\n<\/p>\n<p><br \/>\n<\/p>\n<p><br \/>\n<br \/>\nViaja con total confianza y seguridad. Disfruta de las ventajas \u00fanicas que ofrece 3RA Intercambio.<br \/>\n<br \/>\n<\/p>\n<p><br \/>\n<\/p>\n<p class=\"p1\">Analizamos tu perfil y te brindamos las mejores recomendaciones para que cumplas tus metas en Canad\u00e1. Tenemos alianzas con m\u00e1s de <span class=\"s1\">70 <\/span>instituciones educativas para ofrecerte siempre la mejor opci\u00f3n.<\/p>\n<p class=\"p1\">\u00a1Estudia ingl\u00e9s, un curso vocacional o una maestr\u00eda!<\/p>\n<p><br \/>\n<\/p>\n<p><br \/>\n<\/p>\n<p class=\"p1\">Nuestra consultora\u00a0<a href=\"http:\/\/www.immi-canada.com\/\"><span class=\"s1\">Immi Canada<\/span><\/a>\u00a0est\u00e1 certificada por el Gobierno Canadiense para tramitar desde visas de estudio hasta aplicaciones para inmigrar.<\/p>\n<p class=\"p1\">Contamos con programas de estudios que te permiten iniciar el proceso de la mejor manera, sin perder tiempo ni dinero.<\/p>\n<p><br \/>\n<\/p>\n<p><br \/>\n<\/p>\n<p class=\"p1\">Estamos cerca de ti cuando m\u00e1s nos necesitas. Somos la \u00fanica agencia con presencia directa en Vancouver y Toronto.<\/p>\n<p class=\"p1\">A tu llegada te apoyamos en tr\u00e1mites como la apertura de tu cuenta bancaria y la solicitud de n\u00famero de seguridad social, adem\u00e1s de darte consejos sobre c\u00f3mo elaborar tu CV para aplicar a puestos de trabajo en el pa\u00eds.<\/p>\n<p><br \/>\n<\/p>\n<p><br \/>\n<\/p>\n<p class=\"p1\">Sum\u00e9rgete en la cultura canadiense viviendo en la casa de una familia anfitriona (homestay).<\/p>\n<p class=\"p1\">Compartir\u00e1s tradiciones y aprender\u00e1s expresiones locales, de esta forma tu acento se desarrollar\u00e1 m\u00e1s r\u00e1pido y sonar\u00e1 mucho m\u00e1s aut\u00e9ntico.<\/p>\n<p><br \/>\n<\/p>\n<p><br \/>\n<\/p>\n<p class=\"p1\">Apoyamos tu tranquilidad tramitando tu seguro de gastos m\u00e9dicos para estudiantes.<\/p>\n<p class=\"p1\">Ofrecemos una de las mejores coberturas del mercado adem\u00e1s de asistencia para gestionar tu seguro m\u00e9dico p\u00fablico al llegar a Canad\u00e1.<\/p>\n<p><br \/>\n<\/p>\n<p><br \/>\n<\/p>\n<p class=\"p1\">Sabemos que tu educaci\u00f3n es una inversi\u00f3n muy importante, por este motivo trabajamos para ofrecerte un tipo de cambio monetario que te ayuda a estar m\u00e1s cerca de tus sue\u00f1os.<\/p>\n<p><br \/>\n<\/p>\n<p><br \/>\n<br \/>\n<span style=\"font-size: 16px; line-spacing: 10px;\"><strong>3RA tambi\u00e9n te ayudar\u00e1 en Canad\u00e1 con:<\/strong> Apertura de cuenta bancaria, solicitar una identificaci\u00f3n emitida en Canad\u00e1 y tu n\u00famero de trabajo (SIN), selecci\u00f3n de un plan de tel\u00e9fono y consejos para elaborar una buena experiencia de vida canadiense.<\/span><br \/>\n<br \/>\n<\/p>\n<p><\/p>\n<p><\/p>\n<p><br \/>\nVeja porque nossos clientes escolhem o Canad\u00e1 para realizar o <strong>Sonho de Interc\u00e2mbio.<\/strong><br \/>\n<\/p>\n<p><br \/>\n<br \/>\nVictoria Island<br \/>\n<br \/>\n<br \/>\nRocky Mountains<br \/>\n<br \/>\n<br \/>\nNiagara Falls<br \/>\n<br \/>\n<\/p>\n<p><br \/>\n<br \/>\n<span style=\"font-weight: 400;\">Canad\u00e1 est\u00e1 en el Top 5 de los mejores pa\u00edses para vivir en el mundo.<\/span><br \/>\n<br \/>\n<br \/>\n<span style=\"font-weight: 400;\">Vive en un ambiente multicultural \u00fanico en un pa\u00eds hermoso y seguro.\u00a0<\/span><br \/>\n<br \/>\n<br \/>\n<span style=\"font-weight: 400;\">Las Escuelas de Idiomas en Canad\u00e1 son l\u00edderes en la ense\u00f1anza para todos los niveles y<\/span><span style=\"font-weight: 400;\"> las Universidades est\u00e1n entre las mejores del mundo.<\/span><br \/>\n<br \/>\n<br \/>\n<span style=\"font-weight: 400;\">Estudia un programa de educaci\u00f3n superior, trabaja mientras estudias y despu\u00e9s de graduarte. Adem\u00e1s t<\/span><span style=\"font-weight: 400;\">u pareja tambi\u00e9n podr\u00e1\u00a0 trabajar mientras t\u00fa estudias.<\/span><br \/>\n<br \/>\n<\/p>\n<p><\/p>\n<p><\/p>\n<p><br \/>\n<span style=\"font-weight: 400;\">Te ofrecemos la mejor opci\u00f3n de acuerdo a tu perfil,\u00a0 en programas educaci\u00f3n superior y de idiomas en Canad\u00e1.<\/span><\/p>\n<p><span style=\"font-weight: 400;\">Viaja con total confianza y seguridad disfrutando de las ventajas \u00fanicas que ofrece 3RA Intercambio. <\/span><br \/>\n<\/p>\n<p><br \/>\n<br \/>\n<span style=\"font-weight: 400;\">Tus metas son nuestra prioridad. Contamos con operaciones centrales en Vancouver y Toronto para estar cerca de ti y asesorarte a tu llegada. <\/span><br \/>\n<br \/>\n<br \/>\n<span style=\"font-weight: 400;\">Tenemos alianzas con m\u00e1s de 70 instituciones educativas para ofrecerte el programa que m\u00e1s se ajuste a tus metas. Ofrecemos los mejores precios del mercado y promociones especiales para estudiantes latinos. <\/span><br \/>\n<br \/>\n<br \/>\n<span style=\"font-weight: 400;\">Te guiamos durante tu estancia en Canad\u00e1 y te ofrecemos asesor\u00eda en visados y tr\u00e1mites para extenderla. Nuestros socios Immi- Canada, acreditados por el Gobierno de Canad\u00e1, cuentan con m\u00e1s de 8 a\u00f1os de experiencia en el mercado.<\/span><br \/>\n<br \/>\n<\/p>\n<p><br \/>\n<br \/>\n<br \/>\n<b>\u201c<\/b><span style=\"font-weight: 400;\">Canad\u00e1, no pude haber escogido un mejor pa\u00eds para vivir! Decid\u00ed hacer mi college en el exterior, y contar con el apoyo de una agencia especializada en Canad\u00e1 y que me pudiera ayudar durante todo el proceso ser\u00eda lo m\u00e1s seguro y mejor. Fue cuando busqu\u00e9 a 3RA, de la cual ya yo hab\u00eda o\u00eddo hablar muy bien, no solo por la competencia, sino por la tranquilidad en saber que la agencia tiene una sede en Vancouver. En la oficina de 3RA de Sao Paulo me ayudaron desde la selecci\u00f3n de la escuela, hasta el proceso de matr\u00edcula y todas las dudas que surgieron. Cuando llegu\u00e9 a Canad\u00e1, me recibieron muy bien en Vancouver, y hasta el d\u00eda de hoy, siempre que necesito, s\u00e9 que puedo contactarlos que ellos me ayudar\u00e1n. Super recomendada 3RA Intercambio!\u201d -Caryna Vilela, San Paulo<\/span><br \/>\n<\/p>\n<p><br \/>\n<\/p>\n<p><br \/>\n<br \/>\n<br \/>\n<br \/>\n<br \/>\n<br \/>\n<br \/>\n<br \/>\n<br \/>\n<\/p>\n","protected":false},"excerpt":{"rendered":"<p>A 3RA \u00e9 a \u00fanica ag\u00eancia de Interc\u00e2mbio 360\u00b0 do Brasil. Oferecemos suporte em Pacotes de Interc\u00e2mbio, Vistos e Imigra\u00e7\u00e3o, Passagens A\u00e9reas, Hospedagem, Seguro Sa\u00fade, Abertura de conta banc\u00e1ria no exterior, retirada de carteira de identidade e de trabalho, planos de telefonia e auxilio na busca do primeiro emprego no exterior. <\/p>\n","protected":false},"author":41,"featured_media":0,"parent":0,"menu_order":0,"comment_status":"open","ping_status":"closed","template":"","meta":{"footnotes":""},"class_list":["post-41450","page","type-page","status-publish","hentry","post-wrapper","thrv_wrapper"],"yoast_head":"<!-- This site is optimized with the Yoast SEO Premium plugin v20.0 (Yoast SEO v24.9) - https:\/\/yoast.com\/wordpress\/plugins\/seo\/ -->\n<title>Intercambio en Canad\u00e1. | Interc\u00e2mbio no Canad\u00e1 - 3RA Interc\u00e2mbio<\/title>\n<meta name=\"description\" content=\"A 3RA \u00e9 a \u00fanica ag\u00eancia de Interc\u00e2mbio 360\u00b0 do Brasil. Oferecemos suporte em Pacotes de Interc\u00e2mbio, Vistos e Imigra\u00e7\u00e3o, Passagens A\u00e9reas, Hospedagem, Seguro Sa\u00fade, Abertura de conta banc\u00e1ria no exterior, retirada de carteira de identidade e de trabalho, planos de telefonia e auxilio na busca do primeiro emprego no exterior.\" \/>\n<meta name=\"robots\" content=\"index, follow, max-snippet:-1, max-image-preview:large, max-video-preview:-1\" \/>\n<link rel=\"canonical\" href=\"https:\/\/3raintercambio.com\/es\/intercambio-en-canada-2-2\/\" \/>\n<meta property=\"og:locale\" content=\"es_ES\" \/>\n<meta property=\"og:type\" content=\"article\" \/>\n<meta property=\"og:title\" content=\"Intercambio en Canad\u00e1.\" \/>\n<meta property=\"og:description\" content=\"A 3RA \u00e9 a \u00fanica ag\u00eancia de Interc\u00e2mbio 360\u00b0 do Brasil. Oferecemos suporte em Pacotes de Interc\u00e2mbio, Vistos e Imigra\u00e7\u00e3o, Passagens A\u00e9reas, Hospedagem, Seguro Sa\u00fade, Abertura de conta banc\u00e1ria no exterior, retirada de carteira de identidade e de trabalho, planos de telefonia e auxilio na busca do primeiro emprego no exterior.\" \/>\n<meta property=\"og:url\" content=\"https:\/\/3raintercambio.com\/es\/intercambio-en-canada-2-2\/\" \/>\n<meta property=\"og:site_name\" content=\"Interc\u00e2mbio no Canad\u00e1 - 3RA Interc\u00e2mbio\" \/>\n<meta property=\"article:publisher\" content=\"https:\/\/www.facebook.com\/3ragroup\" \/>\n<meta property=\"article:modified_time\" content=\"2022-02-07T23:32:23+00:00\" \/>\n<meta name=\"twitter:card\" content=\"summary_large_image\" \/>\n<meta name=\"twitter:site\" content=\"@3raintercambio\" \/>\n<meta name=\"twitter:label1\" content=\"Tiempo de lectura\" \/>\n\t<meta name=\"twitter:data1\" content=\"7 minutos\" \/>\n<script type=\"application\/ld+json\" class=\"yoast-schema-graph\">{\"@context\":\"https:\/\/schema.org\",\"@graph\":[{\"@type\":\"WebPage\",\"@id\":\"https:\/\/3raintercambio.com\/es\/intercambio-en-canada-2-2\/\",\"url\":\"https:\/\/3raintercambio.com\/es\/intercambio-en-canada-2-2\/\",\"name\":\"Intercambio en Canad\u00e1. | Interc\u00e2mbio no Canad\u00e1 - 3RA Interc\u00e2mbio\",\"isPartOf\":{\"@id\":\"https:\/\/www.3raintercambio.com\/es\/#website\"},\"datePublished\":\"2017-02-08T21:36:35+00:00\",\"dateModified\":\"2022-02-07T23:32:23+00:00\",\"description\":\"A 3RA \u00e9 a \u00fanica ag\u00eancia de Interc\u00e2mbio 360\u00b0 do Brasil. Oferecemos suporte em Pacotes de Interc\u00e2mbio, Vistos e Imigra\u00e7\u00e3o, Passagens A\u00e9reas, Hospedagem, Seguro Sa\u00fade, Abertura de conta banc\u00e1ria no exterior, retirada de carteira de identidade e de trabalho, planos de telefonia e auxilio na busca do primeiro emprego no exterior.\",\"breadcrumb\":{\"@id\":\"https:\/\/3raintercambio.com\/es\/intercambio-en-canada-2-2\/#breadcrumb\"},\"inLanguage\":\"es\",\"potentialAction\":[{\"@type\":\"ReadAction\",\"target\":[\"https:\/\/3raintercambio.com\/es\/intercambio-en-canada-2-2\/\"]}]},{\"@type\":\"BreadcrumbList\",\"@id\":\"https:\/\/3raintercambio.com\/es\/intercambio-en-canada-2-2\/#breadcrumb\",\"itemListElement\":[{\"@type\":\"ListItem\",\"position\":1,\"name\":\"Portada\",\"item\":\"https:\/\/www.3raintercambio.com\/es\/\"},{\"@type\":\"ListItem\",\"position\":2,\"name\":\"Intercambio en Canad\u00e1.\"}]},{\"@type\":\"WebSite\",\"@id\":\"https:\/\/www.3raintercambio.com\/es\/#website\",\"url\":\"https:\/\/www.3raintercambio.com\/es\/\",\"name\":\"Interc\u00e2mbio no Canad\u00e1 - 3RA Interc\u00e2mbio\",\"description\":\"Interc\u00e2mbio em Vancouver, Toronto, Calgary, Quebec\",\"publisher\":{\"@id\":\"https:\/\/www.3raintercambio.com\/es\/#organization\"},\"potentialAction\":[{\"@type\":\"SearchAction\",\"target\":{\"@type\":\"EntryPoint\",\"urlTemplate\":\"https:\/\/www.3raintercambio.com\/es\/?s={search_term_string}\"},\"query-input\":{\"@type\":\"PropertyValueSpecification\",\"valueRequired\":true,\"valueName\":\"search_term_string\"}}],\"inLanguage\":\"es\"},{\"@type\":\"Organization\",\"@id\":\"https:\/\/www.3raintercambio.com\/es\/#organization\",\"name\":\"3RA Educa\u00e7\u00e3o Superior no Canad\u00e1\",\"url\":\"https:\/\/www.3raintercambio.com\/es\/\",\"logo\":{\"@type\":\"ImageObject\",\"inLanguage\":\"es\",\"@id\":\"https:\/\/www.3raintercambio.com\/es\/#\/schema\/logo\/image\/\",\"url\":\"https:\/\/3raintercambio.com\/wp-content\/uploads\/2021\/06\/3RA-logo-oficial.png\",\"contentUrl\":\"https:\/\/3raintercambio.com\/wp-content\/uploads\/2021\/06\/3RA-logo-oficial.png\",\"width\":454,\"height\":150,\"caption\":\"3RA Educa\u00e7\u00e3o Superior no Canad\u00e1\"},\"image\":{\"@id\":\"https:\/\/www.3raintercambio.com\/es\/#\/schema\/logo\/image\/\"},\"sameAs\":[\"https:\/\/www.facebook.com\/3ragroup\",\"https:\/\/x.com\/3raintercambio\",\"https:\/\/www.instagram.com\/3raintercambio\",\"https:\/\/www.youtube.com\/3raintercambio\"]}]}<\/script>\n<!-- \/ Yoast SEO Premium plugin. -->","yoast_head_json":{"title":"Intercambio en Canad\u00e1. | Interc\u00e2mbio no Canad\u00e1 - 3RA Interc\u00e2mbio","description":"A 3RA \u00e9 a \u00fanica ag\u00eancia de Interc\u00e2mbio 360\u00b0 do Brasil. Oferecemos suporte em Pacotes de Interc\u00e2mbio, Vistos e Imigra\u00e7\u00e3o, Passagens A\u00e9reas, Hospedagem, Seguro Sa\u00fade, Abertura de conta banc\u00e1ria no exterior, retirada de carteira de identidade e de trabalho, planos de telefonia e auxilio na busca do primeiro emprego no exterior.","robots":{"index":"index","follow":"follow","max-snippet":"max-snippet:-1","max-image-preview":"max-image-preview:large","max-video-preview":"max-video-preview:-1"},"canonical":"https:\/\/3raintercambio.com\/es\/intercambio-en-canada-2-2\/","og_locale":"es_ES","og_type":"article","og_title":"Intercambio en Canad\u00e1.","og_description":"A 3RA \u00e9 a \u00fanica ag\u00eancia de Interc\u00e2mbio 360\u00b0 do Brasil. Oferecemos suporte em Pacotes de Interc\u00e2mbio, Vistos e Imigra\u00e7\u00e3o, Passagens A\u00e9reas, Hospedagem, Seguro Sa\u00fade, Abertura de conta banc\u00e1ria no exterior, retirada de carteira de identidade e de trabalho, planos de telefonia e auxilio na busca do primeiro emprego no exterior.","og_url":"https:\/\/3raintercambio.com\/es\/intercambio-en-canada-2-2\/","og_site_name":"Interc\u00e2mbio no Canad\u00e1 - 3RA Interc\u00e2mbio","article_publisher":"https:\/\/www.facebook.com\/3ragroup","article_modified_time":"2022-02-07T23:32:23+00:00","twitter_card":"summary_large_image","twitter_site":"@3raintercambio","twitter_misc":{"Tiempo de lectura":"7 minutos"},"schema":{"@context":"https:\/\/schema.org","@graph":[{"@type":"WebPage","@id":"https:\/\/3raintercambio.com\/es\/intercambio-en-canada-2-2\/","url":"https:\/\/3raintercambio.com\/es\/intercambio-en-canada-2-2\/","name":"Intercambio en Canad\u00e1. | Interc\u00e2mbio no Canad\u00e1 - 3RA Interc\u00e2mbio","isPartOf":{"@id":"https:\/\/www.3raintercambio.com\/es\/#website"},"datePublished":"2017-02-08T21:36:35+00:00","dateModified":"2022-02-07T23:32:23+00:00","description":"A 3RA \u00e9 a \u00fanica ag\u00eancia de Interc\u00e2mbio 360\u00b0 do Brasil. Oferecemos suporte em Pacotes de Interc\u00e2mbio, Vistos e Imigra\u00e7\u00e3o, Passagens A\u00e9reas, Hospedagem, Seguro Sa\u00fade, Abertura de conta banc\u00e1ria no exterior, retirada de carteira de identidade e de trabalho, planos de telefonia e auxilio na busca do primeiro emprego no exterior.","breadcrumb":{"@id":"https:\/\/3raintercambio.com\/es\/intercambio-en-canada-2-2\/#breadcrumb"},"inLanguage":"es","potentialAction":[{"@type":"ReadAction","target":["https:\/\/3raintercambio.com\/es\/intercambio-en-canada-2-2\/"]}]},{"@type":"BreadcrumbList","@id":"https:\/\/3raintercambio.com\/es\/intercambio-en-canada-2-2\/#breadcrumb","itemListElement":[{"@type":"ListItem","position":1,"name":"Portada","item":"https:\/\/www.3raintercambio.com\/es\/"},{"@type":"ListItem","position":2,"name":"Intercambio en Canad\u00e1."}]},{"@type":"WebSite","@id":"https:\/\/www.3raintercambio.com\/es\/#website","url":"https:\/\/www.3raintercambio.com\/es\/","name":"Interc\u00e2mbio no Canad\u00e1 - 3RA Interc\u00e2mbio","description":"Interc\u00e2mbio em Vancouver, Toronto, Calgary, Quebec","publisher":{"@id":"https:\/\/www.3raintercambio.com\/es\/#organization"},"potentialAction":[{"@type":"SearchAction","target":{"@type":"EntryPoint","urlTemplate":"https:\/\/www.3raintercambio.com\/es\/?s={search_term_string}"},"query-input":{"@type":"PropertyValueSpecification","valueRequired":true,"valueName":"search_term_string"}}],"inLanguage":"es"},{"@type":"Organization","@id":"https:\/\/www.3raintercambio.com\/es\/#organization","name":"3RA Educa\u00e7\u00e3o Superior no Canad\u00e1","url":"https:\/\/www.3raintercambio.com\/es\/","logo":{"@type":"ImageObject","inLanguage":"es","@id":"https:\/\/www.3raintercambio.com\/es\/#\/schema\/logo\/image\/","url":"https:\/\/3raintercambio.com\/wp-content\/uploads\/2021\/06\/3RA-logo-oficial.png","contentUrl":"https:\/\/3raintercambio.com\/wp-content\/uploads\/2021\/06\/3RA-logo-oficial.png","width":454,"height":150,"caption":"3RA Educa\u00e7\u00e3o Superior no Canad\u00e1"},"image":{"@id":"https:\/\/www.3raintercambio.com\/es\/#\/schema\/logo\/image\/"},"sameAs":["https:\/\/www.facebook.com\/3ragroup","https:\/\/x.com\/3raintercambio","https:\/\/www.instagram.com\/3raintercambio","https:\/\/www.youtube.com\/3raintercambio"]}]}},"_links":{"self":[{"href":"https:\/\/3raintercambio.com\/es\/wp-json\/wp\/v2\/pages\/41450","targetHints":{"allow":["GET"]}}],"collection":[{"href":"https:\/\/3raintercambio.com\/es\/wp-json\/wp\/v2\/pages"}],"about":[{"href":"https:\/\/3raintercambio.com\/es\/wp-json\/wp\/v2\/types\/page"}],"author":[{"embeddable":true,"href":"https:\/\/3raintercambio.com\/es\/wp-json\/wp\/v2\/users\/41"}],"replies":[{"embeddable":true,"href":"https:\/\/3raintercambio.com\/es\/wp-json\/wp\/v2\/comments?post=41450"}],"version-history":[{"count":0,"href":"https:\/\/3raintercambio.com\/es\/wp-json\/wp\/v2\/pages\/41450\/revisions"}],"wp:attachment":[{"href":"https:\/\/3raintercambio.com\/es\/wp-json\/wp\/v2\/media?parent=41450"}],"curies":[{"name":"wp","href":"https:\/\/api.w.org\/{rel}","templated":true}]}}