{"id":384985,"date":"2021-01-19T12:22:08","date_gmt":"2021-01-19T20:22:08","guid":{"rendered":"https:\/\/3raintercambio.com\/?page_id=384985"},"modified":"2021-01-19T12:22:08","modified_gmt":"2021-01-19T20:22:08","slug":"graciasv3-2","status":"publish","type":"page","link":"https:\/\/3raintercambio.com\/es\/graciasv3-2\/","title":{"rendered":"\u00a1Gracias!"},"content":{"rendered":"<p><br \/>\n<\/p>\n<p><\/p>\n<p><\/p>\n<h2 style=\"text-align: center;\"><span class=\"nome_cidade white\">\u00a1Gracias!<br \/>\n<\/span><\/h2>\n<p style=\"text-align: center;\"><span class=\"titulo_corrido white\">Pronto alguien de nuestro equipo de consultores educativos entrar\u00e1 en contacto contigo v\u00eda email.<br \/>\n<\/span><\/p>\n<p><br \/>\n<\/p>\n<p><br \/>\n<\/p>\n<p style=\"text-align: center;\"><span class=\"titulo_corrido black\">Conoce las promociones actuales que tenemos para ti en 3RA Intercambio<br \/>\n<\/span><br \/>\n<br \/>\n<\/p>\n<p><\/p>\n<p><\/p>\n<p><\/p>\n<p style=\"text-align: center;\"><span class=\"titulo_corrido black\">Estudia Ingl\u00e9s<br \/>\nen Canad\u00e1<\/span><\/p>\n<p><\/p>\n<p><\/p>\n<p style=\"text-align: center;\"><span class=\"texto_corrido black\">Promociones de 3RA*<\/span><\/p>\n<p class=\"text_corrido black\" style=\"text-align: center;\">A partir de<br \/>\n<span class=\"titulo_corrido red\">CAD<\/span><span class=\"nome_cidade red\">$1.884<\/span><\/p>\n<p><\/p>\n<p><\/p>\n<p><\/p>\n<p><\/p>\n<p style=\"line-height: 1.5; font-size: 8px; color: #000000; font-family: trebuchet ms; text-align: center;\"><em>(*) Promoci\u00f3n v\u00e1lida por tiempo limitado.<\/em><\/p>\n<p><\/p>\n<p><\/p>\n<p><\/p>\n<p style=\"text-align: center;\"><span class=\"titulo_corrido black\">Estudio y Trabajo<br \/>\nen Vancouver<\/span><\/p>\n<p><\/p>\n<p><\/p>\n<p style=\"text-align: center;\"><span class=\"texto_corrido red\">24 semanas de curso*<\/span><\/p>\n<p class=\"text_corrido black\" style=\"text-align: center;\">De CAD$<span class=\"text_corrido black\">5.810 a s\u00f3lo<\/span><br \/>\n<span class=\"titulo_corrido red\">CAD$<\/span><span class=\"nome_cidade red\">4.750<\/span><\/p>\n<p><\/p>\n<p><\/p>\n<p><\/p>\n<p><\/p>\n<p style=\"line-height: 1.5; font-size: 8px; color: #000000; font-family: trebuchet ms; text-align: center;\"><em>(*) Promoci\u00f3n v\u00e1lida por tiempo limitado<\/em><\/p>\n<p><\/p>\n<p><\/p>\n<p><\/p>\n<p style=\"text-align: center;\"><span class=\"titulo_corrido black\">Estudio y Trabajo<br \/>\nen Vancouver<\/span><\/p>\n<p><\/p>\n<p><\/p>\n<p style=\"text-align: center;\"><span class=\"texto_corrido red\">48 semanas de curso*<\/span><\/p>\n<p class=\"text_corrido black\" style=\"text-align: center;\">De CAD$<span class=\"text_corrido black\">9.950 a s\u00f3lo<\/span><br \/>\n<span class=\"titulo_corrido red\">CAD$<\/span><span class=\"nome_cidade red\">7.640<\/span><\/p>\n<p><\/p>\n<p><\/p>\n<p><\/p>\n<p><\/p>\n<p style=\"line-height: 1.5; font-size: 8px; color: #000000; font-family: trebuchet ms; text-align: center;\"><em>(*) Promoci\u00f3n v\u00e1lida por tiempo limitado<\/em><\/p>\n<p><\/p>\n<p><\/p>\n<p><\/p>\n<p style=\"text-align: center;\"><span class=\"titulo_corrido black\">Estudia y trabaja<br \/>\nen Montreal<\/span><\/p>\n<p><\/p>\n<p><\/p>\n<p style=\"text-align: center;\"><span class=\"texto_corrido red\">36 semanas de curso con derecho a PGWP*<\/span><\/p>\n<p class=\"text_corrido black\" style=\"text-align: center;\">por<span class=\"text_corrido black\"> tan s\u00f3lo<\/span><br \/>\n<span class=\"titulo_corrido red\">CAD$<\/span><span class=\"nome_cidade red\">6.900<\/span><\/p>\n<p><\/p>\n<p><\/p>\n<p><\/p>\n<p><\/p>\n<p style=\"line-height: 1.5; font-size: 8px; color: #000000; font-family: trebuchet ms; text-align: center;\"><em>(*) Promoci\u00f3n v\u00e1lida por tiempo limitado<\/em><\/p>\n<p><\/p>\n<p><br \/>\n<\/p>\n<p><\/p>\n<p><\/p>\n<p style=\"text-align: center;\"><span class=\"titulo_corrido black\">Estudiantes Internacionales en Vancouver<\/span><\/p>\n<p><\/p>\n<p><\/p>\n<p style=\"text-align: center;\"><span class=\"texto_corrido red\">Grupo de Facebook. <\/span><\/p>\n<p style=\"text-align: center;\"><span class=\"texto_corrido red\">\u00a1\u00danete a la conversaci\u00f3n y despeja tus dudas!<\/span><\/p>\n<p><\/p>\n<p><\/p>\n<p><\/p>\n<p style=\"text-align: center;\"><span class=\"texto_corrido black\">3RA cuenta con un grupo en Facebook ideado para el intercambio de experiencias entre estudiantes internacionales que se encuentran en Vancouver o que pretenden ir a la ciudad.<\/span><\/p>\n<p><\/p>\n<p><\/p>\n<p><br \/>\n<\/p>\n","protected":false},"excerpt":{"rendered":"<p>\u00a1Gracias! Pronto alguien de nuestro equipo de consultores educativos entrar\u00e1 en contacto contigo v\u00eda email. Conoce las promociones actuales que tenemos para ti en 3RA Intercambio Estudia Ingl\u00e9s en Canad\u00e1 Promociones de 3RA* A partir de CAD$1.884 (*) Promoci\u00f3n v\u00e1lida por tiempo limitado. Estudio y Trabajo en Vancouver 24 semanas de curso* De CAD$5.810 a [&hellip;]<\/p>\n","protected":false},"author":29,"featured_media":0,"parent":0,"menu_order":0,"comment_status":"open","ping_status":"open","template":"","meta":{"footnotes":""},"class_list":["post-384985","page","type-page","status-publish","hentry","post-wrapper","thrv_wrapper"],"yoast_head":"<!-- This site is optimized with the Yoast SEO Premium plugin v20.0 (Yoast SEO v24.9) - https:\/\/yoast.com\/wordpress\/plugins\/seo\/ -->\n<title>\u00a1Gracias! | Interc\u00e2mbio no Canad\u00e1 - 3RA Interc\u00e2mbio<\/title>\n<meta name=\"description\" content=\"\u00a1Gracias! Pronto alguien de nuestro equipo de consultores educativos entrar\u00e1 en contacto contigo v\u00eda email. Conoce las promociones actuales que tenemos\" \/>\n<meta name=\"robots\" content=\"index, follow, max-snippet:-1, max-image-preview:large, max-video-preview:-1\" \/>\n<link rel=\"canonical\" href=\"https:\/\/3raintercambio.com\/es\/graciasv3-2\/\" \/>\n<meta property=\"og:locale\" content=\"es_ES\" \/>\n<meta property=\"og:type\" content=\"article\" \/>\n<meta property=\"og:title\" content=\"\u00a1Gracias!\" \/>\n<meta property=\"og:description\" content=\"\u00a1Gracias! Pronto alguien de nuestro equipo de consultores educativos entrar\u00e1 en contacto contigo v\u00eda email. Conoce las promociones actuales que tenemos\" \/>\n<meta property=\"og:url\" content=\"https:\/\/3raintercambio.com\/es\/graciasv3-2\/\" \/>\n<meta property=\"og:site_name\" content=\"Interc\u00e2mbio no Canad\u00e1 - 3RA Interc\u00e2mbio\" \/>\n<meta property=\"article:publisher\" content=\"https:\/\/www.facebook.com\/3ragroup\" \/>\n<meta name=\"twitter:card\" content=\"summary_large_image\" \/>\n<meta name=\"twitter:site\" content=\"@3raintercambio\" \/>\n<meta name=\"twitter:label1\" content=\"Tiempo de lectura\" \/>\n\t<meta name=\"twitter:data1\" content=\"8 minutos\" \/>\n<script type=\"application\/ld+json\" class=\"yoast-schema-graph\">{\"@context\":\"https:\/\/schema.org\",\"@graph\":[{\"@type\":\"WebPage\",\"@id\":\"https:\/\/3raintercambio.com\/es\/graciasv3-2\/\",\"url\":\"https:\/\/3raintercambio.com\/es\/graciasv3-2\/\",\"name\":\"\u00a1Gracias! | Interc\u00e2mbio no Canad\u00e1 - 3RA Interc\u00e2mbio\",\"isPartOf\":{\"@id\":\"https:\/\/www.3raintercambio.com\/es\/#website\"},\"datePublished\":\"2021-01-19T20:22:08+00:00\",\"description\":\"\u00a1Gracias! Pronto alguien de nuestro equipo de consultores educativos entrar\u00e1 en contacto contigo v\u00eda email. Conoce las promociones actuales que tenemos\",\"breadcrumb\":{\"@id\":\"https:\/\/3raintercambio.com\/es\/graciasv3-2\/#breadcrumb\"},\"inLanguage\":\"es\",\"potentialAction\":[{\"@type\":\"ReadAction\",\"target\":[\"https:\/\/3raintercambio.com\/es\/graciasv3-2\/\"]}]},{\"@type\":\"BreadcrumbList\",\"@id\":\"https:\/\/3raintercambio.com\/es\/graciasv3-2\/#breadcrumb\",\"itemListElement\":[{\"@type\":\"ListItem\",\"position\":1,\"name\":\"Portada\",\"item\":\"https:\/\/www.3raintercambio.com\/es\/\"},{\"@type\":\"ListItem\",\"position\":2,\"name\":\"\u00a1Gracias!\"}]},{\"@type\":\"WebSite\",\"@id\":\"https:\/\/www.3raintercambio.com\/es\/#website\",\"url\":\"https:\/\/www.3raintercambio.com\/es\/\",\"name\":\"Interc\u00e2mbio no Canad\u00e1 - 3RA Interc\u00e2mbio\",\"description\":\"Interc\u00e2mbio em Vancouver, Toronto, Calgary, Quebec\",\"publisher\":{\"@id\":\"https:\/\/www.3raintercambio.com\/es\/#organization\"},\"potentialAction\":[{\"@type\":\"SearchAction\",\"target\":{\"@type\":\"EntryPoint\",\"urlTemplate\":\"https:\/\/www.3raintercambio.com\/es\/?s={search_term_string}\"},\"query-input\":{\"@type\":\"PropertyValueSpecification\",\"valueRequired\":true,\"valueName\":\"search_term_string\"}}],\"inLanguage\":\"es\"},{\"@type\":\"Organization\",\"@id\":\"https:\/\/www.3raintercambio.com\/es\/#organization\",\"name\":\"3RA Educa\u00e7\u00e3o Superior no Canad\u00e1\",\"url\":\"https:\/\/www.3raintercambio.com\/es\/\",\"logo\":{\"@type\":\"ImageObject\",\"inLanguage\":\"es\",\"@id\":\"https:\/\/www.3raintercambio.com\/es\/#\/schema\/logo\/image\/\",\"url\":\"https:\/\/3raintercambio.com\/wp-content\/uploads\/2021\/06\/3RA-logo-oficial.png\",\"contentUrl\":\"https:\/\/3raintercambio.com\/wp-content\/uploads\/2021\/06\/3RA-logo-oficial.png\",\"width\":454,\"height\":150,\"caption\":\"3RA Educa\u00e7\u00e3o Superior no Canad\u00e1\"},\"image\":{\"@id\":\"https:\/\/www.3raintercambio.com\/es\/#\/schema\/logo\/image\/\"},\"sameAs\":[\"https:\/\/www.facebook.com\/3ragroup\",\"https:\/\/x.com\/3raintercambio\",\"https:\/\/www.instagram.com\/3raintercambio\",\"https:\/\/www.youtube.com\/3raintercambio\"]}]}<\/script>\n<!-- \/ Yoast SEO Premium plugin. -->","yoast_head_json":{"title":"\u00a1Gracias! | Interc\u00e2mbio no Canad\u00e1 - 3RA Interc\u00e2mbio","description":"\u00a1Gracias! Pronto alguien de nuestro equipo de consultores educativos entrar\u00e1 en contacto contigo v\u00eda email. Conoce las promociones actuales que tenemos","robots":{"index":"index","follow":"follow","max-snippet":"max-snippet:-1","max-image-preview":"max-image-preview:large","max-video-preview":"max-video-preview:-1"},"canonical":"https:\/\/3raintercambio.com\/es\/graciasv3-2\/","og_locale":"es_ES","og_type":"article","og_title":"\u00a1Gracias!","og_description":"\u00a1Gracias! Pronto alguien de nuestro equipo de consultores educativos entrar\u00e1 en contacto contigo v\u00eda email. Conoce las promociones actuales que tenemos","og_url":"https:\/\/3raintercambio.com\/es\/graciasv3-2\/","og_site_name":"Interc\u00e2mbio no Canad\u00e1 - 3RA Interc\u00e2mbio","article_publisher":"https:\/\/www.facebook.com\/3ragroup","twitter_card":"summary_large_image","twitter_site":"@3raintercambio","twitter_misc":{"Tiempo de lectura":"8 minutos"},"schema":{"@context":"https:\/\/schema.org","@graph":[{"@type":"WebPage","@id":"https:\/\/3raintercambio.com\/es\/graciasv3-2\/","url":"https:\/\/3raintercambio.com\/es\/graciasv3-2\/","name":"\u00a1Gracias! | Interc\u00e2mbio no Canad\u00e1 - 3RA Interc\u00e2mbio","isPartOf":{"@id":"https:\/\/www.3raintercambio.com\/es\/#website"},"datePublished":"2021-01-19T20:22:08+00:00","description":"\u00a1Gracias! Pronto alguien de nuestro equipo de consultores educativos entrar\u00e1 en contacto contigo v\u00eda email. Conoce las promociones actuales que tenemos","breadcrumb":{"@id":"https:\/\/3raintercambio.com\/es\/graciasv3-2\/#breadcrumb"},"inLanguage":"es","potentialAction":[{"@type":"ReadAction","target":["https:\/\/3raintercambio.com\/es\/graciasv3-2\/"]}]},{"@type":"BreadcrumbList","@id":"https:\/\/3raintercambio.com\/es\/graciasv3-2\/#breadcrumb","itemListElement":[{"@type":"ListItem","position":1,"name":"Portada","item":"https:\/\/www.3raintercambio.com\/es\/"},{"@type":"ListItem","position":2,"name":"\u00a1Gracias!"}]},{"@type":"WebSite","@id":"https:\/\/www.3raintercambio.com\/es\/#website","url":"https:\/\/www.3raintercambio.com\/es\/","name":"Interc\u00e2mbio no Canad\u00e1 - 3RA Interc\u00e2mbio","description":"Interc\u00e2mbio em Vancouver, Toronto, Calgary, Quebec","publisher":{"@id":"https:\/\/www.3raintercambio.com\/es\/#organization"},"potentialAction":[{"@type":"SearchAction","target":{"@type":"EntryPoint","urlTemplate":"https:\/\/www.3raintercambio.com\/es\/?s={search_term_string}"},"query-input":{"@type":"PropertyValueSpecification","valueRequired":true,"valueName":"search_term_string"}}],"inLanguage":"es"},{"@type":"Organization","@id":"https:\/\/www.3raintercambio.com\/es\/#organization","name":"3RA Educa\u00e7\u00e3o Superior no Canad\u00e1","url":"https:\/\/www.3raintercambio.com\/es\/","logo":{"@type":"ImageObject","inLanguage":"es","@id":"https:\/\/www.3raintercambio.com\/es\/#\/schema\/logo\/image\/","url":"https:\/\/3raintercambio.com\/wp-content\/uploads\/2021\/06\/3RA-logo-oficial.png","contentUrl":"https:\/\/3raintercambio.com\/wp-content\/uploads\/2021\/06\/3RA-logo-oficial.png","width":454,"height":150,"caption":"3RA Educa\u00e7\u00e3o Superior no Canad\u00e1"},"image":{"@id":"https:\/\/www.3raintercambio.com\/es\/#\/schema\/logo\/image\/"},"sameAs":["https:\/\/www.facebook.com\/3ragroup","https:\/\/x.com\/3raintercambio","https:\/\/www.instagram.com\/3raintercambio","https:\/\/www.youtube.com\/3raintercambio"]}]}},"_links":{"self":[{"href":"https:\/\/3raintercambio.com\/es\/wp-json\/wp\/v2\/pages\/384985","targetHints":{"allow":["GET"]}}],"collection":[{"href":"https:\/\/3raintercambio.com\/es\/wp-json\/wp\/v2\/pages"}],"about":[{"href":"https:\/\/3raintercambio.com\/es\/wp-json\/wp\/v2\/types\/page"}],"author":[{"embeddable":true,"href":"https:\/\/3raintercambio.com\/es\/wp-json\/wp\/v2\/users\/29"}],"replies":[{"embeddable":true,"href":"https:\/\/3raintercambio.com\/es\/wp-json\/wp\/v2\/comments?post=384985"}],"version-history":[{"count":0,"href":"https:\/\/3raintercambio.com\/es\/wp-json\/wp\/v2\/pages\/384985\/revisions"}],"wp:attachment":[{"href":"https:\/\/3raintercambio.com\/es\/wp-json\/wp\/v2\/media?parent=384985"}],"curies":[{"name":"wp","href":"https:\/\/api.w.org\/{rel}","templated":true}]}}