{"id":384703,"date":"2020-12-04T14:03:11","date_gmt":"2020-12-04T22:03:11","guid":{"rendered":"https:\/\/3raintercambio.com\/lp\/vocacionais-dezembro-2020\/"},"modified":"2020-12-21T11:00:21","modified_gmt":"2020-12-21T19:00:21","slug":"vocacionales-diciembre-2020","status":"publish","type":"page","link":"https:\/\/3raintercambio.com\/es\/lp\/vocacionales-diciembre-2020\/","title":{"rendered":"Diciembre 2020 Vocacionales &#8211; Correct"},"content":{"rendered":"<p><br \/>\n<\/p>\n<p><\/p>\n<p><br \/>\n<\/p>\n<p><br \/>\n<\/p>\n<p><\/p>\n<h1 style=\"text-align: center;\"><strong>\u00a1<\/strong>Promociones imperdibles de Diciembre!<\/h1>\n<p><\/p>\n<p><br \/>\n<span style=\"font-weight: 400;\">Nuestros consultores est\u00e1n disponibles para ayudarte.<br \/>\n<\/span><span style=\"font-weight: 400;\">\u00a1Haz clic en el bot\u00f3n de abajo para aprovechar las promociones v\u00e1lidas hasta el 31 de diciembre!<\/span><br \/>\n<\/p>\n<p><br \/>\n<\/p>\n<p><br \/>\n<\/p>\n<p><br \/>\n<span style=\"font-weight: 400;\">A continuaci\u00f3n, te mostramos una lista de programas que permiten estudiar y trabajar en Canad\u00e1 por tiempo determinado.<\/span><\/p>\n<p><span style=\"font-weight: 400;\">\u00a1Estos cursos tienen varias opciones de inicio, con la posibilidad de ser iniciados hasta finales de 2021!<\/span><\/p>\n<p><span style=\"font-weight: 400;\">Ponte en contacto ahora con un consultor de 3RA para asegurar tu inscripci\u00f3n con los precios de 2020. Recordando que nuestros servicios son gratuitos para nuestros clientes.<\/span><br \/>\n<\/p>\n<p><br \/>\n<\/p>\n<p><br \/>\n<\/p>\n<p><\/p>\n<h2 style=\"text-align: center;\"><strong>Promociones de Cursos Vocacionales<\/strong><span style=\"font-weight: 400;\">:<\/span><\/h2>\n<p><\/p>\n<p><br \/>\n<\/p>\n<p><br \/>\n<\/p>\n<p><\/p>\n<p style=\"text-align: left;\">Health Care Administration Diploma (1 a<span style=\"font-weight: 400;\">\u00f1<\/span>o)<\/p>\n<p><\/p>\n<p><\/p>\n<p><\/p>\n<p style=\"text-align: left;\"><b><span style=\"color: #ff0000;\">Toronto<\/span><\/b><\/p>\n<p><\/p>\n<p><\/p>\n<p><\/p>\n<p style=\"text-align: left;\">De CAD$ 17.000 a <b>CAD$ 8.500<\/b><\/p>\n<p><\/p>\n<p><br \/>\n<\/p>\n<p><br \/>\n<\/p>\n<p><\/p>\n<p style=\"text-align: left;\">Certificate in Customer<br \/>\nService Excellence (8 meses)<\/p>\n<p><\/p>\n<p><\/p>\n<p><\/p>\n<p style=\"text-align: left;\"><b><span style=\"color: #ff0000;\">Toronto<\/span><\/b><\/p>\n<p><\/p>\n<p><\/p>\n<p><\/p>\n<p style=\"text-align: left;\"><span class=\"font15regular black\">De CAD$ 5.245 a <b>CAD$ 4.750<\/b><br \/>\n<\/span><\/p>\n<p><\/p>\n<p><br \/>\n<\/p>\n<p><br \/>\n<\/p>\n<p><\/p>\n<p style=\"text-align: left;\">Advanced Diploma in Hospitality and<b>\u00a0<\/b>Tourism<br \/>\nManagement with Co-op (2 a<span style=\"font-weight: 400;\">\u00f1<\/span>os)<\/p>\n<p><\/p>\n<p><\/p>\n<p><\/p>\n<p style=\"text-align: left;\"><b><span style=\"color: #ff0000;\">Toronto<\/span><\/b><\/p>\n<p><\/p>\n<p><\/p>\n<p><\/p>\n<p style=\"text-align: left;\">De CAD$ 15.000 a <b>CAD$ 9.000<\/b><\/p>\n<p><\/p>\n<p><br \/>\n<\/p>\n<p><br \/>\n<\/p>\n<p><\/p>\n<p style=\"text-align: left;\">Diploma in Digital Marketing: Social Media Professional o Diploma in Digital Marketing: Website Management and Design<\/p>\n<p><\/p>\n<p><\/p>\n<p><\/p>\n<p style=\"text-align: left;\"><b><span style=\"color: #ff0000;\">Vancouver y Toronto<\/span><\/b><\/p>\n<p><\/p>\n<p><\/p>\n<p><\/p>\n<p style=\"text-align: left;\"><b>CAD$ 8.300<\/b><\/p>\n<p><\/p>\n<p><br \/>\n<\/p>\n<p><br \/>\n<\/p>\n<p><\/p>\n<p style=\"text-align: left;\">Attestation of College Studies,<br \/>\nInternational Business Management (8 meses)<br \/>\n<b>(QUEBEC PGWP)<\/b><\/p>\n<p><\/p>\n<p><\/p>\n<p><\/p>\n<p style=\"text-align: left;\"><b><span style=\"color: #ff0000;\">Quebec<\/span><\/b><\/p>\n<p><\/p>\n<p><\/p>\n<p><\/p>\n<p style=\"text-align: left;\"><b>CAD$ 8.100<\/b><\/p>\n<p><\/p>\n<p><br \/>\n<\/p>\n<p><br \/>\n<\/p>\n<p><\/p>\n<p style=\"text-align: left;\">Diploma in Customer<b>\u00a0<\/b>Service (2 a<span style=\"font-weight: 400;\">\u00f1<\/span>os)<\/p>\n<p><\/p>\n<p><\/p>\n<p><\/p>\n<p style=\"text-align: left;\"><b><span style=\"color: #ff0000;\">Vancouver y Toronto<\/span><\/b><\/p>\n<p><\/p>\n<p><\/p>\n<p><\/p>\n<p style=\"text-align: left;\"><span class=\"font15regular black\"><b>CAD$ 7.950<\/b><\/span><\/p>\n<p><\/p>\n<p><br \/>\n<\/p>\n<p><br \/>\n<\/p>\n<p><\/p>\n<p style=\"text-align: left;\">Web and Mobile App Development (2 a<span style=\"font-weight: 400;\">\u00f1<\/span>os)<\/p>\n<p><\/p>\n<p><\/p>\n<p><\/p>\n<p style=\"text-align: left;\"><b><span style=\"color: #ff0000;\">Vancouver<\/span><\/b><\/p>\n<p><\/p>\n<p><\/p>\n<p><\/p>\n<p style=\"text-align: left;\"><span class=\"font15regular black\"><b>CAD$ 13.495<\/b><\/span><\/p>\n<p><\/p>\n<p><br \/>\n<\/p>\n<p><br \/>\n<\/p>\n<p><\/p>\n<p style=\"text-align: left;\"><b>Programas de Ingl\u00e9s online<\/b><\/p>\n<p><\/p>\n<p><\/p>\n<p><\/p>\n<p style=\"text-align: left;\"><b>\u00a1Cursos a partir de CAD $60 por semana!<\/b><\/p>\n<p><\/p>\n<p><br \/>\n<\/p>\n<p><br \/>\n<\/p>\n<p><\/p>\n<p style=\"text-align: left;\"><b>Pathway Online: Compra 8 semanas y obt\u00e9n 4 semanas m\u00e1s gratis, o compra 6 semanas y obt\u00e9n 2 semanas m\u00e1s gratis<\/b><\/p>\n<p><\/p>\n<p><br \/>\n<\/p>\n<p><br \/>\n<\/p>\n<p><span style=\"font-weight: 400;\">Inicia tu consulta con un agente especialista en Canad\u00e1\u00a0 <\/span><\/p>\n<p><br \/>\n<\/p>\n<p><br \/>\n<\/p>\n<p><\/p>\n<p><br \/>\n<span style=\"font-weight: 400;\"><\/span><br \/>\n<\/p>\n<p><\/p>\n<p><br \/>\n<\/p>\n","protected":false},"excerpt":{"rendered":"<p>\u00a1Promociones imperdibles de Diciembre! Nuestros consultores est\u00e1n disponibles para ayudarte. \u00a1Haz clic en el bot\u00f3n de abajo para aprovechar las promociones v\u00e1lidas hasta el 31 de diciembre! A continuaci\u00f3n, te mostramos una lista de programas que permiten estudiar y trabajar en Canad\u00e1 por tiempo determinado. \u00a1Estos cursos tienen varias opciones de inicio, con la posibilidad [&hellip;]<\/p>\n","protected":false},"author":29,"featured_media":0,"parent":354781,"menu_order":0,"comment_status":"closed","ping_status":"closed","template":"template-blank.php","meta":{"footnotes":""},"class_list":["post-384703","page","type-page","status-publish","hentry","post-wrapper","thrv_wrapper"],"yoast_head":"<!-- This site is optimized with the Yoast SEO Premium plugin v20.0 (Yoast SEO v24.9) - https:\/\/yoast.com\/wordpress\/plugins\/seo\/ -->\n<title>Diciembre 2020 Vocacionales - Correct | Interc\u00e2mbio no Canad\u00e1 - 3RA Interc\u00e2mbio<\/title>\n<meta name=\"description\" content=\"\u00a1Promociones imperdibles de Diciembre! Nuestros consultores est\u00e1n disponibles para ayudarte. \u00a1Haz clic en el bot\u00f3n de abajo para aprovechar las\" \/>\n<meta name=\"robots\" content=\"index, follow, max-snippet:-1, max-image-preview:large, max-video-preview:-1\" \/>\n<link rel=\"canonical\" href=\"https:\/\/3raintercambio.com\/es\/lp\/vocacionales-diciembre-2020\/\" \/>\n<meta property=\"og:locale\" content=\"es_ES\" \/>\n<meta property=\"og:type\" content=\"article\" \/>\n<meta property=\"og:title\" content=\"Diciembre 2020 Vocacionales - Correct\" \/>\n<meta property=\"og:description\" content=\"\u00a1Promociones imperdibles de Diciembre! Nuestros consultores est\u00e1n disponibles para ayudarte. \u00a1Haz clic en el bot\u00f3n de abajo para aprovechar las\" \/>\n<meta property=\"og:url\" content=\"https:\/\/3raintercambio.com\/es\/lp\/vocacionales-diciembre-2020\/\" \/>\n<meta property=\"og:site_name\" content=\"Interc\u00e2mbio no Canad\u00e1 - 3RA Interc\u00e2mbio\" \/>\n<meta property=\"article:publisher\" content=\"https:\/\/www.facebook.com\/3ragroup\" \/>\n<meta property=\"article:modified_time\" content=\"2020-12-21T19:00:21+00:00\" \/>\n<meta name=\"twitter:card\" content=\"summary_large_image\" \/>\n<meta name=\"twitter:site\" content=\"@3raintercambio\" \/>\n<meta name=\"twitter:label1\" content=\"Tiempo de lectura\" \/>\n\t<meta name=\"twitter:data1\" content=\"24 minutos\" \/>\n<script type=\"application\/ld+json\" class=\"yoast-schema-graph\">{\"@context\":\"https:\/\/schema.org\",\"@graph\":[{\"@type\":\"WebPage\",\"@id\":\"https:\/\/3raintercambio.com\/es\/lp\/vocacionales-diciembre-2020\/\",\"url\":\"https:\/\/3raintercambio.com\/es\/lp\/vocacionales-diciembre-2020\/\",\"name\":\"Diciembre 2020 Vocacionales - Correct | Interc\u00e2mbio no Canad\u00e1 - 3RA Interc\u00e2mbio\",\"isPartOf\":{\"@id\":\"https:\/\/www.3raintercambio.com\/es\/#website\"},\"datePublished\":\"2020-12-04T22:03:11+00:00\",\"dateModified\":\"2020-12-21T19:00:21+00:00\",\"description\":\"\u00a1Promociones imperdibles de Diciembre! Nuestros consultores est\u00e1n disponibles para ayudarte. \u00a1Haz clic en el bot\u00f3n de abajo para aprovechar las\",\"breadcrumb\":{\"@id\":\"https:\/\/3raintercambio.com\/es\/lp\/vocacionales-diciembre-2020\/#breadcrumb\"},\"inLanguage\":\"es\",\"potentialAction\":[{\"@type\":\"ReadAction\",\"target\":[\"https:\/\/3raintercambio.com\/es\/lp\/vocacionales-diciembre-2020\/\"]}]},{\"@type\":\"BreadcrumbList\",\"@id\":\"https:\/\/3raintercambio.com\/es\/lp\/vocacionales-diciembre-2020\/#breadcrumb\",\"itemListElement\":[{\"@type\":\"ListItem\",\"position\":1,\"name\":\"Portada\",\"item\":\"https:\/\/www.3raintercambio.com\/es\/\"},{\"@type\":\"ListItem\",\"position\":2,\"name\":\"Landing Page\",\"item\":\"https:\/\/3raintercambio.com\/es\/lp\/\"},{\"@type\":\"ListItem\",\"position\":3,\"name\":\"Diciembre 2020 Vocacionales &#8211; Correct\"}]},{\"@type\":\"WebSite\",\"@id\":\"https:\/\/www.3raintercambio.com\/es\/#website\",\"url\":\"https:\/\/www.3raintercambio.com\/es\/\",\"name\":\"Interc\u00e2mbio no Canad\u00e1 - 3RA Interc\u00e2mbio\",\"description\":\"Interc\u00e2mbio em Vancouver, Toronto, Calgary, Quebec\",\"publisher\":{\"@id\":\"https:\/\/www.3raintercambio.com\/es\/#organization\"},\"potentialAction\":[{\"@type\":\"SearchAction\",\"target\":{\"@type\":\"EntryPoint\",\"urlTemplate\":\"https:\/\/www.3raintercambio.com\/es\/?s={search_term_string}\"},\"query-input\":{\"@type\":\"PropertyValueSpecification\",\"valueRequired\":true,\"valueName\":\"search_term_string\"}}],\"inLanguage\":\"es\"},{\"@type\":\"Organization\",\"@id\":\"https:\/\/www.3raintercambio.com\/es\/#organization\",\"name\":\"3RA Educa\u00e7\u00e3o Superior no Canad\u00e1\",\"url\":\"https:\/\/www.3raintercambio.com\/es\/\",\"logo\":{\"@type\":\"ImageObject\",\"inLanguage\":\"es\",\"@id\":\"https:\/\/www.3raintercambio.com\/es\/#\/schema\/logo\/image\/\",\"url\":\"https:\/\/3raintercambio.com\/wp-content\/uploads\/2021\/06\/3RA-logo-oficial.png\",\"contentUrl\":\"https:\/\/3raintercambio.com\/wp-content\/uploads\/2021\/06\/3RA-logo-oficial.png\",\"width\":454,\"height\":150,\"caption\":\"3RA Educa\u00e7\u00e3o Superior no Canad\u00e1\"},\"image\":{\"@id\":\"https:\/\/www.3raintercambio.com\/es\/#\/schema\/logo\/image\/\"},\"sameAs\":[\"https:\/\/www.facebook.com\/3ragroup\",\"https:\/\/x.com\/3raintercambio\",\"https:\/\/www.instagram.com\/3raintercambio\",\"https:\/\/www.youtube.com\/3raintercambio\"]}]}<\/script>\n<!-- \/ Yoast SEO Premium plugin. -->","yoast_head_json":{"title":"Diciembre 2020 Vocacionales - Correct | Interc\u00e2mbio no Canad\u00e1 - 3RA Interc\u00e2mbio","description":"\u00a1Promociones imperdibles de Diciembre! Nuestros consultores est\u00e1n disponibles para ayudarte. \u00a1Haz clic en el bot\u00f3n de abajo para aprovechar las","robots":{"index":"index","follow":"follow","max-snippet":"max-snippet:-1","max-image-preview":"max-image-preview:large","max-video-preview":"max-video-preview:-1"},"canonical":"https:\/\/3raintercambio.com\/es\/lp\/vocacionales-diciembre-2020\/","og_locale":"es_ES","og_type":"article","og_title":"Diciembre 2020 Vocacionales - Correct","og_description":"\u00a1Promociones imperdibles de Diciembre! Nuestros consultores est\u00e1n disponibles para ayudarte. \u00a1Haz clic en el bot\u00f3n de abajo para aprovechar las","og_url":"https:\/\/3raintercambio.com\/es\/lp\/vocacionales-diciembre-2020\/","og_site_name":"Interc\u00e2mbio no Canad\u00e1 - 3RA Interc\u00e2mbio","article_publisher":"https:\/\/www.facebook.com\/3ragroup","article_modified_time":"2020-12-21T19:00:21+00:00","twitter_card":"summary_large_image","twitter_site":"@3raintercambio","twitter_misc":{"Tiempo de lectura":"24 minutos"},"schema":{"@context":"https:\/\/schema.org","@graph":[{"@type":"WebPage","@id":"https:\/\/3raintercambio.com\/es\/lp\/vocacionales-diciembre-2020\/","url":"https:\/\/3raintercambio.com\/es\/lp\/vocacionales-diciembre-2020\/","name":"Diciembre 2020 Vocacionales - Correct | Interc\u00e2mbio no Canad\u00e1 - 3RA Interc\u00e2mbio","isPartOf":{"@id":"https:\/\/www.3raintercambio.com\/es\/#website"},"datePublished":"2020-12-04T22:03:11+00:00","dateModified":"2020-12-21T19:00:21+00:00","description":"\u00a1Promociones imperdibles de Diciembre! Nuestros consultores est\u00e1n disponibles para ayudarte. \u00a1Haz clic en el bot\u00f3n de abajo para aprovechar las","breadcrumb":{"@id":"https:\/\/3raintercambio.com\/es\/lp\/vocacionales-diciembre-2020\/#breadcrumb"},"inLanguage":"es","potentialAction":[{"@type":"ReadAction","target":["https:\/\/3raintercambio.com\/es\/lp\/vocacionales-diciembre-2020\/"]}]},{"@type":"BreadcrumbList","@id":"https:\/\/3raintercambio.com\/es\/lp\/vocacionales-diciembre-2020\/#breadcrumb","itemListElement":[{"@type":"ListItem","position":1,"name":"Portada","item":"https:\/\/www.3raintercambio.com\/es\/"},{"@type":"ListItem","position":2,"name":"Landing Page","item":"https:\/\/3raintercambio.com\/es\/lp\/"},{"@type":"ListItem","position":3,"name":"Diciembre 2020 Vocacionales &#8211; Correct"}]},{"@type":"WebSite","@id":"https:\/\/www.3raintercambio.com\/es\/#website","url":"https:\/\/www.3raintercambio.com\/es\/","name":"Interc\u00e2mbio no Canad\u00e1 - 3RA Interc\u00e2mbio","description":"Interc\u00e2mbio em Vancouver, Toronto, Calgary, Quebec","publisher":{"@id":"https:\/\/www.3raintercambio.com\/es\/#organization"},"potentialAction":[{"@type":"SearchAction","target":{"@type":"EntryPoint","urlTemplate":"https:\/\/www.3raintercambio.com\/es\/?s={search_term_string}"},"query-input":{"@type":"PropertyValueSpecification","valueRequired":true,"valueName":"search_term_string"}}],"inLanguage":"es"},{"@type":"Organization","@id":"https:\/\/www.3raintercambio.com\/es\/#organization","name":"3RA Educa\u00e7\u00e3o Superior no Canad\u00e1","url":"https:\/\/www.3raintercambio.com\/es\/","logo":{"@type":"ImageObject","inLanguage":"es","@id":"https:\/\/www.3raintercambio.com\/es\/#\/schema\/logo\/image\/","url":"https:\/\/3raintercambio.com\/wp-content\/uploads\/2021\/06\/3RA-logo-oficial.png","contentUrl":"https:\/\/3raintercambio.com\/wp-content\/uploads\/2021\/06\/3RA-logo-oficial.png","width":454,"height":150,"caption":"3RA Educa\u00e7\u00e3o Superior no Canad\u00e1"},"image":{"@id":"https:\/\/www.3raintercambio.com\/es\/#\/schema\/logo\/image\/"},"sameAs":["https:\/\/www.facebook.com\/3ragroup","https:\/\/x.com\/3raintercambio","https:\/\/www.instagram.com\/3raintercambio","https:\/\/www.youtube.com\/3raintercambio"]}]}},"_links":{"self":[{"href":"https:\/\/3raintercambio.com\/es\/wp-json\/wp\/v2\/pages\/384703","targetHints":{"allow":["GET"]}}],"collection":[{"href":"https:\/\/3raintercambio.com\/es\/wp-json\/wp\/v2\/pages"}],"about":[{"href":"https:\/\/3raintercambio.com\/es\/wp-json\/wp\/v2\/types\/page"}],"author":[{"embeddable":true,"href":"https:\/\/3raintercambio.com\/es\/wp-json\/wp\/v2\/users\/29"}],"replies":[{"embeddable":true,"href":"https:\/\/3raintercambio.com\/es\/wp-json\/wp\/v2\/comments?post=384703"}],"version-history":[{"count":0,"href":"https:\/\/3raintercambio.com\/es\/wp-json\/wp\/v2\/pages\/384703\/revisions"}],"up":[{"embeddable":true,"href":"https:\/\/3raintercambio.com\/es\/wp-json\/wp\/v2\/pages\/354781"}],"wp:attachment":[{"href":"https:\/\/3raintercambio.com\/es\/wp-json\/wp\/v2\/media?parent=384703"}],"curies":[{"name":"wp","href":"https:\/\/api.w.org\/{rel}","templated":true}]}}