{"id":384653,"date":"2020-12-07T11:41:58","date_gmt":"2020-12-07T19:41:58","guid":{"rendered":"https:\/\/3raintercambio.com\/lp\/diciembre-2020-publicos\/"},"modified":"2020-12-09T12:21:15","modified_gmt":"2020-12-09T20:21:15","slug":"diciembre-2020-publicos","status":"publish","type":"page","link":"https:\/\/3raintercambio.com\/es\/lp\/diciembre-2020-publicos\/","title":{"rendered":"Diciembre 2020 P\u00fablicos-Correct"},"content":{"rendered":"<p><br \/>\n<\/p>\n<p><\/p>\n<p><br \/>\n<\/p>\n<p><br \/>\n<\/p>\n<p><\/p>\n<h2 style=\"text-align: center;\"><strong>\u00a1<\/strong>Inscripciones Abiertas para Colleges P\u00fablicos en Canad\u00e1!<\/h2>\n<p><\/p>\n<p><br \/>\n<span style=\"font-weight: 400;\">Nuestros consultores est\u00e1n disponibles para ayudarte.<br \/>\n<\/span><span style=\"font-weight: 400;\">\u00a1Haz clic en el bot\u00f3n de abajo para aprovechar las promociones v\u00e1lidas hasta el 31 de diciembre!<\/span><br \/>\n<br \/>\n<\/p>\n<p><br \/>\n<\/p>\n<p><br \/>\n<span style=\"font-weight: 400;\">A continuaci\u00f3n, te mostramos una lista de programas de estudio en universidades p\u00fablicas de Canad\u00e1 a partir de septiembre de 2021.<\/span><\/p>\n<p><span style=\"font-weight: 400;\">\u00a1Estos son los principales programas que ofrecen PGWP en Canad\u00e1!<\/span><\/p>\n<p><span style=\"font-weight: 400;\">Ponte en contacto ahora con un consultor de 3RA para asegurar tu inscripci\u00f3n.<\/span><br \/>\n<\/p>\n<p><br \/>\n<\/p>\n<p><\/p>\n<p><\/p>\n<p><\/p>\n<h3 style=\"text-align: center;\"><strong>COLLEGES P\u00daBLICOS CON ENTRADA EN SEPTIEMBRE 2021:<\/strong><\/h3>\n<p><\/p>\n<p><br \/>\n<\/p>\n<p><br \/>\nGreen Business Management<br \/>\n<\/p>\n<p><\/p>\n<p><br \/>\n<strong><b><span style=\"color: #ff0000;\">Posgrado<\/span><\/b><\/strong><br \/>\n<\/p>\n<p><\/p>\n<p><br \/>\n<b><span style=\"color: #ff0000;\">Vancouver<\/span><\/b><br \/>\n<\/p>\n<p><\/p>\n<p><br \/>\n<span style=\"font-weight: 400;\"><strong>2 a\u00f1os<\/strong> de duraci\u00f3n<\/span><br \/>\n<\/p>\n<p><br \/>\n<\/p>\n<p><br \/>\n<\/p>\n<p><br \/>\nAdvanced Human Resource Management<br \/>\n<\/p>\n<p><\/p>\n<p><br \/>\n<b><span style=\"color: #ff0000;\">Vancouver<\/span><\/b><br \/>\n<\/p>\n<p><\/p>\n<p><br \/>\n<strong><b><span style=\"color: #ff0000;\">Posgrado<\/span><\/b><\/strong><br \/>\n<\/p>\n<p><\/p>\n<p><br \/>\n<span style=\"font-weight: 400;\"><strong>2 a\u00f1os<\/strong> de duraci\u00f3n<\/span><br \/>\n<\/p>\n<p><br \/>\n<\/p>\n<p><br \/>\n<\/p>\n<p><br \/>\nProject Management<br \/>\n<\/p>\n<p><\/p>\n<p><br \/>\n<strong><b><span style=\"color: #ff0000;\">Posgrado<\/span><\/b><\/strong><br \/>\n<\/p>\n<p><\/p>\n<p><br \/>\n<b><span style=\"color: #ff0000;\">Vancouver, Toronto, entre otras<\/span><\/b><br \/>\n<\/p>\n<p><\/p>\n<p><br \/>\n<span style=\"font-weight: 400;\"><strong>1 a\u00f1o<\/strong> de duraci\u00f3n<\/span><br \/>\n<\/p>\n<p><br \/>\n<\/p>\n<p><br \/>\n<\/p>\n<p><br \/>\nSupply Chain and Logistics<br \/>\n<\/p>\n<p><\/p>\n<p><br \/>\n<strong><b><span style=\"color: #ff0000;\">Posgrado<\/span><\/b><\/strong><br \/>\n<\/p>\n<p><\/p>\n<p><br \/>\n<b><span style=\"color: #ff0000;\">Vancouver<\/span><\/b><br \/>\n<\/p>\n<p><\/p>\n<p><br \/>\n<span style=\"font-weight: 400;\"><strong>2 a\u00f1os<\/strong> de duraci\u00f3n<\/span><br \/>\n<\/p>\n<p><br \/>\n<\/p>\n<p><br \/>\n<\/p>\n<p><br \/>\nStrategic Management- Accounting<br \/>\n<\/p>\n<p><\/p>\n<p><br \/>\n<strong><b><span style=\"color: #ff0000;\">Posgrado<\/span><\/b><\/strong><br \/>\n<\/p>\n<p><\/p>\n<p><br \/>\n<b><span style=\"color: #ff0000;\">Toronto<\/span><\/b><br \/>\n<\/p>\n<p><\/p>\n<p><br \/>\n<span style=\"font-weight: 400;\"><strong>2 a\u00f1os<\/strong> de duraci\u00f3n<\/span><br \/>\n<\/p>\n<p><br \/>\n<\/p>\n<p><br \/>\n<\/p>\n<p><br \/>\n<span aria-invalid=\"spelling\">Health Care<\/span>\u00a0Administration and Service Management<br \/>\n<\/p>\n<p><\/p>\n<p><br \/>\n<strong><b><span style=\"color: #ff0000;\">Posgrado<\/span><\/b><\/strong><br \/>\n<\/p>\n<p><\/p>\n<p><br \/>\n<b><span style=\"color: #ff0000;\">Toronto<\/span><\/b><br \/>\n<\/p>\n<p><\/p>\n<p><br \/>\n<span style=\"font-weight: 400;\"><strong>2 a\u00f1os<\/strong> de duraci\u00f3n<\/span><br \/>\n<\/p>\n<p><br \/>\n<\/p>\n<p><br \/>\n<\/p>\n<p><br \/>\nApplied Planning<br \/>\n<\/p>\n<p><\/p>\n<p><br \/>\n<strong><b><span style=\"color: #ff0000;\">Posgrado<\/span><\/b><\/strong><br \/>\n<\/p>\n<p><\/p>\n<p><br \/>\n<b><span style=\"color: #ff0000;\">Vancouver<\/span><\/b><br \/>\n<\/p>\n<p><\/p>\n<p><br \/>\n<span style=\"font-weight: 400;\"><strong>2 a\u00f1os<\/strong> de duraci\u00f3n<\/span><br \/>\n<\/p>\n<p><br \/>\n<\/p>\n<p><br \/>\n<\/p>\n<p><br \/>\nConstruction Management<br \/>\n<\/p>\n<p><\/p>\n<p><br \/>\n<strong><b><span style=\"color: #ff0000;\">Posgrado<\/span><\/b><\/strong><br \/>\n<\/p>\n<p><\/p>\n<p><br \/>\n<b><span style=\"color: #ff0000;\">Toronto<\/span><\/b><br \/>\n<\/p>\n<p><\/p>\n<p><br \/>\n<span style=\"font-weight: 400;\"><strong>1 a\u00f1o<\/strong> de duraci\u00f3n<\/span><br \/>\n<\/p>\n<p><br \/>\n<\/p>\n<p><br \/>\n<\/p>\n<p><br \/>\nDatabase Application Developer<br \/>\n<\/p>\n<p><\/p>\n<p><br \/>\n<strong><b><span style=\"color: #ff0000;\">Posgrado<\/span><\/b><\/strong><br \/>\n<\/p>\n<p><\/p>\n<p><br \/>\n<b><span style=\"color: #ff0000;\">Toronto<\/span><\/b><br \/>\n<\/p>\n<p><\/p>\n<p><br \/>\n<span style=\"font-weight: 400;\"><strong>1 a\u00f1o<\/strong> de duraci\u00f3n<\/span><br \/>\n<\/p>\n<p><br \/>\n<\/p>\n<p><br \/>\n<\/p>\n<p><br \/>\nArtificial Intelligence &amp; Machine Learning<br \/>\n<\/p>\n<p><\/p>\n<p><br \/>\n<strong><b><span style=\"color: #ff0000;\">Posgrado<\/span><\/b><\/strong><br \/>\n<\/p>\n<p><\/p>\n<p><br \/>\n<b><span style=\"color: #ff0000;\">Toronto<\/span><\/b><br \/>\n<\/p>\n<p><\/p>\n<p><br \/>\n<span style=\"font-weight: 400;\"><strong>2 a\u00f1os<\/strong> de duraci\u00f3n<\/span><br \/>\n<\/p>\n<p><br \/>\n<\/p>\n<p><br \/>\n<\/p>\n<p><br \/>\nUser Experience (UX) Design<br \/>\n<\/p>\n<p><\/p>\n<p><br \/>\n<strong><b><span style=\"color: #ff0000;\">Posgrado<\/span><\/b><\/strong><br \/>\n<\/p>\n<p><\/p>\n<p><br \/>\n<b><span style=\"color: #ff0000;\">Toronto<\/span><\/b><br \/>\n<\/p>\n<p><\/p>\n<p><br \/>\n<span style=\"font-weight: 400;\"><strong>1 a\u00f1o<\/strong> de duraci\u00f3n<\/span><br \/>\n<\/p>\n<p><br \/>\n<\/p>\n<p><br \/>\n<\/p>\n<p><br \/>\nHealth Care and Practice and Management<br \/>\n<\/p>\n<p><\/p>\n<p><br \/>\n<strong><b><span style=\"color: #ff0000;\">Posgrado<\/span><\/b><\/strong><br \/>\n<\/p>\n<p><\/p>\n<p><br \/>\n<b><span style=\"color: #ff0000;\">Vancouver<\/span><\/b><br \/>\n<\/p>\n<p><\/p>\n<p><br \/>\n<span style=\"font-weight: 400;\"><strong>2 a\u00f1os<\/strong> de duraci\u00f3n<\/span><br \/>\n<\/p>\n<p><br \/>\n<\/p>\n<p><br \/>\n<\/p>\n<p><br \/>\nMBA Business<br \/>\n<\/p>\n<p><\/p>\n<p><br \/>\n<span style=\"font-weight: 400;\"><b><span style=\"color: #ff0000;\">Maestr\u00eda<\/span><\/b><\/span><br \/>\n<\/p>\n<p><\/p>\n<p><br \/>\n<b><span style=\"color: #ff0000;\">Vancouver<\/span><\/b><br \/>\n<\/p>\n<p><\/p>\n<p><br \/>\n<span style=\"font-weight: 400;\"><strong>2 a\u00f1os<\/strong> de duraci\u00f3n<\/span><br \/>\n<\/p>\n<p><br \/>\n<\/p>\n<p><br \/>\n<\/p>\n<p><br \/>\nEnergy Management<br \/>\n<\/p>\n<p><\/p>\n<p><br \/>\n<span style=\"font-weight: 400;\"><b><span style=\"color: #ff0000;\">Maestr\u00eda<\/span><\/b><\/span><br \/>\n<\/p>\n<p><\/p>\n<p><br \/>\n<b><span style=\"color: #ff0000;\">Vancouver<\/span><\/b><br \/>\n<\/p>\n<p><\/p>\n<p><br \/>\n<span style=\"font-weight: 400;\"><strong>2 a\u00f1os<\/strong> de duraci\u00f3n<\/span><br \/>\n<\/p>\n<p><br \/>\n<\/p>\n<p><br \/>\n<\/p>\n<p><br \/>\nCyber Security<br \/>\n<\/p>\n<p><\/p>\n<p><br \/>\n<span style=\"font-weight: 400;\"><b><span style=\"color: #ff0000;\">Maestr\u00eda<\/span><\/b><\/span><br \/>\n<\/p>\n<p><\/p>\n<p><br \/>\n<b><span style=\"color: #ff0000;\">Vancouver<\/span><\/b><br \/>\n<\/p>\n<p><\/p>\n<p><br \/>\n<span style=\"font-weight: 400;\"><strong>2 a\u00f1os<\/strong> de duraci\u00f3n<\/span><br \/>\n<\/p>\n<p><br \/>\n<\/p>\n<p><br \/>\n<\/p>\n<p><br \/>\nMarketing Management<br \/>\n<\/p>\n<p><\/p>\n<p><br \/>\n<b><span style=\"color: #ff0000;\">Diploma y Pos<\/span><\/b><br \/>\n<\/p>\n<p><\/p>\n<p><br \/>\n<b><span style=\"color: #ff0000;\">Vancouver, Toronto, entre otras<\/span><\/b><br \/>\n<\/p>\n<p><\/p>\n<p><br \/>\n<span style=\"font-weight: 400;\"><strong>1 o 2 a\u00f1os<\/strong> de duraci\u00f3n<\/span><br \/>\n<\/p>\n<p><br \/>\n<\/p>\n<p><br \/>\n<\/p>\n<p><br \/>\nBusiness Administration<br \/>\n<\/p>\n<p><\/p>\n<p><br \/>\n<b><span style=\"color: #ff0000;\">Diploma<\/span><\/b><br \/>\n<\/p>\n<p><\/p>\n<p><br \/>\n<b><span style=\"color: #ff0000;\">Victoria<\/span><\/b><br \/>\n<\/p>\n<p><\/p>\n<p><br \/>\n<span style=\"font-weight: 400;\"><strong>2 a\u00f1os<\/strong> de duraci\u00f3n<\/span><br \/>\n<\/p>\n<p><br \/>\n<\/p>\n<p><br \/>\n<\/p>\n<p><br \/>\nAdvanced Accounting in Canada<br \/>\n<\/p>\n<p><\/p>\n<p><br \/>\n<b><span style=\"color: #ff0000;\">Diploma<\/span><\/b><br \/>\n<\/p>\n<p><\/p>\n<p><br \/>\n<b><span style=\"color: #ff0000;\">Vancouver<\/span><\/b><br \/>\n<\/p>\n<p><\/p>\n<p><br \/>\n<span style=\"font-weight: 400;\"><strong>2 a\u00f1os<\/strong> de duraci\u00f3n<\/span><br \/>\n<\/p>\n<p><br \/>\n<\/p>\n<p><br \/>\n<\/p>\n<p><br \/>\nEarly Childhood Education<br \/>\n<\/p>\n<p><\/p>\n<p><br \/>\n<b><span style=\"color: #ff0000;\">Diploma<\/span><\/b><br \/>\n<\/p>\n<p><\/p>\n<p><br \/>\n<b><span style=\"color: #ff0000;\">Vancouver, Toronto, entre otras<\/span><\/b><br \/>\n<\/p>\n<p><\/p>\n<p><br \/>\n<span style=\"font-weight: 400;\"><strong>2 a\u00f1os<\/strong> de duraci\u00f3n<\/span><br \/>\n<\/p>\n<p><br \/>\n<\/p>\n<p><br \/>\n<\/p>\n<p><br \/>\nIllustration<br \/>\n<\/p>\n<p><\/p>\n<p><br \/>\n<b><span style=\"color: #ff0000;\">Diploma<\/span><\/b><br \/>\n<\/p>\n<p><\/p>\n<p><br \/>\n<b><span style=\"color: #ff0000;\">Toronto<\/span><\/b><br \/>\n<\/p>\n<p><\/p>\n<p><br \/>\n<span style=\"font-weight: 400;\"><strong>2 a\u00f1os<\/strong> de duraci\u00f3n<\/span><br \/>\n<\/p>\n<p><br \/>\n<\/p>\n<p><br \/>\n<\/p>\n<p><br \/>\nFitness and Health Promotion<br \/>\n<\/p>\n<p><\/p>\n<p><br \/>\n<b><span style=\"color: #ff0000;\">Diploma<\/span><\/b><br \/>\n<\/p>\n<p><\/p>\n<p><br \/>\n<b><span style=\"color: #ff0000;\">Toronto<\/span><\/b><br \/>\n<\/p>\n<p><\/p>\n<p><br \/>\n<span style=\"font-weight: 400;\"><strong>2 a\u00f1os<\/strong> de duraci\u00f3n<\/span><br \/>\n<\/p>\n<p><br \/>\n<\/p>\n<p><br \/>\n<\/p>\n<p><br \/>\nComputer Programmer<br \/>\n<\/p>\n<p><\/p>\n<p><br \/>\n<b><span style=\"color: #ff0000;\">Diploma<\/span><\/b><br \/>\n<\/p>\n<p><\/p>\n<p><br \/>\n<b><span style=\"color: #ff0000;\">Toronto<\/span><\/b><br \/>\n<\/p>\n<p><\/p>\n<p><br \/>\n<span style=\"font-weight: 400;\"><strong>2 a\u00f1os<\/strong> de duraci\u00f3n<\/span><br \/>\n<\/p>\n<p><br \/>\n<\/p>\n<p><br \/>\n<\/p>\n<p><br \/>\nCivil Engineering Technician<br \/>\n<\/p>\n<p><\/p>\n<p><br \/>\n<b><span style=\"color: #ff0000;\">Diploma<\/span><\/b><br \/>\n<\/p>\n<p><\/p>\n<p><br \/>\n<b><span style=\"color: #ff0000;\">Toronto<\/span><\/b><br \/>\n<\/p>\n<p><\/p>\n<p><br \/>\n<span style=\"font-weight: 400;\"><strong>2 a\u00f1os<\/strong> de duraci\u00f3n<\/span><br \/>\n<\/p>\n<p><br \/>\n<\/p>\n<p><br \/>\n<\/p>\n<p><br \/>\nInteractive Media Design<br \/>\n<\/p>\n<p><\/p>\n<p><br \/>\n<b><span style=\"color: #ff0000;\">Diploma<\/span><\/b><br \/>\n<\/p>\n<p><\/p>\n<p><br \/>\n<b><span style=\"color: #ff0000;\">Toronto<\/span><\/b><br \/>\n<\/p>\n<p><\/p>\n<p><br \/>\n<span style=\"font-weight: 400;\"><strong>2 a\u00f1os<\/strong> de duraci\u00f3n<\/span><br \/>\n<\/p>\n<p><br \/>\n<\/p>\n<p><br \/>\n<\/p>\n<p><br \/>\nNutrition and Food Service Management<br \/>\n<\/p>\n<p><\/p>\n<p><br \/>\n<b><span style=\"color: #ff0000;\">Diploma<\/span><\/b><br \/>\n<\/p>\n<p><\/p>\n<p><br \/>\n<b><span style=\"color: #ff0000;\">Vancouver y Toronto<\/span><\/b><br \/>\n<\/p>\n<p><\/p>\n<p><br \/>\n<span style=\"font-weight: 400;\"><strong>2 a\u00f1os<\/strong> de duraci\u00f3n<\/span><br \/>\n<\/p>\n<p><br \/>\n<\/p>\n<p><br \/>\n<\/p>\n<p><br \/>\nE-Commerce and Online Business Management<br \/>\n<\/p>\n<p><\/p>\n<p><br \/>\n<b><span style=\"color: #ff0000;\">Diploma<\/span><\/b><br \/>\n<\/p>\n<p><\/p>\n<p><br \/>\n<b><span style=\"color: #ff0000;\">Montreal<\/span><\/b><br \/>\n<\/p>\n<p><\/p>\n<p><br \/>\n<span style=\"font-weight: 400;\"><strong>2 a\u00f1os<\/strong> de duraci\u00f3n<\/span><br \/>\n<\/p>\n<p><br \/>\n<\/p>\n<p><br \/>\n<\/p>\n<p><br \/>\nAudio and Video Post-Production<br \/>\n<\/p>\n<p><\/p>\n<p><br \/>\n<b><span style=\"color: #ff0000;\">Diploma<\/span><\/b><br \/>\n<\/p>\n<p><\/p>\n<p><br \/>\n<b><span style=\"color: #ff0000;\">Montreal<\/span><\/b><br \/>\n<\/p>\n<p><\/p>\n<p><br \/>\n<span style=\"font-weight: 400;\"><strong>2 a\u00f1os<\/strong> de duraci\u00f3n<\/span><br \/>\n<\/p>\n<p><br \/>\n<\/p>\n<p><br \/>\n<br \/>\n<span style=\"font-weight: 400;\">Inicia tu consulta con un agente especialista en Canad\u00e1 <\/span><br \/>\n<br \/>\n<\/p>\n<p><br \/>\n<\/p>\n<p><\/p>\n<p><br \/>\n<br \/>\n<\/p>\n<p><\/p>\n<p><br \/>\n<\/p>\n","protected":false},"excerpt":{"rendered":"<p>\u00a1Inscripciones Abiertas para Colleges P\u00fablicos en Canad\u00e1! Nuestros consultores est\u00e1n disponibles para ayudarte. \u00a1Haz clic en el bot\u00f3n de abajo para aprovechar las promociones v\u00e1lidas hasta el 31 de diciembre! A continuaci\u00f3n, te mostramos una lista de programas de estudio en universidades p\u00fablicas de Canad\u00e1 a partir de septiembre de 2021. \u00a1Estos son los principales [&hellip;]<\/p>\n","protected":false},"author":29,"featured_media":0,"parent":354781,"menu_order":0,"comment_status":"closed","ping_status":"closed","template":"template-blank.php","meta":{"footnotes":""},"class_list":["post-384653","page","type-page","status-publish","hentry","post-wrapper","thrv_wrapper"],"yoast_head":"<!-- This site is optimized with the Yoast SEO Premium plugin v20.0 (Yoast SEO v24.9) - https:\/\/yoast.com\/wordpress\/plugins\/seo\/ -->\n<title>Diciembre 2020 P\u00fablicos-Correct | Interc\u00e2mbio no Canad\u00e1 - 3RA Interc\u00e2mbio<\/title>\n<meta name=\"description\" content=\"\u00a1Inscripciones Abiertas para Colleges P\u00fablicos en Canad\u00e1! Nuestros consultores est\u00e1n disponibles para ayudarte. \u00a1Haz clic en el bot\u00f3n de abajo para\" \/>\n<meta name=\"robots\" content=\"index, follow, max-snippet:-1, max-image-preview:large, max-video-preview:-1\" \/>\n<link rel=\"canonical\" href=\"https:\/\/3raintercambio.com\/es\/lp\/diciembre-2020-publicos\/\" \/>\n<meta property=\"og:locale\" content=\"es_ES\" \/>\n<meta property=\"og:type\" content=\"article\" \/>\n<meta property=\"og:title\" content=\"Diciembre 2020 P\u00fablicos-Correct\" \/>\n<meta property=\"og:description\" content=\"\u00a1Inscripciones Abiertas para Colleges P\u00fablicos en Canad\u00e1! Nuestros consultores est\u00e1n disponibles para ayudarte. \u00a1Haz clic en el bot\u00f3n de abajo para\" \/>\n<meta property=\"og:url\" content=\"https:\/\/3raintercambio.com\/es\/lp\/diciembre-2020-publicos\/\" \/>\n<meta property=\"og:site_name\" content=\"Interc\u00e2mbio no Canad\u00e1 - 3RA Interc\u00e2mbio\" \/>\n<meta property=\"article:publisher\" content=\"https:\/\/www.facebook.com\/3ragroup\" \/>\n<meta property=\"article:modified_time\" content=\"2020-12-09T20:21:15+00:00\" \/>\n<meta name=\"twitter:card\" content=\"summary_large_image\" \/>\n<meta name=\"twitter:site\" content=\"@3raintercambio\" \/>\n<meta name=\"twitter:label1\" content=\"Tiempo de lectura\" \/>\n\t<meta name=\"twitter:data1\" content=\"68 minutos\" \/>\n<script type=\"application\/ld+json\" class=\"yoast-schema-graph\">{\"@context\":\"https:\/\/schema.org\",\"@graph\":[{\"@type\":\"WebPage\",\"@id\":\"https:\/\/3raintercambio.com\/es\/lp\/diciembre-2020-publicos\/\",\"url\":\"https:\/\/3raintercambio.com\/es\/lp\/diciembre-2020-publicos\/\",\"name\":\"Diciembre 2020 P\u00fablicos-Correct | Interc\u00e2mbio no Canad\u00e1 - 3RA Interc\u00e2mbio\",\"isPartOf\":{\"@id\":\"https:\/\/www.3raintercambio.com\/es\/#website\"},\"datePublished\":\"2020-12-07T19:41:58+00:00\",\"dateModified\":\"2020-12-09T20:21:15+00:00\",\"description\":\"\u00a1Inscripciones Abiertas para Colleges P\u00fablicos en Canad\u00e1! Nuestros consultores est\u00e1n disponibles para ayudarte. \u00a1Haz clic en el bot\u00f3n de abajo para\",\"breadcrumb\":{\"@id\":\"https:\/\/3raintercambio.com\/es\/lp\/diciembre-2020-publicos\/#breadcrumb\"},\"inLanguage\":\"es\",\"potentialAction\":[{\"@type\":\"ReadAction\",\"target\":[\"https:\/\/3raintercambio.com\/es\/lp\/diciembre-2020-publicos\/\"]}]},{\"@type\":\"BreadcrumbList\",\"@id\":\"https:\/\/3raintercambio.com\/es\/lp\/diciembre-2020-publicos\/#breadcrumb\",\"itemListElement\":[{\"@type\":\"ListItem\",\"position\":1,\"name\":\"Portada\",\"item\":\"https:\/\/www.3raintercambio.com\/es\/\"},{\"@type\":\"ListItem\",\"position\":2,\"name\":\"Landing Page\",\"item\":\"https:\/\/3raintercambio.com\/es\/lp\/\"},{\"@type\":\"ListItem\",\"position\":3,\"name\":\"Diciembre 2020 P\u00fablicos-Correct\"}]},{\"@type\":\"WebSite\",\"@id\":\"https:\/\/www.3raintercambio.com\/es\/#website\",\"url\":\"https:\/\/www.3raintercambio.com\/es\/\",\"name\":\"Interc\u00e2mbio no Canad\u00e1 - 3RA Interc\u00e2mbio\",\"description\":\"Interc\u00e2mbio em Vancouver, Toronto, Calgary, Quebec\",\"publisher\":{\"@id\":\"https:\/\/www.3raintercambio.com\/es\/#organization\"},\"potentialAction\":[{\"@type\":\"SearchAction\",\"target\":{\"@type\":\"EntryPoint\",\"urlTemplate\":\"https:\/\/www.3raintercambio.com\/es\/?s={search_term_string}\"},\"query-input\":{\"@type\":\"PropertyValueSpecification\",\"valueRequired\":true,\"valueName\":\"search_term_string\"}}],\"inLanguage\":\"es\"},{\"@type\":\"Organization\",\"@id\":\"https:\/\/www.3raintercambio.com\/es\/#organization\",\"name\":\"3RA Educa\u00e7\u00e3o Superior no Canad\u00e1\",\"url\":\"https:\/\/www.3raintercambio.com\/es\/\",\"logo\":{\"@type\":\"ImageObject\",\"inLanguage\":\"es\",\"@id\":\"https:\/\/www.3raintercambio.com\/es\/#\/schema\/logo\/image\/\",\"url\":\"https:\/\/3raintercambio.com\/wp-content\/uploads\/2021\/06\/3RA-logo-oficial.png\",\"contentUrl\":\"https:\/\/3raintercambio.com\/wp-content\/uploads\/2021\/06\/3RA-logo-oficial.png\",\"width\":454,\"height\":150,\"caption\":\"3RA Educa\u00e7\u00e3o Superior no Canad\u00e1\"},\"image\":{\"@id\":\"https:\/\/www.3raintercambio.com\/es\/#\/schema\/logo\/image\/\"},\"sameAs\":[\"https:\/\/www.facebook.com\/3ragroup\",\"https:\/\/x.com\/3raintercambio\",\"https:\/\/www.instagram.com\/3raintercambio\",\"https:\/\/www.youtube.com\/3raintercambio\"]}]}<\/script>\n<!-- \/ Yoast SEO Premium plugin. -->","yoast_head_json":{"title":"Diciembre 2020 P\u00fablicos-Correct | Interc\u00e2mbio no Canad\u00e1 - 3RA Interc\u00e2mbio","description":"\u00a1Inscripciones Abiertas para Colleges P\u00fablicos en Canad\u00e1! Nuestros consultores est\u00e1n disponibles para ayudarte. \u00a1Haz clic en el bot\u00f3n de abajo para","robots":{"index":"index","follow":"follow","max-snippet":"max-snippet:-1","max-image-preview":"max-image-preview:large","max-video-preview":"max-video-preview:-1"},"canonical":"https:\/\/3raintercambio.com\/es\/lp\/diciembre-2020-publicos\/","og_locale":"es_ES","og_type":"article","og_title":"Diciembre 2020 P\u00fablicos-Correct","og_description":"\u00a1Inscripciones Abiertas para Colleges P\u00fablicos en Canad\u00e1! Nuestros consultores est\u00e1n disponibles para ayudarte. \u00a1Haz clic en el bot\u00f3n de abajo para","og_url":"https:\/\/3raintercambio.com\/es\/lp\/diciembre-2020-publicos\/","og_site_name":"Interc\u00e2mbio no Canad\u00e1 - 3RA Interc\u00e2mbio","article_publisher":"https:\/\/www.facebook.com\/3ragroup","article_modified_time":"2020-12-09T20:21:15+00:00","twitter_card":"summary_large_image","twitter_site":"@3raintercambio","twitter_misc":{"Tiempo de lectura":"68 minutos"},"schema":{"@context":"https:\/\/schema.org","@graph":[{"@type":"WebPage","@id":"https:\/\/3raintercambio.com\/es\/lp\/diciembre-2020-publicos\/","url":"https:\/\/3raintercambio.com\/es\/lp\/diciembre-2020-publicos\/","name":"Diciembre 2020 P\u00fablicos-Correct | Interc\u00e2mbio no Canad\u00e1 - 3RA Interc\u00e2mbio","isPartOf":{"@id":"https:\/\/www.3raintercambio.com\/es\/#website"},"datePublished":"2020-12-07T19:41:58+00:00","dateModified":"2020-12-09T20:21:15+00:00","description":"\u00a1Inscripciones Abiertas para Colleges P\u00fablicos en Canad\u00e1! Nuestros consultores est\u00e1n disponibles para ayudarte. \u00a1Haz clic en el bot\u00f3n de abajo para","breadcrumb":{"@id":"https:\/\/3raintercambio.com\/es\/lp\/diciembre-2020-publicos\/#breadcrumb"},"inLanguage":"es","potentialAction":[{"@type":"ReadAction","target":["https:\/\/3raintercambio.com\/es\/lp\/diciembre-2020-publicos\/"]}]},{"@type":"BreadcrumbList","@id":"https:\/\/3raintercambio.com\/es\/lp\/diciembre-2020-publicos\/#breadcrumb","itemListElement":[{"@type":"ListItem","position":1,"name":"Portada","item":"https:\/\/www.3raintercambio.com\/es\/"},{"@type":"ListItem","position":2,"name":"Landing Page","item":"https:\/\/3raintercambio.com\/es\/lp\/"},{"@type":"ListItem","position":3,"name":"Diciembre 2020 P\u00fablicos-Correct"}]},{"@type":"WebSite","@id":"https:\/\/www.3raintercambio.com\/es\/#website","url":"https:\/\/www.3raintercambio.com\/es\/","name":"Interc\u00e2mbio no Canad\u00e1 - 3RA Interc\u00e2mbio","description":"Interc\u00e2mbio em Vancouver, Toronto, Calgary, Quebec","publisher":{"@id":"https:\/\/www.3raintercambio.com\/es\/#organization"},"potentialAction":[{"@type":"SearchAction","target":{"@type":"EntryPoint","urlTemplate":"https:\/\/www.3raintercambio.com\/es\/?s={search_term_string}"},"query-input":{"@type":"PropertyValueSpecification","valueRequired":true,"valueName":"search_term_string"}}],"inLanguage":"es"},{"@type":"Organization","@id":"https:\/\/www.3raintercambio.com\/es\/#organization","name":"3RA Educa\u00e7\u00e3o Superior no Canad\u00e1","url":"https:\/\/www.3raintercambio.com\/es\/","logo":{"@type":"ImageObject","inLanguage":"es","@id":"https:\/\/www.3raintercambio.com\/es\/#\/schema\/logo\/image\/","url":"https:\/\/3raintercambio.com\/wp-content\/uploads\/2021\/06\/3RA-logo-oficial.png","contentUrl":"https:\/\/3raintercambio.com\/wp-content\/uploads\/2021\/06\/3RA-logo-oficial.png","width":454,"height":150,"caption":"3RA Educa\u00e7\u00e3o Superior no Canad\u00e1"},"image":{"@id":"https:\/\/www.3raintercambio.com\/es\/#\/schema\/logo\/image\/"},"sameAs":["https:\/\/www.facebook.com\/3ragroup","https:\/\/x.com\/3raintercambio","https:\/\/www.instagram.com\/3raintercambio","https:\/\/www.youtube.com\/3raintercambio"]}]}},"_links":{"self":[{"href":"https:\/\/3raintercambio.com\/es\/wp-json\/wp\/v2\/pages\/384653","targetHints":{"allow":["GET"]}}],"collection":[{"href":"https:\/\/3raintercambio.com\/es\/wp-json\/wp\/v2\/pages"}],"about":[{"href":"https:\/\/3raintercambio.com\/es\/wp-json\/wp\/v2\/types\/page"}],"author":[{"embeddable":true,"href":"https:\/\/3raintercambio.com\/es\/wp-json\/wp\/v2\/users\/29"}],"replies":[{"embeddable":true,"href":"https:\/\/3raintercambio.com\/es\/wp-json\/wp\/v2\/comments?post=384653"}],"version-history":[{"count":0,"href":"https:\/\/3raintercambio.com\/es\/wp-json\/wp\/v2\/pages\/384653\/revisions"}],"up":[{"embeddable":true,"href":"https:\/\/3raintercambio.com\/es\/wp-json\/wp\/v2\/pages\/354781"}],"wp:attachment":[{"href":"https:\/\/3raintercambio.com\/es\/wp-json\/wp\/v2\/media?parent=384653"}],"curies":[{"name":"wp","href":"https:\/\/api.w.org\/{rel}","templated":true}]}}