{"id":384517,"date":"2020-11-23T09:07:26","date_gmt":"2020-11-23T17:07:26","guid":{"rendered":"https:\/\/3raintercambio.com\/?page_id=384517"},"modified":"2020-11-24T11:38:12","modified_gmt":"2020-11-24T19:38:12","slug":"black-friday-2020","status":"publish","type":"page","link":"https:\/\/3raintercambio.com\/es\/lp\/black-friday-2020\/","title":{"rendered":"Black Friday 2020"},"content":{"rendered":"<p><br \/>\n<br \/>\n<\/p>\n<p><br \/>\n<\/p>\n<p><\/p>\n<p style=\"text-align: center;\"><strong>\u00a1Mira los descuentos y aprovecha este especial de Cashback!<\/strong><\/p>\n<p><br \/>\n<\/p>\n<p><br \/>\n<br \/>\nInicia tu consulta con un agente especialista en Canad\u00e1<br \/>\n<br \/>\n<\/p>\n<p><br \/>\n<\/p>\n<p><\/p>\n<div>\n<p>\u00a1Lleg\u00f3 el tan esperado Black Friday y, por supuesto, nosotros en 3RA no nos quedaremos fuera de esto!<\/p>\n<p>Hemos preparado <strong>una serie de promociones imperdibles para ti, \u00a1que se acumular\u00e1n en un reembolso especial!<\/strong> As\u00ed es&#8230; compra con nosotros y recupera parte de tu dinero!<\/p>\n<p>Cuando elijas y pagues por tu programa de estudio y trabajo con 3RA, recuperar\u00e1s CAD\u00a0$100 al comenzar el curso en Canad\u00e1!<\/p>\n<\/div>\n<div><\/div>\n<div><\/div>\n<div>* Promoci\u00f3n no acumulable con otras que 3RA tenga en curso en este momento.<\/div>\n<p><\/p>\n<p><br \/>\n<\/p>\n<p><br \/>\n<\/p>\n<h3 style=\"text-align: left;\">PROMOCI\u00d3N EXCLUSIVA PARA CURSOS CON INICIO EN ENERO Y MARZO DE 2021:<\/h3>\n<p><br \/>\n<\/p>\n<p><br \/>\n<\/p>\n<p><\/p>\n<p style=\"text-align: left;\">Service Excellence for Business Diploma with Co-op (1 a\u00f1o)<\/p>\n<p style=\"text-align: left;\"><b><span style=\"color: #ff0000;\">Vancouver y Toronto<\/span><\/b><\/p>\n<p><\/p>\n<p><\/p>\n<p><\/p>\n<p style=\"text-align: left;\">De CAD$ 12.000 ahora a tan solo <b>CAD$ 4.000<\/b><\/p>\n<p><\/p>\n<p><\/p>\n<p><br \/>\n<\/p>\n<p><br \/>\n<\/p>\n<p><\/p>\n<p style=\"text-align: left;\">Sales and Marketing Diploma with Co-op (2 a\u00f1os)<\/p>\n<p style=\"text-align: left;\"><b><span style=\"color: #ff0000;\">Vancouver y Toronto<\/span><\/b><\/p>\n<p><\/p>\n<p><\/p>\n<p><\/p>\n<p style=\"text-align: left;\">De CAD$ 15.000 ahora a tan solo <b>CAD$ 6.000<\/b><\/p>\n<p><\/p>\n<p><\/p>\n<p><br \/>\n<\/p>\n<p><br \/>\n<\/p>\n<p><\/p>\n<p style=\"text-align: left;\">Business Administration Diploma with Co-op (2 a\u00f1os)<\/p>\n<p style=\"text-align: left;\"><b><span style=\"color: #ff0000;\">Vancouver y Toronto<\/span><\/b><\/p>\n<p><\/p>\n<p><\/p>\n<p><\/p>\n<p style=\"text-align: left;\">De CAD$ 15.000 ahora a tan solo <b>CAD$ 6.000<\/b><\/p>\n<p><\/p>\n<p><\/p>\n<p><br \/>\n<\/p>\n<p><br \/>\n<\/p>\n<h3 style=\"text-align: left;\"><strong>PROMOCI\u00d3N PARA CURSOS CON INICIO HASTA FINES DE 2021:<\/strong><\/h3>\n<p><br \/>\n<\/p>\n<p><br \/>\n<\/p>\n<p><\/p>\n<p style=\"text-align: left;\">Health Care Administration Diploma (1 a\u00f1o)<\/p>\n<p style=\"text-align: left;\"><b><span style=\"color: #ff0000;\">Toronto<\/span><\/b><\/p>\n<p><\/p>\n<p><\/p>\n<p><\/p>\n<p style=\"text-align: left;\">De CAD$ 17.000 ahora a tan solo <b>CAD$ 8.500<\/b><\/p>\n<p><\/p>\n<p><\/p>\n<p><br \/>\n<\/p>\n<p><\/p>\n<p><\/p>\n<p><\/p>\n<p style=\"text-align: left;\">Certificate in Customer Service Excellence (8 meses)<\/p>\n<p style=\"text-align: left;\"><b><span style=\"color: #ff0000;\">Toronto<\/span><\/b><\/p>\n<p><\/p>\n<p><\/p>\n<p><\/p>\n<p style=\"text-align: left;\">De CAD$ 5.245 ahora a tan solo <b>CAD$ 4.750<\/b><\/p>\n<p><\/p>\n<p><\/p>\n<p><\/p>\n<p><\/p>\n<p><\/p>\n<p style=\"text-align: left;\">Advanced Diploma in Hospitality and<b>\u00a0<\/b>Tourism Management with Co-op (2 a\u00f1os)<\/p>\n<p style=\"text-align: left;\"><b><span style=\"color: #ff0000;\">Toronto<\/span><\/b><\/p>\n<p><\/p>\n<p><\/p>\n<p><\/p>\n<p style=\"text-align: left;\">De CAD$ 15.000 ahora a tan solo <b>CAD$ 9.000<\/b><\/p>\n<p><\/p>\n<p><\/p>\n<p><br \/>\n<\/p>\n<p><\/p>\n<p style=\"text-align: left;\">Diploma in Digital Marketing: Social Media Professional o Diploma in Digital Marketing: Website Management and Design<\/p>\n<p style=\"text-align: left;\"><b><span style=\"color: #ff0000;\">Vancouver y Toronto<\/span><\/b><\/p>\n<p><\/p>\n<p><\/p>\n<p><\/p>\n<p style=\"text-align: left;\">Nuevos cursos por\u00a0<b>CAD$ 8.300<\/b><\/p>\n<p><\/p>\n<p><\/p>\n<p><br \/>\n<\/p>\n<p><\/p>\n<p><\/p>\n<p><\/p>\n<p style=\"text-align: left;\">Attestation of College Studies, International Business Management (8 meses)<br \/>\n<b>(QUEBEC PGWP)<\/b><\/p>\n<p style=\"text-align: left;\"><b><span style=\"color: #ff0000;\">Quebec<\/span><\/b><\/p>\n<p><\/p>\n<p><\/p>\n<p><\/p>\n<p style=\"text-align: left;\">Por <b>CAD$ 8.100<\/b><\/p>\n<p><\/p>\n<p><\/p>\n<p><\/p>\n<p><\/p>\n<p><\/p>\n<p style=\"text-align: left;\">Diploma in Customer<b>\u00a0<\/b>Service (2 a\u00f1os)<\/p>\n<p style=\"text-align: left;\"><b><span style=\"color: #ff0000;\">Vancouver y Toronto<\/span><\/b><\/p>\n<p><\/p>\n<p><\/p>\n<p><\/p>\n<p style=\"text-align: left;\">Curso pelo valor de <b>CAD$ 7.950<\/b><\/p>\n<p><\/p>\n<p><\/p>\n<p><br \/>\n<\/p>\n<p><\/p>\n<p style=\"text-align: left;\"><b>Programas de Ingl\u00e9s online<\/b><\/p>\n<p><\/p>\n<p><\/p>\n<p><\/p>\n<p style=\"text-align: left;\"><b>Programas de Ingl\u00e9s online a partir de CAD$ 60 por semana!!!<\/b><\/p>\n<p><\/p>\n<p><\/p>\n<p><br \/>\n<\/p>\n<p><br \/>\n<br \/>\nInicia tu consulta con un agente especialista en Canad\u00e1<br \/>\n<br \/>\n<\/p>\n<p><br \/>\n<\/p>\n<p><\/p>\n<p><br \/>\n<strong>Promoci\u00f3n Cashback y Campa\u00f1a Black Friday<\/strong><\/p>\n<div>Los cursos anteriores son solo algunos ejemplos de los cursos disponibles. Contamos con este tipo de programas en varias ciudades, en diferentes \u00e1reas de alta empleabilidad en Canad\u00e1.<\/div>\n<div><\/div>\n<div><strong>Las consultor\u00edas de 3RA son gratuitas<\/strong>, as\u00ed que ponte en contacto con un consultor de 3RA ahora para encontrar el curso adecuado para ti.<\/div>\n<p><\/p>\n<p><br \/>\n<\/p>\n<p><br \/>\n<br \/>\nInicia tu consulta con un agente especialista en Canad\u00e1<br \/>\n<br \/>\n<\/p>\n<p><br \/>\n<\/p>\n<p><\/p>\n<p><br \/>\n<span style=\"font-size: 34px;\">Reglas de la promoci\u00f3n de reembolso<\/span><\/p>\n<ul>\n<li style=\"font-weight: 400;\">Campa\u00f1a v\u00e1lida solo para estudiar y trabajar.<\/li>\n<li style=\"font-weight: 400;\">Promoci\u00f3n no acumulable con otras actualmente vigentes.<\/li>\n<\/ul>\n<p><\/p>\n<p><br \/>\n<\/p>\n<p><br \/>\n<\/p>\n<p><\/p>\n<p><br \/>\n<span style=\"font-weight: 400;\"><\/span><br \/>\n<\/p>\n<p><\/p>\n<p><br \/>\n<\/p>\n","protected":false},"excerpt":{"rendered":"<p>\u00a1Mira los descuentos y aprovecha este especial de Cashback! Inicia tu consulta con un agente especialista en Canad\u00e1 \u00a1Lleg\u00f3 el tan esperado Black Friday y, por supuesto, nosotros en 3RA no nos quedaremos fuera de esto! Hemos preparado una serie de promociones imperdibles para ti, \u00a1que se acumular\u00e1n en un reembolso especial! As\u00ed es&#8230; compra [&hellip;]<\/p>\n","protected":false},"author":29,"featured_media":0,"parent":354781,"menu_order":0,"comment_status":"closed","ping_status":"closed","template":"","meta":{"footnotes":""},"class_list":["post-384517","page","type-page","status-publish","hentry","post-wrapper","thrv_wrapper"],"yoast_head":"<!-- This site is optimized with the Yoast SEO Premium plugin v20.0 (Yoast SEO v24.9) - https:\/\/yoast.com\/wordpress\/plugins\/seo\/ -->\n<title>Black Friday 2020 | Interc\u00e2mbio no Canad\u00e1 - 3RA Interc\u00e2mbio<\/title>\n<meta name=\"description\" content=\"\u00a1Mira los descuentos y aprovecha este especial de Cashback! Inicia tu consulta con un agente especialista en Canad\u00e1 \u00a1Lleg\u00f3 el tan esperado Black Friday y,\" \/>\n<meta name=\"robots\" content=\"index, follow, max-snippet:-1, max-image-preview:large, max-video-preview:-1\" \/>\n<link rel=\"canonical\" href=\"https:\/\/3raintercambio.com\/es\/lp\/black-friday-2020\/\" \/>\n<meta property=\"og:locale\" content=\"es_ES\" \/>\n<meta property=\"og:type\" content=\"article\" \/>\n<meta property=\"og:title\" content=\"Black Friday 2020\" \/>\n<meta property=\"og:description\" content=\"\u00a1Mira los descuentos y aprovecha este especial de Cashback! Inicia tu consulta con un agente especialista en Canad\u00e1 \u00a1Lleg\u00f3 el tan esperado Black Friday y,\" \/>\n<meta property=\"og:url\" content=\"https:\/\/3raintercambio.com\/es\/lp\/black-friday-2020\/\" \/>\n<meta property=\"og:site_name\" content=\"Interc\u00e2mbio no Canad\u00e1 - 3RA Interc\u00e2mbio\" \/>\n<meta property=\"article:publisher\" content=\"https:\/\/www.facebook.com\/3ragroup\" \/>\n<meta property=\"article:modified_time\" content=\"2020-11-24T19:38:12+00:00\" \/>\n<meta name=\"twitter:card\" content=\"summary_large_image\" \/>\n<meta name=\"twitter:site\" content=\"@3raintercambio\" \/>\n<meta name=\"twitter:label1\" content=\"Tiempo de lectura\" \/>\n\t<meta name=\"twitter:data1\" content=\"32 minutos\" \/>\n<script type=\"application\/ld+json\" class=\"yoast-schema-graph\">{\"@context\":\"https:\/\/schema.org\",\"@graph\":[{\"@type\":\"WebPage\",\"@id\":\"https:\/\/3raintercambio.com\/es\/lp\/black-friday-2020\/\",\"url\":\"https:\/\/3raintercambio.com\/es\/lp\/black-friday-2020\/\",\"name\":\"Black Friday 2020 | Interc\u00e2mbio no Canad\u00e1 - 3RA Interc\u00e2mbio\",\"isPartOf\":{\"@id\":\"https:\/\/www.3raintercambio.com\/es\/#website\"},\"datePublished\":\"2020-11-23T17:07:26+00:00\",\"dateModified\":\"2020-11-24T19:38:12+00:00\",\"description\":\"\u00a1Mira los descuentos y aprovecha este especial de Cashback! Inicia tu consulta con un agente especialista en Canad\u00e1 \u00a1Lleg\u00f3 el tan esperado Black Friday y,\",\"breadcrumb\":{\"@id\":\"https:\/\/3raintercambio.com\/es\/lp\/black-friday-2020\/#breadcrumb\"},\"inLanguage\":\"es\",\"potentialAction\":[{\"@type\":\"ReadAction\",\"target\":[\"https:\/\/3raintercambio.com\/es\/lp\/black-friday-2020\/\"]}]},{\"@type\":\"BreadcrumbList\",\"@id\":\"https:\/\/3raintercambio.com\/es\/lp\/black-friday-2020\/#breadcrumb\",\"itemListElement\":[{\"@type\":\"ListItem\",\"position\":1,\"name\":\"Portada\",\"item\":\"https:\/\/www.3raintercambio.com\/es\/\"},{\"@type\":\"ListItem\",\"position\":2,\"name\":\"Landing Page\",\"item\":\"https:\/\/3raintercambio.com\/es\/lp\/\"},{\"@type\":\"ListItem\",\"position\":3,\"name\":\"Black Friday 2020\"}]},{\"@type\":\"WebSite\",\"@id\":\"https:\/\/www.3raintercambio.com\/es\/#website\",\"url\":\"https:\/\/www.3raintercambio.com\/es\/\",\"name\":\"Interc\u00e2mbio no Canad\u00e1 - 3RA Interc\u00e2mbio\",\"description\":\"Interc\u00e2mbio em Vancouver, Toronto, Calgary, Quebec\",\"publisher\":{\"@id\":\"https:\/\/www.3raintercambio.com\/es\/#organization\"},\"potentialAction\":[{\"@type\":\"SearchAction\",\"target\":{\"@type\":\"EntryPoint\",\"urlTemplate\":\"https:\/\/www.3raintercambio.com\/es\/?s={search_term_string}\"},\"query-input\":{\"@type\":\"PropertyValueSpecification\",\"valueRequired\":true,\"valueName\":\"search_term_string\"}}],\"inLanguage\":\"es\"},{\"@type\":\"Organization\",\"@id\":\"https:\/\/www.3raintercambio.com\/es\/#organization\",\"name\":\"3RA Educa\u00e7\u00e3o Superior no Canad\u00e1\",\"url\":\"https:\/\/www.3raintercambio.com\/es\/\",\"logo\":{\"@type\":\"ImageObject\",\"inLanguage\":\"es\",\"@id\":\"https:\/\/www.3raintercambio.com\/es\/#\/schema\/logo\/image\/\",\"url\":\"https:\/\/3raintercambio.com\/wp-content\/uploads\/2021\/06\/3RA-logo-oficial.png\",\"contentUrl\":\"https:\/\/3raintercambio.com\/wp-content\/uploads\/2021\/06\/3RA-logo-oficial.png\",\"width\":454,\"height\":150,\"caption\":\"3RA Educa\u00e7\u00e3o Superior no Canad\u00e1\"},\"image\":{\"@id\":\"https:\/\/www.3raintercambio.com\/es\/#\/schema\/logo\/image\/\"},\"sameAs\":[\"https:\/\/www.facebook.com\/3ragroup\",\"https:\/\/x.com\/3raintercambio\",\"https:\/\/www.instagram.com\/3raintercambio\",\"https:\/\/www.youtube.com\/3raintercambio\"]}]}<\/script>\n<!-- \/ Yoast SEO Premium plugin. -->","yoast_head_json":{"title":"Black Friday 2020 | Interc\u00e2mbio no Canad\u00e1 - 3RA Interc\u00e2mbio","description":"\u00a1Mira los descuentos y aprovecha este especial de Cashback! Inicia tu consulta con un agente especialista en Canad\u00e1 \u00a1Lleg\u00f3 el tan esperado Black Friday y,","robots":{"index":"index","follow":"follow","max-snippet":"max-snippet:-1","max-image-preview":"max-image-preview:large","max-video-preview":"max-video-preview:-1"},"canonical":"https:\/\/3raintercambio.com\/es\/lp\/black-friday-2020\/","og_locale":"es_ES","og_type":"article","og_title":"Black Friday 2020","og_description":"\u00a1Mira los descuentos y aprovecha este especial de Cashback! Inicia tu consulta con un agente especialista en Canad\u00e1 \u00a1Lleg\u00f3 el tan esperado Black Friday y,","og_url":"https:\/\/3raintercambio.com\/es\/lp\/black-friday-2020\/","og_site_name":"Interc\u00e2mbio no Canad\u00e1 - 3RA Interc\u00e2mbio","article_publisher":"https:\/\/www.facebook.com\/3ragroup","article_modified_time":"2020-11-24T19:38:12+00:00","twitter_card":"summary_large_image","twitter_site":"@3raintercambio","twitter_misc":{"Tiempo de lectura":"32 minutos"},"schema":{"@context":"https:\/\/schema.org","@graph":[{"@type":"WebPage","@id":"https:\/\/3raintercambio.com\/es\/lp\/black-friday-2020\/","url":"https:\/\/3raintercambio.com\/es\/lp\/black-friday-2020\/","name":"Black Friday 2020 | Interc\u00e2mbio no Canad\u00e1 - 3RA Interc\u00e2mbio","isPartOf":{"@id":"https:\/\/www.3raintercambio.com\/es\/#website"},"datePublished":"2020-11-23T17:07:26+00:00","dateModified":"2020-11-24T19:38:12+00:00","description":"\u00a1Mira los descuentos y aprovecha este especial de Cashback! Inicia tu consulta con un agente especialista en Canad\u00e1 \u00a1Lleg\u00f3 el tan esperado Black Friday y,","breadcrumb":{"@id":"https:\/\/3raintercambio.com\/es\/lp\/black-friday-2020\/#breadcrumb"},"inLanguage":"es","potentialAction":[{"@type":"ReadAction","target":["https:\/\/3raintercambio.com\/es\/lp\/black-friday-2020\/"]}]},{"@type":"BreadcrumbList","@id":"https:\/\/3raintercambio.com\/es\/lp\/black-friday-2020\/#breadcrumb","itemListElement":[{"@type":"ListItem","position":1,"name":"Portada","item":"https:\/\/www.3raintercambio.com\/es\/"},{"@type":"ListItem","position":2,"name":"Landing Page","item":"https:\/\/3raintercambio.com\/es\/lp\/"},{"@type":"ListItem","position":3,"name":"Black Friday 2020"}]},{"@type":"WebSite","@id":"https:\/\/www.3raintercambio.com\/es\/#website","url":"https:\/\/www.3raintercambio.com\/es\/","name":"Interc\u00e2mbio no Canad\u00e1 - 3RA Interc\u00e2mbio","description":"Interc\u00e2mbio em Vancouver, Toronto, Calgary, Quebec","publisher":{"@id":"https:\/\/www.3raintercambio.com\/es\/#organization"},"potentialAction":[{"@type":"SearchAction","target":{"@type":"EntryPoint","urlTemplate":"https:\/\/www.3raintercambio.com\/es\/?s={search_term_string}"},"query-input":{"@type":"PropertyValueSpecification","valueRequired":true,"valueName":"search_term_string"}}],"inLanguage":"es"},{"@type":"Organization","@id":"https:\/\/www.3raintercambio.com\/es\/#organization","name":"3RA Educa\u00e7\u00e3o Superior no Canad\u00e1","url":"https:\/\/www.3raintercambio.com\/es\/","logo":{"@type":"ImageObject","inLanguage":"es","@id":"https:\/\/www.3raintercambio.com\/es\/#\/schema\/logo\/image\/","url":"https:\/\/3raintercambio.com\/wp-content\/uploads\/2021\/06\/3RA-logo-oficial.png","contentUrl":"https:\/\/3raintercambio.com\/wp-content\/uploads\/2021\/06\/3RA-logo-oficial.png","width":454,"height":150,"caption":"3RA Educa\u00e7\u00e3o Superior no Canad\u00e1"},"image":{"@id":"https:\/\/www.3raintercambio.com\/es\/#\/schema\/logo\/image\/"},"sameAs":["https:\/\/www.facebook.com\/3ragroup","https:\/\/x.com\/3raintercambio","https:\/\/www.instagram.com\/3raintercambio","https:\/\/www.youtube.com\/3raintercambio"]}]}},"_links":{"self":[{"href":"https:\/\/3raintercambio.com\/es\/wp-json\/wp\/v2\/pages\/384517","targetHints":{"allow":["GET"]}}],"collection":[{"href":"https:\/\/3raintercambio.com\/es\/wp-json\/wp\/v2\/pages"}],"about":[{"href":"https:\/\/3raintercambio.com\/es\/wp-json\/wp\/v2\/types\/page"}],"author":[{"embeddable":true,"href":"https:\/\/3raintercambio.com\/es\/wp-json\/wp\/v2\/users\/29"}],"replies":[{"embeddable":true,"href":"https:\/\/3raintercambio.com\/es\/wp-json\/wp\/v2\/comments?post=384517"}],"version-history":[{"count":0,"href":"https:\/\/3raintercambio.com\/es\/wp-json\/wp\/v2\/pages\/384517\/revisions"}],"up":[{"embeddable":true,"href":"https:\/\/3raintercambio.com\/es\/wp-json\/wp\/v2\/pages\/354781"}],"wp:attachment":[{"href":"https:\/\/3raintercambio.com\/es\/wp-json\/wp\/v2\/media?parent=384517"}],"curies":[{"name":"wp","href":"https:\/\/api.w.org\/{rel}","templated":true}]}}