{"id":383425,"date":"2020-08-10T13:25:21","date_gmt":"2020-08-10T20:25:21","guid":{"rendered":"https:\/\/3raintercambio.com\/?page_id=383425"},"modified":"2021-06-29T11:17:16","modified_gmt":"2021-06-29T18:17:16","slug":"gracias","status":"publish","type":"page","link":"https:\/\/3raintercambio.com\/es\/lp\/iniciar-asesoria-vocacional\/gracias\/","title":{"rendered":"RECIBIMOS TUS DATOS Y TE CONTACTAREMOS PRONTO."},"content":{"rendered":"<p><\/p>\n<p><\/p>\n<p><br \/>\nPara <strong>acelerar nuestro servicio<\/strong>, programa una consulta educativa gratuita haciendo click en el bot\u00f3n de abajo.<br \/>\n<\/p>\n<p><\/p>\n<p><\/p>\n<p><\/p>\n<p><\/p>\n<p><\/p>\n<p><br \/>\n<br \/>\n<span style=\"font-weight: 400;\">En esta consultor\u00eda, tendr\u00e1s un consultor capacitado que te brindar\u00e1 informaci\u00f3n sobre programas de estudio y trabajo en Canad\u00e1, seg\u00fan:<\/span><\/p>\n<p><span style=\"font-weight: 400;\">Tu perfil;<\/span><\/p>\n<p><span style=\"font-weight: 400;\">Experiencia profesional;<\/span><\/p>\n<p><span style=\"font-weight: 400;\">Objetivos;<\/span><\/p>\n<p><span style=\"font-weight: 400;\">Presupuesto;<\/span><\/p>\n<p><span style=\"font-weight: 400;\">Periodo en que deseas venir a Canad\u00e1;<\/span><\/p>\n<p><span style=\"font-weight: 400;\">Per\u00edodo en el que quieres estudiar;<\/span><\/p>\n<p><span style=\"font-weight: 400;\">Entre otros.<\/span><\/p>\n<p><span style=\"font-weight: 400;\">Adem\u00e1s, vas a:<\/span><\/p>\n<p><span style=\"font-weight: 400;\">Recibir asistencia e informaci\u00f3n para elegir la mejor ciudad para tu proyecto;<\/span><\/p>\n<p><span style=\"font-weight: 400;\">Conocer las caracter\u00edsticas de las ciudades de inter\u00e9s, incluido el clima, el tama\u00f1o, la empleabilidad y otras;<\/span><\/p>\n<p><span style=\"font-weight: 400;\">Contar con nuestra ayuda para elegir la escuela y el programa;<\/span><\/p>\n<p><span style=\"font-weight: 400;\">Tener el tiempo para aclarar dudas generales.<\/span><\/p>\n<p><span style=\"font-weight: 400;\">Esta consultor\u00eda dura 60 minutos y debe realizarse con una computadora, para que nuestros consultores puedan compartir archivos, enlaces, entre otros cuando sea necesario.<\/span><br \/>\n<br \/>\n<\/p>\n<p><\/p>\n","protected":false},"excerpt":{"rendered":"<p>Para acelerar nuestro servicio, programa una consulta educativa gratuita haciendo click en el bot\u00f3n de abajo. En esta consultor\u00eda, tendr\u00e1s un consultor capacitado que te brindar\u00e1 informaci\u00f3n sobre programas de estudio y trabajo en Canad\u00e1, seg\u00fan: Tu perfil; Experiencia profesional; Objetivos; Presupuesto; Periodo en que deseas venir a Canad\u00e1; Per\u00edodo en el que quieres estudiar; [&hellip;]<\/p>\n","protected":false},"author":29,"featured_media":0,"parent":383276,"menu_order":0,"comment_status":"closed","ping_status":"closed","template":"template-blank.php","meta":{"footnotes":""},"class_list":["post-383425","page","type-page","status-publish","hentry","post-wrapper","thrv_wrapper"],"yoast_head":"<!-- This site is optimized with the Yoast SEO Premium plugin v20.0 (Yoast SEO v24.9) - https:\/\/yoast.com\/wordpress\/plugins\/seo\/ -->\n<title>RECIBIMOS TUS DATOS Y TE CONTACTAREMOS PRONTO. | Interc\u00e2mbio no Canad\u00e1 - 3RA Interc\u00e2mbio<\/title>\n<meta name=\"description\" content=\"Para acelerar nuestro servicio, programa una consulta educativa gratuita haciendo click en el bot\u00f3n de abajo. En esta consultor\u00eda, tendr\u00e1s un consultor\" \/>\n<meta name=\"robots\" content=\"index, follow, max-snippet:-1, max-image-preview:large, max-video-preview:-1\" \/>\n<link rel=\"canonical\" href=\"https:\/\/3raintercambio.com\/es\/lp\/iniciar-asesoria-vocacional\/gracias\/\" \/>\n<meta property=\"og:locale\" content=\"es_ES\" \/>\n<meta property=\"og:type\" content=\"article\" \/>\n<meta property=\"og:title\" content=\"RECIBIMOS TUS DATOS Y TE CONTACTAREMOS PRONTO.\" \/>\n<meta property=\"og:description\" content=\"Para acelerar nuestro servicio, programa una consulta educativa gratuita haciendo click en el bot\u00f3n de abajo. En esta consultor\u00eda, tendr\u00e1s un consultor\" \/>\n<meta property=\"og:url\" content=\"https:\/\/3raintercambio.com\/es\/lp\/iniciar-asesoria-vocacional\/gracias\/\" \/>\n<meta property=\"og:site_name\" content=\"Interc\u00e2mbio no Canad\u00e1 - 3RA Interc\u00e2mbio\" \/>\n<meta property=\"article:publisher\" content=\"https:\/\/www.facebook.com\/3ragroup\" \/>\n<meta property=\"article:modified_time\" content=\"2021-06-29T18:17:16+00:00\" \/>\n<meta name=\"twitter:card\" content=\"summary_large_image\" \/>\n<meta name=\"twitter:site\" content=\"@3raintercambio\" \/>\n<meta name=\"twitter:label1\" content=\"Tiempo de lectura\" \/>\n\t<meta name=\"twitter:data1\" content=\"5 minutos\" \/>\n<script type=\"application\/ld+json\" class=\"yoast-schema-graph\">{\"@context\":\"https:\/\/schema.org\",\"@graph\":[{\"@type\":\"WebPage\",\"@id\":\"https:\/\/3raintercambio.com\/es\/lp\/iniciar-asesoria-vocacional\/gracias\/\",\"url\":\"https:\/\/3raintercambio.com\/es\/lp\/iniciar-asesoria-vocacional\/gracias\/\",\"name\":\"RECIBIMOS TUS DATOS Y TE CONTACTAREMOS PRONTO. | Interc\u00e2mbio no Canad\u00e1 - 3RA Interc\u00e2mbio\",\"isPartOf\":{\"@id\":\"https:\/\/www.3raintercambio.com\/es\/#website\"},\"datePublished\":\"2020-08-10T20:25:21+00:00\",\"dateModified\":\"2021-06-29T18:17:16+00:00\",\"description\":\"Para acelerar nuestro servicio, programa una consulta educativa gratuita haciendo click en el bot\u00f3n de abajo. En esta consultor\u00eda, tendr\u00e1s un consultor\",\"breadcrumb\":{\"@id\":\"https:\/\/3raintercambio.com\/es\/lp\/iniciar-asesoria-vocacional\/gracias\/#breadcrumb\"},\"inLanguage\":\"es\",\"potentialAction\":[{\"@type\":\"ReadAction\",\"target\":[\"https:\/\/3raintercambio.com\/es\/lp\/iniciar-asesoria-vocacional\/gracias\/\"]}]},{\"@type\":\"BreadcrumbList\",\"@id\":\"https:\/\/3raintercambio.com\/es\/lp\/iniciar-asesoria-vocacional\/gracias\/#breadcrumb\",\"itemListElement\":[{\"@type\":\"ListItem\",\"position\":1,\"name\":\"Portada\",\"item\":\"https:\/\/www.3raintercambio.com\/es\/\"},{\"@type\":\"ListItem\",\"position\":2,\"name\":\"Landing Page\",\"item\":\"https:\/\/3raintercambio.com\/es\/lp\/\"},{\"@type\":\"ListItem\",\"position\":3,\"name\":\"Estudiar y Trabajar\",\"item\":\"https:\/\/3raintercambio.com\/es\/lp\/iniciar-asesoria-vocacional\/\"},{\"@type\":\"ListItem\",\"position\":4,\"name\":\"RECIBIMOS TUS DATOS Y TE CONTACTAREMOS PRONTO.\"}]},{\"@type\":\"WebSite\",\"@id\":\"https:\/\/www.3raintercambio.com\/es\/#website\",\"url\":\"https:\/\/www.3raintercambio.com\/es\/\",\"name\":\"Interc\u00e2mbio no Canad\u00e1 - 3RA Interc\u00e2mbio\",\"description\":\"Interc\u00e2mbio em Vancouver, Toronto, Calgary, Quebec\",\"publisher\":{\"@id\":\"https:\/\/www.3raintercambio.com\/es\/#organization\"},\"potentialAction\":[{\"@type\":\"SearchAction\",\"target\":{\"@type\":\"EntryPoint\",\"urlTemplate\":\"https:\/\/www.3raintercambio.com\/es\/?s={search_term_string}\"},\"query-input\":{\"@type\":\"PropertyValueSpecification\",\"valueRequired\":true,\"valueName\":\"search_term_string\"}}],\"inLanguage\":\"es\"},{\"@type\":\"Organization\",\"@id\":\"https:\/\/www.3raintercambio.com\/es\/#organization\",\"name\":\"3RA Educa\u00e7\u00e3o Superior no Canad\u00e1\",\"url\":\"https:\/\/www.3raintercambio.com\/es\/\",\"logo\":{\"@type\":\"ImageObject\",\"inLanguage\":\"es\",\"@id\":\"https:\/\/www.3raintercambio.com\/es\/#\/schema\/logo\/image\/\",\"url\":\"https:\/\/3raintercambio.com\/wp-content\/uploads\/2021\/06\/3RA-logo-oficial.png\",\"contentUrl\":\"https:\/\/3raintercambio.com\/wp-content\/uploads\/2021\/06\/3RA-logo-oficial.png\",\"width\":454,\"height\":150,\"caption\":\"3RA Educa\u00e7\u00e3o Superior no Canad\u00e1\"},\"image\":{\"@id\":\"https:\/\/www.3raintercambio.com\/es\/#\/schema\/logo\/image\/\"},\"sameAs\":[\"https:\/\/www.facebook.com\/3ragroup\",\"https:\/\/x.com\/3raintercambio\",\"https:\/\/www.instagram.com\/3raintercambio\",\"https:\/\/www.youtube.com\/3raintercambio\"]}]}<\/script>\n<!-- \/ Yoast SEO Premium plugin. -->","yoast_head_json":{"title":"RECIBIMOS TUS DATOS Y TE CONTACTAREMOS PRONTO. | Interc\u00e2mbio no Canad\u00e1 - 3RA Interc\u00e2mbio","description":"Para acelerar nuestro servicio, programa una consulta educativa gratuita haciendo click en el bot\u00f3n de abajo. En esta consultor\u00eda, tendr\u00e1s un consultor","robots":{"index":"index","follow":"follow","max-snippet":"max-snippet:-1","max-image-preview":"max-image-preview:large","max-video-preview":"max-video-preview:-1"},"canonical":"https:\/\/3raintercambio.com\/es\/lp\/iniciar-asesoria-vocacional\/gracias\/","og_locale":"es_ES","og_type":"article","og_title":"RECIBIMOS TUS DATOS Y TE CONTACTAREMOS PRONTO.","og_description":"Para acelerar nuestro servicio, programa una consulta educativa gratuita haciendo click en el bot\u00f3n de abajo. En esta consultor\u00eda, tendr\u00e1s un consultor","og_url":"https:\/\/3raintercambio.com\/es\/lp\/iniciar-asesoria-vocacional\/gracias\/","og_site_name":"Interc\u00e2mbio no Canad\u00e1 - 3RA Interc\u00e2mbio","article_publisher":"https:\/\/www.facebook.com\/3ragroup","article_modified_time":"2021-06-29T18:17:16+00:00","twitter_card":"summary_large_image","twitter_site":"@3raintercambio","twitter_misc":{"Tiempo de lectura":"5 minutos"},"schema":{"@context":"https:\/\/schema.org","@graph":[{"@type":"WebPage","@id":"https:\/\/3raintercambio.com\/es\/lp\/iniciar-asesoria-vocacional\/gracias\/","url":"https:\/\/3raintercambio.com\/es\/lp\/iniciar-asesoria-vocacional\/gracias\/","name":"RECIBIMOS TUS DATOS Y TE CONTACTAREMOS PRONTO. | Interc\u00e2mbio no Canad\u00e1 - 3RA Interc\u00e2mbio","isPartOf":{"@id":"https:\/\/www.3raintercambio.com\/es\/#website"},"datePublished":"2020-08-10T20:25:21+00:00","dateModified":"2021-06-29T18:17:16+00:00","description":"Para acelerar nuestro servicio, programa una consulta educativa gratuita haciendo click en el bot\u00f3n de abajo. En esta consultor\u00eda, tendr\u00e1s un consultor","breadcrumb":{"@id":"https:\/\/3raintercambio.com\/es\/lp\/iniciar-asesoria-vocacional\/gracias\/#breadcrumb"},"inLanguage":"es","potentialAction":[{"@type":"ReadAction","target":["https:\/\/3raintercambio.com\/es\/lp\/iniciar-asesoria-vocacional\/gracias\/"]}]},{"@type":"BreadcrumbList","@id":"https:\/\/3raintercambio.com\/es\/lp\/iniciar-asesoria-vocacional\/gracias\/#breadcrumb","itemListElement":[{"@type":"ListItem","position":1,"name":"Portada","item":"https:\/\/www.3raintercambio.com\/es\/"},{"@type":"ListItem","position":2,"name":"Landing Page","item":"https:\/\/3raintercambio.com\/es\/lp\/"},{"@type":"ListItem","position":3,"name":"Estudiar y Trabajar","item":"https:\/\/3raintercambio.com\/es\/lp\/iniciar-asesoria-vocacional\/"},{"@type":"ListItem","position":4,"name":"RECIBIMOS TUS DATOS Y TE CONTACTAREMOS PRONTO."}]},{"@type":"WebSite","@id":"https:\/\/www.3raintercambio.com\/es\/#website","url":"https:\/\/www.3raintercambio.com\/es\/","name":"Interc\u00e2mbio no Canad\u00e1 - 3RA Interc\u00e2mbio","description":"Interc\u00e2mbio em Vancouver, Toronto, Calgary, Quebec","publisher":{"@id":"https:\/\/www.3raintercambio.com\/es\/#organization"},"potentialAction":[{"@type":"SearchAction","target":{"@type":"EntryPoint","urlTemplate":"https:\/\/www.3raintercambio.com\/es\/?s={search_term_string}"},"query-input":{"@type":"PropertyValueSpecification","valueRequired":true,"valueName":"search_term_string"}}],"inLanguage":"es"},{"@type":"Organization","@id":"https:\/\/www.3raintercambio.com\/es\/#organization","name":"3RA Educa\u00e7\u00e3o Superior no Canad\u00e1","url":"https:\/\/www.3raintercambio.com\/es\/","logo":{"@type":"ImageObject","inLanguage":"es","@id":"https:\/\/www.3raintercambio.com\/es\/#\/schema\/logo\/image\/","url":"https:\/\/3raintercambio.com\/wp-content\/uploads\/2021\/06\/3RA-logo-oficial.png","contentUrl":"https:\/\/3raintercambio.com\/wp-content\/uploads\/2021\/06\/3RA-logo-oficial.png","width":454,"height":150,"caption":"3RA Educa\u00e7\u00e3o Superior no Canad\u00e1"},"image":{"@id":"https:\/\/www.3raintercambio.com\/es\/#\/schema\/logo\/image\/"},"sameAs":["https:\/\/www.facebook.com\/3ragroup","https:\/\/x.com\/3raintercambio","https:\/\/www.instagram.com\/3raintercambio","https:\/\/www.youtube.com\/3raintercambio"]}]}},"_links":{"self":[{"href":"https:\/\/3raintercambio.com\/es\/wp-json\/wp\/v2\/pages\/383425","targetHints":{"allow":["GET"]}}],"collection":[{"href":"https:\/\/3raintercambio.com\/es\/wp-json\/wp\/v2\/pages"}],"about":[{"href":"https:\/\/3raintercambio.com\/es\/wp-json\/wp\/v2\/types\/page"}],"author":[{"embeddable":true,"href":"https:\/\/3raintercambio.com\/es\/wp-json\/wp\/v2\/users\/29"}],"replies":[{"embeddable":true,"href":"https:\/\/3raintercambio.com\/es\/wp-json\/wp\/v2\/comments?post=383425"}],"version-history":[{"count":0,"href":"https:\/\/3raintercambio.com\/es\/wp-json\/wp\/v2\/pages\/383425\/revisions"}],"up":[{"embeddable":true,"href":"https:\/\/3raintercambio.com\/es\/wp-json\/wp\/v2\/pages\/383276"}],"wp:attachment":[{"href":"https:\/\/3raintercambio.com\/es\/wp-json\/wp\/v2\/media?parent=383425"}],"curies":[{"name":"wp","href":"https:\/\/api.w.org\/{rel}","templated":true}]}}