{"id":381072,"date":"2019-07-19T17:07:32","date_gmt":"2019-07-20T00:07:32","guid":{"rendered":"https:\/\/3raintercambio.com\/?page_id=381072"},"modified":"2019-07-19T17:08:25","modified_gmt":"2019-07-20T00:08:25","slug":"ciudades-en-canada","status":"publish","type":"page","link":"https:\/\/3raintercambio.com\/es\/ciudades-en-canada\/","title":{"rendered":"Ciudades en Canad\u00e1: Categoria"},"content":{"rendered":"<p><br \/>\n<\/p>\n<p style=\"text-align: center;\"><span class=\"nome_cidade white\">Ciudades en Canad\u00e1<\/span><\/p>\n<p><\/p>\n<p><\/p>\n<p><\/p>\n<p style=\"text-align: center;\"><span class=\"texto_corrido18 white\">Que Canad\u00e1 es maravilloso, ya lo sabes, pero \u00bfya conoces un poco m\u00e1s de las principales ciudades del pa\u00eds? Sorpr\u00e9ndete con la belleza de Vancouver, descubre un vibrante Toronto, enam\u00f3rate de la encantadora Victoria y de muchos otros lugares que se llevar\u00e1n tu coraz\u00f3n. Lee ahora los art\u00edculos sobre las principales ciudades de Canad\u00e1<\/span><\/p>\n<p><br \/>\n<\/p>\n<p><\/p>\n<p><\/p>\n<p><\/p>\n<p><\/p>\n<p><\/p>\n","protected":false},"excerpt":{"rendered":"<p>Ciudades en Canad\u00e1 Que Canad\u00e1 es maravilloso, ya lo sabes, pero \u00bfya conoces un poco m\u00e1s de las principales ciudades del pa\u00eds? Sorpr\u00e9ndete con la belleza de Vancouver, descubre un vibrante Toronto, enam\u00f3rate de la encantadora Victoria y de muchos otros lugares que se llevar\u00e1n tu coraz\u00f3n. Lee ahora los art\u00edculos sobre las principales ciudades [&hellip;]<\/p>\n","protected":false},"author":41,"featured_media":0,"parent":0,"menu_order":0,"comment_status":"closed","ping_status":"closed","template":"","meta":{"footnotes":""},"class_list":["post-381072","page","type-page","status-publish","hentry","post-wrapper","thrv_wrapper"],"yoast_head":"<!-- This site is optimized with the Yoast SEO Premium plugin v20.0 (Yoast SEO v24.9) - https:\/\/yoast.com\/wordpress\/plugins\/seo\/ -->\n<title>Ciudades en Canad\u00e1: Categoria | Interc\u00e2mbio no Canad\u00e1 - 3RA Interc\u00e2mbio<\/title>\n<meta name=\"description\" content=\"Ciudades en Canad\u00e1 Que Canad\u00e1 es maravilloso, ya lo sabes, pero \u00bfya conoces un poco m\u00e1s de las principales ciudades del pa\u00eds? Sorpr\u00e9ndete con la belleza\" \/>\n<meta name=\"robots\" content=\"index, follow, max-snippet:-1, max-image-preview:large, max-video-preview:-1\" \/>\n<link rel=\"canonical\" href=\"https:\/\/3raintercambio.com\/es\/ciudades-en-canada\/\" \/>\n<meta property=\"og:locale\" content=\"es_ES\" \/>\n<meta property=\"og:type\" content=\"article\" \/>\n<meta property=\"og:title\" content=\"Ciudades en Canad\u00e1: Categoria\" \/>\n<meta property=\"og:description\" content=\"Ciudades en Canad\u00e1 Que Canad\u00e1 es maravilloso, ya lo sabes, pero \u00bfya conoces un poco m\u00e1s de las principales ciudades del pa\u00eds? Sorpr\u00e9ndete con la belleza\" \/>\n<meta property=\"og:url\" content=\"https:\/\/3raintercambio.com\/es\/ciudades-en-canada\/\" \/>\n<meta property=\"og:site_name\" content=\"Interc\u00e2mbio no Canad\u00e1 - 3RA Interc\u00e2mbio\" \/>\n<meta property=\"article:publisher\" content=\"https:\/\/www.facebook.com\/3ragroup\" \/>\n<meta property=\"article:modified_time\" content=\"2019-07-20T00:08:25+00:00\" \/>\n<meta name=\"twitter:card\" content=\"summary_large_image\" \/>\n<meta name=\"twitter:site\" content=\"@3raintercambio\" \/>\n<meta name=\"twitter:label1\" content=\"Tiempo de lectura\" \/>\n\t<meta name=\"twitter:data1\" content=\"3 minutos\" \/>\n<script type=\"application\/ld+json\" class=\"yoast-schema-graph\">{\"@context\":\"https:\/\/schema.org\",\"@graph\":[{\"@type\":\"WebPage\",\"@id\":\"https:\/\/3raintercambio.com\/es\/ciudades-en-canada\/\",\"url\":\"https:\/\/3raintercambio.com\/es\/ciudades-en-canada\/\",\"name\":\"Ciudades en Canad\u00e1: Categoria | Interc\u00e2mbio no Canad\u00e1 - 3RA Interc\u00e2mbio\",\"isPartOf\":{\"@id\":\"https:\/\/www.3raintercambio.com\/es\/#website\"},\"datePublished\":\"2019-07-20T00:07:32+00:00\",\"dateModified\":\"2019-07-20T00:08:25+00:00\",\"description\":\"Ciudades en Canad\u00e1 Que Canad\u00e1 es maravilloso, ya lo sabes, pero \u00bfya conoces un poco m\u00e1s de las principales ciudades del pa\u00eds? Sorpr\u00e9ndete con la belleza\",\"breadcrumb\":{\"@id\":\"https:\/\/3raintercambio.com\/es\/ciudades-en-canada\/#breadcrumb\"},\"inLanguage\":\"es\",\"potentialAction\":[{\"@type\":\"ReadAction\",\"target\":[\"https:\/\/3raintercambio.com\/es\/ciudades-en-canada\/\"]}]},{\"@type\":\"BreadcrumbList\",\"@id\":\"https:\/\/3raintercambio.com\/es\/ciudades-en-canada\/#breadcrumb\",\"itemListElement\":[{\"@type\":\"ListItem\",\"position\":1,\"name\":\"Portada\",\"item\":\"https:\/\/www.3raintercambio.com\/es\/\"},{\"@type\":\"ListItem\",\"position\":2,\"name\":\"Ciudades en Canad\u00e1: Categoria\"}]},{\"@type\":\"WebSite\",\"@id\":\"https:\/\/www.3raintercambio.com\/es\/#website\",\"url\":\"https:\/\/www.3raintercambio.com\/es\/\",\"name\":\"Interc\u00e2mbio no Canad\u00e1 - 3RA Interc\u00e2mbio\",\"description\":\"Interc\u00e2mbio em Vancouver, Toronto, Calgary, Quebec\",\"publisher\":{\"@id\":\"https:\/\/www.3raintercambio.com\/es\/#organization\"},\"potentialAction\":[{\"@type\":\"SearchAction\",\"target\":{\"@type\":\"EntryPoint\",\"urlTemplate\":\"https:\/\/www.3raintercambio.com\/es\/?s={search_term_string}\"},\"query-input\":{\"@type\":\"PropertyValueSpecification\",\"valueRequired\":true,\"valueName\":\"search_term_string\"}}],\"inLanguage\":\"es\"},{\"@type\":\"Organization\",\"@id\":\"https:\/\/www.3raintercambio.com\/es\/#organization\",\"name\":\"3RA Educa\u00e7\u00e3o Superior no Canad\u00e1\",\"url\":\"https:\/\/www.3raintercambio.com\/es\/\",\"logo\":{\"@type\":\"ImageObject\",\"inLanguage\":\"es\",\"@id\":\"https:\/\/www.3raintercambio.com\/es\/#\/schema\/logo\/image\/\",\"url\":\"https:\/\/3raintercambio.com\/wp-content\/uploads\/2021\/06\/3RA-logo-oficial.png\",\"contentUrl\":\"https:\/\/3raintercambio.com\/wp-content\/uploads\/2021\/06\/3RA-logo-oficial.png\",\"width\":454,\"height\":150,\"caption\":\"3RA Educa\u00e7\u00e3o Superior no Canad\u00e1\"},\"image\":{\"@id\":\"https:\/\/www.3raintercambio.com\/es\/#\/schema\/logo\/image\/\"},\"sameAs\":[\"https:\/\/www.facebook.com\/3ragroup\",\"https:\/\/x.com\/3raintercambio\",\"https:\/\/www.instagram.com\/3raintercambio\",\"https:\/\/www.youtube.com\/3raintercambio\"]}]}<\/script>\n<!-- \/ Yoast SEO Premium plugin. -->","yoast_head_json":{"title":"Ciudades en Canad\u00e1: Categoria | Interc\u00e2mbio no Canad\u00e1 - 3RA Interc\u00e2mbio","description":"Ciudades en Canad\u00e1 Que Canad\u00e1 es maravilloso, ya lo sabes, pero \u00bfya conoces un poco m\u00e1s de las principales ciudades del pa\u00eds? Sorpr\u00e9ndete con la belleza","robots":{"index":"index","follow":"follow","max-snippet":"max-snippet:-1","max-image-preview":"max-image-preview:large","max-video-preview":"max-video-preview:-1"},"canonical":"https:\/\/3raintercambio.com\/es\/ciudades-en-canada\/","og_locale":"es_ES","og_type":"article","og_title":"Ciudades en Canad\u00e1: Categoria","og_description":"Ciudades en Canad\u00e1 Que Canad\u00e1 es maravilloso, ya lo sabes, pero \u00bfya conoces un poco m\u00e1s de las principales ciudades del pa\u00eds? Sorpr\u00e9ndete con la belleza","og_url":"https:\/\/3raintercambio.com\/es\/ciudades-en-canada\/","og_site_name":"Interc\u00e2mbio no Canad\u00e1 - 3RA Interc\u00e2mbio","article_publisher":"https:\/\/www.facebook.com\/3ragroup","article_modified_time":"2019-07-20T00:08:25+00:00","twitter_card":"summary_large_image","twitter_site":"@3raintercambio","twitter_misc":{"Tiempo de lectura":"3 minutos"},"schema":{"@context":"https:\/\/schema.org","@graph":[{"@type":"WebPage","@id":"https:\/\/3raintercambio.com\/es\/ciudades-en-canada\/","url":"https:\/\/3raintercambio.com\/es\/ciudades-en-canada\/","name":"Ciudades en Canad\u00e1: Categoria | Interc\u00e2mbio no Canad\u00e1 - 3RA Interc\u00e2mbio","isPartOf":{"@id":"https:\/\/www.3raintercambio.com\/es\/#website"},"datePublished":"2019-07-20T00:07:32+00:00","dateModified":"2019-07-20T00:08:25+00:00","description":"Ciudades en Canad\u00e1 Que Canad\u00e1 es maravilloso, ya lo sabes, pero \u00bfya conoces un poco m\u00e1s de las principales ciudades del pa\u00eds? Sorpr\u00e9ndete con la belleza","breadcrumb":{"@id":"https:\/\/3raintercambio.com\/es\/ciudades-en-canada\/#breadcrumb"},"inLanguage":"es","potentialAction":[{"@type":"ReadAction","target":["https:\/\/3raintercambio.com\/es\/ciudades-en-canada\/"]}]},{"@type":"BreadcrumbList","@id":"https:\/\/3raintercambio.com\/es\/ciudades-en-canada\/#breadcrumb","itemListElement":[{"@type":"ListItem","position":1,"name":"Portada","item":"https:\/\/www.3raintercambio.com\/es\/"},{"@type":"ListItem","position":2,"name":"Ciudades en Canad\u00e1: Categoria"}]},{"@type":"WebSite","@id":"https:\/\/www.3raintercambio.com\/es\/#website","url":"https:\/\/www.3raintercambio.com\/es\/","name":"Interc\u00e2mbio no Canad\u00e1 - 3RA Interc\u00e2mbio","description":"Interc\u00e2mbio em Vancouver, Toronto, Calgary, Quebec","publisher":{"@id":"https:\/\/www.3raintercambio.com\/es\/#organization"},"potentialAction":[{"@type":"SearchAction","target":{"@type":"EntryPoint","urlTemplate":"https:\/\/www.3raintercambio.com\/es\/?s={search_term_string}"},"query-input":{"@type":"PropertyValueSpecification","valueRequired":true,"valueName":"search_term_string"}}],"inLanguage":"es"},{"@type":"Organization","@id":"https:\/\/www.3raintercambio.com\/es\/#organization","name":"3RA Educa\u00e7\u00e3o Superior no Canad\u00e1","url":"https:\/\/www.3raintercambio.com\/es\/","logo":{"@type":"ImageObject","inLanguage":"es","@id":"https:\/\/www.3raintercambio.com\/es\/#\/schema\/logo\/image\/","url":"https:\/\/3raintercambio.com\/wp-content\/uploads\/2021\/06\/3RA-logo-oficial.png","contentUrl":"https:\/\/3raintercambio.com\/wp-content\/uploads\/2021\/06\/3RA-logo-oficial.png","width":454,"height":150,"caption":"3RA Educa\u00e7\u00e3o Superior no Canad\u00e1"},"image":{"@id":"https:\/\/www.3raintercambio.com\/es\/#\/schema\/logo\/image\/"},"sameAs":["https:\/\/www.facebook.com\/3ragroup","https:\/\/x.com\/3raintercambio","https:\/\/www.instagram.com\/3raintercambio","https:\/\/www.youtube.com\/3raintercambio"]}]}},"_links":{"self":[{"href":"https:\/\/3raintercambio.com\/es\/wp-json\/wp\/v2\/pages\/381072","targetHints":{"allow":["GET"]}}],"collection":[{"href":"https:\/\/3raintercambio.com\/es\/wp-json\/wp\/v2\/pages"}],"about":[{"href":"https:\/\/3raintercambio.com\/es\/wp-json\/wp\/v2\/types\/page"}],"author":[{"embeddable":true,"href":"https:\/\/3raintercambio.com\/es\/wp-json\/wp\/v2\/users\/41"}],"replies":[{"embeddable":true,"href":"https:\/\/3raintercambio.com\/es\/wp-json\/wp\/v2\/comments?post=381072"}],"version-history":[{"count":0,"href":"https:\/\/3raintercambio.com\/es\/wp-json\/wp\/v2\/pages\/381072\/revisions"}],"wp:attachment":[{"href":"https:\/\/3raintercambio.com\/es\/wp-json\/wp\/v2\/media?parent=381072"}],"curies":[{"name":"wp","href":"https:\/\/api.w.org\/{rel}","templated":true}]}}