{"id":380724,"date":"2019-07-19T13:32:38","date_gmt":"2019-07-19T20:32:38","guid":{"rendered":"https:\/\/3raintercambio.com\/?page_id=380724"},"modified":"2019-07-19T13:36:55","modified_gmt":"2019-07-19T20:36:55","slug":"trabajo-en-canada","status":"publish","type":"page","link":"https:\/\/3raintercambio.com\/es\/trabajo-en-canada\/","title":{"rendered":"Trabajo en Canad\u00e1"},"content":{"rendered":"<p><br \/>\n<\/p>\n<p style=\"text-align: center;\"><span class=\"nome_cidade white\">Trabajo en Canad\u00e1<\/span><\/p>\n<p><\/p>\n<p><\/p>\n<p><\/p>\n<p style=\"text-align: center;\"><span class=\"texto_corrido18 white\">Buscar un trabajo en Canad\u00e1 es bastante diferente a buscar en Latinoamerica. Los procesos de selecci\u00f3n, as\u00ed como la cultura corporativa, tienen sus particularidades. Es importante estar preparado para cuando sea tu turno de salir en busca de una vacante. Aqu\u00ed, encontrar\u00e1s contenido destinado a mejorar tu curr\u00edculum vitae, creando la carta de presentaci\u00f3n perfecta, adem\u00e1s de muchos consejos sobre c\u00f3mo buscar un trabajo y c\u00f3mo destacarte en las entrevistas. \u00a1Compru\u00e9balo!<\/span><\/p>\n<p><br \/>\n<\/p>\n<p><\/p>\n<p><\/p>\n<p><\/p>\n<p><\/p>\n<p><\/p>\n<p><\/p>\n<p><\/p>\n<p><\/p>\n<p><\/p>\n<p><\/p>\n","protected":false},"excerpt":{"rendered":"<p>Trabajo en Canad\u00e1 Buscar un trabajo en Canad\u00e1 es bastante diferente a buscar en Latinoamerica. Los procesos de selecci\u00f3n, as\u00ed como la cultura corporativa, tienen sus particularidades. Es importante estar preparado para cuando sea tu turno de salir en busca de una vacante. Aqu\u00ed, encontrar\u00e1s contenido destinado a mejorar tu curr\u00edculum vitae, creando la carta [&hellip;]<\/p>\n","protected":false},"author":41,"featured_media":0,"parent":0,"menu_order":0,"comment_status":"closed","ping_status":"closed","template":"","meta":{"footnotes":""},"class_list":["post-380724","page","type-page","status-publish","hentry","post-wrapper","thrv_wrapper"],"yoast_head":"<!-- This site is optimized with the Yoast SEO Premium plugin v20.0 (Yoast SEO v24.9) - https:\/\/yoast.com\/wordpress\/plugins\/seo\/ -->\n<title>Trabajo en Canad\u00e1 | Interc\u00e2mbio no Canad\u00e1 - 3RA Interc\u00e2mbio<\/title>\n<meta name=\"description\" content=\"Trabajo en Canad\u00e1 Buscar un trabajo en Canad\u00e1 es bastante diferente a buscar en Latinoamerica. Los procesos de selecci\u00f3n, as\u00ed como la cultura corporativa,\" \/>\n<meta name=\"robots\" content=\"index, follow, max-snippet:-1, max-image-preview:large, max-video-preview:-1\" \/>\n<link rel=\"canonical\" href=\"https:\/\/3raintercambio.com\/es\/trabajo-en-canada\/\" \/>\n<meta property=\"og:locale\" content=\"es_ES\" \/>\n<meta property=\"og:type\" content=\"article\" \/>\n<meta property=\"og:title\" content=\"Trabajo en Canad\u00e1\" \/>\n<meta property=\"og:description\" content=\"Trabajo en Canad\u00e1 Buscar un trabajo en Canad\u00e1 es bastante diferente a buscar en Latinoamerica. Los procesos de selecci\u00f3n, as\u00ed como la cultura corporativa,\" \/>\n<meta property=\"og:url\" content=\"https:\/\/3raintercambio.com\/es\/trabajo-en-canada\/\" \/>\n<meta property=\"og:site_name\" content=\"Interc\u00e2mbio no Canad\u00e1 - 3RA Interc\u00e2mbio\" \/>\n<meta property=\"article:publisher\" content=\"https:\/\/www.facebook.com\/3ragroup\" \/>\n<meta property=\"article:modified_time\" content=\"2019-07-19T20:36:55+00:00\" \/>\n<meta name=\"twitter:card\" content=\"summary_large_image\" \/>\n<meta name=\"twitter:site\" content=\"@3raintercambio\" \/>\n<meta name=\"twitter:label1\" content=\"Tiempo de lectura\" \/>\n\t<meta name=\"twitter:data1\" content=\"4 minutos\" \/>\n<script type=\"application\/ld+json\" class=\"yoast-schema-graph\">{\"@context\":\"https:\/\/schema.org\",\"@graph\":[{\"@type\":\"WebPage\",\"@id\":\"https:\/\/3raintercambio.com\/es\/trabajo-en-canada\/\",\"url\":\"https:\/\/3raintercambio.com\/es\/trabajo-en-canada\/\",\"name\":\"Trabajo en Canad\u00e1 | Interc\u00e2mbio no Canad\u00e1 - 3RA Interc\u00e2mbio\",\"isPartOf\":{\"@id\":\"https:\/\/www.3raintercambio.com\/es\/#website\"},\"datePublished\":\"2019-07-19T20:32:38+00:00\",\"dateModified\":\"2019-07-19T20:36:55+00:00\",\"description\":\"Trabajo en Canad\u00e1 Buscar un trabajo en Canad\u00e1 es bastante diferente a buscar en Latinoamerica. Los procesos de selecci\u00f3n, as\u00ed como la cultura corporativa,\",\"breadcrumb\":{\"@id\":\"https:\/\/3raintercambio.com\/es\/trabajo-en-canada\/#breadcrumb\"},\"inLanguage\":\"es\",\"potentialAction\":[{\"@type\":\"ReadAction\",\"target\":[\"https:\/\/3raintercambio.com\/es\/trabajo-en-canada\/\"]}]},{\"@type\":\"BreadcrumbList\",\"@id\":\"https:\/\/3raintercambio.com\/es\/trabajo-en-canada\/#breadcrumb\",\"itemListElement\":[{\"@type\":\"ListItem\",\"position\":1,\"name\":\"Portada\",\"item\":\"https:\/\/www.3raintercambio.com\/es\/\"},{\"@type\":\"ListItem\",\"position\":2,\"name\":\"Trabajo en Canad\u00e1\"}]},{\"@type\":\"WebSite\",\"@id\":\"https:\/\/www.3raintercambio.com\/es\/#website\",\"url\":\"https:\/\/www.3raintercambio.com\/es\/\",\"name\":\"Interc\u00e2mbio no Canad\u00e1 - 3RA Interc\u00e2mbio\",\"description\":\"Interc\u00e2mbio em Vancouver, Toronto, Calgary, Quebec\",\"publisher\":{\"@id\":\"https:\/\/www.3raintercambio.com\/es\/#organization\"},\"potentialAction\":[{\"@type\":\"SearchAction\",\"target\":{\"@type\":\"EntryPoint\",\"urlTemplate\":\"https:\/\/www.3raintercambio.com\/es\/?s={search_term_string}\"},\"query-input\":{\"@type\":\"PropertyValueSpecification\",\"valueRequired\":true,\"valueName\":\"search_term_string\"}}],\"inLanguage\":\"es\"},{\"@type\":\"Organization\",\"@id\":\"https:\/\/www.3raintercambio.com\/es\/#organization\",\"name\":\"3RA Educa\u00e7\u00e3o Superior no Canad\u00e1\",\"url\":\"https:\/\/www.3raintercambio.com\/es\/\",\"logo\":{\"@type\":\"ImageObject\",\"inLanguage\":\"es\",\"@id\":\"https:\/\/www.3raintercambio.com\/es\/#\/schema\/logo\/image\/\",\"url\":\"https:\/\/3raintercambio.com\/wp-content\/uploads\/2021\/06\/3RA-logo-oficial.png\",\"contentUrl\":\"https:\/\/3raintercambio.com\/wp-content\/uploads\/2021\/06\/3RA-logo-oficial.png\",\"width\":454,\"height\":150,\"caption\":\"3RA Educa\u00e7\u00e3o Superior no Canad\u00e1\"},\"image\":{\"@id\":\"https:\/\/www.3raintercambio.com\/es\/#\/schema\/logo\/image\/\"},\"sameAs\":[\"https:\/\/www.facebook.com\/3ragroup\",\"https:\/\/x.com\/3raintercambio\",\"https:\/\/www.instagram.com\/3raintercambio\",\"https:\/\/www.youtube.com\/3raintercambio\"]}]}<\/script>\n<!-- \/ Yoast SEO Premium plugin. -->","yoast_head_json":{"title":"Trabajo en Canad\u00e1 | Interc\u00e2mbio no Canad\u00e1 - 3RA Interc\u00e2mbio","description":"Trabajo en Canad\u00e1 Buscar un trabajo en Canad\u00e1 es bastante diferente a buscar en Latinoamerica. Los procesos de selecci\u00f3n, as\u00ed como la cultura corporativa,","robots":{"index":"index","follow":"follow","max-snippet":"max-snippet:-1","max-image-preview":"max-image-preview:large","max-video-preview":"max-video-preview:-1"},"canonical":"https:\/\/3raintercambio.com\/es\/trabajo-en-canada\/","og_locale":"es_ES","og_type":"article","og_title":"Trabajo en Canad\u00e1","og_description":"Trabajo en Canad\u00e1 Buscar un trabajo en Canad\u00e1 es bastante diferente a buscar en Latinoamerica. Los procesos de selecci\u00f3n, as\u00ed como la cultura corporativa,","og_url":"https:\/\/3raintercambio.com\/es\/trabajo-en-canada\/","og_site_name":"Interc\u00e2mbio no Canad\u00e1 - 3RA Interc\u00e2mbio","article_publisher":"https:\/\/www.facebook.com\/3ragroup","article_modified_time":"2019-07-19T20:36:55+00:00","twitter_card":"summary_large_image","twitter_site":"@3raintercambio","twitter_misc":{"Tiempo de lectura":"4 minutos"},"schema":{"@context":"https:\/\/schema.org","@graph":[{"@type":"WebPage","@id":"https:\/\/3raintercambio.com\/es\/trabajo-en-canada\/","url":"https:\/\/3raintercambio.com\/es\/trabajo-en-canada\/","name":"Trabajo en Canad\u00e1 | Interc\u00e2mbio no Canad\u00e1 - 3RA Interc\u00e2mbio","isPartOf":{"@id":"https:\/\/www.3raintercambio.com\/es\/#website"},"datePublished":"2019-07-19T20:32:38+00:00","dateModified":"2019-07-19T20:36:55+00:00","description":"Trabajo en Canad\u00e1 Buscar un trabajo en Canad\u00e1 es bastante diferente a buscar en Latinoamerica. Los procesos de selecci\u00f3n, as\u00ed como la cultura corporativa,","breadcrumb":{"@id":"https:\/\/3raintercambio.com\/es\/trabajo-en-canada\/#breadcrumb"},"inLanguage":"es","potentialAction":[{"@type":"ReadAction","target":["https:\/\/3raintercambio.com\/es\/trabajo-en-canada\/"]}]},{"@type":"BreadcrumbList","@id":"https:\/\/3raintercambio.com\/es\/trabajo-en-canada\/#breadcrumb","itemListElement":[{"@type":"ListItem","position":1,"name":"Portada","item":"https:\/\/www.3raintercambio.com\/es\/"},{"@type":"ListItem","position":2,"name":"Trabajo en Canad\u00e1"}]},{"@type":"WebSite","@id":"https:\/\/www.3raintercambio.com\/es\/#website","url":"https:\/\/www.3raintercambio.com\/es\/","name":"Interc\u00e2mbio no Canad\u00e1 - 3RA Interc\u00e2mbio","description":"Interc\u00e2mbio em Vancouver, Toronto, Calgary, Quebec","publisher":{"@id":"https:\/\/www.3raintercambio.com\/es\/#organization"},"potentialAction":[{"@type":"SearchAction","target":{"@type":"EntryPoint","urlTemplate":"https:\/\/www.3raintercambio.com\/es\/?s={search_term_string}"},"query-input":{"@type":"PropertyValueSpecification","valueRequired":true,"valueName":"search_term_string"}}],"inLanguage":"es"},{"@type":"Organization","@id":"https:\/\/www.3raintercambio.com\/es\/#organization","name":"3RA Educa\u00e7\u00e3o Superior no Canad\u00e1","url":"https:\/\/www.3raintercambio.com\/es\/","logo":{"@type":"ImageObject","inLanguage":"es","@id":"https:\/\/www.3raintercambio.com\/es\/#\/schema\/logo\/image\/","url":"https:\/\/3raintercambio.com\/wp-content\/uploads\/2021\/06\/3RA-logo-oficial.png","contentUrl":"https:\/\/3raintercambio.com\/wp-content\/uploads\/2021\/06\/3RA-logo-oficial.png","width":454,"height":150,"caption":"3RA Educa\u00e7\u00e3o Superior no Canad\u00e1"},"image":{"@id":"https:\/\/www.3raintercambio.com\/es\/#\/schema\/logo\/image\/"},"sameAs":["https:\/\/www.facebook.com\/3ragroup","https:\/\/x.com\/3raintercambio","https:\/\/www.instagram.com\/3raintercambio","https:\/\/www.youtube.com\/3raintercambio"]}]}},"_links":{"self":[{"href":"https:\/\/3raintercambio.com\/es\/wp-json\/wp\/v2\/pages\/380724","targetHints":{"allow":["GET"]}}],"collection":[{"href":"https:\/\/3raintercambio.com\/es\/wp-json\/wp\/v2\/pages"}],"about":[{"href":"https:\/\/3raintercambio.com\/es\/wp-json\/wp\/v2\/types\/page"}],"author":[{"embeddable":true,"href":"https:\/\/3raintercambio.com\/es\/wp-json\/wp\/v2\/users\/41"}],"replies":[{"embeddable":true,"href":"https:\/\/3raintercambio.com\/es\/wp-json\/wp\/v2\/comments?post=380724"}],"version-history":[{"count":0,"href":"https:\/\/3raintercambio.com\/es\/wp-json\/wp\/v2\/pages\/380724\/revisions"}],"wp:attachment":[{"href":"https:\/\/3raintercambio.com\/es\/wp-json\/wp\/v2\/media?parent=380724"}],"curies":[{"name":"wp","href":"https:\/\/api.w.org\/{rel}","templated":true}]}}