{"id":376764,"date":"2018-11-19T12:51:16","date_gmt":"2018-11-19T20:51:16","guid":{"rendered":"https:\/\/3raintercambio.com\/?page_id=376764"},"modified":"2018-11-23T16:38:05","modified_gmt":"2018-11-24T00:38:05","slug":"vacante-asesor-educativo-esp","status":"publish","type":"page","link":"https:\/\/3raintercambio.com\/es\/lp\/vacante-asesor-educativo-esp\/","title":{"rendered":"Vacante 3RA Vancouver &#8211; Asesor Educativo Espa\u00f1ol"},"content":{"rendered":"<p><br \/>\n<strong>Acerca de 3RA Intercambio<\/strong><\/p>\n<p>Somos una agencia de servicios estudiantiles ubicada en Vancouver, Ca. con oficinas en Toronto y en algunas ciudades de Brasil. Nuestra misi\u00f3n es asesorar a todas aquellas personas que desean venir a estudiar a Canad\u00e1, y dado que tenemos alianza con m\u00e1s de 70 escuelas e instituciones educativas en todo el pa\u00eds, somos expertos en el tema del estudio en Canad\u00e1.<\/p>\n<p><strong>Acerca de la vacante<\/strong><\/p>\n<p>El puesto de Asesor Educativo es ideal para alguien energ\u00e9tico y que guste hablar con la gente, as\u00ed como de compartir su experiencia para ayudar a otros a encontrar su camino. Estamos buscando una persona que tenga conocimiento en el sistema de educaci\u00f3n internacional canadiense y que sea capaz de transmitir de manera clara y efectiva sus recomendaciones a otros. Este rol se encarga de ayudar y asesorar a estudiantes internacionales a trav\u00e9s de una consultor\u00eda educativa, a realizar una investigaci\u00f3n educativa, preparar la documentaci\u00f3n necesaria y asesorarlos en el proceso de matriculaci\u00f3n, dentro de una agencia con personalidad din\u00e1mica, j\u00f3ven y profesional.<\/p>\n<p><strong>Nuestro candidato ideal debe de tener:<\/strong><\/p>\n<ul>\n<li>Licenciatura universitaria o t\u00edtulo profesional equivalente, preferentemente en \u00e1reas relacionadas con administraci\u00f3n, comunicaci\u00f3n, servicio al cliente o ventas<\/li>\n<li>El conocimiento de los idiomas espa\u00f1ol e ingl\u00e9s (tanto la habilidad de comunicaci\u00f3n verbal como de escritura) es obligatorio<\/li>\n<li>Experiencia previa en servicio al cliente o ventas<\/li>\n<li>Capacidad y experiencia con Microsoft Office (Word, Excel, Power Point)<\/li>\n<li>Adecuado manejo y respeto a la informaci\u00f3n confidencial<\/li>\n<li>Organizado y capacidad para trabajar de forma independiente eficazmente, pero tambi\u00e9n en un entorno de equipo<\/li>\n<\/ul>\n<p><strong>Experiencia:<\/strong><\/p>\n<ul>\n<li>Servicio al cliente o ventas: 1 a\u00f1o (Preferentemente)<\/li>\n<li>Conocimiento en el sistema educativo internacionale de Canad\u00e1 (Preferentemente)<\/li>\n<\/ul>\n<p><strong>Educaci\u00f3n:<\/strong><\/p>\n<ul>\n<li>Titulo Universitario o equivalente (Requerido)<\/li>\n<\/ul>\n<p><strong>Idiomas:<\/strong><\/p>\n<ul>\n<li>Espa\u00f1ol (Obligatorio)<\/li>\n<li>Ingl\u00e9s (Requerido)<\/li>\n<\/ul>\n<p><strong>Sueldo:<\/strong><\/p>\n<ul>\n<li>Sueldo base $12,65 por hr + comisiones mensuales de acuerdo a productividad<\/li>\n<\/ul>\n<p><strong>Jornada:<\/strong><\/p>\n<ul>\n<li>Solamente Full-time<\/li>\n<\/ul>\n<p><strong>IMPORTANTE:<\/strong><\/p>\n<ul>\n<li>S\u00f3lo se tomar\u00e1 en cuenta personas que puedan trabajar legalmente en Canad\u00e1, ya sea que cuenten con permisos de trabajo temporales, residencia permanente o ciudadan\u00eda y que tengan disponibilidad inmediata<\/li>\n<li>El aplicante se debe encontrar f\u00edsimacamente en Vancouver en el momento de aplicar. No se tomar\u00e1n en cuenta aplicaciones de candidatos que est\u00e9n fuera de Canad\u00e1 al momento de aplicar.<\/li>\n<\/ul>\n<p><strong>Para seguir con el proceso de selecci\u00f3n, da clic en el boton de abajo para aplicar\u00a0<\/strong><br \/>\n<\/p>\n<p><br \/>\n<br \/>\n<\/p>\n","protected":false},"excerpt":{"rendered":"<p>Acerca de 3RA Intercambio Somos una agencia de servicios estudiantiles ubicada en Vancouver, Ca. con oficinas en Toronto y en algunas ciudades de Brasil. Nuestra misi\u00f3n es asesorar a todas aquellas personas que desean venir a estudiar a Canad\u00e1, y dado que tenemos alianza con m\u00e1s de 70 escuelas e instituciones educativas en todo el [&hellip;]<\/p>\n","protected":false},"author":41,"featured_media":376768,"parent":354781,"menu_order":0,"comment_status":"closed","ping_status":"closed","template":"","meta":{"footnotes":""},"class_list":["post-376764","page","type-page","status-publish","has-post-thumbnail","hentry","post-wrapper","thrv_wrapper"],"yoast_head":"<!-- This site is optimized with the Yoast SEO Premium plugin v20.0 (Yoast SEO v24.9) - https:\/\/yoast.com\/wordpress\/plugins\/seo\/ -->\n<title>Vacante 3RA Vancouver - Asesor Educativo Espa\u00f1ol | Interc\u00e2mbio no Canad\u00e1 - 3RA Interc\u00e2mbio<\/title>\n<meta name=\"description\" content=\"Acerca de 3RA Intercambio Somos una agencia de servicios estudiantiles ubicada en Vancouver, Ca. con oficinas en Toronto y en algunas ciudades de Brasil.\" \/>\n<meta name=\"robots\" content=\"index, follow, max-snippet:-1, max-image-preview:large, max-video-preview:-1\" \/>\n<link rel=\"canonical\" href=\"https:\/\/3raintercambio.com\/es\/lp\/vacante-asesor-educativo-esp\/\" \/>\n<meta property=\"og:locale\" content=\"es_ES\" \/>\n<meta property=\"og:type\" content=\"article\" \/>\n<meta property=\"og:title\" content=\"Vacante 3RA - Asesor Educativo Espa\u00f1ol\" \/>\n<meta property=\"og:description\" content=\"\u00bfHablas espa\u00f1ol y tienes experiencia en servicio al cliente y ventas? Entonces, esta vacante puede ser tuya.\" \/>\n<meta property=\"og:url\" content=\"https:\/\/3raintercambio.com\/es\/lp\/vacante-asesor-educativo-esp\/\" \/>\n<meta property=\"og:site_name\" content=\"Interc\u00e2mbio no Canad\u00e1 - 3RA Interc\u00e2mbio\" \/>\n<meta property=\"article:publisher\" content=\"https:\/\/www.facebook.com\/3ragroup\" \/>\n<meta property=\"article:modified_time\" content=\"2018-11-24T00:38:05+00:00\" \/>\n<meta property=\"og:image\" content=\"https:\/\/3raintercambio.com\/wp-content\/uploads\/2018\/11\/Trabalhe3RA_spanish.jpg\" \/>\n\t<meta property=\"og:image:width\" content=\"1200\" \/>\n\t<meta property=\"og:image:height\" content=\"628\" \/>\n\t<meta property=\"og:image:type\" content=\"image\/jpeg\" \/>\n<meta name=\"twitter:card\" content=\"summary_large_image\" \/>\n<meta name=\"twitter:title\" content=\"Vacante 3RA Vancouver - Asesor Educativo Espa\u00f1ol\" \/>\n<meta name=\"twitter:site\" content=\"@3raintercambio\" \/>\n<meta name=\"twitter:label1\" content=\"Tiempo de lectura\" \/>\n\t<meta name=\"twitter:data1\" content=\"3 minutos\" \/>\n<script type=\"application\/ld+json\" class=\"yoast-schema-graph\">{\"@context\":\"https:\/\/schema.org\",\"@graph\":[{\"@type\":\"WebPage\",\"@id\":\"https:\/\/3raintercambio.com\/es\/lp\/vacante-asesor-educativo-esp\/\",\"url\":\"https:\/\/3raintercambio.com\/es\/lp\/vacante-asesor-educativo-esp\/\",\"name\":\"Vacante 3RA Vancouver - Asesor Educativo Espa\u00f1ol | Interc\u00e2mbio no Canad\u00e1 - 3RA Interc\u00e2mbio\",\"isPartOf\":{\"@id\":\"https:\/\/www.3raintercambio.com\/es\/#website\"},\"primaryImageOfPage\":{\"@id\":\"https:\/\/3raintercambio.com\/es\/lp\/vacante-asesor-educativo-esp\/#primaryimage\"},\"image\":{\"@id\":\"https:\/\/3raintercambio.com\/es\/lp\/vacante-asesor-educativo-esp\/#primaryimage\"},\"thumbnailUrl\":\"https:\/\/3raintercambio.com\/wp-content\/uploads\/2018\/11\/Trabalhe3RA_spanish.jpg\",\"datePublished\":\"2018-11-19T20:51:16+00:00\",\"dateModified\":\"2018-11-24T00:38:05+00:00\",\"description\":\"Acerca de 3RA Intercambio Somos una agencia de servicios estudiantiles ubicada en Vancouver, Ca. con oficinas en Toronto y en algunas ciudades de Brasil.\",\"breadcrumb\":{\"@id\":\"https:\/\/3raintercambio.com\/es\/lp\/vacante-asesor-educativo-esp\/#breadcrumb\"},\"inLanguage\":\"es\",\"potentialAction\":[{\"@type\":\"ReadAction\",\"target\":[\"https:\/\/3raintercambio.com\/es\/lp\/vacante-asesor-educativo-esp\/\"]}]},{\"@type\":\"ImageObject\",\"inLanguage\":\"es\",\"@id\":\"https:\/\/3raintercambio.com\/es\/lp\/vacante-asesor-educativo-esp\/#primaryimage\",\"url\":\"https:\/\/3raintercambio.com\/wp-content\/uploads\/2018\/11\/Trabalhe3RA_spanish.jpg\",\"contentUrl\":\"https:\/\/3raintercambio.com\/wp-content\/uploads\/2018\/11\/Trabalhe3RA_spanish.jpg\",\"width\":1200,\"height\":628},{\"@type\":\"BreadcrumbList\",\"@id\":\"https:\/\/3raintercambio.com\/es\/lp\/vacante-asesor-educativo-esp\/#breadcrumb\",\"itemListElement\":[{\"@type\":\"ListItem\",\"position\":1,\"name\":\"Portada\",\"item\":\"https:\/\/www.3raintercambio.com\/es\/\"},{\"@type\":\"ListItem\",\"position\":2,\"name\":\"Landing Page\",\"item\":\"https:\/\/3raintercambio.com\/es\/lp\/\"},{\"@type\":\"ListItem\",\"position\":3,\"name\":\"Vacante 3RA Vancouver &#8211; Asesor Educativo Espa\u00f1ol\"}]},{\"@type\":\"WebSite\",\"@id\":\"https:\/\/www.3raintercambio.com\/es\/#website\",\"url\":\"https:\/\/www.3raintercambio.com\/es\/\",\"name\":\"Interc\u00e2mbio no Canad\u00e1 - 3RA Interc\u00e2mbio\",\"description\":\"Interc\u00e2mbio em Vancouver, Toronto, Calgary, Quebec\",\"publisher\":{\"@id\":\"https:\/\/www.3raintercambio.com\/es\/#organization\"},\"potentialAction\":[{\"@type\":\"SearchAction\",\"target\":{\"@type\":\"EntryPoint\",\"urlTemplate\":\"https:\/\/www.3raintercambio.com\/es\/?s={search_term_string}\"},\"query-input\":{\"@type\":\"PropertyValueSpecification\",\"valueRequired\":true,\"valueName\":\"search_term_string\"}}],\"inLanguage\":\"es\"},{\"@type\":\"Organization\",\"@id\":\"https:\/\/www.3raintercambio.com\/es\/#organization\",\"name\":\"3RA Educa\u00e7\u00e3o Superior no Canad\u00e1\",\"url\":\"https:\/\/www.3raintercambio.com\/es\/\",\"logo\":{\"@type\":\"ImageObject\",\"inLanguage\":\"es\",\"@id\":\"https:\/\/www.3raintercambio.com\/es\/#\/schema\/logo\/image\/\",\"url\":\"https:\/\/3raintercambio.com\/wp-content\/uploads\/2021\/06\/3RA-logo-oficial.png\",\"contentUrl\":\"https:\/\/3raintercambio.com\/wp-content\/uploads\/2021\/06\/3RA-logo-oficial.png\",\"width\":454,\"height\":150,\"caption\":\"3RA Educa\u00e7\u00e3o Superior no Canad\u00e1\"},\"image\":{\"@id\":\"https:\/\/www.3raintercambio.com\/es\/#\/schema\/logo\/image\/\"},\"sameAs\":[\"https:\/\/www.facebook.com\/3ragroup\",\"https:\/\/x.com\/3raintercambio\",\"https:\/\/www.instagram.com\/3raintercambio\",\"https:\/\/www.youtube.com\/3raintercambio\"]}]}<\/script>\n<!-- \/ Yoast SEO Premium plugin. -->","yoast_head_json":{"title":"Vacante 3RA Vancouver - Asesor Educativo Espa\u00f1ol | Interc\u00e2mbio no Canad\u00e1 - 3RA Interc\u00e2mbio","description":"Acerca de 3RA Intercambio Somos una agencia de servicios estudiantiles ubicada en Vancouver, Ca. con oficinas en Toronto y en algunas ciudades de Brasil.","robots":{"index":"index","follow":"follow","max-snippet":"max-snippet:-1","max-image-preview":"max-image-preview:large","max-video-preview":"max-video-preview:-1"},"canonical":"https:\/\/3raintercambio.com\/es\/lp\/vacante-asesor-educativo-esp\/","og_locale":"es_ES","og_type":"article","og_title":"Vacante 3RA - Asesor Educativo Espa\u00f1ol","og_description":"\u00bfHablas espa\u00f1ol y tienes experiencia en servicio al cliente y ventas? Entonces, esta vacante puede ser tuya.","og_url":"https:\/\/3raintercambio.com\/es\/lp\/vacante-asesor-educativo-esp\/","og_site_name":"Interc\u00e2mbio no Canad\u00e1 - 3RA Interc\u00e2mbio","article_publisher":"https:\/\/www.facebook.com\/3ragroup","article_modified_time":"2018-11-24T00:38:05+00:00","og_image":[{"width":1200,"height":628,"url":"https:\/\/3raintercambio.com\/wp-content\/uploads\/2018\/11\/Trabalhe3RA_spanish.jpg","type":"image\/jpeg"}],"twitter_card":"summary_large_image","twitter_title":"Vacante 3RA Vancouver - Asesor Educativo Espa\u00f1ol","twitter_site":"@3raintercambio","twitter_misc":{"Tiempo de lectura":"3 minutos"},"schema":{"@context":"https:\/\/schema.org","@graph":[{"@type":"WebPage","@id":"https:\/\/3raintercambio.com\/es\/lp\/vacante-asesor-educativo-esp\/","url":"https:\/\/3raintercambio.com\/es\/lp\/vacante-asesor-educativo-esp\/","name":"Vacante 3RA Vancouver - Asesor Educativo Espa\u00f1ol | Interc\u00e2mbio no Canad\u00e1 - 3RA Interc\u00e2mbio","isPartOf":{"@id":"https:\/\/www.3raintercambio.com\/es\/#website"},"primaryImageOfPage":{"@id":"https:\/\/3raintercambio.com\/es\/lp\/vacante-asesor-educativo-esp\/#primaryimage"},"image":{"@id":"https:\/\/3raintercambio.com\/es\/lp\/vacante-asesor-educativo-esp\/#primaryimage"},"thumbnailUrl":"https:\/\/3raintercambio.com\/wp-content\/uploads\/2018\/11\/Trabalhe3RA_spanish.jpg","datePublished":"2018-11-19T20:51:16+00:00","dateModified":"2018-11-24T00:38:05+00:00","description":"Acerca de 3RA Intercambio Somos una agencia de servicios estudiantiles ubicada en Vancouver, Ca. con oficinas en Toronto y en algunas ciudades de Brasil.","breadcrumb":{"@id":"https:\/\/3raintercambio.com\/es\/lp\/vacante-asesor-educativo-esp\/#breadcrumb"},"inLanguage":"es","potentialAction":[{"@type":"ReadAction","target":["https:\/\/3raintercambio.com\/es\/lp\/vacante-asesor-educativo-esp\/"]}]},{"@type":"ImageObject","inLanguage":"es","@id":"https:\/\/3raintercambio.com\/es\/lp\/vacante-asesor-educativo-esp\/#primaryimage","url":"https:\/\/3raintercambio.com\/wp-content\/uploads\/2018\/11\/Trabalhe3RA_spanish.jpg","contentUrl":"https:\/\/3raintercambio.com\/wp-content\/uploads\/2018\/11\/Trabalhe3RA_spanish.jpg","width":1200,"height":628},{"@type":"BreadcrumbList","@id":"https:\/\/3raintercambio.com\/es\/lp\/vacante-asesor-educativo-esp\/#breadcrumb","itemListElement":[{"@type":"ListItem","position":1,"name":"Portada","item":"https:\/\/www.3raintercambio.com\/es\/"},{"@type":"ListItem","position":2,"name":"Landing Page","item":"https:\/\/3raintercambio.com\/es\/lp\/"},{"@type":"ListItem","position":3,"name":"Vacante 3RA Vancouver &#8211; Asesor Educativo Espa\u00f1ol"}]},{"@type":"WebSite","@id":"https:\/\/www.3raintercambio.com\/es\/#website","url":"https:\/\/www.3raintercambio.com\/es\/","name":"Interc\u00e2mbio no Canad\u00e1 - 3RA Interc\u00e2mbio","description":"Interc\u00e2mbio em Vancouver, Toronto, Calgary, Quebec","publisher":{"@id":"https:\/\/www.3raintercambio.com\/es\/#organization"},"potentialAction":[{"@type":"SearchAction","target":{"@type":"EntryPoint","urlTemplate":"https:\/\/www.3raintercambio.com\/es\/?s={search_term_string}"},"query-input":{"@type":"PropertyValueSpecification","valueRequired":true,"valueName":"search_term_string"}}],"inLanguage":"es"},{"@type":"Organization","@id":"https:\/\/www.3raintercambio.com\/es\/#organization","name":"3RA Educa\u00e7\u00e3o Superior no Canad\u00e1","url":"https:\/\/www.3raintercambio.com\/es\/","logo":{"@type":"ImageObject","inLanguage":"es","@id":"https:\/\/www.3raintercambio.com\/es\/#\/schema\/logo\/image\/","url":"https:\/\/3raintercambio.com\/wp-content\/uploads\/2021\/06\/3RA-logo-oficial.png","contentUrl":"https:\/\/3raintercambio.com\/wp-content\/uploads\/2021\/06\/3RA-logo-oficial.png","width":454,"height":150,"caption":"3RA Educa\u00e7\u00e3o Superior no Canad\u00e1"},"image":{"@id":"https:\/\/www.3raintercambio.com\/es\/#\/schema\/logo\/image\/"},"sameAs":["https:\/\/www.facebook.com\/3ragroup","https:\/\/x.com\/3raintercambio","https:\/\/www.instagram.com\/3raintercambio","https:\/\/www.youtube.com\/3raintercambio"]}]}},"_links":{"self":[{"href":"https:\/\/3raintercambio.com\/es\/wp-json\/wp\/v2\/pages\/376764","targetHints":{"allow":["GET"]}}],"collection":[{"href":"https:\/\/3raintercambio.com\/es\/wp-json\/wp\/v2\/pages"}],"about":[{"href":"https:\/\/3raintercambio.com\/es\/wp-json\/wp\/v2\/types\/page"}],"author":[{"embeddable":true,"href":"https:\/\/3raintercambio.com\/es\/wp-json\/wp\/v2\/users\/41"}],"replies":[{"embeddable":true,"href":"https:\/\/3raintercambio.com\/es\/wp-json\/wp\/v2\/comments?post=376764"}],"version-history":[{"count":0,"href":"https:\/\/3raintercambio.com\/es\/wp-json\/wp\/v2\/pages\/376764\/revisions"}],"up":[{"embeddable":true,"href":"https:\/\/3raintercambio.com\/es\/wp-json\/wp\/v2\/pages\/354781"}],"wp:featuredmedia":[{"embeddable":true,"href":"https:\/\/3raintercambio.com\/es\/wp-json\/wp\/v2\/media\/376768"}],"wp:attachment":[{"href":"https:\/\/3raintercambio.com\/es\/wp-json\/wp\/v2\/media?parent=376764"}],"curies":[{"name":"wp","href":"https:\/\/api.w.org\/{rel}","templated":true}]}}