{"id":376146,"date":"2018-10-16T15:20:05","date_gmt":"2018-10-16T22:20:05","guid":{"rendered":"https:\/\/3raintercambio.com\/?page_id=376146"},"modified":"2018-10-17T13:33:01","modified_gmt":"2018-10-17T20:33:01","slug":"terminos-y-condiciones-del-concurso","status":"publish","type":"page","link":"https:\/\/3raintercambio.com\/es\/lp\/terminos-y-condiciones-del-concurso\/","title":{"rendered":"T\u00e9rminos y Condiciones del Concurso:"},"content":{"rendered":"<h1><strong>T\u00e9rminos y Condiciones del Concurso:<\/strong><\/h1>\n<ol>\n<li>Al llenar el formulario, el participante est\u00e1 dando consentimiento para ser contactado por email o llamada telef\u00f3nica con fines de Mercadotecnia por 3RA Intercambio y para ser contactado por esos medios, en dado caso de que resulte ganador. 3RA no compartir\u00e1 tus datos con terceros.<\/li>\n<li>La promoci\u00f3n finaliza el martes <strong>30 de octubre 2018 a las 11:59 pm<\/strong>. Los participantes tendr\u00e1n hasta ese d\u00eda y hora para llenar sus datos y enviar el formulario, que contar\u00e1 como una (1) entrada en la rifa para elegir el ganador. Cada amigo referido que contenga una direccion de correo electr\u00f3nico v\u00e1lido, contar\u00e1 como una entrada m\u00e1s. La rifa se llevar\u00e1 a cabo el d\u00eda <strong>viernes 2 de noviembre<\/strong> y el o la ganadora, ser\u00e1 contactado en los siguientes d\u00edas.<\/li>\n<li>Para participar, la persona debe residir actualmente en la ciudad de Vancouver, Canad\u00e1. No importa si es turista o residente temporal, siempre y cuando se encuentres f\u00edsicamente en la ciudad a la hora de participar.<\/li>\n<li>El premio ser\u00e1 v\u00e1lido por 3 meses una vez anunciado el ganador. Si el ganador no recoge el pase para hacer v\u00e1lido el viaje despu\u00e9s de 4 semanas de haberle comunicado que gan\u00f3, este perder\u00e1 su premio y un segundo ganador ser\u00e1 elegido y contactado.<\/li>\n<li>3RA no se hace responsable por ning\u00fan tipo de incidente antes, durante o despu\u00e9s del viaje. Es de entera responsabilidad del ganador, contactar a la empresa <strong>Discover Canada Tours<\/strong> para agendar su viaje con tiempo y estar presente en tiempo y forma el d\u00eda que se haya agendado hacer v\u00e1lido el viaje. No se aceptar\u00e1n cancelaciones de \u00faltimo momento y en dado caso de que ese fuera el caso, el ganador perdar\u00e1 su premio.<\/li>\n<\/ol>\n","protected":false},"excerpt":{"rendered":"<p>T\u00e9rminos y Condiciones del Concurso: Al llenar el formulario, el participante est\u00e1 dando consentimiento para ser contactado por email o llamada telef\u00f3nica con fines de Mercadotecnia por 3RA Intercambio y para ser contactado por esos medios, en dado caso de que resulte ganador. 3RA no compartir\u00e1 tus datos con terceros. La promoci\u00f3n finaliza el martes [&hellip;]<\/p>\n","protected":false},"author":41,"featured_media":0,"parent":354781,"menu_order":0,"comment_status":"closed","ping_status":"closed","template":"template-blank.php","meta":{"footnotes":""},"class_list":["post-376146","page","type-page","status-publish","hentry","post-wrapper","thrv_wrapper"],"yoast_head":"<!-- This site is optimized with the Yoast SEO Premium plugin v20.0 (Yoast SEO v27.4) - https:\/\/yoast.com\/product\/yoast-seo-premium-wordpress\/ -->\n<title>T\u00e9rminos y Condiciones del Concurso: | Interc\u00e2mbio no Canad\u00e1 - 3RA Interc\u00e2mbio<\/title>\n<meta name=\"description\" content=\"T\u00e9rminos y Condiciones del Concurso: Al llenar el formulario, el participante est\u00e1 dando consentimiento para ser contactado por email o llamada telef\u00f3nica\" \/>\n<meta name=\"robots\" content=\"index, follow, max-snippet:-1, max-image-preview:large, max-video-preview:-1\" \/>\n<link rel=\"canonical\" href=\"https:\/\/3raintercambio.com\/es\/lp\/terminos-y-condiciones-del-concurso\/\" \/>\n<meta property=\"og:locale\" content=\"es_ES\" \/>\n<meta property=\"og:type\" content=\"article\" \/>\n<meta property=\"og:title\" content=\"T\u00e9rminos y Condiciones del Concurso:\" \/>\n<meta property=\"og:description\" content=\"T\u00e9rminos y Condiciones del Concurso: Al llenar el formulario, el participante est\u00e1 dando consentimiento para ser contactado por email o llamada telef\u00f3nica\" \/>\n<meta property=\"og:url\" content=\"https:\/\/3raintercambio.com\/es\/lp\/terminos-y-condiciones-del-concurso\/\" \/>\n<meta property=\"og:site_name\" content=\"Interc\u00e2mbio no Canad\u00e1 - 3RA Interc\u00e2mbio\" \/>\n<meta property=\"article:publisher\" content=\"https:\/\/www.facebook.com\/3ragroup\" \/>\n<meta property=\"article:modified_time\" content=\"2018-10-17T20:33:01+00:00\" \/>\n<meta name=\"twitter:card\" content=\"summary_large_image\" \/>\n<meta name=\"twitter:site\" content=\"@3raintercambio\" \/>\n<meta name=\"twitter:label1\" content=\"Tiempo de lectura\" \/>\n\t<meta name=\"twitter:data1\" content=\"1 minuto\" \/>\n<script type=\"application\/ld+json\" class=\"yoast-schema-graph\">{\"@context\":\"https:\\\/\\\/schema.org\",\"@graph\":[{\"@type\":\"WebPage\",\"@id\":\"https:\\\/\\\/3raintercambio.com\\\/es\\\/lp\\\/terminos-y-condiciones-del-concurso\\\/\",\"url\":\"https:\\\/\\\/3raintercambio.com\\\/es\\\/lp\\\/terminos-y-condiciones-del-concurso\\\/\",\"name\":\"T\u00e9rminos y Condiciones del Concurso: | Interc\u00e2mbio no Canad\u00e1 - 3RA Interc\u00e2mbio\",\"isPartOf\":{\"@id\":\"https:\\\/\\\/www.3raintercambio.com\\\/es\\\/#website\"},\"datePublished\":\"2018-10-16T22:20:05+00:00\",\"dateModified\":\"2018-10-17T20:33:01+00:00\",\"description\":\"T\u00e9rminos y Condiciones del Concurso: Al llenar el formulario, el participante est\u00e1 dando consentimiento para ser contactado por email o llamada telef\u00f3nica\",\"breadcrumb\":{\"@id\":\"https:\\\/\\\/3raintercambio.com\\\/es\\\/lp\\\/terminos-y-condiciones-del-concurso\\\/#breadcrumb\"},\"inLanguage\":\"es\",\"potentialAction\":[{\"@type\":\"ReadAction\",\"target\":[\"https:\\\/\\\/3raintercambio.com\\\/es\\\/lp\\\/terminos-y-condiciones-del-concurso\\\/\"]}]},{\"@type\":\"BreadcrumbList\",\"@id\":\"https:\\\/\\\/3raintercambio.com\\\/es\\\/lp\\\/terminos-y-condiciones-del-concurso\\\/#breadcrumb\",\"itemListElement\":[{\"@type\":\"ListItem\",\"position\":1,\"name\":\"Portada\",\"item\":\"https:\\\/\\\/www.3raintercambio.com\\\/es\\\/\"},{\"@type\":\"ListItem\",\"position\":2,\"name\":\"Landing Page\",\"item\":\"https:\\\/\\\/3raintercambio.com\\\/es\\\/lp\\\/\"},{\"@type\":\"ListItem\",\"position\":3,\"name\":\"T\u00e9rminos y Condiciones del Concurso:\"}]},{\"@type\":\"WebSite\",\"@id\":\"https:\\\/\\\/www.3raintercambio.com\\\/es\\\/#website\",\"url\":\"https:\\\/\\\/www.3raintercambio.com\\\/es\\\/\",\"name\":\"Interc\u00e2mbio no Canad\u00e1 - 3RA Interc\u00e2mbio\",\"description\":\"Interc\u00e2mbio em Vancouver, Toronto, Calgary, Quebec\",\"publisher\":{\"@id\":\"https:\\\/\\\/www.3raintercambio.com\\\/es\\\/#organization\"},\"potentialAction\":[{\"@type\":\"SearchAction\",\"target\":{\"@type\":\"EntryPoint\",\"urlTemplate\":\"https:\\\/\\\/www.3raintercambio.com\\\/es\\\/?s={search_term_string}\"},\"query-input\":{\"@type\":\"PropertyValueSpecification\",\"valueRequired\":true,\"valueName\":\"search_term_string\"}}],\"inLanguage\":\"es\"},{\"@type\":\"Organization\",\"@id\":\"https:\\\/\\\/www.3raintercambio.com\\\/es\\\/#organization\",\"name\":\"3RA Educa\u00e7\u00e3o Superior no Canad\u00e1\",\"url\":\"https:\\\/\\\/www.3raintercambio.com\\\/es\\\/\",\"logo\":{\"@type\":\"ImageObject\",\"inLanguage\":\"es\",\"@id\":\"https:\\\/\\\/www.3raintercambio.com\\\/es\\\/#\\\/schema\\\/logo\\\/image\\\/\",\"url\":\"https:\\\/\\\/3raintercambio.com\\\/wp-content\\\/uploads\\\/2021\\\/06\\\/3RA-logo-oficial.png\",\"contentUrl\":\"https:\\\/\\\/3raintercambio.com\\\/wp-content\\\/uploads\\\/2021\\\/06\\\/3RA-logo-oficial.png\",\"width\":454,\"height\":150,\"caption\":\"3RA Educa\u00e7\u00e3o Superior no Canad\u00e1\"},\"image\":{\"@id\":\"https:\\\/\\\/www.3raintercambio.com\\\/es\\\/#\\\/schema\\\/logo\\\/image\\\/\"},\"sameAs\":[\"https:\\\/\\\/www.facebook.com\\\/3ragroup\",\"https:\\\/\\\/x.com\\\/3raintercambio\",\"https:\\\/\\\/www.instagram.com\\\/3raintercambio\",\"https:\\\/\\\/www.youtube.com\\\/3raintercambio\"]}]}<\/script>\n<!-- \/ Yoast SEO Premium plugin. -->","yoast_head_json":{"title":"T\u00e9rminos y Condiciones del Concurso: | Interc\u00e2mbio no Canad\u00e1 - 3RA Interc\u00e2mbio","description":"T\u00e9rminos y Condiciones del Concurso: Al llenar el formulario, el participante est\u00e1 dando consentimiento para ser contactado por email o llamada telef\u00f3nica","robots":{"index":"index","follow":"follow","max-snippet":"max-snippet:-1","max-image-preview":"max-image-preview:large","max-video-preview":"max-video-preview:-1"},"canonical":"https:\/\/3raintercambio.com\/es\/lp\/terminos-y-condiciones-del-concurso\/","og_locale":"es_ES","og_type":"article","og_title":"T\u00e9rminos y Condiciones del Concurso:","og_description":"T\u00e9rminos y Condiciones del Concurso: Al llenar el formulario, el participante est\u00e1 dando consentimiento para ser contactado por email o llamada telef\u00f3nica","og_url":"https:\/\/3raintercambio.com\/es\/lp\/terminos-y-condiciones-del-concurso\/","og_site_name":"Interc\u00e2mbio no Canad\u00e1 - 3RA Interc\u00e2mbio","article_publisher":"https:\/\/www.facebook.com\/3ragroup","article_modified_time":"2018-10-17T20:33:01+00:00","twitter_card":"summary_large_image","twitter_site":"@3raintercambio","twitter_misc":{"Tiempo de lectura":"1 minuto"},"schema":{"@context":"https:\/\/schema.org","@graph":[{"@type":"WebPage","@id":"https:\/\/3raintercambio.com\/es\/lp\/terminos-y-condiciones-del-concurso\/","url":"https:\/\/3raintercambio.com\/es\/lp\/terminos-y-condiciones-del-concurso\/","name":"T\u00e9rminos y Condiciones del Concurso: | Interc\u00e2mbio no Canad\u00e1 - 3RA Interc\u00e2mbio","isPartOf":{"@id":"https:\/\/www.3raintercambio.com\/es\/#website"},"datePublished":"2018-10-16T22:20:05+00:00","dateModified":"2018-10-17T20:33:01+00:00","description":"T\u00e9rminos y Condiciones del Concurso: Al llenar el formulario, el participante est\u00e1 dando consentimiento para ser contactado por email o llamada telef\u00f3nica","breadcrumb":{"@id":"https:\/\/3raintercambio.com\/es\/lp\/terminos-y-condiciones-del-concurso\/#breadcrumb"},"inLanguage":"es","potentialAction":[{"@type":"ReadAction","target":["https:\/\/3raintercambio.com\/es\/lp\/terminos-y-condiciones-del-concurso\/"]}]},{"@type":"BreadcrumbList","@id":"https:\/\/3raintercambio.com\/es\/lp\/terminos-y-condiciones-del-concurso\/#breadcrumb","itemListElement":[{"@type":"ListItem","position":1,"name":"Portada","item":"https:\/\/www.3raintercambio.com\/es\/"},{"@type":"ListItem","position":2,"name":"Landing Page","item":"https:\/\/3raintercambio.com\/es\/lp\/"},{"@type":"ListItem","position":3,"name":"T\u00e9rminos y Condiciones del Concurso:"}]},{"@type":"WebSite","@id":"https:\/\/www.3raintercambio.com\/es\/#website","url":"https:\/\/www.3raintercambio.com\/es\/","name":"Interc\u00e2mbio no Canad\u00e1 - 3RA Interc\u00e2mbio","description":"Interc\u00e2mbio em Vancouver, Toronto, Calgary, Quebec","publisher":{"@id":"https:\/\/www.3raintercambio.com\/es\/#organization"},"potentialAction":[{"@type":"SearchAction","target":{"@type":"EntryPoint","urlTemplate":"https:\/\/www.3raintercambio.com\/es\/?s={search_term_string}"},"query-input":{"@type":"PropertyValueSpecification","valueRequired":true,"valueName":"search_term_string"}}],"inLanguage":"es"},{"@type":"Organization","@id":"https:\/\/www.3raintercambio.com\/es\/#organization","name":"3RA Educa\u00e7\u00e3o Superior no Canad\u00e1","url":"https:\/\/www.3raintercambio.com\/es\/","logo":{"@type":"ImageObject","inLanguage":"es","@id":"https:\/\/www.3raintercambio.com\/es\/#\/schema\/logo\/image\/","url":"https:\/\/3raintercambio.com\/wp-content\/uploads\/2021\/06\/3RA-logo-oficial.png","contentUrl":"https:\/\/3raintercambio.com\/wp-content\/uploads\/2021\/06\/3RA-logo-oficial.png","width":454,"height":150,"caption":"3RA Educa\u00e7\u00e3o Superior no Canad\u00e1"},"image":{"@id":"https:\/\/www.3raintercambio.com\/es\/#\/schema\/logo\/image\/"},"sameAs":["https:\/\/www.facebook.com\/3ragroup","https:\/\/x.com\/3raintercambio","https:\/\/www.instagram.com\/3raintercambio","https:\/\/www.youtube.com\/3raintercambio"]}]}},"_links":{"self":[{"href":"https:\/\/3raintercambio.com\/es\/wp-json\/wp\/v2\/pages\/376146","targetHints":{"allow":["GET"]}}],"collection":[{"href":"https:\/\/3raintercambio.com\/es\/wp-json\/wp\/v2\/pages"}],"about":[{"href":"https:\/\/3raintercambio.com\/es\/wp-json\/wp\/v2\/types\/page"}],"author":[{"embeddable":true,"href":"https:\/\/3raintercambio.com\/es\/wp-json\/wp\/v2\/users\/41"}],"replies":[{"embeddable":true,"href":"https:\/\/3raintercambio.com\/es\/wp-json\/wp\/v2\/comments?post=376146"}],"version-history":[{"count":0,"href":"https:\/\/3raintercambio.com\/es\/wp-json\/wp\/v2\/pages\/376146\/revisions"}],"up":[{"embeddable":true,"href":"https:\/\/3raintercambio.com\/es\/wp-json\/wp\/v2\/pages\/354781"}],"wp:attachment":[{"href":"https:\/\/3raintercambio.com\/es\/wp-json\/wp\/v2\/media?parent=376146"}],"curies":[{"name":"wp","href":"https:\/\/api.w.org\/{rel}","templated":true}]}}