{"id":375889,"date":"2018-11-05T13:20:56","date_gmt":"2018-11-05T21:20:56","guid":{"rendered":"https:\/\/3raintercambio.com\/?page_id=375889"},"modified":"2018-11-05T13:28:22","modified_gmt":"2018-11-05T21:28:22","slug":"inscripcion-semana-de-educacion-2018","status":"publish","type":"page","link":"https:\/\/3raintercambio.com\/es\/lp\/inscripcion-semana-de-educacion-2018\/","title":{"rendered":"Inscripci\u00f3n &#8211; Semana de Educaci\u00f3n 2018"},"content":{"rendered":"<p><br \/>\n<\/p>\n<p><br \/>\n<\/p>\n<p><br \/>\n<\/p>\n<p><\/p>\n<p style=\"text-align: center;\"><span class=\"texto_corrido18B white\">\u00bfTu sue\u00f1o siempre ha sido estudiar en Canad\u00e1 o incluso emigrar al pa\u00eds?<br \/>\n\u00a1Entonces no puedes perderte el evento en l\u00ednea gratis de 3RA Intercambio!\u00a0<\/span><\/p>\n<p style=\"text-align: center;\"><span class=\"texto_corrido18 white\">En \u00e9l tendr\u00e1s acceso a contenidos especiales que te ayudar\u00e1n a planear tu proyecto en Canad\u00e1 y lo mejor de todo:<br \/>\nPodr\u00e1s acceder desde cualquier lugar del mundo y en el momento que t\u00fa puedas ;)<br \/>\n<\/span><\/p>\n<p style=\"text-align: center;\"><span class=\"texto_corrido18B white\">Reg\u00edstrate y recibe el contenido completo en tu correo electr\u00f3nico.<br \/>\n\u00a1Vamos a iniciar con la planeaci\u00f3n de tu proyecto a Canad\u00e1 con el pie derecho!<\/span><br \/>\n<\/p>\n<p><\/p>\n<p><\/p>\n<p><br \/>\n<\/p>\n<p><\/p>\n<p><\/p>\n<p style=\"text-align: center;\">Mira abajo los temas que abordaremos en el evento online:<\/p>\n<p><\/p>\n<p><\/p>\n<p><\/p>\n<p><\/p>\n<p><\/p>\n<p style=\"text-align: center;\"><span class=\"texto_corrido18Bhighlight white\"> D\u00eda 1:\u00a0<\/span><br \/>\n<span class=\"texto_corrido18B red\">\u00bfPor qu\u00e9 estudiar\u00a0en Canad\u00e1?<\/span><\/p>\n<p><\/p>\n<p><\/p>\n<p><\/p>\n<p style=\"text-align: center;\"><span class=\"texto_corrido18Bhighlight white\">D\u00eda 2:<\/span><br \/>\n<span class=\"texto_corrido18B red\">Estudio<br \/>\ny migraci\u00f3n<\/span><\/p>\n<p><\/p>\n<p><\/p>\n<p><\/p>\n<p style=\"text-align: center;\"><span class=\"texto_corrido18Bhighlight white\">D\u00eda 3:<\/span><br \/>\n<span class=\"texto_corrido18B red\">\u00c1reas y programas m\u00e1s\u00a0populares<\/span><\/p>\n<p><\/p>\n<p><\/p>\n<p><\/p>\n<p style=\"text-align: center;\"><span class=\"texto_corrido18Bhighlight white\">D\u00eda 04:<\/span><br \/>\n<span class=\"texto_corrido18B red\">Por dentro de las instituciones canadienses<\/span><\/p>\n<p><\/p>\n<p><\/p>\n<p><\/p>\n<p><\/p>\n<p style=\"text-align: center;\"><span class=\"texto_corrido18Bhighlight white\">D\u00eda 5:<\/span><br \/>\n<span class=\"texto_corrido18B red\">Curso de ingl\u00e9s preparatorio para colleges y universidades<\/span><\/p>\n<p><\/p>\n<p><\/p>\n<p><\/p>\n<p style=\"text-align: center;\"><span class=\"texto_corrido18Bhighlight white\">D\u00eda 6:<\/span><br \/>\n<span class=\"texto_corrido18B red\">Planeaci\u00f3n financiera para estudiar<\/span><\/p>\n<p><\/p>\n<p><\/p>\n<p><\/p>\n<p style=\"text-align: center;\"><span class=\"texto_corrido18Bhighlight white\">D\u00eda 7:<\/span><br \/>\n<span class=\"texto_corrido18B red\">C\u00f3mo el estudio\u00a0puede ayudarte a inmigrar<\/span><\/p>\n<p><\/p>\n<p><br \/>\n<\/p>\n<p><\/p>\n<p style=\"text-align: left;\"><span class=\"texto_corrido18B white\"><span class=\"texto_corrido18Bhighlight\">En la Semana de la Educaci\u00f3n en Canad\u00e1, tendr\u00e1s acceso a informaci\u00f3n relevante, testimonios de especialistas e historias de latinoamericanos que ya est\u00e1n en Canad\u00e1. Se facilitar\u00e1n:<\/span><\/span><\/p>\n<p><\/p>\n<p><\/p>\n<p><\/p>\n<p><\/p>\n<p style=\"text-align: left;\"><span class=\"texto_corrido18 white\">\u2022 Blog Posts<br \/>\n\u2022 Videos con entrevistas a especialistas<br \/>\n\u2022 Videos en Facebook e Instagram<\/span><\/p>\n<p><\/p>\n<p><br \/>\n<\/p>\n<p><br \/>\n<\/p>\n<p><\/p>\n<p><\/p>\n<p><br \/>\nLlena el siguiente formulario. Despu\u00e9s, recibir\u00e1s el enlace con el contenido completo en tu email.<br \/>\n<\/p>\n<p><br \/>\n<br \/>\n<\/p>\n<p><\/p>\n<p><br \/>\n<\/p>\n<p><\/p>\n","protected":false},"excerpt":{"rendered":"<p>\u00bfTu sue\u00f1o siempre ha sido estudiar en Canad\u00e1 o incluso emigrar al pa\u00eds? \u00a1Entonces no puedes perderte el evento en l\u00ednea gratis de 3RA Intercambio!\u00a0 En \u00e9l tendr\u00e1s acceso a contenidos especiales que te ayudar\u00e1n a planear tu proyecto en Canad\u00e1 y lo mejor de todo: Podr\u00e1s acceder desde cualquier lugar del mundo y en [&hellip;]<\/p>\n","protected":false},"author":2,"featured_media":0,"parent":354781,"menu_order":0,"comment_status":"closed","ping_status":"closed","template":"","meta":{"footnotes":""},"class_list":["post-375889","page","type-page","status-publish","hentry","post-wrapper","thrv_wrapper"],"yoast_head":"<!-- This site is optimized with the Yoast SEO Premium plugin v20.0 (Yoast SEO v24.9) - https:\/\/yoast.com\/wordpress\/plugins\/seo\/ -->\n<title>Inscripci\u00f3n - Semana de Educaci\u00f3n 2018 | Interc\u00e2mbio no Canad\u00e1 - 3RA Interc\u00e2mbio<\/title>\n<meta name=\"description\" content=\"\u00bfTu sue\u00f1o siempre ha sido estudiar en Canad\u00e1 o incluso emigrar al pa\u00eds? \u00a1Entonces no puedes perderte el evento en l\u00ednea gratis de 3RA Intercambio!\u00a0 En \u00e9l\" \/>\n<meta name=\"robots\" content=\"index, follow, max-snippet:-1, max-image-preview:large, max-video-preview:-1\" \/>\n<link rel=\"canonical\" href=\"https:\/\/3raintercambio.com\/es\/lp\/inscripcion-semana-de-educacion-2018\/\" \/>\n<meta property=\"og:locale\" content=\"es_ES\" \/>\n<meta property=\"og:type\" content=\"article\" \/>\n<meta property=\"og:title\" content=\"Inscripci\u00f3n - Semana de Educaci\u00f3n 2018\" \/>\n<meta property=\"og:description\" content=\"\u00bfTu sue\u00f1o siempre ha sido estudiar en Canad\u00e1 o incluso emigrar al pa\u00eds? \u00a1Entonces no puedes perderte el evento en l\u00ednea gratis de 3RA Intercambio!\u00a0 En \u00e9l\" \/>\n<meta property=\"og:url\" content=\"https:\/\/3raintercambio.com\/es\/lp\/inscripcion-semana-de-educacion-2018\/\" \/>\n<meta property=\"og:site_name\" content=\"Interc\u00e2mbio no Canad\u00e1 - 3RA Interc\u00e2mbio\" \/>\n<meta property=\"article:publisher\" content=\"https:\/\/www.facebook.com\/3ragroup\" \/>\n<meta property=\"article:modified_time\" content=\"2018-11-05T21:28:22+00:00\" \/>\n<meta name=\"twitter:card\" content=\"summary_large_image\" \/>\n<meta name=\"twitter:site\" content=\"@3raintercambio\" \/>\n<meta name=\"twitter:label1\" content=\"Tiempo de lectura\" \/>\n\t<meta name=\"twitter:data1\" content=\"11 minutos\" \/>\n<script type=\"application\/ld+json\" class=\"yoast-schema-graph\">{\"@context\":\"https:\/\/schema.org\",\"@graph\":[{\"@type\":\"WebPage\",\"@id\":\"https:\/\/3raintercambio.com\/es\/lp\/inscripcion-semana-de-educacion-2018\/\",\"url\":\"https:\/\/3raintercambio.com\/es\/lp\/inscripcion-semana-de-educacion-2018\/\",\"name\":\"Inscripci\u00f3n - Semana de Educaci\u00f3n 2018 | Interc\u00e2mbio no Canad\u00e1 - 3RA Interc\u00e2mbio\",\"isPartOf\":{\"@id\":\"https:\/\/www.3raintercambio.com\/es\/#website\"},\"datePublished\":\"2018-11-05T21:20:56+00:00\",\"dateModified\":\"2018-11-05T21:28:22+00:00\",\"description\":\"\u00bfTu sue\u00f1o siempre ha sido estudiar en Canad\u00e1 o incluso emigrar al pa\u00eds? \u00a1Entonces no puedes perderte el evento en l\u00ednea gratis de 3RA Intercambio!\u00a0 En \u00e9l\",\"breadcrumb\":{\"@id\":\"https:\/\/3raintercambio.com\/es\/lp\/inscripcion-semana-de-educacion-2018\/#breadcrumb\"},\"inLanguage\":\"es\",\"potentialAction\":[{\"@type\":\"ReadAction\",\"target\":[\"https:\/\/3raintercambio.com\/es\/lp\/inscripcion-semana-de-educacion-2018\/\"]}]},{\"@type\":\"BreadcrumbList\",\"@id\":\"https:\/\/3raintercambio.com\/es\/lp\/inscripcion-semana-de-educacion-2018\/#breadcrumb\",\"itemListElement\":[{\"@type\":\"ListItem\",\"position\":1,\"name\":\"Portada\",\"item\":\"https:\/\/www.3raintercambio.com\/es\/\"},{\"@type\":\"ListItem\",\"position\":2,\"name\":\"Landing Page\",\"item\":\"https:\/\/3raintercambio.com\/es\/lp\/\"},{\"@type\":\"ListItem\",\"position\":3,\"name\":\"Inscripci\u00f3n &#8211; Semana de Educaci\u00f3n 2018\"}]},{\"@type\":\"WebSite\",\"@id\":\"https:\/\/www.3raintercambio.com\/es\/#website\",\"url\":\"https:\/\/www.3raintercambio.com\/es\/\",\"name\":\"Interc\u00e2mbio no Canad\u00e1 - 3RA Interc\u00e2mbio\",\"description\":\"Interc\u00e2mbio em Vancouver, Toronto, Calgary, Quebec\",\"publisher\":{\"@id\":\"https:\/\/www.3raintercambio.com\/es\/#organization\"},\"potentialAction\":[{\"@type\":\"SearchAction\",\"target\":{\"@type\":\"EntryPoint\",\"urlTemplate\":\"https:\/\/www.3raintercambio.com\/es\/?s={search_term_string}\"},\"query-input\":{\"@type\":\"PropertyValueSpecification\",\"valueRequired\":true,\"valueName\":\"search_term_string\"}}],\"inLanguage\":\"es\"},{\"@type\":\"Organization\",\"@id\":\"https:\/\/www.3raintercambio.com\/es\/#organization\",\"name\":\"3RA Educa\u00e7\u00e3o Superior no Canad\u00e1\",\"url\":\"https:\/\/www.3raintercambio.com\/es\/\",\"logo\":{\"@type\":\"ImageObject\",\"inLanguage\":\"es\",\"@id\":\"https:\/\/www.3raintercambio.com\/es\/#\/schema\/logo\/image\/\",\"url\":\"https:\/\/3raintercambio.com\/wp-content\/uploads\/2021\/06\/3RA-logo-oficial.png\",\"contentUrl\":\"https:\/\/3raintercambio.com\/wp-content\/uploads\/2021\/06\/3RA-logo-oficial.png\",\"width\":454,\"height\":150,\"caption\":\"3RA Educa\u00e7\u00e3o Superior no Canad\u00e1\"},\"image\":{\"@id\":\"https:\/\/www.3raintercambio.com\/es\/#\/schema\/logo\/image\/\"},\"sameAs\":[\"https:\/\/www.facebook.com\/3ragroup\",\"https:\/\/x.com\/3raintercambio\",\"https:\/\/www.instagram.com\/3raintercambio\",\"https:\/\/www.youtube.com\/3raintercambio\"]}]}<\/script>\n<!-- \/ Yoast SEO Premium plugin. -->","yoast_head_json":{"title":"Inscripci\u00f3n - Semana de Educaci\u00f3n 2018 | Interc\u00e2mbio no Canad\u00e1 - 3RA Interc\u00e2mbio","description":"\u00bfTu sue\u00f1o siempre ha sido estudiar en Canad\u00e1 o incluso emigrar al pa\u00eds? \u00a1Entonces no puedes perderte el evento en l\u00ednea gratis de 3RA Intercambio!\u00a0 En \u00e9l","robots":{"index":"index","follow":"follow","max-snippet":"max-snippet:-1","max-image-preview":"max-image-preview:large","max-video-preview":"max-video-preview:-1"},"canonical":"https:\/\/3raintercambio.com\/es\/lp\/inscripcion-semana-de-educacion-2018\/","og_locale":"es_ES","og_type":"article","og_title":"Inscripci\u00f3n - Semana de Educaci\u00f3n 2018","og_description":"\u00bfTu sue\u00f1o siempre ha sido estudiar en Canad\u00e1 o incluso emigrar al pa\u00eds? \u00a1Entonces no puedes perderte el evento en l\u00ednea gratis de 3RA Intercambio!\u00a0 En \u00e9l","og_url":"https:\/\/3raintercambio.com\/es\/lp\/inscripcion-semana-de-educacion-2018\/","og_site_name":"Interc\u00e2mbio no Canad\u00e1 - 3RA Interc\u00e2mbio","article_publisher":"https:\/\/www.facebook.com\/3ragroup","article_modified_time":"2018-11-05T21:28:22+00:00","twitter_card":"summary_large_image","twitter_site":"@3raintercambio","twitter_misc":{"Tiempo de lectura":"11 minutos"},"schema":{"@context":"https:\/\/schema.org","@graph":[{"@type":"WebPage","@id":"https:\/\/3raintercambio.com\/es\/lp\/inscripcion-semana-de-educacion-2018\/","url":"https:\/\/3raintercambio.com\/es\/lp\/inscripcion-semana-de-educacion-2018\/","name":"Inscripci\u00f3n - Semana de Educaci\u00f3n 2018 | Interc\u00e2mbio no Canad\u00e1 - 3RA Interc\u00e2mbio","isPartOf":{"@id":"https:\/\/www.3raintercambio.com\/es\/#website"},"datePublished":"2018-11-05T21:20:56+00:00","dateModified":"2018-11-05T21:28:22+00:00","description":"\u00bfTu sue\u00f1o siempre ha sido estudiar en Canad\u00e1 o incluso emigrar al pa\u00eds? \u00a1Entonces no puedes perderte el evento en l\u00ednea gratis de 3RA Intercambio!\u00a0 En \u00e9l","breadcrumb":{"@id":"https:\/\/3raintercambio.com\/es\/lp\/inscripcion-semana-de-educacion-2018\/#breadcrumb"},"inLanguage":"es","potentialAction":[{"@type":"ReadAction","target":["https:\/\/3raintercambio.com\/es\/lp\/inscripcion-semana-de-educacion-2018\/"]}]},{"@type":"BreadcrumbList","@id":"https:\/\/3raintercambio.com\/es\/lp\/inscripcion-semana-de-educacion-2018\/#breadcrumb","itemListElement":[{"@type":"ListItem","position":1,"name":"Portada","item":"https:\/\/www.3raintercambio.com\/es\/"},{"@type":"ListItem","position":2,"name":"Landing Page","item":"https:\/\/3raintercambio.com\/es\/lp\/"},{"@type":"ListItem","position":3,"name":"Inscripci\u00f3n &#8211; Semana de Educaci\u00f3n 2018"}]},{"@type":"WebSite","@id":"https:\/\/www.3raintercambio.com\/es\/#website","url":"https:\/\/www.3raintercambio.com\/es\/","name":"Interc\u00e2mbio no Canad\u00e1 - 3RA Interc\u00e2mbio","description":"Interc\u00e2mbio em Vancouver, Toronto, Calgary, Quebec","publisher":{"@id":"https:\/\/www.3raintercambio.com\/es\/#organization"},"potentialAction":[{"@type":"SearchAction","target":{"@type":"EntryPoint","urlTemplate":"https:\/\/www.3raintercambio.com\/es\/?s={search_term_string}"},"query-input":{"@type":"PropertyValueSpecification","valueRequired":true,"valueName":"search_term_string"}}],"inLanguage":"es"},{"@type":"Organization","@id":"https:\/\/www.3raintercambio.com\/es\/#organization","name":"3RA Educa\u00e7\u00e3o Superior no Canad\u00e1","url":"https:\/\/www.3raintercambio.com\/es\/","logo":{"@type":"ImageObject","inLanguage":"es","@id":"https:\/\/www.3raintercambio.com\/es\/#\/schema\/logo\/image\/","url":"https:\/\/3raintercambio.com\/wp-content\/uploads\/2021\/06\/3RA-logo-oficial.png","contentUrl":"https:\/\/3raintercambio.com\/wp-content\/uploads\/2021\/06\/3RA-logo-oficial.png","width":454,"height":150,"caption":"3RA Educa\u00e7\u00e3o Superior no Canad\u00e1"},"image":{"@id":"https:\/\/www.3raintercambio.com\/es\/#\/schema\/logo\/image\/"},"sameAs":["https:\/\/www.facebook.com\/3ragroup","https:\/\/x.com\/3raintercambio","https:\/\/www.instagram.com\/3raintercambio","https:\/\/www.youtube.com\/3raintercambio"]}]}},"_links":{"self":[{"href":"https:\/\/3raintercambio.com\/es\/wp-json\/wp\/v2\/pages\/375889","targetHints":{"allow":["GET"]}}],"collection":[{"href":"https:\/\/3raintercambio.com\/es\/wp-json\/wp\/v2\/pages"}],"about":[{"href":"https:\/\/3raintercambio.com\/es\/wp-json\/wp\/v2\/types\/page"}],"author":[{"embeddable":true,"href":"https:\/\/3raintercambio.com\/es\/wp-json\/wp\/v2\/users\/2"}],"replies":[{"embeddable":true,"href":"https:\/\/3raintercambio.com\/es\/wp-json\/wp\/v2\/comments?post=375889"}],"version-history":[{"count":0,"href":"https:\/\/3raintercambio.com\/es\/wp-json\/wp\/v2\/pages\/375889\/revisions"}],"up":[{"embeddable":true,"href":"https:\/\/3raintercambio.com\/es\/wp-json\/wp\/v2\/pages\/354781"}],"wp:attachment":[{"href":"https:\/\/3raintercambio.com\/es\/wp-json\/wp\/v2\/media?parent=375889"}],"curies":[{"name":"wp","href":"https:\/\/api.w.org\/{rel}","templated":true}]}}