{"id":375060,"date":"2018-08-10T11:13:37","date_gmt":"2018-08-10T18:13:37","guid":{"rendered":"https:\/\/3raintercambio.com\/?page_id=375060"},"modified":"2020-10-28T12:11:30","modified_gmt":"2020-10-28T19:11:30","slug":"gracias-espanol","status":"publish","type":"page","link":"https:\/\/3raintercambio.com\/es\/lp\/gracias-espanol\/","title":{"rendered":"\u00a1Gracias!"},"content":{"rendered":"<p><br \/>\n<\/p>\n<p><\/p>\n<p><\/p>\n<h2 style=\"text-align: center;\"><span class=\"nome_cidade white\">\u00a1Gracias!<br \/>\n<\/span><\/h2>\n<p style=\"text-align: center;\"><span class=\"titulo_corrido white\">Pronto alguien de nuestro equipo de consultores educativos entrar\u00e1 en contacto contigo v\u00eda email.<br \/>\n<\/span><\/p>\n<p><br \/>\n<\/p>\n<p><br \/>\n<\/p>\n<p style=\"text-align: center;\"><span class=\"titulo_corrido black\">Conoce las promociones actuales que tenemos para ti en 3RA Intercambio<br \/>\n<\/span><br \/>\n<br \/>\n<\/p>\n<p><\/p>\n<p><\/p>\n<p><\/p>\n<p style=\"text-align: center;\"><span class=\"titulo_corrido black\">Estudia Ingl\u00e9s<br \/>\nen Canad\u00e1<\/span><\/p>\n<p><\/p>\n<p><\/p>\n<p style=\"text-align: center;\"><span class=\"texto_corrido red\">Promociones de 3RA*<\/span><\/p>\n<p class=\"text_corrido black\" style=\"text-align: center;\">A partir de<br \/>\n<span class=\"titulo_corrido red\">CAD$<\/span><span class=\"nome_cidade red\">1,941<\/span><\/p>\n<p><\/p>\n<p><\/p>\n<p><\/p>\n<p><\/p>\n<p style=\"line-height: 1.5; font-size: 8px; color: #000000; font-family: trebuchet ms; text-align: center;\"><em>(*) Promoci\u00f3n v\u00e1lida por tiempo limitado.<\/em><\/p>\n<p><\/p>\n<p><\/p>\n<p><\/p>\n<p style=\"text-align: center;\"><span class=\"titulo_corrido black\">Estudio y Trabajo<br \/>\nen Vancouver<\/span><\/p>\n<p><\/p>\n<p><\/p>\n<p style=\"text-align: center;\"><span class=\"texto_corrido red\">2 a\u00f1os de curso*<\/span><\/p>\n<p class=\"text_corrido black\" style=\"text-align: center;\">De CAD$<span class=\"text_corrido black\">13,490 a<\/span><br \/>\n<span class=\"titulo_corrido red\">CAD$<\/span><span class=\"nome_cidade red\">9,545<\/span><\/p>\n<p><\/p>\n<p><\/p>\n<p><\/p>\n<p><\/p>\n<p style=\"line-height: 1.5; font-size: 8px; color: #000000; font-family: trebuchet ms; text-align: center;\"><em>(*) Promoci\u00f3n v\u00e1lida por tiempo limitado<\/em><\/p>\n<p><\/p>\n<p><\/p>\n<p><\/p>\n<p style=\"text-align: center;\"><span class=\"titulo_corrido black\">Estudio y Trabajo<br \/>\nen Vancouver<\/span><\/p>\n<p><\/p>\n<p><\/p>\n<p style=\"text-align: center;\"><span class=\"texto_corrido red\">1 a\u00f1o de curso*<\/span><\/p>\n<p class=\"text_corrido black\" style=\"text-align: center;\">De CAD$<span class=\"text_corrido black\">9.645 a s\u00f3lo<\/span><br \/>\n<span class=\"titulo_corrido red\">CAD$<\/span><span class=\"nome_cidade red\">6,495<\/span><\/p>\n<p><\/p>\n<p><\/p>\n<p><\/p>\n<p><\/p>\n<p style=\"line-height: 1.5; font-size: 8px; color: #000000; font-family: trebuchet ms; text-align: center;\"><em>(*) Promoci\u00f3n v\u00e1lida por tiempo limitado<\/em><\/p>\n<p><\/p>\n<p><\/p>\n<p><\/p>\n<p style=\"text-align: center;\"><span class=\"titulo_corrido black\">Estudia y trabaja<br \/>\nen Montreal<\/span><\/p>\n<p><\/p>\n<p><\/p>\n<p style=\"text-align: center;\"><span class=\"texto_corrido red\">1 a\u00f1o y 4 meses de curso con derecho a PGWP*<\/span><\/p>\n<p class=\"text_corrido black\" style=\"text-align: center;\">por<span class=\"text_corrido black\"> tan s\u00f3lo<\/span><br \/>\n<span class=\"titulo_corrido red\">CAD$<\/span><span class=\"nome_cidade red\">6.750<\/span><\/p>\n<p><\/p>\n<p><\/p>\n<p><\/p>\n<p><\/p>\n<p style=\"line-height: 1.5; font-size: 8px; color: #000000; font-family: trebuchet ms; text-align: center;\"><em>(*) Promoci\u00f3n v\u00e1lida por tiempo limitado<\/em><\/p>\n<p><\/p>\n<p><\/p>\n","protected":false},"excerpt":{"rendered":"<p>\u00a1Gracias! Pronto alguien de nuestro equipo de consultores educativos entrar\u00e1 en contacto contigo v\u00eda email. Conoce las promociones actuales que tenemos para ti en 3RA Intercambio Estudia Ingl\u00e9s en Canad\u00e1 Promociones de 3RA* A partir de CAD$1,941 (*) Promoci\u00f3n v\u00e1lida por tiempo limitado. Estudio y Trabajo en Vancouver 2 a\u00f1os de curso* De CAD$13,490 a [&hellip;]<\/p>\n","protected":false},"author":41,"featured_media":0,"parent":354781,"menu_order":0,"comment_status":"open","ping_status":"open","template":"","meta":{"footnotes":""},"class_list":["post-375060","page","type-page","status-publish","hentry","post-wrapper","thrv_wrapper"],"yoast_head":"<!-- This site is optimized with the Yoast SEO Premium plugin v20.0 (Yoast SEO v24.9) - https:\/\/yoast.com\/wordpress\/plugins\/seo\/ -->\n<title>\u00a1Gracias! | Interc\u00e2mbio no Canad\u00e1 - 3RA Interc\u00e2mbio<\/title>\n<meta name=\"description\" content=\"\u00a1Gracias! Pronto alguien de nuestro equipo de consultores educativos entrar\u00e1 en contacto contigo v\u00eda email. Conoce las promociones actuales que tenemos\" \/>\n<meta name=\"robots\" content=\"index, follow, max-snippet:-1, max-image-preview:large, max-video-preview:-1\" \/>\n<link rel=\"canonical\" href=\"https:\/\/3raintercambio.com\/es\/lp\/gracias-espanol\/\" \/>\n<meta property=\"og:locale\" content=\"es_ES\" \/>\n<meta property=\"og:type\" content=\"article\" \/>\n<meta property=\"og:title\" content=\"\u00a1Gracias!\" \/>\n<meta property=\"og:description\" content=\"\u00a1Gracias! Pronto alguien de nuestro equipo de consultores educativos entrar\u00e1 en contacto contigo v\u00eda email. Conoce las promociones actuales que tenemos\" \/>\n<meta property=\"og:url\" content=\"https:\/\/3raintercambio.com\/es\/lp\/gracias-espanol\/\" \/>\n<meta property=\"og:site_name\" content=\"Interc\u00e2mbio no Canad\u00e1 - 3RA Interc\u00e2mbio\" \/>\n<meta property=\"article:publisher\" content=\"https:\/\/www.facebook.com\/3ragroup\" \/>\n<meta property=\"article:modified_time\" content=\"2020-10-28T19:11:30+00:00\" \/>\n<meta name=\"twitter:card\" content=\"summary_large_image\" \/>\n<meta name=\"twitter:site\" content=\"@3raintercambio\" \/>\n<meta name=\"twitter:label1\" content=\"Tiempo de lectura\" \/>\n\t<meta name=\"twitter:data1\" content=\"7 minutos\" \/>\n<script type=\"application\/ld+json\" class=\"yoast-schema-graph\">{\"@context\":\"https:\/\/schema.org\",\"@graph\":[{\"@type\":\"WebPage\",\"@id\":\"https:\/\/3raintercambio.com\/es\/lp\/gracias-espanol\/\",\"url\":\"https:\/\/3raintercambio.com\/es\/lp\/gracias-espanol\/\",\"name\":\"\u00a1Gracias! | Interc\u00e2mbio no Canad\u00e1 - 3RA Interc\u00e2mbio\",\"isPartOf\":{\"@id\":\"https:\/\/www.3raintercambio.com\/es\/#website\"},\"datePublished\":\"2018-08-10T18:13:37+00:00\",\"dateModified\":\"2020-10-28T19:11:30+00:00\",\"description\":\"\u00a1Gracias! Pronto alguien de nuestro equipo de consultores educativos entrar\u00e1 en contacto contigo v\u00eda email. Conoce las promociones actuales que tenemos\",\"breadcrumb\":{\"@id\":\"https:\/\/3raintercambio.com\/es\/lp\/gracias-espanol\/#breadcrumb\"},\"inLanguage\":\"es\",\"potentialAction\":[{\"@type\":\"ReadAction\",\"target\":[\"https:\/\/3raintercambio.com\/es\/lp\/gracias-espanol\/\"]}]},{\"@type\":\"BreadcrumbList\",\"@id\":\"https:\/\/3raintercambio.com\/es\/lp\/gracias-espanol\/#breadcrumb\",\"itemListElement\":[{\"@type\":\"ListItem\",\"position\":1,\"name\":\"Portada\",\"item\":\"https:\/\/www.3raintercambio.com\/es\/\"},{\"@type\":\"ListItem\",\"position\":2,\"name\":\"Landing Page\",\"item\":\"https:\/\/3raintercambio.com\/es\/lp\/\"},{\"@type\":\"ListItem\",\"position\":3,\"name\":\"\u00a1Gracias!\"}]},{\"@type\":\"WebSite\",\"@id\":\"https:\/\/www.3raintercambio.com\/es\/#website\",\"url\":\"https:\/\/www.3raintercambio.com\/es\/\",\"name\":\"Interc\u00e2mbio no Canad\u00e1 - 3RA Interc\u00e2mbio\",\"description\":\"Interc\u00e2mbio em Vancouver, Toronto, Calgary, Quebec\",\"publisher\":{\"@id\":\"https:\/\/www.3raintercambio.com\/es\/#organization\"},\"potentialAction\":[{\"@type\":\"SearchAction\",\"target\":{\"@type\":\"EntryPoint\",\"urlTemplate\":\"https:\/\/www.3raintercambio.com\/es\/?s={search_term_string}\"},\"query-input\":{\"@type\":\"PropertyValueSpecification\",\"valueRequired\":true,\"valueName\":\"search_term_string\"}}],\"inLanguage\":\"es\"},{\"@type\":\"Organization\",\"@id\":\"https:\/\/www.3raintercambio.com\/es\/#organization\",\"name\":\"3RA Educa\u00e7\u00e3o Superior no Canad\u00e1\",\"url\":\"https:\/\/www.3raintercambio.com\/es\/\",\"logo\":{\"@type\":\"ImageObject\",\"inLanguage\":\"es\",\"@id\":\"https:\/\/www.3raintercambio.com\/es\/#\/schema\/logo\/image\/\",\"url\":\"https:\/\/3raintercambio.com\/wp-content\/uploads\/2021\/06\/3RA-logo-oficial.png\",\"contentUrl\":\"https:\/\/3raintercambio.com\/wp-content\/uploads\/2021\/06\/3RA-logo-oficial.png\",\"width\":454,\"height\":150,\"caption\":\"3RA Educa\u00e7\u00e3o Superior no Canad\u00e1\"},\"image\":{\"@id\":\"https:\/\/www.3raintercambio.com\/es\/#\/schema\/logo\/image\/\"},\"sameAs\":[\"https:\/\/www.facebook.com\/3ragroup\",\"https:\/\/x.com\/3raintercambio\",\"https:\/\/www.instagram.com\/3raintercambio\",\"https:\/\/www.youtube.com\/3raintercambio\"]}]}<\/script>\n<!-- \/ Yoast SEO Premium plugin. -->","yoast_head_json":{"title":"\u00a1Gracias! | Interc\u00e2mbio no Canad\u00e1 - 3RA Interc\u00e2mbio","description":"\u00a1Gracias! Pronto alguien de nuestro equipo de consultores educativos entrar\u00e1 en contacto contigo v\u00eda email. Conoce las promociones actuales que tenemos","robots":{"index":"index","follow":"follow","max-snippet":"max-snippet:-1","max-image-preview":"max-image-preview:large","max-video-preview":"max-video-preview:-1"},"canonical":"https:\/\/3raintercambio.com\/es\/lp\/gracias-espanol\/","og_locale":"es_ES","og_type":"article","og_title":"\u00a1Gracias!","og_description":"\u00a1Gracias! Pronto alguien de nuestro equipo de consultores educativos entrar\u00e1 en contacto contigo v\u00eda email. Conoce las promociones actuales que tenemos","og_url":"https:\/\/3raintercambio.com\/es\/lp\/gracias-espanol\/","og_site_name":"Interc\u00e2mbio no Canad\u00e1 - 3RA Interc\u00e2mbio","article_publisher":"https:\/\/www.facebook.com\/3ragroup","article_modified_time":"2020-10-28T19:11:30+00:00","twitter_card":"summary_large_image","twitter_site":"@3raintercambio","twitter_misc":{"Tiempo de lectura":"7 minutos"},"schema":{"@context":"https:\/\/schema.org","@graph":[{"@type":"WebPage","@id":"https:\/\/3raintercambio.com\/es\/lp\/gracias-espanol\/","url":"https:\/\/3raintercambio.com\/es\/lp\/gracias-espanol\/","name":"\u00a1Gracias! | Interc\u00e2mbio no Canad\u00e1 - 3RA Interc\u00e2mbio","isPartOf":{"@id":"https:\/\/www.3raintercambio.com\/es\/#website"},"datePublished":"2018-08-10T18:13:37+00:00","dateModified":"2020-10-28T19:11:30+00:00","description":"\u00a1Gracias! Pronto alguien de nuestro equipo de consultores educativos entrar\u00e1 en contacto contigo v\u00eda email. Conoce las promociones actuales que tenemos","breadcrumb":{"@id":"https:\/\/3raintercambio.com\/es\/lp\/gracias-espanol\/#breadcrumb"},"inLanguage":"es","potentialAction":[{"@type":"ReadAction","target":["https:\/\/3raintercambio.com\/es\/lp\/gracias-espanol\/"]}]},{"@type":"BreadcrumbList","@id":"https:\/\/3raintercambio.com\/es\/lp\/gracias-espanol\/#breadcrumb","itemListElement":[{"@type":"ListItem","position":1,"name":"Portada","item":"https:\/\/www.3raintercambio.com\/es\/"},{"@type":"ListItem","position":2,"name":"Landing Page","item":"https:\/\/3raintercambio.com\/es\/lp\/"},{"@type":"ListItem","position":3,"name":"\u00a1Gracias!"}]},{"@type":"WebSite","@id":"https:\/\/www.3raintercambio.com\/es\/#website","url":"https:\/\/www.3raintercambio.com\/es\/","name":"Interc\u00e2mbio no Canad\u00e1 - 3RA Interc\u00e2mbio","description":"Interc\u00e2mbio em Vancouver, Toronto, Calgary, Quebec","publisher":{"@id":"https:\/\/www.3raintercambio.com\/es\/#organization"},"potentialAction":[{"@type":"SearchAction","target":{"@type":"EntryPoint","urlTemplate":"https:\/\/www.3raintercambio.com\/es\/?s={search_term_string}"},"query-input":{"@type":"PropertyValueSpecification","valueRequired":true,"valueName":"search_term_string"}}],"inLanguage":"es"},{"@type":"Organization","@id":"https:\/\/www.3raintercambio.com\/es\/#organization","name":"3RA Educa\u00e7\u00e3o Superior no Canad\u00e1","url":"https:\/\/www.3raintercambio.com\/es\/","logo":{"@type":"ImageObject","inLanguage":"es","@id":"https:\/\/www.3raintercambio.com\/es\/#\/schema\/logo\/image\/","url":"https:\/\/3raintercambio.com\/wp-content\/uploads\/2021\/06\/3RA-logo-oficial.png","contentUrl":"https:\/\/3raintercambio.com\/wp-content\/uploads\/2021\/06\/3RA-logo-oficial.png","width":454,"height":150,"caption":"3RA Educa\u00e7\u00e3o Superior no Canad\u00e1"},"image":{"@id":"https:\/\/www.3raintercambio.com\/es\/#\/schema\/logo\/image\/"},"sameAs":["https:\/\/www.facebook.com\/3ragroup","https:\/\/x.com\/3raintercambio","https:\/\/www.instagram.com\/3raintercambio","https:\/\/www.youtube.com\/3raintercambio"]}]}},"_links":{"self":[{"href":"https:\/\/3raintercambio.com\/es\/wp-json\/wp\/v2\/pages\/375060","targetHints":{"allow":["GET"]}}],"collection":[{"href":"https:\/\/3raintercambio.com\/es\/wp-json\/wp\/v2\/pages"}],"about":[{"href":"https:\/\/3raintercambio.com\/es\/wp-json\/wp\/v2\/types\/page"}],"author":[{"embeddable":true,"href":"https:\/\/3raintercambio.com\/es\/wp-json\/wp\/v2\/users\/41"}],"replies":[{"embeddable":true,"href":"https:\/\/3raintercambio.com\/es\/wp-json\/wp\/v2\/comments?post=375060"}],"version-history":[{"count":0,"href":"https:\/\/3raintercambio.com\/es\/wp-json\/wp\/v2\/pages\/375060\/revisions"}],"up":[{"embeddable":true,"href":"https:\/\/3raintercambio.com\/es\/wp-json\/wp\/v2\/pages\/354781"}],"wp:attachment":[{"href":"https:\/\/3raintercambio.com\/es\/wp-json\/wp\/v2\/media?parent=375060"}],"curies":[{"name":"wp","href":"https:\/\/api.w.org\/{rel}","templated":true}]}}