{"id":374730,"date":"2018-10-25T16:36:51","date_gmt":"2018-10-25T23:36:51","guid":{"rendered":"https:\/\/3raintercambio.com\/?page_id=374730"},"modified":"2018-11-13T17:02:13","modified_gmt":"2018-11-14T01:02:13","slug":"semana-de-educacion-2018","status":"publish","type":"page","link":"https:\/\/3raintercambio.com\/es\/lp\/semana-de-educacion-2018\/","title":{"rendered":"Semana de Educaci\u00f3n 2018"},"content":{"rendered":"<p><br \/>\n<\/p>\n<p><br \/>\n<\/p>\n<p><br \/>\n<br \/>\n<br \/>\n<br \/>\n<br \/>\n<br \/>\n<br \/>\n<br \/>\n<\/p>\n<p><br \/>\n<\/p>\n<p><\/p>\n<p style=\"text-align: center;\"><span class=\"texto_corrido18B white\">Estudiar en Canad\u00e1 o hasta emigrar al mismo pa\u00eds es el sue\u00f1o de muchos lationamericanos. Sin embargo, muchos no saben por d\u00f3nde empezar a la hora de planear su proyecto.<\/span><\/p>\n<p style=\"text-align: center;\"><span class=\"texto_corrido18B white\">Conoce abajo la informaci\u00f3n que puede ayudarte mejor a planear tu proyecto en Canad\u00e1 y alcanzar tus objetivos en este pa\u00eds ;)<\/span><\/p>\n<p><\/p>\n<p><br \/>\n<\/p>\n<p><br \/>\n<\/p>\n<p style=\"text-align: center;\"><span class=\"texto_corrido18B blue\"><span class=\"titulo_corrido red\">\u00bfPor qu\u00e9 estudiar en Canad\u00e1?<\/span><\/span><\/p>\n<p><\/p>\n<p><\/p>\n<p><\/p>\n<p><\/p>\n<p><\/p>\n<p><\/p>\n<p><\/p>\n<p style=\"text-align: center;\"><span class=\"texto_corrido18 black\">Video:<br \/>\nTipos de cursos de ingles en Canada con VGC<br \/>\n<\/span><\/p>\n<p><\/p>\n<p><\/p>\n<p><\/p>\n<p><\/p>\n<p><\/p>\n<p><\/p>\n<p><\/p>\n<p style=\"text-align: center;\"><span class=\"texto_corrido18 black\">Blog post:<br \/>\nMejores ciudades para estudiar en Canad\u00e1<\/span><\/p>\n<p><\/p>\n<p><\/p>\n<p><\/p>\n<p><\/p>\n<p><\/p>\n<p><\/p>\n<p><\/p>\n<p style=\"text-align: center;\"><span class=\"texto_corrido18 black\">Blog post:<br \/>\nPrincipales motivos para vivir en Canad\u00e1<\/span><\/p>\n<p><\/p>\n<p><\/p>\n<p><\/p>\n<p><br \/>\n<\/p>\n<p><br \/>\n<\/p>\n<p style=\"text-align: center;\"><span class=\"texto_corrido18B blue\"><span class=\"titulo_corrido red\">Estudio y Migraci\u00f3n<\/span><\/span><\/p>\n<p><\/p>\n<p><\/p>\n<p><\/p>\n<p><\/p>\n<p><\/p>\n<p><\/p>\n<p><\/p>\n<p style=\"text-align: center;\"><span class=\"texto_corrido18 black\">Blog post:<br \/>\nConoce como el estudio te puede ayudar a emigrar a Canad\u00e1<br \/>\n<\/span><\/p>\n<p><\/p>\n<p><\/p>\n<p><\/p>\n<p><\/p>\n<p><\/p>\n<p><\/p>\n<p style=\"text-align: center;\"><span class=\"texto_corrido18 black\">Facebook Live:<br \/>\n5 principales dudas sobre el PGWP (Post Graduation Work Permit)<\/span><br \/>\n<\/p>\n<p><\/p>\n<p><br \/>\n<\/p>\n<p><br \/>\n<\/p>\n<p style=\"text-align: center;\">\u00c1reas y Programas m\u00e1s buscados por latinos en Canad\u00e1<\/p>\n<p><\/p>\n<p><\/p>\n<p><\/p>\n<p><\/p>\n<p><\/p>\n<p><\/p>\n<p><\/p>\n<p style=\"text-align: center;\"><span class=\"texto_corrido18 black\">Blog post:<br \/>\nTipos de cursos en Canad\u00e1 m\u00e1s buscados por latinos<br \/>\n<\/span><\/p>\n<p><\/p>\n<p><\/p>\n<p><\/p>\n<p><\/p>\n<p><\/p>\n<p><\/p>\n<p style=\"text-align: center;\"><span class=\"texto_corrido18 black\">Video:<br \/>\n\u00c1rea de empleo con mayor demanda en Canad\u00e1<\/span><\/p>\n<p><\/p>\n<p><\/p>\n<p><\/p>\n<p><\/p>\n<p><\/p>\n<p><\/p>\n<p style=\"text-align: center;\"><span class=\"texto_corrido18 black\">Blog post:<br \/>\nProgramas de estudio con mayor demanda por los empleadores canadienses<br \/>\n<\/span><\/p>\n<p><\/p>\n<p><\/p>\n<p><br \/>\n<\/p>\n<p><br \/>\n<\/p>\n<p style=\"text-align: center;\"><span class=\"texto_corrido18B blue\"><span class=\"titulo_corrido red\">Por dentro de las instituciones canadienses<\/span><\/span><\/p>\n<p><\/p>\n<p><\/p>\n<p><\/p>\n<p><\/p>\n<p><\/p>\n<p><\/p>\n<p><\/p>\n<p style=\"text-align: center;\"><span class=\"texto_corrido18 black\">V\u00eddeo:<br \/>\nLangara: Conoce la estructura de un College canadiense<\/span><br \/>\n<\/p>\n<p><\/p>\n<p><\/p>\n<p><\/p>\n<p><\/p>\n<p><\/p>\n<p style=\"text-align: center;\"><span class=\"texto_corrido18 black\">Blog post:<br \/>\nDiferencias entre estudiar en Latinoam\u00e9rica vs Canad\u00e1<br \/>\n<\/span><\/p>\n<p><\/p>\n<p><\/p>\n<p><br \/>\n<\/p>\n<p><br \/>\n<\/p>\n<p style=\"text-align: center;\"><span class=\"texto_corrido18B blue\"><span class=\"titulo_corrido red\">Pathway: Curso de ingl\u00e9s preparatorio para Colleges y Universidades<\/span><\/span><\/p>\n<p><\/p>\n<p><\/p>\n<p><\/p>\n<p><\/p>\n<p><\/p>\n<p><\/p>\n<p><\/p>\n<p style=\"text-align: center;\"><span class=\"texto_corrido18 black\">Blog post:<br \/>\nTestimonio &#8211; \u00bfC\u00f3mo fue hacer el Pathway en Canad\u00e1?<\/span><br \/>\n<\/p>\n<p><\/p>\n<p><\/p>\n<p><\/p>\n<p><\/p>\n<p><\/p>\n<p style=\"text-align: center;\"><span class=\"texto_corrido18 black\">V\u00eddeo:<br \/>\nPathway: Conociendo el programa y la estructura de LAB<\/span><br \/>\n<\/p>\n<p><\/p>\n<p><\/p>\n<p><\/p>\n<p><\/p>\n<p><\/p>\n<p style=\"text-align: center;\"><span class=\"texto_corrido18 black\">Facebook Live:<br \/>\nTodo lo que necesitas saber sobre programas Pathway<\/span><\/p>\n<p><\/p>\n<p><\/p>\n<p><br \/>\n<\/p>\n<p><\/p>\n<p><\/p>\n<p style=\"text-align: center;\"><span class=\"texto_corrido18B blue\"><span class=\"titulo_corrido red\">Planeaci\u00f3n financiera<\/span><\/span><\/p>\n<p><\/p>\n<p><\/p>\n<p><\/p>\n<p><\/p>\n<p><\/p>\n<p><\/p>\n<p><\/p>\n<p style=\"text-align: center;\"><span class=\"texto_corrido18 black\">Blog post:<br \/>\nDudas Frecuentes Planeaci\u00f3n Financiera<br \/>\n<\/span><\/p>\n<p><\/p>\n<p><\/p>\n<p><\/p>\n<p><\/p>\n<p><\/p>\n<p><\/p>\n<p style=\"text-align: center;\"><span class=\"texto_corrido18 black\">Blog Post:<br \/>\nManeras de ahorrar cuando vives en Vancouver<\/span><\/p>\n<p><\/p>\n<p><\/p>\n<p><\/p>\n<p><\/p>\n<p><\/p>\n<p><\/p>\n<p style=\"text-align: center;\"><span class=\"texto_corrido18 black\">Facebook live:<br \/>\nCosto de vida promedio para un estudiante en Vancouver: <\/span><span class=\"texto_corrido18 black\">\u00bfcu\u00e1nto cuestan los art\u00edculos m\u00e1s b\u00e1sicos?<\/span><\/p>\n<p><\/p>\n<p><\/p>\n<p><br \/>\n<\/p>\n<p style=\"text-align: center;\"><span class=\"texto_corrido18B blue\"><span class=\"titulo_corrido red\">Estudio y Migraci\u00f3n &#8211; Pl\u00e1tica online gratuita<\/span><\/span><\/p>\n<p><\/p>\n<p><\/p>\n<p><\/p>\n<p><\/p>\n<p><\/p>\n<p><\/p>\n<p><\/p>\n<p style=\"text-align: left;\"><span class=\"texto_corrido15 black\">Webinar Estudio y Migraci\u00f3n<\/span><br \/>\n<span class=\"texto_corrido18B black\">Tema: Como el estudio puede ayudar a inmigrar a Canad\u00e1<\/span><\/p>\n<p><\/p>\n<p><\/p>\n<p><\/p>\n<p><br \/>\n<\/p>\n","protected":false},"excerpt":{"rendered":"<p>Estudiar en Canad\u00e1 o hasta emigrar al mismo pa\u00eds es el sue\u00f1o de muchos lationamericanos. Sin embargo, muchos no saben por d\u00f3nde empezar a la hora de planear su proyecto. Conoce abajo la informaci\u00f3n que puede ayudarte mejor a planear tu proyecto en Canad\u00e1 y alcanzar tus objetivos en este pa\u00eds ;) \u00bfPor qu\u00e9 estudiar [&hellip;]<\/p>\n","protected":false},"author":41,"featured_media":0,"parent":354781,"menu_order":0,"comment_status":"closed","ping_status":"closed","template":"","meta":{"footnotes":""},"class_list":["post-374730","page","type-page","status-publish","hentry","post-wrapper","thrv_wrapper"],"yoast_head":"<!-- This site is optimized with the Yoast SEO Premium plugin v20.0 (Yoast SEO v24.9) - https:\/\/yoast.com\/wordpress\/plugins\/seo\/ -->\n<title>Semana de Educaci\u00f3n 2018 | Interc\u00e2mbio no Canad\u00e1 - 3RA Interc\u00e2mbio<\/title>\n<meta name=\"description\" content=\"Estudiar en Canad\u00e1 o hasta emigrar al mismo pa\u00eds es el sue\u00f1o de muchos lationamericanos. Sin embargo, muchos no saben por d\u00f3nde empezar a la hora de\" \/>\n<meta name=\"robots\" content=\"index, follow, max-snippet:-1, max-image-preview:large, max-video-preview:-1\" \/>\n<link rel=\"canonical\" href=\"https:\/\/3raintercambio.com\/es\/lp\/semana-de-educacion-2018\/\" \/>\n<meta property=\"og:locale\" content=\"es_ES\" \/>\n<meta property=\"og:type\" content=\"article\" \/>\n<meta property=\"og:title\" content=\"Semana de Educaci\u00f3n 2018\" \/>\n<meta property=\"og:description\" content=\"Estudiar en Canad\u00e1 o hasta emigrar al mismo pa\u00eds es el sue\u00f1o de muchos lationamericanos. Sin embargo, muchos no saben por d\u00f3nde empezar a la hora de\" \/>\n<meta property=\"og:url\" content=\"https:\/\/3raintercambio.com\/es\/lp\/semana-de-educacion-2018\/\" \/>\n<meta property=\"og:site_name\" content=\"Interc\u00e2mbio no Canad\u00e1 - 3RA Interc\u00e2mbio\" \/>\n<meta property=\"article:publisher\" content=\"https:\/\/www.facebook.com\/3ragroup\" \/>\n<meta property=\"article:modified_time\" content=\"2018-11-14T01:02:13+00:00\" \/>\n<meta name=\"twitter:card\" content=\"summary_large_image\" \/>\n<meta name=\"twitter:site\" content=\"@3raintercambio\" \/>\n<meta name=\"twitter:label1\" content=\"Tiempo de lectura\" \/>\n\t<meta name=\"twitter:data1\" content=\"30 minutos\" \/>\n<script type=\"application\/ld+json\" class=\"yoast-schema-graph\">{\"@context\":\"https:\/\/schema.org\",\"@graph\":[{\"@type\":\"WebPage\",\"@id\":\"https:\/\/3raintercambio.com\/es\/lp\/semana-de-educacion-2018\/\",\"url\":\"https:\/\/3raintercambio.com\/es\/lp\/semana-de-educacion-2018\/\",\"name\":\"Semana de Educaci\u00f3n 2018 | Interc\u00e2mbio no Canad\u00e1 - 3RA Interc\u00e2mbio\",\"isPartOf\":{\"@id\":\"https:\/\/www.3raintercambio.com\/es\/#website\"},\"datePublished\":\"2018-10-25T23:36:51+00:00\",\"dateModified\":\"2018-11-14T01:02:13+00:00\",\"description\":\"Estudiar en Canad\u00e1 o hasta emigrar al mismo pa\u00eds es el sue\u00f1o de muchos lationamericanos. Sin embargo, muchos no saben por d\u00f3nde empezar a la hora de\",\"breadcrumb\":{\"@id\":\"https:\/\/3raintercambio.com\/es\/lp\/semana-de-educacion-2018\/#breadcrumb\"},\"inLanguage\":\"es\",\"potentialAction\":[{\"@type\":\"ReadAction\",\"target\":[\"https:\/\/3raintercambio.com\/es\/lp\/semana-de-educacion-2018\/\"]}]},{\"@type\":\"BreadcrumbList\",\"@id\":\"https:\/\/3raintercambio.com\/es\/lp\/semana-de-educacion-2018\/#breadcrumb\",\"itemListElement\":[{\"@type\":\"ListItem\",\"position\":1,\"name\":\"Portada\",\"item\":\"https:\/\/www.3raintercambio.com\/es\/\"},{\"@type\":\"ListItem\",\"position\":2,\"name\":\"Landing Page\",\"item\":\"https:\/\/3raintercambio.com\/es\/lp\/\"},{\"@type\":\"ListItem\",\"position\":3,\"name\":\"Semana de Educaci\u00f3n 2018\"}]},{\"@type\":\"WebSite\",\"@id\":\"https:\/\/www.3raintercambio.com\/es\/#website\",\"url\":\"https:\/\/www.3raintercambio.com\/es\/\",\"name\":\"Interc\u00e2mbio no Canad\u00e1 - 3RA Interc\u00e2mbio\",\"description\":\"Interc\u00e2mbio em Vancouver, Toronto, Calgary, Quebec\",\"publisher\":{\"@id\":\"https:\/\/www.3raintercambio.com\/es\/#organization\"},\"potentialAction\":[{\"@type\":\"SearchAction\",\"target\":{\"@type\":\"EntryPoint\",\"urlTemplate\":\"https:\/\/www.3raintercambio.com\/es\/?s={search_term_string}\"},\"query-input\":{\"@type\":\"PropertyValueSpecification\",\"valueRequired\":true,\"valueName\":\"search_term_string\"}}],\"inLanguage\":\"es\"},{\"@type\":\"Organization\",\"@id\":\"https:\/\/www.3raintercambio.com\/es\/#organization\",\"name\":\"3RA Educa\u00e7\u00e3o Superior no Canad\u00e1\",\"url\":\"https:\/\/www.3raintercambio.com\/es\/\",\"logo\":{\"@type\":\"ImageObject\",\"inLanguage\":\"es\",\"@id\":\"https:\/\/www.3raintercambio.com\/es\/#\/schema\/logo\/image\/\",\"url\":\"https:\/\/3raintercambio.com\/wp-content\/uploads\/2021\/06\/3RA-logo-oficial.png\",\"contentUrl\":\"https:\/\/3raintercambio.com\/wp-content\/uploads\/2021\/06\/3RA-logo-oficial.png\",\"width\":454,\"height\":150,\"caption\":\"3RA Educa\u00e7\u00e3o Superior no Canad\u00e1\"},\"image\":{\"@id\":\"https:\/\/www.3raintercambio.com\/es\/#\/schema\/logo\/image\/\"},\"sameAs\":[\"https:\/\/www.facebook.com\/3ragroup\",\"https:\/\/x.com\/3raintercambio\",\"https:\/\/www.instagram.com\/3raintercambio\",\"https:\/\/www.youtube.com\/3raintercambio\"]}]}<\/script>\n<!-- \/ Yoast SEO Premium plugin. -->","yoast_head_json":{"title":"Semana de Educaci\u00f3n 2018 | Interc\u00e2mbio no Canad\u00e1 - 3RA Interc\u00e2mbio","description":"Estudiar en Canad\u00e1 o hasta emigrar al mismo pa\u00eds es el sue\u00f1o de muchos lationamericanos. Sin embargo, muchos no saben por d\u00f3nde empezar a la hora de","robots":{"index":"index","follow":"follow","max-snippet":"max-snippet:-1","max-image-preview":"max-image-preview:large","max-video-preview":"max-video-preview:-1"},"canonical":"https:\/\/3raintercambio.com\/es\/lp\/semana-de-educacion-2018\/","og_locale":"es_ES","og_type":"article","og_title":"Semana de Educaci\u00f3n 2018","og_description":"Estudiar en Canad\u00e1 o hasta emigrar al mismo pa\u00eds es el sue\u00f1o de muchos lationamericanos. Sin embargo, muchos no saben por d\u00f3nde empezar a la hora de","og_url":"https:\/\/3raintercambio.com\/es\/lp\/semana-de-educacion-2018\/","og_site_name":"Interc\u00e2mbio no Canad\u00e1 - 3RA Interc\u00e2mbio","article_publisher":"https:\/\/www.facebook.com\/3ragroup","article_modified_time":"2018-11-14T01:02:13+00:00","twitter_card":"summary_large_image","twitter_site":"@3raintercambio","twitter_misc":{"Tiempo de lectura":"30 minutos"},"schema":{"@context":"https:\/\/schema.org","@graph":[{"@type":"WebPage","@id":"https:\/\/3raintercambio.com\/es\/lp\/semana-de-educacion-2018\/","url":"https:\/\/3raintercambio.com\/es\/lp\/semana-de-educacion-2018\/","name":"Semana de Educaci\u00f3n 2018 | Interc\u00e2mbio no Canad\u00e1 - 3RA Interc\u00e2mbio","isPartOf":{"@id":"https:\/\/www.3raintercambio.com\/es\/#website"},"datePublished":"2018-10-25T23:36:51+00:00","dateModified":"2018-11-14T01:02:13+00:00","description":"Estudiar en Canad\u00e1 o hasta emigrar al mismo pa\u00eds es el sue\u00f1o de muchos lationamericanos. Sin embargo, muchos no saben por d\u00f3nde empezar a la hora de","breadcrumb":{"@id":"https:\/\/3raintercambio.com\/es\/lp\/semana-de-educacion-2018\/#breadcrumb"},"inLanguage":"es","potentialAction":[{"@type":"ReadAction","target":["https:\/\/3raintercambio.com\/es\/lp\/semana-de-educacion-2018\/"]}]},{"@type":"BreadcrumbList","@id":"https:\/\/3raintercambio.com\/es\/lp\/semana-de-educacion-2018\/#breadcrumb","itemListElement":[{"@type":"ListItem","position":1,"name":"Portada","item":"https:\/\/www.3raintercambio.com\/es\/"},{"@type":"ListItem","position":2,"name":"Landing Page","item":"https:\/\/3raintercambio.com\/es\/lp\/"},{"@type":"ListItem","position":3,"name":"Semana de Educaci\u00f3n 2018"}]},{"@type":"WebSite","@id":"https:\/\/www.3raintercambio.com\/es\/#website","url":"https:\/\/www.3raintercambio.com\/es\/","name":"Interc\u00e2mbio no Canad\u00e1 - 3RA Interc\u00e2mbio","description":"Interc\u00e2mbio em Vancouver, Toronto, Calgary, Quebec","publisher":{"@id":"https:\/\/www.3raintercambio.com\/es\/#organization"},"potentialAction":[{"@type":"SearchAction","target":{"@type":"EntryPoint","urlTemplate":"https:\/\/www.3raintercambio.com\/es\/?s={search_term_string}"},"query-input":{"@type":"PropertyValueSpecification","valueRequired":true,"valueName":"search_term_string"}}],"inLanguage":"es"},{"@type":"Organization","@id":"https:\/\/www.3raintercambio.com\/es\/#organization","name":"3RA Educa\u00e7\u00e3o Superior no Canad\u00e1","url":"https:\/\/www.3raintercambio.com\/es\/","logo":{"@type":"ImageObject","inLanguage":"es","@id":"https:\/\/www.3raintercambio.com\/es\/#\/schema\/logo\/image\/","url":"https:\/\/3raintercambio.com\/wp-content\/uploads\/2021\/06\/3RA-logo-oficial.png","contentUrl":"https:\/\/3raintercambio.com\/wp-content\/uploads\/2021\/06\/3RA-logo-oficial.png","width":454,"height":150,"caption":"3RA Educa\u00e7\u00e3o Superior no Canad\u00e1"},"image":{"@id":"https:\/\/www.3raintercambio.com\/es\/#\/schema\/logo\/image\/"},"sameAs":["https:\/\/www.facebook.com\/3ragroup","https:\/\/x.com\/3raintercambio","https:\/\/www.instagram.com\/3raintercambio","https:\/\/www.youtube.com\/3raintercambio"]}]}},"_links":{"self":[{"href":"https:\/\/3raintercambio.com\/es\/wp-json\/wp\/v2\/pages\/374730","targetHints":{"allow":["GET"]}}],"collection":[{"href":"https:\/\/3raintercambio.com\/es\/wp-json\/wp\/v2\/pages"}],"about":[{"href":"https:\/\/3raintercambio.com\/es\/wp-json\/wp\/v2\/types\/page"}],"author":[{"embeddable":true,"href":"https:\/\/3raintercambio.com\/es\/wp-json\/wp\/v2\/users\/41"}],"replies":[{"embeddable":true,"href":"https:\/\/3raintercambio.com\/es\/wp-json\/wp\/v2\/comments?post=374730"}],"version-history":[{"count":0,"href":"https:\/\/3raintercambio.com\/es\/wp-json\/wp\/v2\/pages\/374730\/revisions"}],"up":[{"embeddable":true,"href":"https:\/\/3raintercambio.com\/es\/wp-json\/wp\/v2\/pages\/354781"}],"wp:attachment":[{"href":"https:\/\/3raintercambio.com\/es\/wp-json\/wp\/v2\/media?parent=374730"}],"curies":[{"name":"wp","href":"https:\/\/api.w.org\/{rel}","templated":true}]}}