{"id":367062,"date":"2017-12-20T16:36:15","date_gmt":"2017-12-21T00:36:15","guid":{"rendered":"https:\/\/3raintercambio.com\/lp\/instagram\/"},"modified":"2019-07-10T14:22:21","modified_gmt":"2019-07-10T21:22:21","slug":"instagram","status":"publish","type":"page","link":"https:\/\/3raintercambio.com\/es\/lp\/instagram\/","title":{"rendered":"Instagram"},"content":{"rendered":"<p><br \/>\n<\/p>\n<p><\/p>\n<p><\/p>\n<p style=\"text-align: center;\"><span class=\"titulo-topo white\">\u00bfCu\u00e1l es tu objetivo en Canad\u00e1?\u00a0<\/span><\/p>\n<p style=\"text-align: center;\"><span class=\"txt-topo white\">Llena el siguiente formulario y uno de nuestros consultores entrar\u00e1 en contacto contigo para iniciar tu proyecto.<\/span><\/p>\n<p><\/p>\n<p><br \/>\n<\/p>\n<p><\/p>\n<p><\/p>\n<p><br \/>\n<br \/>\n<\/p>\n<p><br \/>\n<\/p>\n<p><\/p>\n<p><\/p>\n<p style=\"text-align: left;\"><span class=\"titulo-topo white\">Sobre Canad\u00e1<\/span><\/p>\n<p style=\"text-align: left;\"><span class=\"txt-topo white\">Adem\u00e1s de ser considerado uno de los mejores pa\u00edses para vivir en el mundo, Canad\u00e1 invierte m\u00e1s en educaci\u00f3n que cualquier otra naci\u00f3n industrializada. <\/span><\/p>\n<p style=\"text-align: left;\"><span class=\"txt-topo white\">Por eso, ha sido uno de los destinos favoritos de los Latinoamericanos que tienen como sue\u00f1o estudiar fuera de su pa\u00eds.<\/span><\/p>\n<p style=\"text-align: left;\"><span class=\"txt-topo white\">El objetivo de 3RA Intercambio es exactamente eso: Ayudarte a realizar este proyecto con seguridad y comodidad.<\/span><\/p>\n<p><\/p>\n<p><br \/>\n<\/p>\n<p><br \/>\n<\/p>\n<p style=\"text-align: center;\"><span class=\"titulo-topo black\">Tipos de Programas<\/span><\/p>\n<p><\/p>\n<p><\/p>\n<p><\/p>\n<p><\/p>\n<p style=\"text-align: left;\"><span class=\"titulo-2 black\">Cursos de Ingl\u00e9s:<\/span><\/p>\n<p style=\"text-align: left;\"><span class=\"txt-corrido black\">Son varios programas de estudio del idioma que van desde el ingl\u00e9s general y acad\u00e9mico, hasta preparatorios para pruebas importantes como el IELTS y TOEFL. 3RA tambi\u00e9n cuenta con cursos espec\u00edficos para adolescentes y programas de vacaciones.<\/span><\/p>\n<p><\/p>\n<p><\/p>\n<p><\/p>\n<p style=\"text-align: left;\"><span class=\"titulo-2 black\">Cursos de Estudio y Trabajo (Vocacionales):<\/span><\/p>\n<p style=\"text-align: left;\"><span class=\"txt-corrido black\">Son cursos recomendados para quien quiere tener una experiencia internacional. En estos programas, el alumno tiene la oportunidad de perfeccionar sus conocimientos en el \u00e1rea acad\u00e9mica elegida, adem\u00e1s de consolidar experiencia de trabajo en una empresa canadiense por medio de pasant\u00edas. Son varias opciones de cursos disponibles y la duraci\u00f3n de cada uno de ellos puede variar de seis meses a dos a\u00f1os.<\/span><\/p>\n<p><\/p>\n<p><\/p>\n<p><\/p>\n<p style=\"text-align: left;\"><span class=\"titulo-2 black\">Programas de Certificado:<\/span><\/p>\n<p style=\"text-align: left;\"><span class=\"txt-corrido black\">En general, los cursos de certificaci\u00f3n se suelen recomendar para aquellas personas que quieren venir a Canad\u00e1 por un tiempo para comenzar una carrera o estudiar en un nuevo campo. Son cursos m\u00e1s cortos, que generalmente duran entre ocho meses y un a\u00f1o.<\/span><\/p>\n<p><\/p>\n<p><\/p>\n<p><\/p>\n<p style=\"text-align: left;\"><span class=\"titulo-2 black\">Programas de Diploma:<\/span><\/p>\n<p style=\"text-align: left;\"><span class=\"txt-corrido black\">Los cursos de diploma son indicados para quienes desean seguir actualiz\u00e1ndose en su campo profesional. Tambi\u00e9n cuentan con una duraci\u00f3n m\u00e1s larga, normalmente de dos a\u00f1os.<\/span><\/p>\n<p><\/p>\n<p><\/p>\n<p><\/p>\n<p style=\"text-align: left;\"><span class=\"titulo-2 black\">Bachelor Degree:<\/span><\/p>\n<p style=\"text-align: left;\"><span class=\"txt-corrido black\">El bachelor degree es el equivalente a nuestros estudios universitarios en los paises Latinoamericanos. La duraci\u00f3n es de cuatro a\u00f1os o m\u00e1s.<\/span><\/p>\n<p><\/p>\n<p><\/p>\n<p><\/p>\n<p style=\"text-align: left;\"><span class=\"titulo-2 black\">Post Degree:<\/span><\/p>\n<p style=\"text-align: left;\"><span class=\"txt-corrido black\">Los cursos de post-degree son equivalentes a los de postgrado en Latinoam\u00e9rica. La duraci\u00f3n puede variar entre ocho meses y dos a\u00f1os. Normalmente, es necesario comprobar a la universidad, la previa formaci\u00f3n profesional en el campo a estudiar. Tambi\u00e9n ofrecemos las opciones de Advanced Diploma, Master y MBA.<\/span><\/p>\n<p><\/p>\n<p><br \/>\n<\/p>\n<p><br \/>\n<\/p>\n<p><\/p>\n<p><\/p>\n<p style=\"text-align: left;\"><span class=\"titulo-topo white\">Vancouver<\/span><\/p>\n<p style=\"text-align: left;\"><span class=\"txt-corrido white\">Vancouver es la elecci\u00f3n de la gran mayor\u00eda de los estudiantes internacionales. La ciudad, ubicada en la Columbia Brit\u00e1nica, ha sido elegida varias veces como una de las mejores del mundo para vivir y ofrece una belleza exuberante. \u00a1Tiene innumerables parques, diferentes opciones de ocio y mucha cultura!<\/span><\/p>\n<p style=\"text-align: left;\"><span class=\"txt-corrido white\">Quien decide pasar un tiempo en Vancouver, seguramente contar\u00e1 con transporte p\u00fablico de calidad y podr\u00e1 conocer a personas de diferentes partes del mundo. Adem\u00e1s, se salvar\u00e1 un poco del fr\u00edo intenso de Canad\u00e1, ya que la ciudad tiene uno de los climas m\u00e1s amenos del pa\u00eds \u00a1pero eso s\u00ed, prep\u00e1rate para vivir con mucha lluvia!<\/span><\/p>\n<p><\/p>\n<p><br \/>\n<\/p>\n<p><br \/>\n<\/p>\n<p><\/p>\n<p><\/p>\n<p style=\"text-align: left;\"><span class=\"titulo-topo red\">Toronto<\/span><\/p>\n<p style=\"text-align: left;\"><span class=\"txt-corrido white\">Toronto es la capital de la provincia de Ontario y es famosa por sus caracter\u00edsticas de metr\u00f3poli con sus vibrantes centros financieros, comerciales, cient\u00edficos e industriales. La ciudad es ideal para quienes gustan de la vida nocturna y es adem\u00e1s, es la m\u00e1s habitada del pa\u00eds. <\/span><\/p>\n<p style=\"text-align: left;\"><span class=\"txt-corrido white\">Los estudiantes que optan por Toronto tambi\u00e9n pueden visitar famosos lugares tur\u00edsticos canadienses, como las Cataratas del Ni\u00e1gara, que se encuentran a s\u00f3lo una hora de distancia de la ciudad.<\/span><\/p>\n<p><\/p>\n<p><br \/>\n<\/p>\n<p><br \/>\n<\/p>\n<p><\/p>\n<p><\/p>\n<p style=\"text-align: left;\"><span class=\"titulo-topo white\">Winnipeg<\/span><\/p>\n<p style=\"text-align: left;\"><span class=\"txt-corrido white\">Winnipeg es la capital de la provincia de Manitoba, conocida por ofrecer varias facilidades en el proceso inmigratorio.<br \/>\nLa ciudad es el principal polo comercial, industrial, financiero y de transportes de la regi\u00f3n. \u00c9sta, es famosa por su arquitectura, que mezcla construcciones modernas y cl\u00e1sicas.<br \/>\n<\/span><br \/>\n<\/p>\n<p><br \/>\n<\/p>\n<p><br \/>\n<\/p>\n<p><\/p>\n<p><\/p>\n<p style=\"text-align: left;\"><span class=\"titulo-topo red\">Calgary<\/span><\/p>\n<p style=\"text-align: left;\"><span class=\"txt-corrido white\">Con un estilo m\u00e1s de ciudad del &#8220;interior&#8221; o provincial, Calgary tambi\u00e9n ha llamado la atenci\u00f3n de los Latinos. Se encuentra ubicada en la provincia de Alberta y es donde quedan las sedes de las principales empresas petroleras de Canad\u00e1. A pesar del clima seco, la ciudad cuenta con hermosos paisajes. Es la ciudad m\u00e1s soleada de Canad\u00e1, pero tambi\u00e9n una de las que pasa m\u00e1s fr\u00edo.<br \/>\n<\/span><br \/>\n<\/p>\n<p><br \/>\n<\/p>\n<p><br \/>\n<\/p>\n<p><\/p>\n<p><\/p>\n<p style=\"text-align: center;\"><span class=\"txt-topo white\">3ra Intercambio es una agencia 360 grados que tiene como objetivo suplir al m\u00e1ximo todas las necesidades de sus clientes durante su &#8220;Proyecto: Estudia en Canad\u00e1&#8221;.<\/span><\/p>\n<p style=\"text-align: center;\"><span class=\"txt-topo white\">Actualmente, atendemos a clientes de todo Latinoam\u00e9rica directamente en nuestras dos oficinas en Canad\u00e1 (Toronto y Vancouver) o v\u00eda online.<\/span><\/p>\n<p><br \/>\n<\/p>\n<p><br \/>\n<\/p>\n<p style=\"text-align: center; line-height: 0.5; font-size: 35px; color: #fff; font-family: Ubuntu,Trebuchet MS,Georgia,Arial; font-weight: bold;\">Nuestro Equipo<\/p>\n<p><\/p>\n<p><\/p>\n<p><\/p>\n<p style=\"text-align: left; line-height: 0.5; font-size: 25px; color: #fff; font-family: Ubuntu,Trebuchet MS,Georgia,Arial; font-weight: normal;\">Vancouver<\/p>\n<p><\/p>\n<p><\/p>\n<p><\/p>\n<p><\/p>\n<p style=\"text-align: left; line-height: 0.5; font-size: 25px; color: #fff; font-family: Ubuntu,Trebuchet MS,Georgia,Arial; font-weight: normal;\">Toronto<\/p>\n<p><\/p>\n<p><\/p>\n<p><br \/>\n<\/p>\n<p><br \/>\n<br \/>\n<\/p>\n<p style=\"line-height: 1.5; font-size: 15px; color: #000000; font-family: trebuchet ms; text-align: center;\"><em>3ra fue una herramienta esencial para mi incre\u00edble experiencia en Canad\u00e1. Primero, al sugerirme la escuela de ingl\u00e9s, teniendo en cuenta calidad de ense\u00f1anza, ubicaci\u00f3n y precio. Despu\u00e9s de haberme enamorado completamente del pa\u00eds, busqu\u00e9 la orientaci\u00f3n de 3RA para conocer un poco m\u00e1s sobre el mercado de trabajo. Ah\u00ed me ofrecieron gratuitamente diversos talleres sobre curr\u00edculos, entrevistas, mejores instituciones de ense\u00f1anza e incluso una charla muy interesante con brasile\u00f1os de diversas \u00e1reas del mercado de trabajo compartiendo sus experiencias en Canad\u00e1. Antes de volver a Brasil, hice una consultor\u00eda sobre mi futuro posgrado en el \u00e1rea de gesti\u00f3n de proyectos que posibilitar\u00e1 mi regreso muy pronto.<\/em><\/p>\n<p><br \/>\n<\/p>\n<p style=\"line-height: 1.5; font-size: 15px; color: #000000; font-family: trebuchet ms; text-align: center;\"><em>Agradezco inmensamente al equipo de 3RA por todo la asesor\u00eda en la elecci\u00f3n de mi college. Con su apoyo, pude escoger una de las instituciones m\u00e1s renombradas de Canad\u00e1 que, adem\u00e1s de contar con una calidad de ense\u00f1anza superior, posee un alto porcentaje de empleabilidad. 3RA permanece dando todo el apoyo necesario hasta hoy y eso fue fundamental para la realizaci\u00f3n de este sue\u00f1o.<\/em><\/p>\n<p><br \/>\n<\/p>\n<p style=\"line-height: 1.5; font-size: 15px; color: #000000; font-family: trebuchet ms; text-align: center;\"><em>Busqu\u00e9 a 3RA para asesorarme en la elecci\u00f3n de una escuela de idiomas y fue de suma importancia contar con la agencia para ayudarme en el proceso de inscripci\u00f3n y pago de la escuela, adem\u00e1s de todo el apoyo ofrecido a mi llegada en Vancouver y en todo mi tiempo de estudio en la escuela. Despu\u00e9s de mi per\u00edodo de estudios en la escuela de idiomas, 3RA tambi\u00e9n ayud\u00f3 a mi esposa en a encontrar un College, lo que permiti\u00f3 extender mi estancia en Canad\u00e1. El poder contar con una empresa que tiene oficina en Vancouver y en Brasil me ha ayudado bastante en mi proceso de estudios y con certeza hace una gran diferencia en la cuesti\u00f3n de la calidad de atenci\u00f3n y realizaci\u00f3n del tan so\u00f1ado &#8221;Plan Canad\u00e1&#8221;.<\/em><\/p>\n<p><br \/>\n<\/p>\n<p style=\"line-height: 1.5; font-size: 15px; color: #000000; font-family: trebuchet ms; text-align: center;\"><em>Este es mi segundo interc\u00e2mbio en Vancouver y el primero con 3RA, pero si pudiera regresar el tiempo elegir\u00eda a 3RA desde la primera vez. \u00bfPorqu\u00e9? 3RA no s\u00f3lo me atendi\u00f3 y me ayud\u00f3 a concretar este sue\u00f1o, sino que tambi\u00e9n me gui\u00f3 hacia un camino a\u00fan mejor de lo que yo podr\u00eda imaginar. Ya que se hizo un an\u00e1lisis sobre mis expectativas y mi nivel de ingl\u00e9s (que queriendo o no es esencial) y con ese an\u00e1lisis obtuve mi camino hacia mis objetivos. Desde mi primer contacto hasta hoy con 5 meses de Vancouver, s\u00f3lo tengo elogios para la atenci\u00f3n de 3RA, siempre que lo necesit\u00e9, fui bien atendido. Un apoyo fundamental para quien est\u00e1 en otro pa\u00eds.<\/em><\/p>\n<p><br \/>\n<\/p>\n<p style=\"line-height: 1.5; font-size: 15px; color: #000000; font-family: trebuchet ms; text-align: center;\"><em>Escog\u00ed cursar un postgrado en Business Management despu\u00e9s de la sugerencia de 3RA, ya que es un curso que prepara al alumno para el mercado de trabajo canadiense y da la oportunidad de trabajar en un programa de pr\u00e1cticas profesionales, con el fin de integrar el estudio academico en la experiencia de trabajo, praticando las habilidades de comunicaci\u00f3n en ingl\u00e9s y aprendiendo sobre las pr\u00e1cticas de negocio en Canad\u00e1 en un verdadero ambiente de trabajo. 3RA me recomend\u00f3 una excelente universidad, me apoyo durante todo el proceso de aplicaci\u00f3n y continua dando apoyo hasta hoy, a trav\u00e9s de workshops y contestando misdudas. Quiero felicitar su trabajo, especialmente por el d\u00eda de bienvenida en 3RA, cuando nos reciben con caf\u00e9, galletitas y orientaciones pr\u00e1cticas y \u00fatiles sobre el d\u00eda a d\u00eda en Canad\u00e1.<\/em><\/p>\n<p><br \/>\n<\/p>\n<p style=\"line-height: 1.5; font-size: 15px; color: #000000; font-family: trebuchet ms; text-align: center;\"><em>La ayuda de la 3RA fue fundamental en nuestra llegada a Canad\u00e1. Ellos nos ayudaron no s\u00f3lo con todo el proceso burocr\u00e1tico, sino tambi\u00e9n con la elecci\u00f3n de la ciudad y la instituci\u00f3n de ense\u00f1anza que m\u00e1s se ajustaban a nuestras necesidades. Incluso ahora, sabemos que las puertas de 3RA siempre estar\u00e1n abiertas cuando tenemos alguna duda o necesitamos alguna ayuda despu\u00e9s de nuestra llegada. Todos son muy atentos y sinceramente desean que alcancemos nuestros objetivos.<\/em><\/p>\n<p><br \/>\n<\/p>\n<p style=\"line-height: 1.5; font-size: 15px; color: #000000; font-family: trebuchet ms; text-align: center;\"><em> Tuve mi primer contacto con 3RA a trav\u00e9s de la p\u00e1gina de Facebook de ellos. Decid\u00ed enviar un Email para conocer su trabajo, y desde el primer momento fui muy bien atendido. Son varias cosas que puedo citar, entre ellas, el tiempo de respuesta de los Email es incre\u00edble, y la gentileza en el trato es maravilloso. Ellos no est\u00e1n ah\u00ed s\u00f3lo para vender intercambios sino para realizar el sue\u00f1o de mucha gente y todos tienen mucha conciencia de ello. Entre una investigaci\u00f3n que hice es una de las empresas m\u00e1s preparadas para la realizaci\u00f3n de intercambios. \u00a1Estoy eternamente agradecido por haber sido atendido por esa gran familia! Ya quiero estar ah\u00ed en Canad\u00e1 con ustedes. \u00a1Gracias 3RA! \u00a1Ya puedo decir que los quiero y quedar\u00e1n para siempre en mi historia!<\/em><\/p>\n<p><br \/>\n<br \/>\n<\/p>\n<p><br \/>\n<\/p>\n<p><\/p>\n<p><\/p>\n<p style=\"padding: 0px 0px 0px 0px; text-align: center; line-height: 0.0; font-size: 35px; color: #ed1b2f; font-family: Ubuntu,Trebuchet MS,,Arial; font-weight: bold;\">\u00bfD\u00f3nde estamos?<\/p>\n<p style=\"padding: 0px 0px 0px 50px; text-align: center; line-height: 1.5; font-size: 20px; color: #ed1b2f; font-family: Ubuntu,Trebuchet MS,,Arial; font-weight: normal;\">3RA atiende a clientes de todo Latinoam\u00e9rica a trav\u00e9s de sus oficinas en Canad\u00e1:<\/p>\n<p><\/p>\n<p><\/p>\n<p><\/p>\n<p><\/p>\n<p><\/p>\n<p style=\"padding: 0px 10px 0px 10px; text-align: left; line-height: 0.0; font-size: 25px; color: #000; font-family: Ubuntu,Trebuchet MS,Georgia,Arial; font-weight: bold;\">Vancouver<\/p>\n<p style=\"padding: 0px 10px 20px 20px; text-align: left; line-height: 1.2; font-size: 16px; color: #000; font-family: Ubuntu,Trebuchet MS,Georgia,Arial; font-weight: lighter;\">409 Granville St., Oficina #1350,<br \/>\nVancouver, BC, Canad\u00e1<br \/>\nLunes a Viernes: de 10h a 18h<br \/>\nTel: +1 (604) 684-0528<\/p>\n<p><\/p>\n<p><\/p>\n<p><\/p>\n<p><\/p>\n<p style=\"padding: 0px 10px 0px 10px; text-align: left; line-height: 0.0; font-size: 25px; color: #000; font-family: Ubuntu,Trebuchet MS,Georgia,Arial; font-weight: bold;\">Toronto<\/p>\n<p style=\"padding: 0px 10px 20px 20px; text-align: left; line-height: 1.2; font-size: 16px; color: #000; font-family: Ubuntu,Trebuchet MS,Georgia,Arial; font-weight: lighter;\">44 Victoria St., Oficina #710,<br \/>\nToronto, ON, Canad\u00e1<br \/>\nLunes a Viernes: de 10h a 18h<br \/>\nTel:+1 (647) 351-3800<\/p>\n<p><\/p>\n<p><\/p>\n<p><\/p>\n<p style=\"text-align: center; line-height: 1.5; font-size: 16px; color: #ed1b2f; font-family: Ubuntu,Trebuchet MS,Georgia,Arial; font-weight: normal;\"><em><br \/>\n<strong style=\"color: #ed1b2f;\">Los clientes que a\u00fan no se encuentran en Canad\u00e1 ser\u00e1n atendidos por nuestros equipos v\u00eda remota,<\/strong><br \/>\ncon el mismo cuidado y cari\u00f1o de siempre.<\/em><\/p>\n<p><br \/>\n<\/p>\n","protected":false},"excerpt":{"rendered":"<p>\u00bfCu\u00e1l es tu objetivo en Canad\u00e1?\u00a0 Llena el siguiente formulario y uno de nuestros consultores entrar\u00e1 en contacto contigo para iniciar tu proyecto. Sobre Canad\u00e1 Adem\u00e1s de ser considerado uno de los mejores pa\u00edses para vivir en el mundo, Canad\u00e1 invierte m\u00e1s en educaci\u00f3n que cualquier otra naci\u00f3n industrializada. Por eso, ha sido uno de [&hellip;]<\/p>\n","protected":false},"author":2,"featured_media":0,"parent":354781,"menu_order":0,"comment_status":"closed","ping_status":"closed","template":"","meta":{"footnotes":""},"class_list":["post-367062","page","type-page","status-publish","hentry","post-wrapper","thrv_wrapper"],"yoast_head":"<!-- This site is optimized with the Yoast SEO Premium plugin v20.0 (Yoast SEO v24.9) - https:\/\/yoast.com\/wordpress\/plugins\/seo\/ -->\n<title>Entre em contato com a 3RA Interc\u00e2mbio I Instagram<\/title>\n<meta name=\"description\" content=\"A 3RA Interc\u00e2mbio conta com mais de 70 institui\u00e7\u00f5es de ensino parceiras em todo o Canad\u00e1. Preencha o nosso formul\u00e1rio de contato para iniciarmos o seu planejamento.\" \/>\n<meta name=\"robots\" content=\"index, follow, max-snippet:-1, max-image-preview:large, max-video-preview:-1\" \/>\n<link rel=\"canonical\" href=\"https:\/\/3raintercambio.com\/es\/lp\/instagram\/\" \/>\n<meta property=\"og:locale\" content=\"es_ES\" \/>\n<meta property=\"og:type\" content=\"article\" \/>\n<meta property=\"og:title\" content=\"Instagram\" \/>\n<meta property=\"og:description\" content=\"A 3RA Interc\u00e2mbio conta com mais de 70 institui\u00e7\u00f5es de ensino parceiras em todo o Canad\u00e1. Preencha o nosso formul\u00e1rio de contato para iniciarmos o seu planejamento.\" \/>\n<meta property=\"og:url\" content=\"https:\/\/3raintercambio.com\/es\/lp\/instagram\/\" \/>\n<meta property=\"og:site_name\" content=\"Interc\u00e2mbio no Canad\u00e1 - 3RA Interc\u00e2mbio\" \/>\n<meta property=\"article:publisher\" content=\"https:\/\/www.facebook.com\/3ragroup\" \/>\n<meta property=\"article:modified_time\" content=\"2019-07-10T21:22:21+00:00\" \/>\n<meta name=\"twitter:card\" content=\"summary_large_image\" \/>\n<meta name=\"twitter:site\" content=\"@3raintercambio\" \/>\n<meta name=\"twitter:label1\" content=\"Tiempo de lectura\" \/>\n\t<meta name=\"twitter:data1\" content=\"26 minutos\" \/>\n<script type=\"application\/ld+json\" class=\"yoast-schema-graph\">{\"@context\":\"https:\/\/schema.org\",\"@graph\":[{\"@type\":\"WebPage\",\"@id\":\"https:\/\/3raintercambio.com\/es\/lp\/instagram\/\",\"url\":\"https:\/\/3raintercambio.com\/es\/lp\/instagram\/\",\"name\":\"Entre em contato com a 3RA Interc\u00e2mbio I Instagram\",\"isPartOf\":{\"@id\":\"https:\/\/www.3raintercambio.com\/es\/#website\"},\"datePublished\":\"2017-12-21T00:36:15+00:00\",\"dateModified\":\"2019-07-10T21:22:21+00:00\",\"description\":\"A 3RA Interc\u00e2mbio conta com mais de 70 institui\u00e7\u00f5es de ensino parceiras em todo o Canad\u00e1. Preencha o nosso formul\u00e1rio de contato para iniciarmos o seu planejamento.\",\"breadcrumb\":{\"@id\":\"https:\/\/3raintercambio.com\/es\/lp\/instagram\/#breadcrumb\"},\"inLanguage\":\"es\",\"potentialAction\":[{\"@type\":\"ReadAction\",\"target\":[\"https:\/\/3raintercambio.com\/es\/lp\/instagram\/\"]}]},{\"@type\":\"BreadcrumbList\",\"@id\":\"https:\/\/3raintercambio.com\/es\/lp\/instagram\/#breadcrumb\",\"itemListElement\":[{\"@type\":\"ListItem\",\"position\":1,\"name\":\"Portada\",\"item\":\"https:\/\/www.3raintercambio.com\/es\/\"},{\"@type\":\"ListItem\",\"position\":2,\"name\":\"Landing Page\",\"item\":\"https:\/\/3raintercambio.com\/es\/lp\/\"},{\"@type\":\"ListItem\",\"position\":3,\"name\":\"Instagram\"}]},{\"@type\":\"WebSite\",\"@id\":\"https:\/\/www.3raintercambio.com\/es\/#website\",\"url\":\"https:\/\/www.3raintercambio.com\/es\/\",\"name\":\"Interc\u00e2mbio no Canad\u00e1 - 3RA Interc\u00e2mbio\",\"description\":\"Interc\u00e2mbio em Vancouver, Toronto, Calgary, Quebec\",\"publisher\":{\"@id\":\"https:\/\/www.3raintercambio.com\/es\/#organization\"},\"potentialAction\":[{\"@type\":\"SearchAction\",\"target\":{\"@type\":\"EntryPoint\",\"urlTemplate\":\"https:\/\/www.3raintercambio.com\/es\/?s={search_term_string}\"},\"query-input\":{\"@type\":\"PropertyValueSpecification\",\"valueRequired\":true,\"valueName\":\"search_term_string\"}}],\"inLanguage\":\"es\"},{\"@type\":\"Organization\",\"@id\":\"https:\/\/www.3raintercambio.com\/es\/#organization\",\"name\":\"3RA Educa\u00e7\u00e3o Superior no Canad\u00e1\",\"url\":\"https:\/\/www.3raintercambio.com\/es\/\",\"logo\":{\"@type\":\"ImageObject\",\"inLanguage\":\"es\",\"@id\":\"https:\/\/www.3raintercambio.com\/es\/#\/schema\/logo\/image\/\",\"url\":\"https:\/\/3raintercambio.com\/wp-content\/uploads\/2021\/06\/3RA-logo-oficial.png\",\"contentUrl\":\"https:\/\/3raintercambio.com\/wp-content\/uploads\/2021\/06\/3RA-logo-oficial.png\",\"width\":454,\"height\":150,\"caption\":\"3RA Educa\u00e7\u00e3o Superior no Canad\u00e1\"},\"image\":{\"@id\":\"https:\/\/www.3raintercambio.com\/es\/#\/schema\/logo\/image\/\"},\"sameAs\":[\"https:\/\/www.facebook.com\/3ragroup\",\"https:\/\/x.com\/3raintercambio\",\"https:\/\/www.instagram.com\/3raintercambio\",\"https:\/\/www.youtube.com\/3raintercambio\"]}]}<\/script>\n<!-- \/ Yoast SEO Premium plugin. -->","yoast_head_json":{"title":"Entre em contato com a 3RA Interc\u00e2mbio I Instagram","description":"A 3RA Interc\u00e2mbio conta com mais de 70 institui\u00e7\u00f5es de ensino parceiras em todo o Canad\u00e1. Preencha o nosso formul\u00e1rio de contato para iniciarmos o seu planejamento.","robots":{"index":"index","follow":"follow","max-snippet":"max-snippet:-1","max-image-preview":"max-image-preview:large","max-video-preview":"max-video-preview:-1"},"canonical":"https:\/\/3raintercambio.com\/es\/lp\/instagram\/","og_locale":"es_ES","og_type":"article","og_title":"Instagram","og_description":"A 3RA Interc\u00e2mbio conta com mais de 70 institui\u00e7\u00f5es de ensino parceiras em todo o Canad\u00e1. Preencha o nosso formul\u00e1rio de contato para iniciarmos o seu planejamento.","og_url":"https:\/\/3raintercambio.com\/es\/lp\/instagram\/","og_site_name":"Interc\u00e2mbio no Canad\u00e1 - 3RA Interc\u00e2mbio","article_publisher":"https:\/\/www.facebook.com\/3ragroup","article_modified_time":"2019-07-10T21:22:21+00:00","twitter_card":"summary_large_image","twitter_site":"@3raintercambio","twitter_misc":{"Tiempo de lectura":"26 minutos"},"schema":{"@context":"https:\/\/schema.org","@graph":[{"@type":"WebPage","@id":"https:\/\/3raintercambio.com\/es\/lp\/instagram\/","url":"https:\/\/3raintercambio.com\/es\/lp\/instagram\/","name":"Entre em contato com a 3RA Interc\u00e2mbio I Instagram","isPartOf":{"@id":"https:\/\/www.3raintercambio.com\/es\/#website"},"datePublished":"2017-12-21T00:36:15+00:00","dateModified":"2019-07-10T21:22:21+00:00","description":"A 3RA Interc\u00e2mbio conta com mais de 70 institui\u00e7\u00f5es de ensino parceiras em todo o Canad\u00e1. Preencha o nosso formul\u00e1rio de contato para iniciarmos o seu planejamento.","breadcrumb":{"@id":"https:\/\/3raintercambio.com\/es\/lp\/instagram\/#breadcrumb"},"inLanguage":"es","potentialAction":[{"@type":"ReadAction","target":["https:\/\/3raintercambio.com\/es\/lp\/instagram\/"]}]},{"@type":"BreadcrumbList","@id":"https:\/\/3raintercambio.com\/es\/lp\/instagram\/#breadcrumb","itemListElement":[{"@type":"ListItem","position":1,"name":"Portada","item":"https:\/\/www.3raintercambio.com\/es\/"},{"@type":"ListItem","position":2,"name":"Landing Page","item":"https:\/\/3raintercambio.com\/es\/lp\/"},{"@type":"ListItem","position":3,"name":"Instagram"}]},{"@type":"WebSite","@id":"https:\/\/www.3raintercambio.com\/es\/#website","url":"https:\/\/www.3raintercambio.com\/es\/","name":"Interc\u00e2mbio no Canad\u00e1 - 3RA Interc\u00e2mbio","description":"Interc\u00e2mbio em Vancouver, Toronto, Calgary, Quebec","publisher":{"@id":"https:\/\/www.3raintercambio.com\/es\/#organization"},"potentialAction":[{"@type":"SearchAction","target":{"@type":"EntryPoint","urlTemplate":"https:\/\/www.3raintercambio.com\/es\/?s={search_term_string}"},"query-input":{"@type":"PropertyValueSpecification","valueRequired":true,"valueName":"search_term_string"}}],"inLanguage":"es"},{"@type":"Organization","@id":"https:\/\/www.3raintercambio.com\/es\/#organization","name":"3RA Educa\u00e7\u00e3o Superior no Canad\u00e1","url":"https:\/\/www.3raintercambio.com\/es\/","logo":{"@type":"ImageObject","inLanguage":"es","@id":"https:\/\/www.3raintercambio.com\/es\/#\/schema\/logo\/image\/","url":"https:\/\/3raintercambio.com\/wp-content\/uploads\/2021\/06\/3RA-logo-oficial.png","contentUrl":"https:\/\/3raintercambio.com\/wp-content\/uploads\/2021\/06\/3RA-logo-oficial.png","width":454,"height":150,"caption":"3RA Educa\u00e7\u00e3o Superior no Canad\u00e1"},"image":{"@id":"https:\/\/www.3raintercambio.com\/es\/#\/schema\/logo\/image\/"},"sameAs":["https:\/\/www.facebook.com\/3ragroup","https:\/\/x.com\/3raintercambio","https:\/\/www.instagram.com\/3raintercambio","https:\/\/www.youtube.com\/3raintercambio"]}]}},"_links":{"self":[{"href":"https:\/\/3raintercambio.com\/es\/wp-json\/wp\/v2\/pages\/367062","targetHints":{"allow":["GET"]}}],"collection":[{"href":"https:\/\/3raintercambio.com\/es\/wp-json\/wp\/v2\/pages"}],"about":[{"href":"https:\/\/3raintercambio.com\/es\/wp-json\/wp\/v2\/types\/page"}],"author":[{"embeddable":true,"href":"https:\/\/3raintercambio.com\/es\/wp-json\/wp\/v2\/users\/2"}],"replies":[{"embeddable":true,"href":"https:\/\/3raintercambio.com\/es\/wp-json\/wp\/v2\/comments?post=367062"}],"version-history":[{"count":0,"href":"https:\/\/3raintercambio.com\/es\/wp-json\/wp\/v2\/pages\/367062\/revisions"}],"up":[{"embeddable":true,"href":"https:\/\/3raintercambio.com\/es\/wp-json\/wp\/v2\/pages\/354781"}],"wp:attachment":[{"href":"https:\/\/3raintercambio.com\/es\/wp-json\/wp\/v2\/media?parent=367062"}],"curies":[{"name":"wp","href":"https:\/\/api.w.org\/{rel}","templated":true}]}}