{"id":363638,"date":"2018-04-24T11:10:43","date_gmt":"2018-04-24T18:10:43","guid":{"rendered":"https:\/\/3raintercambio.com\/?page_id=363638"},"modified":"2019-07-15T16:40:13","modified_gmt":"2019-07-15T23:40:13","slug":"promocion","status":"publish","type":"page","link":"https:\/\/3raintercambio.com\/es\/lp\/promocion\/","title":{"rendered":"Descuento &#8211; Asesor\u00eda de 3RA &#8211; Cursos de ingl\u00e9s y vocacionales"},"content":{"rendered":"<p><\/p>\n<p><\/p>\n<p><\/p>\n<p><\/p>\n<p><\/p>\n<p><\/p>\n<p><br \/>\n<\/p>\n<p><\/p>\n<p><\/p>\n<p style=\"text-align: left;\"><span class=\"titulo_corrido white\">Ahora s\u00f3lo pagar\u00e1s CAD$ 99 en la tasa administrativa de 3RA al matr\u00edcularte en cursos de ingl\u00e9s y programas vocacionales.<\/span><\/p>\n<p style=\"line-height: 1.5; font-size: 8px; color: #000000; font-family: 'trebuchet ms'; text-align: left;\"><em>Importante: Mantente atento al horario de atenci\u00f3n de las oficinas de 3RA si necesitas ayuda o deseas aclarar dudas y antic\u00edpate para no perder la oportunidad de disfrutar de la promoci\u00f3n, dado es v\u00e1lida por tiempo limitado y podr\u00e1 ser cerrada en cualquier momento sin previo aviso.\u00a0<\/em><\/p>\n<p><\/p>\n<p><\/p>\n<p><\/p>\n<p style=\"text-align: left;\"><span class=\"texto_corrido white\">Conoce los beneficios a los que tendr\u00e1s acceso por ser un cliente 3RA:<\/span><\/p>\n<ul class=\"texto_corrido white\">\n<li>Soporte local a trav\u00e9s de nuestras agencias en Vancouver y Toronto<\/li>\n<li>Ahorro: podr\u00e1s utilizar el tipo de cambio especial de 3RA<\/li>\n<li>Cero burocracia: Apoyo en todo el proceso de inscripci\u00f3n<\/li>\n<li>Participaci\u00f3n en eventos exclusivos organizados por 3RA Interc\u00e2mbio en Canad\u00e1<\/li>\n<\/ul>\n<p><\/p>\n<p><\/p>\n<p><br \/>\n<\/p>\n<p><br \/>\n<\/p>\n<p><\/p>\n<p style=\"text-align: left;\"><span class=\"nome_cidade black\">Cursos Vocacionales<\/span><\/p>\n<p><\/p>\n<p><\/p>\n<p><\/p>\n<p style=\"text-align: left;\"><span class=\"texto_corrido black\">Los cursos vocacionales tambi\u00e9m son conocidos como programas de estudio y trabajo. Estos suelen tener un costo m\u00e1s accesible y exijen un nivel de ingl\u00e9s m\u00e1s bajo. Podr\u00e1s trabajar mientras estudias y tambi\u00e9n podr\u00e1s hacer un periodo de pr\u00e1cticas profesionales para concluir el programa.<\/span><\/p>\n<p><\/p>\n<p><\/p>\n<p><\/p>\n<p><br \/>\n<\/p>\n<p><br \/>\n<\/p>\n<p><\/p>\n<p><\/p>\n<p><\/p>\n<p style=\"text-align: left;\"><span class=\"nome_cidade black\">Cursos de Ingl\u00e9s<\/span><\/p>\n<p><\/p>\n<p><\/p>\n<p><\/p>\n<p style=\"text-align: left;\"><span class=\"texto_corrido black\">Sea cual sea tu objetivo al aprender el idioma ingl\u00e9s, 3RA Interc\u00e2mbio te puede sugerir una gran variedad de cursos que podr\u00e1s optar por tomar. Estos van desde ingl\u00e9s general hasta ingl\u00e9s preparatorio para pruebas de competencia, ingl\u00e9s para negocios y tambi\u00e9n, Pathway Universitario. <\/span><\/p>\n<p><\/p>\n<p><br \/>\n<\/p>\n<p><br \/>\n<br \/>\n<\/p>\n<p style=\"line-height: 1.5; font-size: 15px; color: #000000; font-family: trebuchet ms; text-align: center;\"><em>3ra fue una herramienta esencial para mi incre\u00edble experiencia en Canad\u00e1. Primero, al sugerirme la escuela de ingl\u00e9s, teniendo en cuenta calidad de ense\u00f1anza, ubicaci\u00f3n y precio. Despu\u00e9s de haberme enamorado completamente del pa\u00eds, busqu\u00e9 la orientaci\u00f3n de 3RA para conocer un poco m\u00e1s sobre el mercado de trabajo. Ah\u00ed me ofrecieron gratuitamente diversos talleres sobre curr\u00edculos, entrevistas, mejores instituciones de ense\u00f1anza e incluso una charla muy interesante con brasile\u00f1os de diversas \u00e1reas del mercado de trabajo compartiendo sus experiencias en Canad\u00e1. Antes de volver a Brasil, hice una consultor\u00eda sobre mi futuro posgrado en el \u00e1rea de gesti\u00f3n de proyectos que posibilitar\u00e1 mi regreso muy pronto.<\/em><\/p>\n<p><br \/>\n<\/p>\n<p style=\"line-height: 1.5; font-size: 15px; color: #000000; font-family: trebuchet ms; text-align: center;\"><em>Agradezco inmensamente al equipo de 3RA por todo la asesor\u00eda en la elecci\u00f3n de mi college. Con su apoyo, pude escoger una de las instituciones m\u00e1s renombradas de Canad\u00e1 que, adem\u00e1s de contar con una calidad de ense\u00f1anza superior, posee un alto porcentaje de empleabilidad. 3RA permanece dando todo el apoyo necesario hasta hoy y eso fue fundamental para la realizaci\u00f3n de este sue\u00f1o.<\/em><\/p>\n<p><br \/>\n<\/p>\n<p style=\"line-height: 1.5; font-size: 15px; color: #000000; font-family: trebuchet ms; text-align: center;\"><em>Busqu\u00e9 a 3RA para asesorarme en la elecci\u00f3n de una escuela de idiomas y fue de suma importancia contar con la agencia para ayudarme en el proceso de inscripci\u00f3n y pago de la escuela, adem\u00e1s de todo el apoyo ofrecido a mi llegada en Vancouver y en todo mi tiempo de estudio en la escuela. Despu\u00e9s de mi per\u00edodo de estudios en la escuela de idiomas, 3RA tambi\u00e9n ayud\u00f3 a mi esposa en a encontrar un College, lo que permiti\u00f3 extender mi estancia en Canad\u00e1. El poder contar con una empresa que tiene oficina en Vancouver y en Brasil me ha ayudado bastante en mi proceso de estudios y con certeza hace una gran diferencia en la cuesti\u00f3n de la calidad de atenci\u00f3n y realizaci\u00f3n del tan so\u00f1ado &#8221;Plan Canad\u00e1&#8221;.<\/em><\/p>\n<p><br \/>\n<\/p>\n<p style=\"line-height: 1.5; font-size: 15px; color: #000000; font-family: trebuchet ms; text-align: center;\"><em>Este es mi segundo interc\u00e2mbio en Vancouver y el primero con 3RA, pero si pudiera regresar el tiempo elegir\u00eda a 3RA desde la primera vez. \u00bfPorqu\u00e9? 3RA no s\u00f3lo me atendi\u00f3 y me ayud\u00f3 a concretar este sue\u00f1o, sino que tambi\u00e9n me gui\u00f3 hacia un camino a\u00fan mejor de lo que yo podr\u00eda imaginar. Ya que se hizo un an\u00e1lisis sobre mis expectativas y mi nivel de ingl\u00e9s (que queriendo o no es esencial) y con ese an\u00e1lisis obtuve mi camino hacia mis objetivos. Desde mi primer contacto hasta hoy con 5 meses de Vancouver, s\u00f3lo tengo elogios para la atenci\u00f3n de 3RA, siempre que lo necesit\u00e9, fui bien atendido. Un apoyo fundamental para quien est\u00e1 en otro pa\u00eds.<\/em><\/p>\n<p><br \/>\n<\/p>\n<p style=\"line-height: 1.5; font-size: 15px; color: #000000; font-family: trebuchet ms; text-align: center;\"><em>Escog\u00ed cursar un postgrado en Business Management despu\u00e9s de la sugerencia de 3RA, ya que es un curso que prepara al alumno para el mercado de trabajo canadiense y da la oportunidad de trabajar en un programa de pr\u00e1cticas profesionales, con el fin de integrar el estudio academico en la experiencia de trabajo, praticando las habilidades de comunicaci\u00f3n en ingl\u00e9s y aprendiendo sobre las pr\u00e1cticas de negocio en Canad\u00e1 en un verdadero ambiente de trabajo. 3RA me recomend\u00f3 una excelente universidad, me apoyo durante todo el proceso de aplicaci\u00f3n y continua dando apoyo hasta hoy, a trav\u00e9s de workshops y contestando misdudas. Quiero felicitar su trabajo, especialmente por el d\u00eda de bienvenida en 3RA, cuando nos reciben con caf\u00e9, galletitas y orientaciones pr\u00e1cticas y \u00fatiles sobre el d\u00eda a d\u00eda en Canad\u00e1.<\/em><\/p>\n<p><br \/>\n<\/p>\n<p style=\"line-height: 1.5; font-size: 15px; color: #000000; font-family: trebuchet ms; text-align: center;\"><em>La ayuda de la 3RA fue fundamental en nuestra llegada a Canad\u00e1. Ellos nos ayudaron no s\u00f3lo con todo el proceso burocr\u00e1tico, sino tambi\u00e9n con la elecci\u00f3n de la ciudad y la instituci\u00f3n de ense\u00f1anza que m\u00e1s se ajustaban a nuestras necesidades. Incluso ahora, sabemos que las puertas de 3RA siempre estar\u00e1n abiertas cuando tenemos alguna duda o necesitamos alguna ayuda despu\u00e9s de nuestra llegada. Todos son muy atentos y sinceramente desean que alcancemos nuestros objetivos.<\/em><\/p>\n<p><br \/>\n<\/p>\n<p style=\"line-height: 1.5; font-size: 15px; color: #000000; font-family: trebuchet ms; text-align: center;\"><em> Tuve mi primer contacto con 3RA a trav\u00e9s de la p\u00e1gina de Facebook de ellos. Decid\u00ed enviar un Email para conocer su trabajo, y desde el primer momento fui muy bien atendido. Son varias cosas que puedo citar, entre ellas, el tiempo de respuesta de los Email es incre\u00edble, y la gentileza en el trato es maravilloso. Ellos no est\u00e1n ah\u00ed s\u00f3lo para vender intercambios sino para realizar el sue\u00f1o de mucha gente y todos tienen mucha conciencia de ello. Entre una investigaci\u00f3n que hice es una de las empresas m\u00e1s preparadas para la realizaci\u00f3n de intercambios. \u00a1Estoy eternamente agradecido por haber sido atendido por esa gran familia! Ya quiero estar ah\u00ed en Canad\u00e1 con ustedes. \u00a1Gracias 3RA! \u00a1Ya puedo decir que los quiero y quedar\u00e1n para siempre en mi historia!<\/em><\/p>\n<p><br \/>\n<br \/>\n<\/p>\n<p><br \/>\n<br \/>\nCompleta el siguiente formulario. Pronto nos pondremos en contacto contigo.<br \/>\n<\/p>\n<p><\/p>\n<p><\/p>\n<p><br \/>\n<br \/>\n<\/p>\n<p><\/p>\n<p><br \/>\n<\/p>\n","protected":false},"excerpt":{"rendered":"<p>Ahora s\u00f3lo pagar\u00e1s CAD$ 99 en la tasa administrativa de 3RA al matr\u00edcularte en cursos de ingl\u00e9s y programas vocacionales. Importante: Mantente atento al horario de atenci\u00f3n de las oficinas de 3RA si necesitas ayuda o deseas aclarar dudas y antic\u00edpate para no perder la oportunidad de disfrutar de la promoci\u00f3n, dado es v\u00e1lida por [&hellip;]<\/p>\n","protected":false},"author":2,"featured_media":0,"parent":354781,"menu_order":0,"comment_status":"closed","ping_status":"closed","template":"","meta":{"footnotes":""},"class_list":["post-363638","page","type-page","status-publish","hentry","post-wrapper","thrv_wrapper"],"yoast_head":"<!-- This site is optimized with the Yoast SEO Premium plugin v20.0 (Yoast SEO v24.9) - https:\/\/yoast.com\/wordpress\/plugins\/seo\/ -->\n<title>Descuento - Asesor\u00eda de 3RA - Cursos de ingl\u00e9s y vocacionales | Interc\u00e2mbio no Canad\u00e1 - 3RA Interc\u00e2mbio<\/title>\n<meta name=\"description\" content=\"Ahora s\u00f3lo pagar\u00e1s CAD$ 99 en la tasa administrativa de 3RA al matr\u00edcularte en cursos de ingl\u00e9s y programas vocacionales. Importante: Mantente atento al\" \/>\n<meta name=\"robots\" content=\"index, follow, max-snippet:-1, max-image-preview:large, max-video-preview:-1\" \/>\n<link rel=\"canonical\" href=\"https:\/\/3raintercambio.com\/es\/lp\/promocion\/\" \/>\n<meta property=\"og:locale\" content=\"es_ES\" \/>\n<meta property=\"og:type\" content=\"article\" \/>\n<meta property=\"og:title\" content=\"Descuento - Asesor\u00eda de 3RA - Cursos de ingl\u00e9s y vocacionales\" \/>\n<meta property=\"og:description\" content=\"Ahora s\u00f3lo pagar\u00e1s CAD$ 99 en la tasa administrativa de 3RA al matr\u00edcularte en cursos de ingl\u00e9s y programas vocacionales. Importante: Mantente atento al\" \/>\n<meta property=\"og:url\" content=\"https:\/\/3raintercambio.com\/es\/lp\/promocion\/\" \/>\n<meta property=\"og:site_name\" content=\"Interc\u00e2mbio no Canad\u00e1 - 3RA Interc\u00e2mbio\" \/>\n<meta property=\"article:publisher\" content=\"https:\/\/www.facebook.com\/3ragroup\" \/>\n<meta property=\"article:modified_time\" content=\"2019-07-15T23:40:13+00:00\" \/>\n<meta name=\"twitter:card\" content=\"summary_large_image\" \/>\n<meta name=\"twitter:site\" content=\"@3raintercambio\" \/>\n<meta name=\"twitter:label1\" content=\"Tiempo de lectura\" \/>\n\t<meta name=\"twitter:data1\" content=\"16 minutos\" \/>\n<script type=\"application\/ld+json\" class=\"yoast-schema-graph\">{\"@context\":\"https:\/\/schema.org\",\"@graph\":[{\"@type\":\"WebPage\",\"@id\":\"https:\/\/3raintercambio.com\/es\/lp\/promocion\/\",\"url\":\"https:\/\/3raintercambio.com\/es\/lp\/promocion\/\",\"name\":\"Descuento - Asesor\u00eda de 3RA - Cursos de ingl\u00e9s y vocacionales | Interc\u00e2mbio no Canad\u00e1 - 3RA Interc\u00e2mbio\",\"isPartOf\":{\"@id\":\"https:\/\/www.3raintercambio.com\/es\/#website\"},\"datePublished\":\"2018-04-24T18:10:43+00:00\",\"dateModified\":\"2019-07-15T23:40:13+00:00\",\"description\":\"Ahora s\u00f3lo pagar\u00e1s CAD$ 99 en la tasa administrativa de 3RA al matr\u00edcularte en cursos de ingl\u00e9s y programas vocacionales. Importante: Mantente atento al\",\"breadcrumb\":{\"@id\":\"https:\/\/3raintercambio.com\/es\/lp\/promocion\/#breadcrumb\"},\"inLanguage\":\"es\",\"potentialAction\":[{\"@type\":\"ReadAction\",\"target\":[\"https:\/\/3raintercambio.com\/es\/lp\/promocion\/\"]}]},{\"@type\":\"BreadcrumbList\",\"@id\":\"https:\/\/3raintercambio.com\/es\/lp\/promocion\/#breadcrumb\",\"itemListElement\":[{\"@type\":\"ListItem\",\"position\":1,\"name\":\"Portada\",\"item\":\"https:\/\/www.3raintercambio.com\/es\/\"},{\"@type\":\"ListItem\",\"position\":2,\"name\":\"Landing Page\",\"item\":\"https:\/\/3raintercambio.com\/es\/lp\/\"},{\"@type\":\"ListItem\",\"position\":3,\"name\":\"Descuento &#8211; Asesor\u00eda de 3RA &#8211; Cursos de ingl\u00e9s y vocacionales\"}]},{\"@type\":\"WebSite\",\"@id\":\"https:\/\/www.3raintercambio.com\/es\/#website\",\"url\":\"https:\/\/www.3raintercambio.com\/es\/\",\"name\":\"Interc\u00e2mbio no Canad\u00e1 - 3RA Interc\u00e2mbio\",\"description\":\"Interc\u00e2mbio em Vancouver, Toronto, Calgary, Quebec\",\"publisher\":{\"@id\":\"https:\/\/www.3raintercambio.com\/es\/#organization\"},\"potentialAction\":[{\"@type\":\"SearchAction\",\"target\":{\"@type\":\"EntryPoint\",\"urlTemplate\":\"https:\/\/www.3raintercambio.com\/es\/?s={search_term_string}\"},\"query-input\":{\"@type\":\"PropertyValueSpecification\",\"valueRequired\":true,\"valueName\":\"search_term_string\"}}],\"inLanguage\":\"es\"},{\"@type\":\"Organization\",\"@id\":\"https:\/\/www.3raintercambio.com\/es\/#organization\",\"name\":\"3RA Educa\u00e7\u00e3o Superior no Canad\u00e1\",\"url\":\"https:\/\/www.3raintercambio.com\/es\/\",\"logo\":{\"@type\":\"ImageObject\",\"inLanguage\":\"es\",\"@id\":\"https:\/\/www.3raintercambio.com\/es\/#\/schema\/logo\/image\/\",\"url\":\"https:\/\/3raintercambio.com\/wp-content\/uploads\/2021\/06\/3RA-logo-oficial.png\",\"contentUrl\":\"https:\/\/3raintercambio.com\/wp-content\/uploads\/2021\/06\/3RA-logo-oficial.png\",\"width\":454,\"height\":150,\"caption\":\"3RA Educa\u00e7\u00e3o Superior no Canad\u00e1\"},\"image\":{\"@id\":\"https:\/\/www.3raintercambio.com\/es\/#\/schema\/logo\/image\/\"},\"sameAs\":[\"https:\/\/www.facebook.com\/3ragroup\",\"https:\/\/x.com\/3raintercambio\",\"https:\/\/www.instagram.com\/3raintercambio\",\"https:\/\/www.youtube.com\/3raintercambio\"]}]}<\/script>\n<!-- \/ Yoast SEO Premium plugin. -->","yoast_head_json":{"title":"Descuento - Asesor\u00eda de 3RA - Cursos de ingl\u00e9s y vocacionales | Interc\u00e2mbio no Canad\u00e1 - 3RA Interc\u00e2mbio","description":"Ahora s\u00f3lo pagar\u00e1s CAD$ 99 en la tasa administrativa de 3RA al matr\u00edcularte en cursos de ingl\u00e9s y programas vocacionales. Importante: Mantente atento al","robots":{"index":"index","follow":"follow","max-snippet":"max-snippet:-1","max-image-preview":"max-image-preview:large","max-video-preview":"max-video-preview:-1"},"canonical":"https:\/\/3raintercambio.com\/es\/lp\/promocion\/","og_locale":"es_ES","og_type":"article","og_title":"Descuento - Asesor\u00eda de 3RA - Cursos de ingl\u00e9s y vocacionales","og_description":"Ahora s\u00f3lo pagar\u00e1s CAD$ 99 en la tasa administrativa de 3RA al matr\u00edcularte en cursos de ingl\u00e9s y programas vocacionales. Importante: Mantente atento al","og_url":"https:\/\/3raintercambio.com\/es\/lp\/promocion\/","og_site_name":"Interc\u00e2mbio no Canad\u00e1 - 3RA Interc\u00e2mbio","article_publisher":"https:\/\/www.facebook.com\/3ragroup","article_modified_time":"2019-07-15T23:40:13+00:00","twitter_card":"summary_large_image","twitter_site":"@3raintercambio","twitter_misc":{"Tiempo de lectura":"16 minutos"},"schema":{"@context":"https:\/\/schema.org","@graph":[{"@type":"WebPage","@id":"https:\/\/3raintercambio.com\/es\/lp\/promocion\/","url":"https:\/\/3raintercambio.com\/es\/lp\/promocion\/","name":"Descuento - Asesor\u00eda de 3RA - Cursos de ingl\u00e9s y vocacionales | Interc\u00e2mbio no Canad\u00e1 - 3RA Interc\u00e2mbio","isPartOf":{"@id":"https:\/\/www.3raintercambio.com\/es\/#website"},"datePublished":"2018-04-24T18:10:43+00:00","dateModified":"2019-07-15T23:40:13+00:00","description":"Ahora s\u00f3lo pagar\u00e1s CAD$ 99 en la tasa administrativa de 3RA al matr\u00edcularte en cursos de ingl\u00e9s y programas vocacionales. Importante: Mantente atento al","breadcrumb":{"@id":"https:\/\/3raintercambio.com\/es\/lp\/promocion\/#breadcrumb"},"inLanguage":"es","potentialAction":[{"@type":"ReadAction","target":["https:\/\/3raintercambio.com\/es\/lp\/promocion\/"]}]},{"@type":"BreadcrumbList","@id":"https:\/\/3raintercambio.com\/es\/lp\/promocion\/#breadcrumb","itemListElement":[{"@type":"ListItem","position":1,"name":"Portada","item":"https:\/\/www.3raintercambio.com\/es\/"},{"@type":"ListItem","position":2,"name":"Landing Page","item":"https:\/\/3raintercambio.com\/es\/lp\/"},{"@type":"ListItem","position":3,"name":"Descuento &#8211; Asesor\u00eda de 3RA &#8211; Cursos de ingl\u00e9s y vocacionales"}]},{"@type":"WebSite","@id":"https:\/\/www.3raintercambio.com\/es\/#website","url":"https:\/\/www.3raintercambio.com\/es\/","name":"Interc\u00e2mbio no Canad\u00e1 - 3RA Interc\u00e2mbio","description":"Interc\u00e2mbio em Vancouver, Toronto, Calgary, Quebec","publisher":{"@id":"https:\/\/www.3raintercambio.com\/es\/#organization"},"potentialAction":[{"@type":"SearchAction","target":{"@type":"EntryPoint","urlTemplate":"https:\/\/www.3raintercambio.com\/es\/?s={search_term_string}"},"query-input":{"@type":"PropertyValueSpecification","valueRequired":true,"valueName":"search_term_string"}}],"inLanguage":"es"},{"@type":"Organization","@id":"https:\/\/www.3raintercambio.com\/es\/#organization","name":"3RA Educa\u00e7\u00e3o Superior no Canad\u00e1","url":"https:\/\/www.3raintercambio.com\/es\/","logo":{"@type":"ImageObject","inLanguage":"es","@id":"https:\/\/www.3raintercambio.com\/es\/#\/schema\/logo\/image\/","url":"https:\/\/3raintercambio.com\/wp-content\/uploads\/2021\/06\/3RA-logo-oficial.png","contentUrl":"https:\/\/3raintercambio.com\/wp-content\/uploads\/2021\/06\/3RA-logo-oficial.png","width":454,"height":150,"caption":"3RA Educa\u00e7\u00e3o Superior no Canad\u00e1"},"image":{"@id":"https:\/\/www.3raintercambio.com\/es\/#\/schema\/logo\/image\/"},"sameAs":["https:\/\/www.facebook.com\/3ragroup","https:\/\/x.com\/3raintercambio","https:\/\/www.instagram.com\/3raintercambio","https:\/\/www.youtube.com\/3raintercambio"]}]}},"_links":{"self":[{"href":"https:\/\/3raintercambio.com\/es\/wp-json\/wp\/v2\/pages\/363638","targetHints":{"allow":["GET"]}}],"collection":[{"href":"https:\/\/3raintercambio.com\/es\/wp-json\/wp\/v2\/pages"}],"about":[{"href":"https:\/\/3raintercambio.com\/es\/wp-json\/wp\/v2\/types\/page"}],"author":[{"embeddable":true,"href":"https:\/\/3raintercambio.com\/es\/wp-json\/wp\/v2\/users\/2"}],"replies":[{"embeddable":true,"href":"https:\/\/3raintercambio.com\/es\/wp-json\/wp\/v2\/comments?post=363638"}],"version-history":[{"count":0,"href":"https:\/\/3raintercambio.com\/es\/wp-json\/wp\/v2\/pages\/363638\/revisions"}],"up":[{"embeddable":true,"href":"https:\/\/3raintercambio.com\/es\/wp-json\/wp\/v2\/pages\/354781"}],"wp:attachment":[{"href":"https:\/\/3raintercambio.com\/es\/wp-json\/wp\/v2\/media?parent=363638"}],"curies":[{"name":"wp","href":"https:\/\/api.w.org\/{rel}","templated":true}]}}