{"id":258822,"date":"2016-03-30T12:25:48","date_gmt":"2016-03-30T19:25:48","guid":{"rendered":"https:\/\/3raintercambio.com\/estudo-e-trabalho\/"},"modified":"2019-07-10T14:52:32","modified_gmt":"2019-07-10T21:52:32","slug":"estudie-y-trabaje-en-canada-2","status":"publish","type":"page","link":"https:\/\/3raintercambio.com\/es\/lp\/estudie-y-trabaje-en-canada-2\/","title":{"rendered":"ESTUDIA Y TRABAJA EN CANAD\u00c1"},"content":{"rendered":"<p><br \/>\n<\/p>\n<p><\/p>\n<p><\/p>\n<p><\/p>\n<p style=\"text-align: center;\"><span style=\"font-weight: 400;\">3RA Intercambio ofrece una amplia variedad de cursos*<\/span><\/p>\n<p><\/p>\n<p><\/p>\n<p><br \/>\n<\/p>\n<p><br \/>\n<br \/>\n<br \/>\n<br \/>\n<\/p>\n<p><br \/>\n<\/p>\n<p><\/p>\n<p><\/p>\n<p><br \/>\n<span style=\"font-weight: 400;\">3RA Intercambio ofrece programas de estudio y trabajo en Canad\u00e1 dise\u00f1ados para perfeccionar tus conocimientos en el \u00e1rea de tu elecci\u00f3n. Tambi\u00e9n tendr\u00e1s la oportunidad de adquirir experiencia laboral realizando pr\u00e1cticas profesionales como becario en empresas canadienses. <\/span><\/p>\n<p><span style=\"font-weight: 400;\">\u00bfBuscas trabajar mientras estudias?<\/span><\/p>\n<p><span style=\"font-weight: 400;\">Conoce las opciones que te otorgan un permiso para trabajar legalmente durante el curso de tus estudios. <\/span><\/p>\n<p><strong>Descubre las opciones de programas disponibles <\/strong><br \/>\n<\/p>\n<p><\/p>\n<p><br \/>\n<\/p>\n<p><br \/>\n<\/p>\n<p><\/p>\n<p><br \/>\n<span style=\"font-weight: 400;\"><strong>Duraci\u00f3n del curso:<\/strong> 50 (diurno) o 92 semanas (nocturno)<br \/>\n<\/span><span style=\"font-weight: 400;\"><strong>Disponibilidad:<\/strong>\u00a0Vancouver<br \/>\n<\/span><strong>Colegiatura:<br \/>\n<\/strong><span style=\"font-weight: 400;\">Diurno: CAD$ 7,962<br \/>\nNocturno: CAD$ 10,400<br \/>\n<\/span><br \/>\n<\/p>\n<p><\/p>\n<p><\/p>\n<p><\/p>\n<p><br \/>\n<span style=\"font-weight: 400;\">Diploma in International Business Management<br \/>\n<\/span><span style=\"font-weight: 400;\"><strong>Duraci\u00f3n del curso:<\/strong> \u00a050 (diurno) o 92 semanas (nocturno)<br \/>\n<\/span><span style=\"font-weight: 400;\"><strong>Disponibilidad:<\/strong> Vancouver (diurno y nocturno)\/ Toronto (diurno)<br \/>\n<strong>Colegiatura:<\/strong><br \/>\nDiurno: CAD$ 8,792<br \/>\nNocturno: CAD$ 10,710<br \/>\n<\/span><br \/>\n<\/p>\n<p><\/p>\n<p><br \/>\n<\/p>\n<p><br \/>\n<\/p>\n<p><\/p>\n<p><br \/>\n<span style=\"font-weight: 400;\"><strong>Duraci\u00f3n total:<\/strong> 26 semanas<br \/>\n<\/span><span style=\"font-weight: 400;\"><strong>Disponibilidad:<\/strong> Toronto<br \/>\n<strong>Colegiatura:<\/strong>\u00a0CAD$ 4,620<br \/>\n<\/span><br \/>\n<\/p>\n<p><\/p>\n<p><\/p>\n<p><\/p>\n<p><\/p>\n<p><br \/>\n<span style=\"font-weight: 400;\"><strong>Duraci\u00f3n del curso:<\/strong>\u00a050 semanas<br \/>\n<\/span><span style=\"font-weight: 400;\"><strong>Disponibilidad:<\/strong> Vancouver<br \/>\n<strong>Colegiatura:\u00a0<\/strong>CAD$ 13,312<br \/>\n<\/span><br \/>\n<\/p>\n<p><\/p>\n<p><\/p>\n<p><br \/>\n<\/p>\n<p><br \/>\n<\/p>\n<p><\/p>\n<p><br \/>\n<span style=\"font-weight: 400;\"><strong>Duraci\u00f3n del curso:<\/strong>\u00a050 (diurno) \/ 92 semanas (nocturno)<br \/>\n<\/span><span style=\"font-weight: 400;\"><strong>Disponibilidade:<\/strong> Vancouver y Toronto<br \/>\n<strong>Colegiatura:<\/strong><br \/>\n<\/span><span style=\"font-weight: 400;\">Diurno: CAD$ 7,962<br \/>\nNocturno: CAD$ 10,400<\/span><span style=\"font-weight: 400;\"><br \/>\n<\/span><br \/>\n<\/p>\n<p><\/p>\n<p><\/p>\n<p><\/p>\n<p><\/p>\n<p><br \/>\n<span style=\"font-weight: 400;\"><strong>Duraci\u00f3n del curso:<\/strong>98 semanas<br \/>\n<\/span><span style=\"font-weight: 400;\"><strong>Disponibilidad:<\/strong> Vancouver y Toronto<br \/>\n<strong>Colegiatura:<\/strong>\u00a0CAD $15,652<br \/>\n<\/span><br \/>\n<\/p>\n<p><\/p>\n<p><\/p>\n<p><br \/>\n<\/p>\n<p><\/p>\n<p style=\"line-height: 1.5; font-size: 10px; color: #000000; font-family: trebuchet ms; text-align: center;\"><em>(*) El precio no incluye las tasas administrativas de 3RA.<\/em><\/p>\n<p><\/p>\n<p><\/p>\n<p><\/p>\n<p><br \/>\n<\/p>\n<p><br \/>\n<span style=\"font-weight: 400;\">Participa en talleres gratuitos impartidos por nuestros expertos en Recursos Humanos y aprende a adaptar tu Curriculum Vitae al estilo canadiense. <\/span><\/p>\n<p><span style=\"font-weight: 400;\">Tambi\u00e9n aprender\u00e1s los mejores consejos sobre c\u00f3mo conseguir tu primer empleo en Canad\u00e1, tips para entrevistas de empleo e informaci\u00f3n relevante sobre etiqueta corporativa del pa\u00eds. \u00a0<\/span><br \/>\n<\/p>\n<p><\/p>\n<p><br \/>\n<\/p>\n<p><br \/>\n<\/p>\n<p><br \/>\n<span style=\"font-weight: 400;\">T O R O N T O<\/span><br \/>\n<\/p>\n<p><br \/>\n<span style=\"font-weight: 400;\">Aproximadamente 6 millones <\/span><span style=\"font-weight: 400;\">de habitantes en regi\u00f3n metropolitana.<\/span><br \/>\n<\/p>\n<p><br \/>\n<span style=\"font-weight: 400;\">Cuatro estaciones bien definidas e inviernos intensos.<br \/>\n<\/span><span style=\"font-weight: 400;\">Temperatura promedio en verano: 21 C<br \/>\n<\/span><span style=\"font-weight: 400;\">Temperatura promedio en invierno: &#8211; 7 C<\/span><br \/>\n<\/p>\n<p><br \/>\n<span style=\"font-weight: 400;\">Ciudad m\u00e1s grande de Canad\u00e1 y centro financiero del pa\u00eds.\u00a0\u00a0<\/span><span style=\"font-weight: 400;\">Vida nocturna activa. \u00a1Toronto es la gran ciudad vibrante! <\/span><br \/>\n<\/p>\n<p><\/p>\n<p><br \/>\n<span style=\"font-weight: 400;\">V A N C O U V E R<\/span><br \/>\n<\/p>\n<p><br \/>\n<span style=\"font-weight: 400;\">Aproximadamente 2.5 millones <\/span><span style=\"font-weight: 400;\">de habitantes en regi\u00f3n metropolitana.<\/span><br \/>\n<\/p>\n<p><br \/>\n<span style=\"font-weight: 400;\">Cuatro estaciones bien definidas e inviernos ligeros.<br \/>\n<\/span><span style=\"font-weight: 400;\">Temperatura promedio en verano: 18 C<br \/>\n<\/span><span style=\"font-weight: 400;\">Temperatura promedio en invierno: 4 C <\/span><br \/>\n<\/p>\n<p><br \/>\n<span style=\"font-weight: 400;\">Ciudad rodeada por naturaleza donde sus habitantes llevan un estilo de vida muy activo. \u00a0<\/span><span style=\"font-weight: 400;\">\u00a1Vancouver es una ciudad con hermosos espacios al aire libre! <\/span><br \/>\n<\/p>\n<p><br \/>\n<\/p>\n<p><br \/>\n<\/p>\n<p><br \/>\n<span style=\"font-weight: 400;\">SERVICIOS COMPLEMENTARIOS<\/span><br \/>\n<\/p>\n<p><\/p>\n<p><br \/>\n<\/p>\n<p><br \/>\n<\/p>\n<p><br \/>\n<span style=\"font-weight: 400;\"><span style=\"font-weight: 400;\"><b>ALOJAMIENTO<br \/>\n<\/b><\/span><\/span><span style=\"font-weight: 400;\">Sum\u00e9rgete en la cultura canadiense viviendo en la casa de una familia anfitriona (homestay).\u00a0Aprender\u00e1s expresiones locales y tu acento sonar\u00e1 m\u00e1s aut\u00e9ntico.<\/span><br \/>\n<\/p>\n<p><\/p>\n<p><br \/>\n<b>TRASLADOS<br \/>\n<\/b><span style=\"font-weight: 400;\">Servicio de traslado del aeropuerto a tu alojamiento cuando te hospedas con una familia anfitriona (homestay).<\/span><br \/>\n<\/p>\n<p><\/p>\n<p><br \/>\n<b>SEGURO M\u00c9DICO<br \/>\n<\/b><span style=\"font-weight: 400;\">Ofrecemos a nuestros clientes uno de los seguros m\u00e9dicos m\u00e1s completos para estudiantes internacionales. <\/span><br \/>\n<\/p>\n<p><\/p>\n<p><br \/>\n<b>ENTRETENIMIENTO<br \/>\n<\/b><span style=\"font-weight: 400;\">Participa en las actividades organizadas por tu escuela exclusivamente para estudiantes como t\u00fa. \u00a1Conoce los principales destinos tur\u00edsticos de la regi\u00f3n junto con tus nuevos amigos!<\/span><br \/>\n<\/p>\n<p><br \/>\n<\/p>\n<p><\/p>\n<p><\/p>\n<p><\/p>\n<p><br \/>\nPreencha os dados abaixo que um consultor ir\u00e1 entrar em contato o mais r\u00e1pido poss\u00edvel.<br \/>\n<\/p>\n<p><br \/>\n<br \/>\n<\/p>\n<p><\/p>\n<p><\/p>\n","protected":false},"excerpt":{"rendered":"<p>3RA Intercambio ofrece una amplia variedad de cursos* 3RA Intercambio ofrece programas de estudio y trabajo en Canad\u00e1 dise\u00f1ados para perfeccionar tus conocimientos en el \u00e1rea de tu elecci\u00f3n. Tambi\u00e9n tendr\u00e1s la oportunidad de adquirir experiencia laboral realizando pr\u00e1cticas profesionales como becario en empresas canadienses. \u00bfBuscas trabajar mientras estudias? Conoce las opciones que te otorgan [&hellip;]<\/p>\n","protected":false},"author":2,"featured_media":260279,"parent":354781,"menu_order":0,"comment_status":"closed","ping_status":"closed","template":"","meta":{"footnotes":""},"class_list":["post-258822","page","type-page","status-publish","has-post-thumbnail","hentry","post-wrapper","thrv_wrapper"],"yoast_head":"<!-- This site is optimized with the Yoast SEO Premium plugin v20.0 (Yoast SEO v24.9) - https:\/\/yoast.com\/wordpress\/plugins\/seo\/ -->\n<title>Estudie y trabaje en Canad\u00e1<\/title>\n<meta name=\"description\" content=\"Tener una experiencia de trabajo en el exterior es esencial para una carrera de \u00e9xito. 3RA Intercambio ofrece diversos cursos de acuerdo con su necesidad\" \/>\n<meta name=\"robots\" content=\"index, follow, max-snippet:-1, max-image-preview:large, max-video-preview:-1\" \/>\n<link rel=\"canonical\" href=\"https:\/\/3raintercambio.com\/es\/lp\/estudie-y-trabaje-en-canada-2\/\" \/>\n<meta property=\"og:locale\" content=\"es_ES\" \/>\n<meta property=\"og:type\" content=\"article\" \/>\n<meta property=\"og:title\" content=\"ESTUDIA Y TRABAJA EN CANAD\u00c1\" \/>\n<meta property=\"og:description\" content=\"Tener una experiencia de trabajo en el exterior es esencial para una carrera de \u00e9xito. 3RA Intercambio ofrece diversos cursos de acuerdo con su necesidad\" \/>\n<meta property=\"og:url\" content=\"https:\/\/3raintercambio.com\/es\/lp\/estudie-y-trabaje-en-canada-2\/\" \/>\n<meta property=\"og:site_name\" content=\"Interc\u00e2mbio no Canad\u00e1 - 3RA Interc\u00e2mbio\" \/>\n<meta property=\"article:publisher\" content=\"https:\/\/www.facebook.com\/3ragroup\" \/>\n<meta property=\"article:modified_time\" content=\"2019-07-10T21:52:32+00:00\" \/>\n<meta property=\"og:image\" content=\"https:\/\/3raintercambio.com\/wp-content\/uploads\/2017\/12\/post_estudia.jpg\" \/>\n\t<meta property=\"og:image:width\" content=\"1200\" \/>\n\t<meta property=\"og:image:height\" content=\"628\" \/>\n\t<meta property=\"og:image:type\" content=\"image\/jpeg\" \/>\n<meta name=\"twitter:card\" content=\"summary_large_image\" \/>\n<meta name=\"twitter:site\" content=\"@3raintercambio\" \/>\n<meta name=\"twitter:label1\" content=\"Tiempo de lectura\" \/>\n\t<meta name=\"twitter:data1\" content=\"19 minutos\" \/>\n<script type=\"application\/ld+json\" class=\"yoast-schema-graph\">{\"@context\":\"https:\/\/schema.org\",\"@graph\":[{\"@type\":\"WebPage\",\"@id\":\"https:\/\/3raintercambio.com\/es\/lp\/estudie-y-trabaje-en-canada-2\/\",\"url\":\"https:\/\/3raintercambio.com\/es\/lp\/estudie-y-trabaje-en-canada-2\/\",\"name\":\"Estudie y trabaje en Canad\u00e1\",\"isPartOf\":{\"@id\":\"https:\/\/www.3raintercambio.com\/es\/#website\"},\"primaryImageOfPage\":{\"@id\":\"https:\/\/3raintercambio.com\/es\/lp\/estudie-y-trabaje-en-canada-2\/#primaryimage\"},\"image\":{\"@id\":\"https:\/\/3raintercambio.com\/es\/lp\/estudie-y-trabaje-en-canada-2\/#primaryimage\"},\"thumbnailUrl\":\"https:\/\/3raintercambio.com\/wp-content\/uploads\/2017\/12\/post_estudia.jpg\",\"datePublished\":\"2016-03-30T19:25:48+00:00\",\"dateModified\":\"2019-07-10T21:52:32+00:00\",\"description\":\"Tener una experiencia de trabajo en el exterior es esencial para una carrera de \u00e9xito. 3RA Intercambio ofrece diversos cursos de acuerdo con su necesidad\",\"breadcrumb\":{\"@id\":\"https:\/\/3raintercambio.com\/es\/lp\/estudie-y-trabaje-en-canada-2\/#breadcrumb\"},\"inLanguage\":\"es\",\"potentialAction\":[{\"@type\":\"ReadAction\",\"target\":[\"https:\/\/3raintercambio.com\/es\/lp\/estudie-y-trabaje-en-canada-2\/\"]}]},{\"@type\":\"ImageObject\",\"inLanguage\":\"es\",\"@id\":\"https:\/\/3raintercambio.com\/es\/lp\/estudie-y-trabaje-en-canada-2\/#primaryimage\",\"url\":\"https:\/\/3raintercambio.com\/wp-content\/uploads\/2017\/12\/post_estudia.jpg\",\"contentUrl\":\"https:\/\/3raintercambio.com\/wp-content\/uploads\/2017\/12\/post_estudia.jpg\",\"width\":\"1200\",\"height\":\"628\"},{\"@type\":\"BreadcrumbList\",\"@id\":\"https:\/\/3raintercambio.com\/es\/lp\/estudie-y-trabaje-en-canada-2\/#breadcrumb\",\"itemListElement\":[{\"@type\":\"ListItem\",\"position\":1,\"name\":\"Portada\",\"item\":\"https:\/\/www.3raintercambio.com\/es\/\"},{\"@type\":\"ListItem\",\"position\":2,\"name\":\"Landing Page\",\"item\":\"https:\/\/3raintercambio.com\/es\/lp\/\"},{\"@type\":\"ListItem\",\"position\":3,\"name\":\"ESTUDIA Y TRABAJA EN CANAD\u00c1\"}]},{\"@type\":\"WebSite\",\"@id\":\"https:\/\/www.3raintercambio.com\/es\/#website\",\"url\":\"https:\/\/www.3raintercambio.com\/es\/\",\"name\":\"Interc\u00e2mbio no Canad\u00e1 - 3RA Interc\u00e2mbio\",\"description\":\"Interc\u00e2mbio em Vancouver, Toronto, Calgary, Quebec\",\"publisher\":{\"@id\":\"https:\/\/www.3raintercambio.com\/es\/#organization\"},\"potentialAction\":[{\"@type\":\"SearchAction\",\"target\":{\"@type\":\"EntryPoint\",\"urlTemplate\":\"https:\/\/www.3raintercambio.com\/es\/?s={search_term_string}\"},\"query-input\":{\"@type\":\"PropertyValueSpecification\",\"valueRequired\":true,\"valueName\":\"search_term_string\"}}],\"inLanguage\":\"es\"},{\"@type\":\"Organization\",\"@id\":\"https:\/\/www.3raintercambio.com\/es\/#organization\",\"name\":\"3RA Educa\u00e7\u00e3o Superior no Canad\u00e1\",\"url\":\"https:\/\/www.3raintercambio.com\/es\/\",\"logo\":{\"@type\":\"ImageObject\",\"inLanguage\":\"es\",\"@id\":\"https:\/\/www.3raintercambio.com\/es\/#\/schema\/logo\/image\/\",\"url\":\"https:\/\/3raintercambio.com\/wp-content\/uploads\/2021\/06\/3RA-logo-oficial.png\",\"contentUrl\":\"https:\/\/3raintercambio.com\/wp-content\/uploads\/2021\/06\/3RA-logo-oficial.png\",\"width\":454,\"height\":150,\"caption\":\"3RA Educa\u00e7\u00e3o Superior no Canad\u00e1\"},\"image\":{\"@id\":\"https:\/\/www.3raintercambio.com\/es\/#\/schema\/logo\/image\/\"},\"sameAs\":[\"https:\/\/www.facebook.com\/3ragroup\",\"https:\/\/x.com\/3raintercambio\",\"https:\/\/www.instagram.com\/3raintercambio\",\"https:\/\/www.youtube.com\/3raintercambio\"]}]}<\/script>\n<!-- \/ Yoast SEO Premium plugin. -->","yoast_head_json":{"title":"Estudie y trabaje en Canad\u00e1","description":"Tener una experiencia de trabajo en el exterior es esencial para una carrera de \u00e9xito. 3RA Intercambio ofrece diversos cursos de acuerdo con su necesidad","robots":{"index":"index","follow":"follow","max-snippet":"max-snippet:-1","max-image-preview":"max-image-preview:large","max-video-preview":"max-video-preview:-1"},"canonical":"https:\/\/3raintercambio.com\/es\/lp\/estudie-y-trabaje-en-canada-2\/","og_locale":"es_ES","og_type":"article","og_title":"ESTUDIA Y TRABAJA EN CANAD\u00c1","og_description":"Tener una experiencia de trabajo en el exterior es esencial para una carrera de \u00e9xito. 3RA Intercambio ofrece diversos cursos de acuerdo con su necesidad","og_url":"https:\/\/3raintercambio.com\/es\/lp\/estudie-y-trabaje-en-canada-2\/","og_site_name":"Interc\u00e2mbio no Canad\u00e1 - 3RA Interc\u00e2mbio","article_publisher":"https:\/\/www.facebook.com\/3ragroup","article_modified_time":"2019-07-10T21:52:32+00:00","og_image":[{"width":1200,"height":628,"url":"https:\/\/3raintercambio.com\/wp-content\/uploads\/2017\/12\/post_estudia.jpg","type":"image\/jpeg"}],"twitter_card":"summary_large_image","twitter_site":"@3raintercambio","twitter_misc":{"Tiempo de lectura":"19 minutos"},"schema":{"@context":"https:\/\/schema.org","@graph":[{"@type":"WebPage","@id":"https:\/\/3raintercambio.com\/es\/lp\/estudie-y-trabaje-en-canada-2\/","url":"https:\/\/3raintercambio.com\/es\/lp\/estudie-y-trabaje-en-canada-2\/","name":"Estudie y trabaje en Canad\u00e1","isPartOf":{"@id":"https:\/\/www.3raintercambio.com\/es\/#website"},"primaryImageOfPage":{"@id":"https:\/\/3raintercambio.com\/es\/lp\/estudie-y-trabaje-en-canada-2\/#primaryimage"},"image":{"@id":"https:\/\/3raintercambio.com\/es\/lp\/estudie-y-trabaje-en-canada-2\/#primaryimage"},"thumbnailUrl":"https:\/\/3raintercambio.com\/wp-content\/uploads\/2017\/12\/post_estudia.jpg","datePublished":"2016-03-30T19:25:48+00:00","dateModified":"2019-07-10T21:52:32+00:00","description":"Tener una experiencia de trabajo en el exterior es esencial para una carrera de \u00e9xito. 3RA Intercambio ofrece diversos cursos de acuerdo con su necesidad","breadcrumb":{"@id":"https:\/\/3raintercambio.com\/es\/lp\/estudie-y-trabaje-en-canada-2\/#breadcrumb"},"inLanguage":"es","potentialAction":[{"@type":"ReadAction","target":["https:\/\/3raintercambio.com\/es\/lp\/estudie-y-trabaje-en-canada-2\/"]}]},{"@type":"ImageObject","inLanguage":"es","@id":"https:\/\/3raintercambio.com\/es\/lp\/estudie-y-trabaje-en-canada-2\/#primaryimage","url":"https:\/\/3raintercambio.com\/wp-content\/uploads\/2017\/12\/post_estudia.jpg","contentUrl":"https:\/\/3raintercambio.com\/wp-content\/uploads\/2017\/12\/post_estudia.jpg","width":"1200","height":"628"},{"@type":"BreadcrumbList","@id":"https:\/\/3raintercambio.com\/es\/lp\/estudie-y-trabaje-en-canada-2\/#breadcrumb","itemListElement":[{"@type":"ListItem","position":1,"name":"Portada","item":"https:\/\/www.3raintercambio.com\/es\/"},{"@type":"ListItem","position":2,"name":"Landing Page","item":"https:\/\/3raintercambio.com\/es\/lp\/"},{"@type":"ListItem","position":3,"name":"ESTUDIA Y TRABAJA EN CANAD\u00c1"}]},{"@type":"WebSite","@id":"https:\/\/www.3raintercambio.com\/es\/#website","url":"https:\/\/www.3raintercambio.com\/es\/","name":"Interc\u00e2mbio no Canad\u00e1 - 3RA Interc\u00e2mbio","description":"Interc\u00e2mbio em Vancouver, Toronto, Calgary, Quebec","publisher":{"@id":"https:\/\/www.3raintercambio.com\/es\/#organization"},"potentialAction":[{"@type":"SearchAction","target":{"@type":"EntryPoint","urlTemplate":"https:\/\/www.3raintercambio.com\/es\/?s={search_term_string}"},"query-input":{"@type":"PropertyValueSpecification","valueRequired":true,"valueName":"search_term_string"}}],"inLanguage":"es"},{"@type":"Organization","@id":"https:\/\/www.3raintercambio.com\/es\/#organization","name":"3RA Educa\u00e7\u00e3o Superior no Canad\u00e1","url":"https:\/\/www.3raintercambio.com\/es\/","logo":{"@type":"ImageObject","inLanguage":"es","@id":"https:\/\/www.3raintercambio.com\/es\/#\/schema\/logo\/image\/","url":"https:\/\/3raintercambio.com\/wp-content\/uploads\/2021\/06\/3RA-logo-oficial.png","contentUrl":"https:\/\/3raintercambio.com\/wp-content\/uploads\/2021\/06\/3RA-logo-oficial.png","width":454,"height":150,"caption":"3RA Educa\u00e7\u00e3o Superior no Canad\u00e1"},"image":{"@id":"https:\/\/www.3raintercambio.com\/es\/#\/schema\/logo\/image\/"},"sameAs":["https:\/\/www.facebook.com\/3ragroup","https:\/\/x.com\/3raintercambio","https:\/\/www.instagram.com\/3raintercambio","https:\/\/www.youtube.com\/3raintercambio"]}]}},"_links":{"self":[{"href":"https:\/\/3raintercambio.com\/es\/wp-json\/wp\/v2\/pages\/258822","targetHints":{"allow":["GET"]}}],"collection":[{"href":"https:\/\/3raintercambio.com\/es\/wp-json\/wp\/v2\/pages"}],"about":[{"href":"https:\/\/3raintercambio.com\/es\/wp-json\/wp\/v2\/types\/page"}],"author":[{"embeddable":true,"href":"https:\/\/3raintercambio.com\/es\/wp-json\/wp\/v2\/users\/2"}],"replies":[{"embeddable":true,"href":"https:\/\/3raintercambio.com\/es\/wp-json\/wp\/v2\/comments?post=258822"}],"version-history":[{"count":0,"href":"https:\/\/3raintercambio.com\/es\/wp-json\/wp\/v2\/pages\/258822\/revisions"}],"up":[{"embeddable":true,"href":"https:\/\/3raintercambio.com\/es\/wp-json\/wp\/v2\/pages\/354781"}],"wp:featuredmedia":[{"embeddable":true,"href":"https:\/\/3raintercambio.com\/es\/wp-json\/wp\/v2\/media\/260279"}],"wp:attachment":[{"href":"https:\/\/3raintercambio.com\/es\/wp-json\/wp\/v2\/media?parent=258822"}],"curies":[{"name":"wp","href":"https:\/\/api.w.org\/{rel}","templated":true}]}}