{"id":244851,"date":"2017-07-24T13:18:40","date_gmt":"2017-07-24T20:18:40","guid":{"rendered":"https:\/\/3raintercambio.com\/?page_id=244851\/"},"modified":"2018-01-04T16:02:18","modified_gmt":"2018-01-05T00:02:18","slug":"puesto-de-trabajo-consultor-educacional-vancouver","status":"publish","type":"page","link":"https:\/\/3raintercambio.com\/es\/puesto-de-trabajo-consultor-educacional-vancouver\/","title":{"rendered":"Puesto de trabajo: Consultor Educacional &#8211; Vancouver"},"content":{"rendered":"<p><\/p>\n<p><\/p>\n<p><\/p>\n<p><br \/>\n<strong>P<\/strong><b>erfil del Candidato:<\/b><\/p>\n<ul>\n<li style=\"font-weight: 400;\"><span style=\"font-weight: 400;\">Amable y paciente<\/span><\/li>\n<li style=\"font-weight: 400;\"><span style=\"font-weight: 400;\">Capacidad de Multitask<\/span><\/li>\n<li style=\"font-weight: 400;\"><span style=\"font-weight: 400;\">Voluntad de aprender <\/span><\/li>\n<li style=\"font-weight: 400;\"><span style=\"font-weight: 400;\">Fuerte orientaci\u00f3n para el cliente<\/span><\/li>\n<li style=\"font-weight: 400;\"><span style=\"font-weight: 400;\">Capacidad de organizaci\u00f3n y atenci\u00f3n a los detalles<\/span><\/li>\n<li style=\"font-weight: 400;\"><span style=\"font-weight: 400;\">Hablar y escribir Espa\u00f1ol bien <\/span><\/li>\n<li style=\"font-weight: 400;\"><span style=\"font-weight: 400;\">Poseer Ingl\u00e9s avanzado<\/span><\/li>\n<\/ul>\n<p><strong>\u00a0<\/strong><\/p>\n<p><b>Datos de la vacante <\/b><\/p>\n<ul>\n<li style=\"font-weight: 400;\"><span style=\"font-weight: 400;\">Atenci\u00f3n al cliente<\/span><\/li>\n<li style=\"font-weight: 400;\"><span style=\"font-weight: 400;\">Venta de productos de intercambio <\/span><\/li>\n<li style=\"font-weight: 400;\"><span style=\"font-weight: 400;\">Control de tarjeta de cr\u00e9dito de los clientes <\/span><\/li>\n<li style=\"font-weight: 400;\"><span style=\"font-weight: 400;\">Soporte completo pos-ventas <\/span><\/li>\n<li style=\"font-weight: 400;\"><span style=\"font-weight: 400;\">Trabajo part-time<\/span><\/li>\n<li style=\"font-weight: 400;\"><span style=\"font-weight: 400;\">S\u00f3lo ser\u00e1n consideradas aplicaciones de queines tengan permiso para trabajar part-time en Canad\u00e1<\/span><\/li>\n<\/ul>\n<p><span style=\"font-weight: 400;\">SOLO ACEPTAREMOS APLICACIONES DE CANDIDATOS CON DISPONIBILIDAD DE INICIAR DE INMEDIATO.<\/span><br \/>\n<\/p>\n<p><\/p>\n<p><\/p>\n<p><br \/>\n<br \/>\n<\/p>\n<p><\/p>\n","protected":false},"excerpt":{"rendered":"<p>Perfil del Candidato: Amable y paciente Capacidad de Multitask Voluntad de aprender Fuerte orientaci\u00f3n para el cliente Capacidad de organizaci\u00f3n y atenci\u00f3n a los detalles Hablar y escribir Espa\u00f1ol bien Poseer Ingl\u00e9s avanzado \u00a0 Datos de la vacante Atenci\u00f3n al cliente Venta de productos de intercambio Control de tarjeta de cr\u00e9dito de los clientes Soporte [&hellip;]<\/p>\n","protected":false},"author":41,"featured_media":247774,"parent":0,"menu_order":0,"comment_status":"open","ping_status":"open","template":"","meta":{"footnotes":""},"class_list":["post-244851","page","type-page","status-publish","has-post-thumbnail","hentry","post-wrapper","thrv_wrapper"],"yoast_head":"<!-- This site is optimized with the Yoast SEO Premium plugin v20.0 (Yoast SEO v24.9) - https:\/\/yoast.com\/wordpress\/plugins\/seo\/ -->\n<title>Puesto de trabajo: Consultor Educacional - Vancouver<\/title>\n<meta name=\"description\" content=\"Si eres paciente, multitask, tienes dominio de ingl\u00e9s y espa\u00f1ol y mucha voluntad de aprender, ese puesto puede ser suyo. Sea un consultor educacional!\" \/>\n<meta name=\"robots\" content=\"index, follow, max-snippet:-1, max-image-preview:large, max-video-preview:-1\" \/>\n<link rel=\"canonical\" href=\"https:\/\/3raintercambio.com\/es\/puesto-de-trabajo-consultor-educacional-vancouver\/\" \/>\n<meta property=\"og:locale\" content=\"es_ES\" \/>\n<meta property=\"og:type\" content=\"article\" \/>\n<meta property=\"og:title\" content=\"Puesto de trabajo: Consultor Educacional - Vancouver\" \/>\n<meta property=\"og:description\" content=\"Si eres paciente, multitask, tienes dominio de ingl\u00e9s y espa\u00f1ol y mucha voluntad de aprender, ese puesto puede ser suyo. Sea un consultor educacional!\" \/>\n<meta property=\"og:url\" content=\"https:\/\/3raintercambio.com\/es\/puesto-de-trabajo-consultor-educacional-vancouver\/\" \/>\n<meta property=\"og:site_name\" content=\"Interc\u00e2mbio no Canad\u00e1 - 3RA Interc\u00e2mbio\" \/>\n<meta property=\"article:publisher\" content=\"https:\/\/www.facebook.com\/3ragroup\" \/>\n<meta property=\"article:modified_time\" content=\"2018-01-05T00:02:18+00:00\" \/>\n<meta property=\"og:image\" content=\"https:\/\/3raintercambio.com\/wp-content\/uploads\/2017\/07\/Trabalhe3RA_spanish.jpg\" \/>\n\t<meta property=\"og:image:width\" content=\"1200\" \/>\n\t<meta property=\"og:image:height\" content=\"628\" \/>\n\t<meta property=\"og:image:type\" content=\"image\/jpeg\" \/>\n<meta name=\"twitter:card\" content=\"summary_large_image\" \/>\n<meta name=\"twitter:site\" content=\"@3raintercambio\" \/>\n<meta name=\"twitter:label1\" content=\"Tiempo de lectura\" \/>\n\t<meta name=\"twitter:data1\" content=\"2 minutos\" \/>\n<script type=\"application\/ld+json\" class=\"yoast-schema-graph\">{\"@context\":\"https:\/\/schema.org\",\"@graph\":[{\"@type\":\"WebPage\",\"@id\":\"https:\/\/3raintercambio.com\/es\/puesto-de-trabajo-consultor-educacional-vancouver\/\",\"url\":\"https:\/\/3raintercambio.com\/es\/puesto-de-trabajo-consultor-educacional-vancouver\/\",\"name\":\"Puesto de trabajo: Consultor Educacional - Vancouver\",\"isPartOf\":{\"@id\":\"https:\/\/www.3raintercambio.com\/es\/#website\"},\"primaryImageOfPage\":{\"@id\":\"https:\/\/3raintercambio.com\/es\/puesto-de-trabajo-consultor-educacional-vancouver\/#primaryimage\"},\"image\":{\"@id\":\"https:\/\/3raintercambio.com\/es\/puesto-de-trabajo-consultor-educacional-vancouver\/#primaryimage\"},\"thumbnailUrl\":\"https:\/\/3raintercambio.com\/wp-content\/uploads\/2017\/07\/Trabalhe3RA_spanish.jpg\",\"datePublished\":\"2017-07-24T20:18:40+00:00\",\"dateModified\":\"2018-01-05T00:02:18+00:00\",\"description\":\"Si eres paciente, multitask, tienes dominio de ingl\u00e9s y espa\u00f1ol y mucha voluntad de aprender, ese puesto puede ser suyo. Sea un consultor educacional!\",\"breadcrumb\":{\"@id\":\"https:\/\/3raintercambio.com\/es\/puesto-de-trabajo-consultor-educacional-vancouver\/#breadcrumb\"},\"inLanguage\":\"es\",\"potentialAction\":[{\"@type\":\"ReadAction\",\"target\":[\"https:\/\/3raintercambio.com\/es\/puesto-de-trabajo-consultor-educacional-vancouver\/\"]}]},{\"@type\":\"ImageObject\",\"inLanguage\":\"es\",\"@id\":\"https:\/\/3raintercambio.com\/es\/puesto-de-trabajo-consultor-educacional-vancouver\/#primaryimage\",\"url\":\"https:\/\/3raintercambio.com\/wp-content\/uploads\/2017\/07\/Trabalhe3RA_spanish.jpg\",\"contentUrl\":\"https:\/\/3raintercambio.com\/wp-content\/uploads\/2017\/07\/Trabalhe3RA_spanish.jpg\",\"width\":\"1200\",\"height\":\"628\"},{\"@type\":\"BreadcrumbList\",\"@id\":\"https:\/\/3raintercambio.com\/es\/puesto-de-trabajo-consultor-educacional-vancouver\/#breadcrumb\",\"itemListElement\":[{\"@type\":\"ListItem\",\"position\":1,\"name\":\"Portada\",\"item\":\"https:\/\/www.3raintercambio.com\/es\/\"},{\"@type\":\"ListItem\",\"position\":2,\"name\":\"Puesto de trabajo: Consultor Educacional &#8211; Vancouver\"}]},{\"@type\":\"WebSite\",\"@id\":\"https:\/\/www.3raintercambio.com\/es\/#website\",\"url\":\"https:\/\/www.3raintercambio.com\/es\/\",\"name\":\"Interc\u00e2mbio no Canad\u00e1 - 3RA Interc\u00e2mbio\",\"description\":\"Interc\u00e2mbio em Vancouver, Toronto, Calgary, Quebec\",\"publisher\":{\"@id\":\"https:\/\/www.3raintercambio.com\/es\/#organization\"},\"potentialAction\":[{\"@type\":\"SearchAction\",\"target\":{\"@type\":\"EntryPoint\",\"urlTemplate\":\"https:\/\/www.3raintercambio.com\/es\/?s={search_term_string}\"},\"query-input\":{\"@type\":\"PropertyValueSpecification\",\"valueRequired\":true,\"valueName\":\"search_term_string\"}}],\"inLanguage\":\"es\"},{\"@type\":\"Organization\",\"@id\":\"https:\/\/www.3raintercambio.com\/es\/#organization\",\"name\":\"3RA Educa\u00e7\u00e3o Superior no Canad\u00e1\",\"url\":\"https:\/\/www.3raintercambio.com\/es\/\",\"logo\":{\"@type\":\"ImageObject\",\"inLanguage\":\"es\",\"@id\":\"https:\/\/www.3raintercambio.com\/es\/#\/schema\/logo\/image\/\",\"url\":\"https:\/\/3raintercambio.com\/wp-content\/uploads\/2021\/06\/3RA-logo-oficial.png\",\"contentUrl\":\"https:\/\/3raintercambio.com\/wp-content\/uploads\/2021\/06\/3RA-logo-oficial.png\",\"width\":454,\"height\":150,\"caption\":\"3RA Educa\u00e7\u00e3o Superior no Canad\u00e1\"},\"image\":{\"@id\":\"https:\/\/www.3raintercambio.com\/es\/#\/schema\/logo\/image\/\"},\"sameAs\":[\"https:\/\/www.facebook.com\/3ragroup\",\"https:\/\/x.com\/3raintercambio\",\"https:\/\/www.instagram.com\/3raintercambio\",\"https:\/\/www.youtube.com\/3raintercambio\"]}]}<\/script>\n<!-- \/ Yoast SEO Premium plugin. -->","yoast_head_json":{"title":"Puesto de trabajo: Consultor Educacional - Vancouver","description":"Si eres paciente, multitask, tienes dominio de ingl\u00e9s y espa\u00f1ol y mucha voluntad de aprender, ese puesto puede ser suyo. Sea un consultor educacional!","robots":{"index":"index","follow":"follow","max-snippet":"max-snippet:-1","max-image-preview":"max-image-preview:large","max-video-preview":"max-video-preview:-1"},"canonical":"https:\/\/3raintercambio.com\/es\/puesto-de-trabajo-consultor-educacional-vancouver\/","og_locale":"es_ES","og_type":"article","og_title":"Puesto de trabajo: Consultor Educacional - Vancouver","og_description":"Si eres paciente, multitask, tienes dominio de ingl\u00e9s y espa\u00f1ol y mucha voluntad de aprender, ese puesto puede ser suyo. Sea un consultor educacional!","og_url":"https:\/\/3raintercambio.com\/es\/puesto-de-trabajo-consultor-educacional-vancouver\/","og_site_name":"Interc\u00e2mbio no Canad\u00e1 - 3RA Interc\u00e2mbio","article_publisher":"https:\/\/www.facebook.com\/3ragroup","article_modified_time":"2018-01-05T00:02:18+00:00","og_image":[{"width":1200,"height":628,"url":"https:\/\/3raintercambio.com\/wp-content\/uploads\/2017\/07\/Trabalhe3RA_spanish.jpg","type":"image\/jpeg"}],"twitter_card":"summary_large_image","twitter_site":"@3raintercambio","twitter_misc":{"Tiempo de lectura":"2 minutos"},"schema":{"@context":"https:\/\/schema.org","@graph":[{"@type":"WebPage","@id":"https:\/\/3raintercambio.com\/es\/puesto-de-trabajo-consultor-educacional-vancouver\/","url":"https:\/\/3raintercambio.com\/es\/puesto-de-trabajo-consultor-educacional-vancouver\/","name":"Puesto de trabajo: Consultor Educacional - Vancouver","isPartOf":{"@id":"https:\/\/www.3raintercambio.com\/es\/#website"},"primaryImageOfPage":{"@id":"https:\/\/3raintercambio.com\/es\/puesto-de-trabajo-consultor-educacional-vancouver\/#primaryimage"},"image":{"@id":"https:\/\/3raintercambio.com\/es\/puesto-de-trabajo-consultor-educacional-vancouver\/#primaryimage"},"thumbnailUrl":"https:\/\/3raintercambio.com\/wp-content\/uploads\/2017\/07\/Trabalhe3RA_spanish.jpg","datePublished":"2017-07-24T20:18:40+00:00","dateModified":"2018-01-05T00:02:18+00:00","description":"Si eres paciente, multitask, tienes dominio de ingl\u00e9s y espa\u00f1ol y mucha voluntad de aprender, ese puesto puede ser suyo. Sea un consultor educacional!","breadcrumb":{"@id":"https:\/\/3raintercambio.com\/es\/puesto-de-trabajo-consultor-educacional-vancouver\/#breadcrumb"},"inLanguage":"es","potentialAction":[{"@type":"ReadAction","target":["https:\/\/3raintercambio.com\/es\/puesto-de-trabajo-consultor-educacional-vancouver\/"]}]},{"@type":"ImageObject","inLanguage":"es","@id":"https:\/\/3raintercambio.com\/es\/puesto-de-trabajo-consultor-educacional-vancouver\/#primaryimage","url":"https:\/\/3raintercambio.com\/wp-content\/uploads\/2017\/07\/Trabalhe3RA_spanish.jpg","contentUrl":"https:\/\/3raintercambio.com\/wp-content\/uploads\/2017\/07\/Trabalhe3RA_spanish.jpg","width":"1200","height":"628"},{"@type":"BreadcrumbList","@id":"https:\/\/3raintercambio.com\/es\/puesto-de-trabajo-consultor-educacional-vancouver\/#breadcrumb","itemListElement":[{"@type":"ListItem","position":1,"name":"Portada","item":"https:\/\/www.3raintercambio.com\/es\/"},{"@type":"ListItem","position":2,"name":"Puesto de trabajo: Consultor Educacional &#8211; Vancouver"}]},{"@type":"WebSite","@id":"https:\/\/www.3raintercambio.com\/es\/#website","url":"https:\/\/www.3raintercambio.com\/es\/","name":"Interc\u00e2mbio no Canad\u00e1 - 3RA Interc\u00e2mbio","description":"Interc\u00e2mbio em Vancouver, Toronto, Calgary, Quebec","publisher":{"@id":"https:\/\/www.3raintercambio.com\/es\/#organization"},"potentialAction":[{"@type":"SearchAction","target":{"@type":"EntryPoint","urlTemplate":"https:\/\/www.3raintercambio.com\/es\/?s={search_term_string}"},"query-input":{"@type":"PropertyValueSpecification","valueRequired":true,"valueName":"search_term_string"}}],"inLanguage":"es"},{"@type":"Organization","@id":"https:\/\/www.3raintercambio.com\/es\/#organization","name":"3RA Educa\u00e7\u00e3o Superior no Canad\u00e1","url":"https:\/\/www.3raintercambio.com\/es\/","logo":{"@type":"ImageObject","inLanguage":"es","@id":"https:\/\/www.3raintercambio.com\/es\/#\/schema\/logo\/image\/","url":"https:\/\/3raintercambio.com\/wp-content\/uploads\/2021\/06\/3RA-logo-oficial.png","contentUrl":"https:\/\/3raintercambio.com\/wp-content\/uploads\/2021\/06\/3RA-logo-oficial.png","width":454,"height":150,"caption":"3RA Educa\u00e7\u00e3o Superior no Canad\u00e1"},"image":{"@id":"https:\/\/www.3raintercambio.com\/es\/#\/schema\/logo\/image\/"},"sameAs":["https:\/\/www.facebook.com\/3ragroup","https:\/\/x.com\/3raintercambio","https:\/\/www.instagram.com\/3raintercambio","https:\/\/www.youtube.com\/3raintercambio"]}]}},"_links":{"self":[{"href":"https:\/\/3raintercambio.com\/es\/wp-json\/wp\/v2\/pages\/244851","targetHints":{"allow":["GET"]}}],"collection":[{"href":"https:\/\/3raintercambio.com\/es\/wp-json\/wp\/v2\/pages"}],"about":[{"href":"https:\/\/3raintercambio.com\/es\/wp-json\/wp\/v2\/types\/page"}],"author":[{"embeddable":true,"href":"https:\/\/3raintercambio.com\/es\/wp-json\/wp\/v2\/users\/41"}],"replies":[{"embeddable":true,"href":"https:\/\/3raintercambio.com\/es\/wp-json\/wp\/v2\/comments?post=244851"}],"version-history":[{"count":0,"href":"https:\/\/3raintercambio.com\/es\/wp-json\/wp\/v2\/pages\/244851\/revisions"}],"wp:featuredmedia":[{"embeddable":true,"href":"https:\/\/3raintercambio.com\/es\/wp-json\/wp\/v2\/media\/247774"}],"wp:attachment":[{"href":"https:\/\/3raintercambio.com\/es\/wp-json\/wp\/v2\/media?parent=244851"}],"curies":[{"name":"wp","href":"https:\/\/api.w.org\/{rel}","templated":true}]}}