{"id":240381,"date":"2017-05-18T12:46:01","date_gmt":"2017-05-18T19:46:01","guid":{"rendered":"https:\/\/3raintercambio.com\/?page_id=240381\/"},"modified":"2017-05-18T13:24:18","modified_gmt":"2017-05-18T20:24:18","slug":"como-tener-exito-en-un-college-canadiense","status":"publish","type":"page","link":"https:\/\/3raintercambio.com\/es\/como-tener-exito-en-un-college-canadiense\/","title":{"rendered":"Como tener \u00e9xito en un College canadiense"},"content":{"rendered":"<p><br \/>\n<\/p>\n<p><\/p>\n<p><\/p>\n<p><\/p>\n<p><\/p>\n<p class=\"header_bcit\" style=\"text-align: center;\">Workshop presencial &#8211; Vancouver<\/p>\n<h1 class=\"header_bcit\" style=\"text-align: center;\"><b>Como se tener \u00e9xito en un College Canadiense<br \/>\n<\/b><\/h1>\n<p><em>Con el profeesor de BCIT, Jo\u00e3o Molinari<\/em><\/p>\n<p>Si est\u00e1s en Canad\u00e1 y vas a comenzar un College en el \u00a0pr\u00f3ximo semestre o est\u00e1s pensando en matricularse, no te pierdas el workshop gratuito que a 3RA Intercambio prepar\u00f3 para ti!<\/p>\n<p>En el d\u00eda 24 de Mayo, a las 5 PM, nuestro equipo recibe el profesor brasilero de BCIT, Jo\u00e3o Molinari, para un debate con los futuros estudiantes. Mira lo que vas a aprender:<\/p>\n<ul>\n<li>Din\u00e1mica de las aulas en un College canadiense;<\/li>\n<li>Consejos para ser exitoso sucedido en ex\u00e1menes y trabajos en grupo<\/li>\n<li>Manejo del tiempo<\/li>\n<li>Que esperar de los profesores<\/li>\n<li>Cultura de los colleges canadienses<\/li>\n<\/ul>\n<p>Quedaste interesado? Entonces no pierdas tiempo! Asegura tu cupo pronto!<\/p>\n<p>Llena el formulario abajo:<br \/>\n<\/p>\n<p><\/p>\n<p><\/p>\n<p><br \/>\n<\/p>\n<p><\/p>\n<p><\/p>\n<h2 class=\"palestra-head03\" style=\"text-align: center;\">Preencha o formul\u00e1rio abaixo e inscreva-se:<\/h2>\n<p><\/p>\n<p><\/p>\n<p><\/p>\n<p><br \/>\n<br \/>\n<\/p>\n<p><\/p>\n<p><\/p>\n","protected":false},"excerpt":{"rendered":"<p>Workshop presencial &#8211; Vancouver Como se tener \u00e9xito en un College Canadiense Con el profeesor de BCIT, Jo\u00e3o Molinari Si est\u00e1s en Canad\u00e1 y vas a comenzar un College en el \u00a0pr\u00f3ximo semestre o est\u00e1s pensando en matricularse, no te pierdas el workshop gratuito que a 3RA Intercambio prepar\u00f3 para ti! En el d\u00eda 24 [&hellip;]<\/p>\n","protected":false},"author":41,"featured_media":240394,"parent":0,"menu_order":0,"comment_status":"open","ping_status":"open","template":"template-blank.php","meta":{"footnotes":""},"class_list":["post-240381","page","type-page","status-publish","has-post-thumbnail","hentry","post-wrapper","thrv_wrapper"],"yoast_head":"<!-- This site is optimized with the Yoast SEO Premium plugin v20.0 (Yoast SEO v24.9) - https:\/\/yoast.com\/wordpress\/plugins\/seo\/ -->\n<title>Como tener \u00e9xito en un College canadiense | Interc\u00e2mbio no Canad\u00e1 - 3RA Interc\u00e2mbio<\/title>\n<meta name=\"description\" content=\"Workshop presencial - Vancouver Como se tener \u00e9xito en un College Canadiense Con el profeesor de BCIT, Jo\u00e3o Molinari Si est\u00e1s en Canad\u00e1 y vas a comenzar\" \/>\n<meta name=\"robots\" content=\"index, follow, max-snippet:-1, max-image-preview:large, max-video-preview:-1\" \/>\n<link rel=\"canonical\" href=\"https:\/\/3raintercambio.com\/es\/como-tener-exito-en-un-college-canadiense\/\" \/>\n<meta property=\"og:locale\" content=\"es_ES\" \/>\n<meta property=\"og:type\" content=\"article\" \/>\n<meta property=\"og:title\" content=\"Como tener \u00e9xito en un College canadiense\" \/>\n<meta property=\"og:description\" content=\"Workshop presencial - Vancouver Como se tener \u00e9xito en un College Canadiense Con el profeesor de BCIT, Jo\u00e3o Molinari Si est\u00e1s en Canad\u00e1 y vas a comenzar\" \/>\n<meta property=\"og:url\" content=\"https:\/\/3raintercambio.com\/es\/como-tener-exito-en-un-college-canadiense\/\" \/>\n<meta property=\"og:site_name\" content=\"Interc\u00e2mbio no Canad\u00e1 - 3RA Interc\u00e2mbio\" \/>\n<meta property=\"article:publisher\" content=\"https:\/\/www.facebook.com\/3ragroup\" \/>\n<meta property=\"article:modified_time\" content=\"2017-05-18T20:24:18+00:00\" \/>\n<meta property=\"og:image\" content=\"https:\/\/3raintercambio.com\/wp-content\/uploads\/2017\/05\/workshop-em-vancouver-1-1.jpg\" \/>\n\t<meta property=\"og:image:width\" content=\"2500\" \/>\n\t<meta property=\"og:image:height\" content=\"1051\" \/>\n\t<meta property=\"og:image:type\" content=\"image\/jpeg\" \/>\n<meta name=\"twitter:card\" content=\"summary_large_image\" \/>\n<meta name=\"twitter:site\" content=\"@3raintercambio\" \/>\n<meta name=\"twitter:label1\" content=\"Tiempo de lectura\" \/>\n\t<meta name=\"twitter:data1\" content=\"4 minutos\" \/>\n<script type=\"application\/ld+json\" class=\"yoast-schema-graph\">{\"@context\":\"https:\/\/schema.org\",\"@graph\":[{\"@type\":\"WebPage\",\"@id\":\"https:\/\/3raintercambio.com\/es\/como-tener-exito-en-un-college-canadiense\/\",\"url\":\"https:\/\/3raintercambio.com\/es\/como-tener-exito-en-un-college-canadiense\/\",\"name\":\"Como tener \u00e9xito en un College canadiense | Interc\u00e2mbio no Canad\u00e1 - 3RA Interc\u00e2mbio\",\"isPartOf\":{\"@id\":\"https:\/\/www.3raintercambio.com\/es\/#website\"},\"primaryImageOfPage\":{\"@id\":\"https:\/\/3raintercambio.com\/es\/como-tener-exito-en-un-college-canadiense\/#primaryimage\"},\"image\":{\"@id\":\"https:\/\/3raintercambio.com\/es\/como-tener-exito-en-un-college-canadiense\/#primaryimage\"},\"thumbnailUrl\":\"https:\/\/3raintercambio.com\/wp-content\/uploads\/2017\/05\/workshop-em-vancouver-1-1.jpg\",\"datePublished\":\"2017-05-18T19:46:01+00:00\",\"dateModified\":\"2017-05-18T20:24:18+00:00\",\"description\":\"Workshop presencial - Vancouver Como se tener \u00e9xito en un College Canadiense Con el profeesor de BCIT, Jo\u00e3o Molinari Si est\u00e1s en Canad\u00e1 y vas a comenzar\",\"breadcrumb\":{\"@id\":\"https:\/\/3raintercambio.com\/es\/como-tener-exito-en-un-college-canadiense\/#breadcrumb\"},\"inLanguage\":\"es\",\"potentialAction\":[{\"@type\":\"ReadAction\",\"target\":[\"https:\/\/3raintercambio.com\/es\/como-tener-exito-en-un-college-canadiense\/\"]}]},{\"@type\":\"ImageObject\",\"inLanguage\":\"es\",\"@id\":\"https:\/\/3raintercambio.com\/es\/como-tener-exito-en-un-college-canadiense\/#primaryimage\",\"url\":\"https:\/\/3raintercambio.com\/wp-content\/uploads\/2017\/05\/workshop-em-vancouver-1-1.jpg\",\"contentUrl\":\"https:\/\/3raintercambio.com\/wp-content\/uploads\/2017\/05\/workshop-em-vancouver-1-1.jpg\",\"width\":2500,\"height\":1051},{\"@type\":\"BreadcrumbList\",\"@id\":\"https:\/\/3raintercambio.com\/es\/como-tener-exito-en-un-college-canadiense\/#breadcrumb\",\"itemListElement\":[{\"@type\":\"ListItem\",\"position\":1,\"name\":\"Portada\",\"item\":\"https:\/\/www.3raintercambio.com\/es\/\"},{\"@type\":\"ListItem\",\"position\":2,\"name\":\"Como tener \u00e9xito en un College canadiense\"}]},{\"@type\":\"WebSite\",\"@id\":\"https:\/\/www.3raintercambio.com\/es\/#website\",\"url\":\"https:\/\/www.3raintercambio.com\/es\/\",\"name\":\"Interc\u00e2mbio no Canad\u00e1 - 3RA Interc\u00e2mbio\",\"description\":\"Interc\u00e2mbio em Vancouver, Toronto, Calgary, Quebec\",\"publisher\":{\"@id\":\"https:\/\/www.3raintercambio.com\/es\/#organization\"},\"potentialAction\":[{\"@type\":\"SearchAction\",\"target\":{\"@type\":\"EntryPoint\",\"urlTemplate\":\"https:\/\/www.3raintercambio.com\/es\/?s={search_term_string}\"},\"query-input\":{\"@type\":\"PropertyValueSpecification\",\"valueRequired\":true,\"valueName\":\"search_term_string\"}}],\"inLanguage\":\"es\"},{\"@type\":\"Organization\",\"@id\":\"https:\/\/www.3raintercambio.com\/es\/#organization\",\"name\":\"3RA Educa\u00e7\u00e3o Superior no Canad\u00e1\",\"url\":\"https:\/\/www.3raintercambio.com\/es\/\",\"logo\":{\"@type\":\"ImageObject\",\"inLanguage\":\"es\",\"@id\":\"https:\/\/www.3raintercambio.com\/es\/#\/schema\/logo\/image\/\",\"url\":\"https:\/\/3raintercambio.com\/wp-content\/uploads\/2021\/06\/3RA-logo-oficial.png\",\"contentUrl\":\"https:\/\/3raintercambio.com\/wp-content\/uploads\/2021\/06\/3RA-logo-oficial.png\",\"width\":454,\"height\":150,\"caption\":\"3RA Educa\u00e7\u00e3o Superior no Canad\u00e1\"},\"image\":{\"@id\":\"https:\/\/www.3raintercambio.com\/es\/#\/schema\/logo\/image\/\"},\"sameAs\":[\"https:\/\/www.facebook.com\/3ragroup\",\"https:\/\/x.com\/3raintercambio\",\"https:\/\/www.instagram.com\/3raintercambio\",\"https:\/\/www.youtube.com\/3raintercambio\"]}]}<\/script>\n<!-- \/ Yoast SEO Premium plugin. -->","yoast_head_json":{"title":"Como tener \u00e9xito en un College canadiense | Interc\u00e2mbio no Canad\u00e1 - 3RA Interc\u00e2mbio","description":"Workshop presencial - Vancouver Como se tener \u00e9xito en un College Canadiense Con el profeesor de BCIT, Jo\u00e3o Molinari Si est\u00e1s en Canad\u00e1 y vas a comenzar","robots":{"index":"index","follow":"follow","max-snippet":"max-snippet:-1","max-image-preview":"max-image-preview:large","max-video-preview":"max-video-preview:-1"},"canonical":"https:\/\/3raintercambio.com\/es\/como-tener-exito-en-un-college-canadiense\/","og_locale":"es_ES","og_type":"article","og_title":"Como tener \u00e9xito en un College canadiense","og_description":"Workshop presencial - Vancouver Como se tener \u00e9xito en un College Canadiense Con el profeesor de BCIT, Jo\u00e3o Molinari Si est\u00e1s en Canad\u00e1 y vas a comenzar","og_url":"https:\/\/3raintercambio.com\/es\/como-tener-exito-en-un-college-canadiense\/","og_site_name":"Interc\u00e2mbio no Canad\u00e1 - 3RA Interc\u00e2mbio","article_publisher":"https:\/\/www.facebook.com\/3ragroup","article_modified_time":"2017-05-18T20:24:18+00:00","og_image":[{"width":2500,"height":1051,"url":"https:\/\/3raintercambio.com\/wp-content\/uploads\/2017\/05\/workshop-em-vancouver-1-1.jpg","type":"image\/jpeg"}],"twitter_card":"summary_large_image","twitter_site":"@3raintercambio","twitter_misc":{"Tiempo de lectura":"4 minutos"},"schema":{"@context":"https:\/\/schema.org","@graph":[{"@type":"WebPage","@id":"https:\/\/3raintercambio.com\/es\/como-tener-exito-en-un-college-canadiense\/","url":"https:\/\/3raintercambio.com\/es\/como-tener-exito-en-un-college-canadiense\/","name":"Como tener \u00e9xito en un College canadiense | Interc\u00e2mbio no Canad\u00e1 - 3RA Interc\u00e2mbio","isPartOf":{"@id":"https:\/\/www.3raintercambio.com\/es\/#website"},"primaryImageOfPage":{"@id":"https:\/\/3raintercambio.com\/es\/como-tener-exito-en-un-college-canadiense\/#primaryimage"},"image":{"@id":"https:\/\/3raintercambio.com\/es\/como-tener-exito-en-un-college-canadiense\/#primaryimage"},"thumbnailUrl":"https:\/\/3raintercambio.com\/wp-content\/uploads\/2017\/05\/workshop-em-vancouver-1-1.jpg","datePublished":"2017-05-18T19:46:01+00:00","dateModified":"2017-05-18T20:24:18+00:00","description":"Workshop presencial - Vancouver Como se tener \u00e9xito en un College Canadiense Con el profeesor de BCIT, Jo\u00e3o Molinari Si est\u00e1s en Canad\u00e1 y vas a comenzar","breadcrumb":{"@id":"https:\/\/3raintercambio.com\/es\/como-tener-exito-en-un-college-canadiense\/#breadcrumb"},"inLanguage":"es","potentialAction":[{"@type":"ReadAction","target":["https:\/\/3raintercambio.com\/es\/como-tener-exito-en-un-college-canadiense\/"]}]},{"@type":"ImageObject","inLanguage":"es","@id":"https:\/\/3raintercambio.com\/es\/como-tener-exito-en-un-college-canadiense\/#primaryimage","url":"https:\/\/3raintercambio.com\/wp-content\/uploads\/2017\/05\/workshop-em-vancouver-1-1.jpg","contentUrl":"https:\/\/3raintercambio.com\/wp-content\/uploads\/2017\/05\/workshop-em-vancouver-1-1.jpg","width":2500,"height":1051},{"@type":"BreadcrumbList","@id":"https:\/\/3raintercambio.com\/es\/como-tener-exito-en-un-college-canadiense\/#breadcrumb","itemListElement":[{"@type":"ListItem","position":1,"name":"Portada","item":"https:\/\/www.3raintercambio.com\/es\/"},{"@type":"ListItem","position":2,"name":"Como tener \u00e9xito en un College canadiense"}]},{"@type":"WebSite","@id":"https:\/\/www.3raintercambio.com\/es\/#website","url":"https:\/\/www.3raintercambio.com\/es\/","name":"Interc\u00e2mbio no Canad\u00e1 - 3RA Interc\u00e2mbio","description":"Interc\u00e2mbio em Vancouver, Toronto, Calgary, Quebec","publisher":{"@id":"https:\/\/www.3raintercambio.com\/es\/#organization"},"potentialAction":[{"@type":"SearchAction","target":{"@type":"EntryPoint","urlTemplate":"https:\/\/www.3raintercambio.com\/es\/?s={search_term_string}"},"query-input":{"@type":"PropertyValueSpecification","valueRequired":true,"valueName":"search_term_string"}}],"inLanguage":"es"},{"@type":"Organization","@id":"https:\/\/www.3raintercambio.com\/es\/#organization","name":"3RA Educa\u00e7\u00e3o Superior no Canad\u00e1","url":"https:\/\/www.3raintercambio.com\/es\/","logo":{"@type":"ImageObject","inLanguage":"es","@id":"https:\/\/www.3raintercambio.com\/es\/#\/schema\/logo\/image\/","url":"https:\/\/3raintercambio.com\/wp-content\/uploads\/2021\/06\/3RA-logo-oficial.png","contentUrl":"https:\/\/3raintercambio.com\/wp-content\/uploads\/2021\/06\/3RA-logo-oficial.png","width":454,"height":150,"caption":"3RA Educa\u00e7\u00e3o Superior no Canad\u00e1"},"image":{"@id":"https:\/\/www.3raintercambio.com\/es\/#\/schema\/logo\/image\/"},"sameAs":["https:\/\/www.facebook.com\/3ragroup","https:\/\/x.com\/3raintercambio","https:\/\/www.instagram.com\/3raintercambio","https:\/\/www.youtube.com\/3raintercambio"]}]}},"_links":{"self":[{"href":"https:\/\/3raintercambio.com\/es\/wp-json\/wp\/v2\/pages\/240381","targetHints":{"allow":["GET"]}}],"collection":[{"href":"https:\/\/3raintercambio.com\/es\/wp-json\/wp\/v2\/pages"}],"about":[{"href":"https:\/\/3raintercambio.com\/es\/wp-json\/wp\/v2\/types\/page"}],"author":[{"embeddable":true,"href":"https:\/\/3raintercambio.com\/es\/wp-json\/wp\/v2\/users\/41"}],"replies":[{"embeddable":true,"href":"https:\/\/3raintercambio.com\/es\/wp-json\/wp\/v2\/comments?post=240381"}],"version-history":[{"count":0,"href":"https:\/\/3raintercambio.com\/es\/wp-json\/wp\/v2\/pages\/240381\/revisions"}],"wp:featuredmedia":[{"embeddable":true,"href":"https:\/\/3raintercambio.com\/es\/wp-json\/wp\/v2\/media\/240394"}],"wp:attachment":[{"href":"https:\/\/3raintercambio.com\/es\/wp-json\/wp\/v2\/media?parent=240381"}],"curies":[{"name":"wp","href":"https:\/\/api.w.org\/{rel}","templated":true}]}}