{"id":114162,"date":"2017-04-20T12:21:32","date_gmt":"2017-04-20T19:21:32","guid":{"rendered":"https:\/\/3raintercambio.com\/?page_id=114162\/"},"modified":"2021-01-28T15:30:21","modified_gmt":"2021-01-28T23:30:21","slug":"lista-segura","status":"publish","type":"page","link":"https:\/\/3raintercambio.com\/es\/lista-segura\/","title":{"rendered":"\u00a1ASEG\u00daRATE DE RECIBIR TODOS NUESTROS E-MAILS! SIGUE ESTAS INSTRUCCIONES"},"content":{"rendered":"<p><br \/>\n<br \/>\n<\/p>\n<p><\/p>\n<p><\/p>\n<p><br \/>\n<span style=\"font-weight: 400;\">Puede ocurrir que al suscribirte a nuestro contenido, nuestros correos sean colocados en la pesta\u00f1a de promociones en lugar de la pesta\u00f1a principal (bandeja de entrada). Para no perderte ni un detalle o promoci\u00f3n especial de 3RA, aseg\u00farate de seguir las siguientes instrucciones.<\/span><\/p>\n<p><span style=\"font-weight: 400;\">Si usas <strong>Gmail<\/strong>:<\/span><\/p>\n<ol>\n<li><span style=\"font-weight: 400;\">Verifica si nuestros correos aparecen en la pesta\u00f1a de &#8220;promociones&#8221; o busca un email enviado por <\/span><a href=\"mailto:contacto@3ra.ca\"><span style=\"font-weight: 400;\">contacto@3ra.ca<\/span><\/a><\/li>\n<li><span style=\"font-weight: 400;\">Arrastra el email a la pesta\u00f1a principal (tu bandeja de entrada).<\/span><\/li>\n<li><span style=\"font-weight: 400;\">Selecciona la opci\u00f3n para recibir nuestros emails en tu bandeja de entrada.<\/span><\/li>\n<\/ol>\n<p><span style=\"font-weight: 400;\">Si utilizas otros proveedores como Hotmail o Yahoo, aseg\u00farate de agregarnos en tu lista de contactos haciendo <\/span><a href=\"http:\/\/www.whatcounts.com\/how-to-whitelist-emails\/\" target=\"_blank\" rel=\"noopener\"><b>click aqu\u00ed<\/b><\/a><span style=\"font-weight: 400;\">.<\/span><br \/>\n<\/p>\n<p><\/p>\n","protected":false},"excerpt":{"rendered":"<p>Puede ocurrir que al suscribirte a nuestro contenido, nuestros correos sean colocados en la pesta\u00f1a de promociones en lugar de la pesta\u00f1a principal (bandeja de entrada). Para no perderte ni un detalle o promoci\u00f3n especial de 3RA, aseg\u00farate de seguir las siguientes instrucciones. Si usas Gmail: Verifica si nuestros correos aparecen en la pesta\u00f1a de [&hellip;]<\/p>\n","protected":false},"author":41,"featured_media":0,"parent":0,"menu_order":0,"comment_status":"closed","ping_status":"closed","template":"","meta":{"footnotes":""},"class_list":["post-114162","page","type-page","status-publish","hentry","post-wrapper","thrv_wrapper"],"yoast_head":"<!-- This site is optimized with the Yoast SEO Premium plugin v20.0 (Yoast SEO v24.9) - https:\/\/yoast.com\/wordpress\/plugins\/seo\/ -->\n<title>\u00a1ASEG\u00daRATE DE RECIBIR TODOS NUESTROS E-MAILS! SIGUE ESTAS INSTRUCCIONES | Interc\u00e2mbio no Canad\u00e1 - 3RA Interc\u00e2mbio<\/title>\n<meta name=\"description\" content=\"Puede ocurrir que al suscribirte a nuestro contenido, nuestros correos sean colocados en la pesta\u00f1a de promociones en lugar de la pesta\u00f1a principal\" \/>\n<meta name=\"robots\" content=\"index, follow, max-snippet:-1, max-image-preview:large, max-video-preview:-1\" \/>\n<link rel=\"canonical\" href=\"https:\/\/3raintercambio.com\/es\/lista-segura\/\" \/>\n<meta property=\"og:locale\" content=\"es_ES\" \/>\n<meta property=\"og:type\" content=\"article\" \/>\n<meta property=\"og:title\" content=\"\u00a1ASEG\u00daRATE DE RECIBIR TODOS NUESTROS E-MAILS! SIGUE ESTAS INSTRUCCIONES\" \/>\n<meta property=\"og:description\" content=\"Puede ocurrir que al suscribirte a nuestro contenido, nuestros correos sean colocados en la pesta\u00f1a de promociones en lugar de la pesta\u00f1a principal\" \/>\n<meta property=\"og:url\" content=\"https:\/\/3raintercambio.com\/es\/lista-segura\/\" \/>\n<meta property=\"og:site_name\" content=\"Interc\u00e2mbio no Canad\u00e1 - 3RA Interc\u00e2mbio\" \/>\n<meta property=\"article:publisher\" content=\"https:\/\/www.facebook.com\/3ragroup\" \/>\n<meta property=\"article:modified_time\" content=\"2021-01-28T23:30:21+00:00\" \/>\n<meta name=\"twitter:card\" content=\"summary_large_image\" \/>\n<meta name=\"twitter:site\" content=\"@3raintercambio\" \/>\n<meta name=\"twitter:label1\" content=\"Tiempo de lectura\" \/>\n\t<meta name=\"twitter:data1\" content=\"2 minutos\" \/>\n<script type=\"application\/ld+json\" class=\"yoast-schema-graph\">{\"@context\":\"https:\/\/schema.org\",\"@graph\":[{\"@type\":\"WebPage\",\"@id\":\"https:\/\/3raintercambio.com\/es\/lista-segura\/\",\"url\":\"https:\/\/3raintercambio.com\/es\/lista-segura\/\",\"name\":\"\u00a1ASEG\u00daRATE DE RECIBIR TODOS NUESTROS E-MAILS! SIGUE ESTAS INSTRUCCIONES | Interc\u00e2mbio no Canad\u00e1 - 3RA Interc\u00e2mbio\",\"isPartOf\":{\"@id\":\"https:\/\/www.3raintercambio.com\/es\/#website\"},\"datePublished\":\"2017-04-20T19:21:32+00:00\",\"dateModified\":\"2021-01-28T23:30:21+00:00\",\"description\":\"Puede ocurrir que al suscribirte a nuestro contenido, nuestros correos sean colocados en la pesta\u00f1a de promociones en lugar de la pesta\u00f1a principal\",\"breadcrumb\":{\"@id\":\"https:\/\/3raintercambio.com\/es\/lista-segura\/#breadcrumb\"},\"inLanguage\":\"es\",\"potentialAction\":[{\"@type\":\"ReadAction\",\"target\":[\"https:\/\/3raintercambio.com\/es\/lista-segura\/\"]}]},{\"@type\":\"BreadcrumbList\",\"@id\":\"https:\/\/3raintercambio.com\/es\/lista-segura\/#breadcrumb\",\"itemListElement\":[{\"@type\":\"ListItem\",\"position\":1,\"name\":\"Portada\",\"item\":\"https:\/\/www.3raintercambio.com\/es\/\"},{\"@type\":\"ListItem\",\"position\":2,\"name\":\"\u00a1ASEG\u00daRATE DE RECIBIR TODOS NUESTROS E-MAILS! SIGUE ESTAS INSTRUCCIONES\"}]},{\"@type\":\"WebSite\",\"@id\":\"https:\/\/www.3raintercambio.com\/es\/#website\",\"url\":\"https:\/\/www.3raintercambio.com\/es\/\",\"name\":\"Interc\u00e2mbio no Canad\u00e1 - 3RA Interc\u00e2mbio\",\"description\":\"Interc\u00e2mbio em Vancouver, Toronto, Calgary, Quebec\",\"publisher\":{\"@id\":\"https:\/\/www.3raintercambio.com\/es\/#organization\"},\"potentialAction\":[{\"@type\":\"SearchAction\",\"target\":{\"@type\":\"EntryPoint\",\"urlTemplate\":\"https:\/\/www.3raintercambio.com\/es\/?s={search_term_string}\"},\"query-input\":{\"@type\":\"PropertyValueSpecification\",\"valueRequired\":true,\"valueName\":\"search_term_string\"}}],\"inLanguage\":\"es\"},{\"@type\":\"Organization\",\"@id\":\"https:\/\/www.3raintercambio.com\/es\/#organization\",\"name\":\"3RA Educa\u00e7\u00e3o Superior no Canad\u00e1\",\"url\":\"https:\/\/www.3raintercambio.com\/es\/\",\"logo\":{\"@type\":\"ImageObject\",\"inLanguage\":\"es\",\"@id\":\"https:\/\/www.3raintercambio.com\/es\/#\/schema\/logo\/image\/\",\"url\":\"https:\/\/3raintercambio.com\/wp-content\/uploads\/2021\/06\/3RA-logo-oficial.png\",\"contentUrl\":\"https:\/\/3raintercambio.com\/wp-content\/uploads\/2021\/06\/3RA-logo-oficial.png\",\"width\":454,\"height\":150,\"caption\":\"3RA Educa\u00e7\u00e3o Superior no Canad\u00e1\"},\"image\":{\"@id\":\"https:\/\/www.3raintercambio.com\/es\/#\/schema\/logo\/image\/\"},\"sameAs\":[\"https:\/\/www.facebook.com\/3ragroup\",\"https:\/\/x.com\/3raintercambio\",\"https:\/\/www.instagram.com\/3raintercambio\",\"https:\/\/www.youtube.com\/3raintercambio\"]}]}<\/script>\n<!-- \/ Yoast SEO Premium plugin. -->","yoast_head_json":{"title":"\u00a1ASEG\u00daRATE DE RECIBIR TODOS NUESTROS E-MAILS! SIGUE ESTAS INSTRUCCIONES | Interc\u00e2mbio no Canad\u00e1 - 3RA Interc\u00e2mbio","description":"Puede ocurrir que al suscribirte a nuestro contenido, nuestros correos sean colocados en la pesta\u00f1a de promociones en lugar de la pesta\u00f1a principal","robots":{"index":"index","follow":"follow","max-snippet":"max-snippet:-1","max-image-preview":"max-image-preview:large","max-video-preview":"max-video-preview:-1"},"canonical":"https:\/\/3raintercambio.com\/es\/lista-segura\/","og_locale":"es_ES","og_type":"article","og_title":"\u00a1ASEG\u00daRATE DE RECIBIR TODOS NUESTROS E-MAILS! SIGUE ESTAS INSTRUCCIONES","og_description":"Puede ocurrir que al suscribirte a nuestro contenido, nuestros correos sean colocados en la pesta\u00f1a de promociones en lugar de la pesta\u00f1a principal","og_url":"https:\/\/3raintercambio.com\/es\/lista-segura\/","og_site_name":"Interc\u00e2mbio no Canad\u00e1 - 3RA Interc\u00e2mbio","article_publisher":"https:\/\/www.facebook.com\/3ragroup","article_modified_time":"2021-01-28T23:30:21+00:00","twitter_card":"summary_large_image","twitter_site":"@3raintercambio","twitter_misc":{"Tiempo de lectura":"2 minutos"},"schema":{"@context":"https:\/\/schema.org","@graph":[{"@type":"WebPage","@id":"https:\/\/3raintercambio.com\/es\/lista-segura\/","url":"https:\/\/3raintercambio.com\/es\/lista-segura\/","name":"\u00a1ASEG\u00daRATE DE RECIBIR TODOS NUESTROS E-MAILS! SIGUE ESTAS INSTRUCCIONES | Interc\u00e2mbio no Canad\u00e1 - 3RA Interc\u00e2mbio","isPartOf":{"@id":"https:\/\/www.3raintercambio.com\/es\/#website"},"datePublished":"2017-04-20T19:21:32+00:00","dateModified":"2021-01-28T23:30:21+00:00","description":"Puede ocurrir que al suscribirte a nuestro contenido, nuestros correos sean colocados en la pesta\u00f1a de promociones en lugar de la pesta\u00f1a principal","breadcrumb":{"@id":"https:\/\/3raintercambio.com\/es\/lista-segura\/#breadcrumb"},"inLanguage":"es","potentialAction":[{"@type":"ReadAction","target":["https:\/\/3raintercambio.com\/es\/lista-segura\/"]}]},{"@type":"BreadcrumbList","@id":"https:\/\/3raintercambio.com\/es\/lista-segura\/#breadcrumb","itemListElement":[{"@type":"ListItem","position":1,"name":"Portada","item":"https:\/\/www.3raintercambio.com\/es\/"},{"@type":"ListItem","position":2,"name":"\u00a1ASEG\u00daRATE DE RECIBIR TODOS NUESTROS E-MAILS! SIGUE ESTAS INSTRUCCIONES"}]},{"@type":"WebSite","@id":"https:\/\/www.3raintercambio.com\/es\/#website","url":"https:\/\/www.3raintercambio.com\/es\/","name":"Interc\u00e2mbio no Canad\u00e1 - 3RA Interc\u00e2mbio","description":"Interc\u00e2mbio em Vancouver, Toronto, Calgary, Quebec","publisher":{"@id":"https:\/\/www.3raintercambio.com\/es\/#organization"},"potentialAction":[{"@type":"SearchAction","target":{"@type":"EntryPoint","urlTemplate":"https:\/\/www.3raintercambio.com\/es\/?s={search_term_string}"},"query-input":{"@type":"PropertyValueSpecification","valueRequired":true,"valueName":"search_term_string"}}],"inLanguage":"es"},{"@type":"Organization","@id":"https:\/\/www.3raintercambio.com\/es\/#organization","name":"3RA Educa\u00e7\u00e3o Superior no Canad\u00e1","url":"https:\/\/www.3raintercambio.com\/es\/","logo":{"@type":"ImageObject","inLanguage":"es","@id":"https:\/\/www.3raintercambio.com\/es\/#\/schema\/logo\/image\/","url":"https:\/\/3raintercambio.com\/wp-content\/uploads\/2021\/06\/3RA-logo-oficial.png","contentUrl":"https:\/\/3raintercambio.com\/wp-content\/uploads\/2021\/06\/3RA-logo-oficial.png","width":454,"height":150,"caption":"3RA Educa\u00e7\u00e3o Superior no Canad\u00e1"},"image":{"@id":"https:\/\/www.3raintercambio.com\/es\/#\/schema\/logo\/image\/"},"sameAs":["https:\/\/www.facebook.com\/3ragroup","https:\/\/x.com\/3raintercambio","https:\/\/www.instagram.com\/3raintercambio","https:\/\/www.youtube.com\/3raintercambio"]}]}},"_links":{"self":[{"href":"https:\/\/3raintercambio.com\/es\/wp-json\/wp\/v2\/pages\/114162","targetHints":{"allow":["GET"]}}],"collection":[{"href":"https:\/\/3raintercambio.com\/es\/wp-json\/wp\/v2\/pages"}],"about":[{"href":"https:\/\/3raintercambio.com\/es\/wp-json\/wp\/v2\/types\/page"}],"author":[{"embeddable":true,"href":"https:\/\/3raintercambio.com\/es\/wp-json\/wp\/v2\/users\/41"}],"replies":[{"embeddable":true,"href":"https:\/\/3raintercambio.com\/es\/wp-json\/wp\/v2\/comments?post=114162"}],"version-history":[{"count":0,"href":"https:\/\/3raintercambio.com\/es\/wp-json\/wp\/v2\/pages\/114162\/revisions"}],"wp:attachment":[{"href":"https:\/\/3raintercambio.com\/es\/wp-json\/wp\/v2\/media?parent=114162"}],"curies":[{"name":"wp","href":"https:\/\/api.w.org\/{rel}","templated":true}]}}